{"id":82344,"date":"2025-07-25T17:33:32","date_gmt":"2025-07-25T15:33:32","guid":{"rendered":"https:\/\/ringhio.net\/?post_type=product&#038;p=82344"},"modified":"2025-09-02T10:00:28","modified_gmt":"2025-09-02T08:00:28","slug":"grip-pad-tapis-de-protection-pour-coffre","status":"publish","type":"product","link":"https:\/\/ringhio.net\/fr\/prodotto\/grip-pad-tapis-de-protection-pour-coffre\/","title":{"rendered":"Grip Mat \u2013 Tapis de Protection pour Coffre"},"content":{"rendered":"<p data-start=\"2105\" data-end=\"2151\"><strong>Grip Pad \u2013 Tapis de Protection pour Coffre<\/strong><\/p>\n<p data-start=\"2153\" data-end=\"2377\">Apr\u00e8s des mois de tests sur la route (et sur les pare-chocs), nous sommes fiers de pr\u00e9senter notre <strong data-start=\"2252\" data-end=\"2264\">Grip Pad<\/strong>, le tapis con\u00e7u pour prot\u00e9ger votre voiture et offrir \u00e0 votre chien une surface s\u00fbre pour monter dans le coffre.<\/p>\n<p data-start=\"2379\" data-end=\"2760\">Fabriqu\u00e9 avec des mat\u00e9riaux techniques de haute qualit\u00e9, ce tapis allie fonctionnalit\u00e9 et r\u00e9sistance dans un format pratique et pliable. L\u2019ext\u00e9rieur est en <strong data-start=\"2535\" data-end=\"2569\">cordura camouflage imperm\u00e9able<\/strong>, extr\u00eamement r\u00e9sistant et con\u00e7u pour toutes les conditions. L\u2019int\u00e9rieur est en <strong data-start=\"2649\" data-end=\"2686\">caoutchouc souple ultra r\u00e9sistant<\/strong>, avec un <strong data-start=\"2696\" data-end=\"2724\">niveau d\u2019adh\u00e9rence \u00e9lev\u00e9<\/strong>, pour emp\u00eacher le chien de glisser.<\/p>\n<p data-start=\"2762\" data-end=\"3093\">Un accessoire simple mais indispensable pour ceux qui voyagent avec leur chien : il prot\u00e8ge le pare-chocs des griffures caus\u00e9es par les griffes, tout en assurant une mont\u00e9e en toute s\u00e9curit\u00e9. Gr\u00e2ce au <strong data-start=\"2963\" data-end=\"2981\">velcro int\u00e9gr\u00e9<\/strong>, il s\u2019attache facilement au bord du coffre. Une fois utilis\u00e9, il se <strong data-start=\"3050\" data-end=\"3092\">plie et se ferme avec une attache clip<\/strong>.<\/p>\n<p data-start=\"3095\" data-end=\"3238\">Avec des dimensions de <strong data-start=\"3118\" data-end=\"3132\">80 x 85 cm<\/strong>, le Grip Pad est compatible avec la majorit\u00e9 des v\u00e9hicules, tout en gardant l\u2019esprit aventure de RINGHIO.<\/p>\n<p data-start=\"3245\" data-end=\"3277\"><strong>Caract\u00e9ristiques principales<\/strong><\/p>\n<p data-start=\"3279\" data-end=\"3430\"><strong data-start=\"3279\" data-end=\"3320\">Mat\u00e9riaux Techniques de Haute Qualit\u00e9<\/strong><br data-start=\"3320\" data-end=\"3323\" \/>Ext\u00e9rieur en cordura camouflage imperm\u00e9able.<br data-start=\"3367\" data-end=\"3370\" \/>Int\u00e9rieur en caoutchouc ultra grip, antid\u00e9rapant et durable.<\/p>\n<p data-start=\"3432\" data-end=\"3556\"><strong data-start=\"3432\" data-end=\"3458\">Protection et S\u00e9curit\u00e9<\/strong><br data-start=\"3458\" data-end=\"3461\" \/>Prot\u00e8ge le pare-chocs et \u00e9vite les glissades du chien.<br data-start=\"3515\" data-end=\"3518\" \/>Convient aux chiens de toutes tailles.<\/p>\n<p data-start=\"3558\" data-end=\"3684\"><strong data-start=\"3558\" data-end=\"3588\">Design Pliable et Pratique<\/strong><br data-start=\"3588\" data-end=\"3591\" \/>Se plie rapidement et se ferme avec une attache clip.<br data-start=\"3644\" data-end=\"3647\" \/>Fixation rapide au coffre via velcro.<\/p>\n<p data-start=\"3686\" data-end=\"3790\"><strong data-start=\"3686\" data-end=\"3715\">Compatibilit\u00e9 Universelle<\/strong><br data-start=\"3715\" data-end=\"3718\" \/>Dimensions : 80 x 85 cm.<br data-start=\"3742\" data-end=\"3745\" \/>Convient \u00e0 la plupart des coffres de voiture.<\/p>\n","protected":false},"excerpt":{"rendered":"<p>Tapis Auto<\/p>\n","protected":false},"featured_media":82898,"template":"","meta":{"_acf_changed":false},"product_cat":[422],"product_tag":[585],"class_list":{"0":"post-82344","1":"product","2":"type-product","3":"status-publish","4":"has-post-thumbnail","6":"product_cat-accessoires","7":"product_tag-gripmat-fr","9":"first","10":"instock","11":"shipping-taxable","12":"purchasable","13":"product-type-simple"},"acf":[],"yoast_head":"<!-- This site is optimized with the Yoast SEO plugin v27.3 - https:\/\/yoast.com\/product\/yoast-seo-wordpress\/ -->\n<title>Grip Mat \u2013 Tapis de Protection pour Coffre - Ringhio<\/title>\n<meta name=\"robots\" content=\"index, follow, max-snippet:-1, max-image-preview:large, max-video-preview:-1\" \/>\n<link rel=\"canonical\" href=\"https:\/\/ringhio.net\/prodotto\/tappetino-auto-grip-mat\/\" \/>\n<meta property=\"og:locale\" content=\"fr_FR\" \/>\n<meta property=\"og:type\" content=\"article\" \/>\n<meta property=\"og:title\" content=\"Grip Mat \u2013 Tapis de Protection pour Coffre - Ringhio\" \/>\n<meta property=\"og:description\" content=\"Tapis Auto\" \/>\n<meta property=\"og:url\" content=\"https:\/\/ringhio.net\/prodotto\/tappetino-auto-grip-mat\/\" \/>\n<meta property=\"og:site_name\" content=\"Ringhio\" \/>\n<meta property=\"article:modified_time\" content=\"2025-09-02T08:00:28+00:00\" \/>\n<meta property=\"og:image\" content=\"https:\/\/ringhio.net\/wp-content\/uploads\/2025\/08\/grip-mat-08.webp\" \/>\n\t<meta property=\"og:image:width\" content=\"1000\" \/>\n\t<meta property=\"og:image:height\" content=\"1000\" \/>\n\t<meta property=\"og:image:type\" content=\"image\/webp\" \/>\n<meta name=\"twitter:card\" content=\"summary_large_image\" \/>\n<meta name=\"twitter:label1\" content=\"Dur\u00e9e de lecture estim\u00e9e\" \/>\n\t<meta name=\"twitter:data1\" content=\"2 minutes\" \/>\n<script type=\"application\/ld+json\" class=\"yoast-schema-graph\">{\"@context\":\"https:\\\/\\\/schema.org\",\"@graph\":[{\"@type\":\"WebPage\",\"@id\":\"https:\\\/\\\/ringhio.net\\\/prodotto\\\/tappetino-auto-grip-mat\\\/\",\"url\":\"https:\\\/\\\/ringhio.net\\\/prodotto\\\/tappetino-auto-grip-mat\\\/\",\"name\":\"Grip Mat \u2013 Tapis de Protection pour Coffre - Ringhio\",\"isPartOf\":{\"@id\":\"https:\\\/\\\/ringhio.net\\\/#website\"},\"primaryImageOfPage\":{\"@id\":\"https:\\\/\\\/ringhio.net\\\/prodotto\\\/tappetino-auto-grip-mat\\\/#primaryimage\"},\"image\":{\"@id\":\"https:\\\/\\\/ringhio.net\\\/prodotto\\\/tappetino-auto-grip-mat\\\/#primaryimage\"},\"thumbnailUrl\":\"https:\\\/\\\/ringhio.net\\\/wp-content\\\/uploads\\\/2025\\\/08\\\/grip-mat-08.webp\",\"datePublished\":\"2025-07-25T15:33:32+00:00\",\"dateModified\":\"2025-09-02T08:00:28+00:00\",\"breadcrumb\":{\"@id\":\"https:\\\/\\\/ringhio.net\\\/prodotto\\\/tappetino-auto-grip-mat\\\/#breadcrumb\"},\"inLanguage\":\"fr-FR\",\"potentialAction\":[{\"@type\":\"ReadAction\",\"target\":[\"https:\\\/\\\/ringhio.net\\\/prodotto\\\/tappetino-auto-grip-mat\\\/\"]}]},{\"@type\":\"ImageObject\",\"inLanguage\":\"fr-FR\",\"@id\":\"https:\\\/\\\/ringhio.net\\\/prodotto\\\/tappetino-auto-grip-mat\\\/#primaryimage\",\"url\":\"https:\\\/\\\/ringhio.net\\\/wp-content\\\/uploads\\\/2025\\\/08\\\/grip-mat-08.webp\",\"contentUrl\":\"https:\\\/\\\/ringhio.net\\\/wp-content\\\/uploads\\\/2025\\\/08\\\/grip-mat-08.webp\",\"width\":1000,\"height\":1000},{\"@type\":\"BreadcrumbList\",\"@id\":\"https:\\\/\\\/ringhio.net\\\/prodotto\\\/tappetino-auto-grip-mat\\\/#breadcrumb\",\"itemListElement\":[{\"@type\":\"ListItem\",\"position\":1,\"name\":\"Boutique\",\"item\":\"https:\\\/\\\/ringhio.net\\\/fr\\\/boutique\\\/\"},{\"@type\":\"ListItem\",\"position\":2,\"name\":\"Grip Mat \u2013 Tapis de Protection pour Coffre\"}]},{\"@type\":\"WebSite\",\"@id\":\"https:\\\/\\\/ringhio.net\\\/#website\",\"url\":\"https:\\\/\\\/ringhio.net\\\/\",\"name\":\"Ringhio\",\"description\":\"Reinvent dog equipment\",\"publisher\":{\"@id\":\"https:\\\/\\\/ringhio.net\\\/#organization\"},\"potentialAction\":[{\"@type\":\"SearchAction\",\"target\":{\"@type\":\"EntryPoint\",\"urlTemplate\":\"https:\\\/\\\/ringhio.net\\\/?s={search_term_string}\"},\"query-input\":{\"@type\":\"PropertyValueSpecification\",\"valueRequired\":true,\"valueName\":\"search_term_string\"}}],\"inLanguage\":\"fr-FR\"},{\"@type\":\"Organization\",\"@id\":\"https:\\\/\\\/ringhio.net\\\/#organization\",\"name\":\"Ringhio\",\"url\":\"https:\\\/\\\/ringhio.net\\\/\",\"logo\":{\"@type\":\"ImageObject\",\"inLanguage\":\"fr-FR\",\"@id\":\"https:\\\/\\\/ringhio.net\\\/#\\\/schema\\\/logo\\\/image\\\/\",\"url\":\"https:\\\/\\\/ringhio.net\\\/wp-content\\\/uploads\\\/2020\\\/02\\\/ringhio-logo-66px.png\",\"contentUrl\":\"https:\\\/\\\/ringhio.net\\\/wp-content\\\/uploads\\\/2020\\\/02\\\/ringhio-logo-66px.png\",\"width\":195,\"height\":72,\"caption\":\"Ringhio\"},\"image\":{\"@id\":\"https:\\\/\\\/ringhio.net\\\/#\\\/schema\\\/logo\\\/image\\\/\"}}]}<\/script>\n<!-- \/ Yoast SEO plugin. -->","yoast_head_json":{"title":"Grip Mat \u2013 Tapis de Protection pour Coffre - Ringhio","robots":{"index":"index","follow":"follow","max-snippet":"max-snippet:-1","max-image-preview":"max-image-preview:large","max-video-preview":"max-video-preview:-1"},"canonical":"https:\/\/ringhio.net\/prodotto\/tappetino-auto-grip-mat\/","og_locale":"fr_FR","og_type":"article","og_title":"Grip Mat \u2013 Tapis de Protection pour Coffre - Ringhio","og_description":"Tapis Auto","og_url":"https:\/\/ringhio.net\/prodotto\/tappetino-auto-grip-mat\/","og_site_name":"Ringhio","article_modified_time":"2025-09-02T08:00:28+00:00","og_image":[{"width":1000,"height":1000,"url":"https:\/\/ringhio.net\/wp-content\/uploads\/2025\/08\/grip-mat-08.webp","type":"image\/webp"}],"twitter_card":"summary_large_image","twitter_misc":{"Dur\u00e9e de lecture estim\u00e9e":"2 minutes"},"schema":{"@context":"https:\/\/schema.org","@graph":[{"@type":"WebPage","@id":"https:\/\/ringhio.net\/prodotto\/tappetino-auto-grip-mat\/","url":"https:\/\/ringhio.net\/prodotto\/tappetino-auto-grip-mat\/","name":"Grip Mat \u2013 Tapis de Protection pour Coffre - Ringhio","isPartOf":{"@id":"https:\/\/ringhio.net\/#website"},"primaryImageOfPage":{"@id":"https:\/\/ringhio.net\/prodotto\/tappetino-auto-grip-mat\/#primaryimage"},"image":{"@id":"https:\/\/ringhio.net\/prodotto\/tappetino-auto-grip-mat\/#primaryimage"},"thumbnailUrl":"https:\/\/ringhio.net\/wp-content\/uploads\/2025\/08\/grip-mat-08.webp","datePublished":"2025-07-25T15:33:32+00:00","dateModified":"2025-09-02T08:00:28+00:00","breadcrumb":{"@id":"https:\/\/ringhio.net\/prodotto\/tappetino-auto-grip-mat\/#breadcrumb"},"inLanguage":"fr-FR","potentialAction":[{"@type":"ReadAction","target":["https:\/\/ringhio.net\/prodotto\/tappetino-auto-grip-mat\/"]}]},{"@type":"ImageObject","inLanguage":"fr-FR","@id":"https:\/\/ringhio.net\/prodotto\/tappetino-auto-grip-mat\/#primaryimage","url":"https:\/\/ringhio.net\/wp-content\/uploads\/2025\/08\/grip-mat-08.webp","contentUrl":"https:\/\/ringhio.net\/wp-content\/uploads\/2025\/08\/grip-mat-08.webp","width":1000,"height":1000},{"@type":"BreadcrumbList","@id":"https:\/\/ringhio.net\/prodotto\/tappetino-auto-grip-mat\/#breadcrumb","itemListElement":[{"@type":"ListItem","position":1,"name":"Boutique","item":"https:\/\/ringhio.net\/fr\/boutique\/"},{"@type":"ListItem","position":2,"name":"Grip Mat \u2013 Tapis de Protection pour Coffre"}]},{"@type":"WebSite","@id":"https:\/\/ringhio.net\/#website","url":"https:\/\/ringhio.net\/","name":"Ringhio","description":"Reinvent dog equipment","publisher":{"@id":"https:\/\/ringhio.net\/#organization"},"potentialAction":[{"@type":"SearchAction","target":{"@type":"EntryPoint","urlTemplate":"https:\/\/ringhio.net\/?s={search_term_string}"},"query-input":{"@type":"PropertyValueSpecification","valueRequired":true,"valueName":"search_term_string"}}],"inLanguage":"fr-FR"},{"@type":"Organization","@id":"https:\/\/ringhio.net\/#organization","name":"Ringhio","url":"https:\/\/ringhio.net\/","logo":{"@type":"ImageObject","inLanguage":"fr-FR","@id":"https:\/\/ringhio.net\/#\/schema\/logo\/image\/","url":"https:\/\/ringhio.net\/wp-content\/uploads\/2020\/02\/ringhio-logo-66px.png","contentUrl":"https:\/\/ringhio.net\/wp-content\/uploads\/2020\/02\/ringhio-logo-66px.png","width":195,"height":72,"caption":"Ringhio"},"image":{"@id":"https:\/\/ringhio.net\/#\/schema\/logo\/image\/"}}]}},"_links":{"self":[{"href":"https:\/\/ringhio.net\/fr\/wp-json\/wp\/v2\/product\/82344","targetHints":{"allow":["GET"]}}],"collection":[{"href":"https:\/\/ringhio.net\/fr\/wp-json\/wp\/v2\/product"}],"about":[{"href":"https:\/\/ringhio.net\/fr\/wp-json\/wp\/v2\/types\/product"}],"version-history":[{"count":0,"href":"https:\/\/ringhio.net\/fr\/wp-json\/wp\/v2\/product\/82344\/revisions"}],"wp:featuredmedia":[{"embeddable":true,"href":"https:\/\/ringhio.net\/fr\/wp-json\/wp\/v2\/media\/82898"}],"wp:attachment":[{"href":"https:\/\/ringhio.net\/fr\/wp-json\/wp\/v2\/media?parent=82344"}],"wp:term":[{"taxonomy":"product_cat","embeddable":true,"href":"https:\/\/ringhio.net\/fr\/wp-json\/wp\/v2\/product_cat?post=82344"},{"taxonomy":"product_tag","embeddable":true,"href":"https:\/\/ringhio.net\/fr\/wp-json\/wp\/v2\/product_tag?post=82344"}],"curies":[{"name":"wp","href":"https:\/\/api.w.org\/{rel}","templated":true}]}}