{"id":82328,"date":"2025-07-25T15:42:43","date_gmt":"2025-07-25T13:42:43","guid":{"rendered":"https:\/\/ringhio.net\/?post_type=product&#038;p=82328"},"modified":"2025-09-02T10:00:24","modified_gmt":"2025-09-02T08:00:24","slug":"ceinture-tb1","status":"publish","type":"product","link":"https:\/\/ringhio.net\/fr\/prodotto\/ceinture-tb1\/","title":{"rendered":"Ceinture TB1"},"content":{"rendered":"<p data-start=\"211\" data-end=\"242\"><strong data-start=\"214\" data-end=\"242\">Ceinture Trekking RINGHIO<\/strong><\/p>\n<p data-start=\"244\" data-end=\"414\">Apr\u00e8s des mois de tests sur le terrain et gr\u00e2ce aux retours de ceux qui, comme nous, vivent chaque jour aux c\u00f4t\u00e9s des chiens, nous sommes fiers de pr\u00e9senter la <strong data-start=\"385\" data-end=\"413\">Ceinture Trekking RINGHIO<\/strong>.<\/p>\n<p data-start=\"416\" data-end=\"616\">Con\u00e7ue pour offrir stabilit\u00e9, confort et <strong>libert\u00e9 de mouvement maximale<\/strong>, cette ceinture est parfaite pour les promenades quotidiennes, les randonn\u00e9es en montagne et les activit\u00e9s sportives comme le <strong>canicross<\/strong>.<\/p>\n<p data-start=\"618\" data-end=\"959\">Sa structure ergonomique permet de <strong>mieux r\u00e9partir la force qu&rsquo;une laisse tenue \u00e0 la main<\/strong>, en abaissant le centre de gravit\u00e9 et en r\u00e9duisant l\u2019effort, m\u00eame avec des <strong>chiens qui tirent<\/strong>. Le harnais \u00e0 double sangle r\u00e9glable garantit un ajustement s\u00fbr et personnalis\u00e9, et peut \u00eatre enti\u00e8rement retir\u00e9 selon les besoins.<\/p>\n<p data-start=\"961\" data-end=\"1226\">L&rsquo;ext\u00e9rieur est compos\u00e9 de deux <strong>mat\u00e9riaux techniques<\/strong> : un nylon imperm\u00e9able \u00e0 motif losange et un <strong>tissu respirant<\/strong> assurant une excellente ventilation. L\u2019int\u00e9rieur est en n\u00e9opr\u00e8ne ergonomique doux, assurant un grand confort m\u00eame pendant les activit\u00e9s prolong\u00e9es.<\/p>\n<p data-start=\"1228\" data-end=\"1630\">\u00c9quip\u00e9e d\u2019un <strong data-start=\"1238\" data-end=\"1259\">mousqueton Climb<\/strong> avec verrouillage de s\u00e9curit\u00e9 et rotation int\u00e9gr\u00e9e, elle permet d\u2019attacher deux chiens sans risque d\u2019enchev\u00eatrement. Deux cordons lat\u00e9raux facilitent l\u2019enfilage et peuvent \u00eatre utilis\u00e9s pour accrocher des accessoires comme un distributeur de sacs. Le tout est compl\u00e9t\u00e9 par une <strong data-start=\"1518\" data-end=\"1550\">poche arri\u00e8re dissimul\u00e9e<\/strong> avec fermeture velcro et logo RINGHIO, parfaite pour les petits objets essentiels.<\/p>\n","protected":false},"excerpt":{"rendered":"<p>Ceinture de trekking<\/p>\n","protected":false},"featured_media":83210,"template":"","meta":{"_acf_changed":false},"product_cat":[422,425],"product_tag":[581],"class_list":{"0":"post-82328","1":"product","2":"type-product","3":"status-publish","4":"has-post-thumbnail","6":"product_cat-accessoires","7":"product_cat-ceintures","8":"product_tag-cinturatb1-fr","10":"first","11":"instock","12":"shipping-taxable","13":"purchasable","14":"product-type-simple"},"acf":[],"yoast_head":"<!-- This site is optimized with the Yoast SEO plugin v27.3 - https:\/\/yoast.com\/product\/yoast-seo-wordpress\/ -->\n<title>Ceinture TB1 - Ringhio<\/title>\n<meta name=\"robots\" content=\"index, follow, max-snippet:-1, max-image-preview:large, max-video-preview:-1\" \/>\n<link rel=\"canonical\" href=\"https:\/\/ringhio.net\/fr\/prodotto\/ceinture-tb1\/\" \/>\n<meta property=\"og:locale\" content=\"fr_FR\" \/>\n<meta property=\"og:type\" content=\"article\" \/>\n<meta property=\"og:title\" content=\"Ceinture TB1 - Ringhio\" \/>\n<meta property=\"og:description\" content=\"Ceinture de trekking\" \/>\n<meta property=\"og:url\" content=\"https:\/\/ringhio.net\/fr\/prodotto\/ceinture-tb1\/\" \/>\n<meta property=\"og:site_name\" content=\"Ringhio\" \/>\n<meta property=\"article:modified_time\" content=\"2025-09-02T08:00:24+00:00\" \/>\n<meta property=\"og:image\" content=\"https:\/\/ringhio.net\/wp-content\/uploads\/2025\/08\/Ringhio_cintura_0001.webp\" \/>\n\t<meta property=\"og:image:width\" content=\"1000\" \/>\n\t<meta property=\"og:image:height\" content=\"1000\" \/>\n\t<meta property=\"og:image:type\" content=\"image\/webp\" \/>\n<meta name=\"twitter:card\" content=\"summary_large_image\" \/>\n<meta name=\"twitter:label1\" content=\"Dur\u00e9e de lecture estim\u00e9e\" \/>\n\t<meta name=\"twitter:data1\" content=\"2 minutes\" \/>\n<script type=\"application\/ld+json\" class=\"yoast-schema-graph\">{\"@context\":\"https:\\\/\\\/schema.org\",\"@graph\":[{\"@type\":\"WebPage\",\"@id\":\"https:\\\/\\\/ringhio.net\\\/fr\\\/prodotto\\\/ceinture-tb1\\\/\",\"url\":\"https:\\\/\\\/ringhio.net\\\/fr\\\/prodotto\\\/ceinture-tb1\\\/\",\"name\":\"Ceinture TB1 - Ringhio\",\"isPartOf\":{\"@id\":\"https:\\\/\\\/ringhio.net\\\/#website\"},\"primaryImageOfPage\":{\"@id\":\"https:\\\/\\\/ringhio.net\\\/fr\\\/prodotto\\\/ceinture-tb1\\\/#primaryimage\"},\"image\":{\"@id\":\"https:\\\/\\\/ringhio.net\\\/fr\\\/prodotto\\\/ceinture-tb1\\\/#primaryimage\"},\"thumbnailUrl\":\"https:\\\/\\\/ringhio.net\\\/wp-content\\\/uploads\\\/2025\\\/08\\\/Ringhio_cintura_0001.webp\",\"datePublished\":\"2025-07-25T13:42:43+00:00\",\"dateModified\":\"2025-09-02T08:00:24+00:00\",\"breadcrumb\":{\"@id\":\"https:\\\/\\\/ringhio.net\\\/fr\\\/prodotto\\\/ceinture-tb1\\\/#breadcrumb\"},\"inLanguage\":\"fr-FR\",\"potentialAction\":[{\"@type\":\"ReadAction\",\"target\":[\"https:\\\/\\\/ringhio.net\\\/fr\\\/prodotto\\\/ceinture-tb1\\\/\"]}]},{\"@type\":\"ImageObject\",\"inLanguage\":\"fr-FR\",\"@id\":\"https:\\\/\\\/ringhio.net\\\/fr\\\/prodotto\\\/ceinture-tb1\\\/#primaryimage\",\"url\":\"https:\\\/\\\/ringhio.net\\\/wp-content\\\/uploads\\\/2025\\\/08\\\/Ringhio_cintura_0001.webp\",\"contentUrl\":\"https:\\\/\\\/ringhio.net\\\/wp-content\\\/uploads\\\/2025\\\/08\\\/Ringhio_cintura_0001.webp\",\"width\":1000,\"height\":1000},{\"@type\":\"BreadcrumbList\",\"@id\":\"https:\\\/\\\/ringhio.net\\\/fr\\\/prodotto\\\/ceinture-tb1\\\/#breadcrumb\",\"itemListElement\":[{\"@type\":\"ListItem\",\"position\":1,\"name\":\"Boutique\",\"item\":\"https:\\\/\\\/ringhio.net\\\/fr\\\/boutique\\\/\"},{\"@type\":\"ListItem\",\"position\":2,\"name\":\"Ceinture TB1\"}]},{\"@type\":\"WebSite\",\"@id\":\"https:\\\/\\\/ringhio.net\\\/#website\",\"url\":\"https:\\\/\\\/ringhio.net\\\/\",\"name\":\"Ringhio\",\"description\":\"Reinvent dog equipment\",\"publisher\":{\"@id\":\"https:\\\/\\\/ringhio.net\\\/#organization\"},\"potentialAction\":[{\"@type\":\"SearchAction\",\"target\":{\"@type\":\"EntryPoint\",\"urlTemplate\":\"https:\\\/\\\/ringhio.net\\\/?s={search_term_string}\"},\"query-input\":{\"@type\":\"PropertyValueSpecification\",\"valueRequired\":true,\"valueName\":\"search_term_string\"}}],\"inLanguage\":\"fr-FR\"},{\"@type\":\"Organization\",\"@id\":\"https:\\\/\\\/ringhio.net\\\/#organization\",\"name\":\"Ringhio\",\"url\":\"https:\\\/\\\/ringhio.net\\\/\",\"logo\":{\"@type\":\"ImageObject\",\"inLanguage\":\"fr-FR\",\"@id\":\"https:\\\/\\\/ringhio.net\\\/#\\\/schema\\\/logo\\\/image\\\/\",\"url\":\"https:\\\/\\\/ringhio.net\\\/wp-content\\\/uploads\\\/2020\\\/02\\\/ringhio-logo-66px.png\",\"contentUrl\":\"https:\\\/\\\/ringhio.net\\\/wp-content\\\/uploads\\\/2020\\\/02\\\/ringhio-logo-66px.png\",\"width\":195,\"height\":72,\"caption\":\"Ringhio\"},\"image\":{\"@id\":\"https:\\\/\\\/ringhio.net\\\/#\\\/schema\\\/logo\\\/image\\\/\"}}]}<\/script>\n<!-- \/ Yoast SEO plugin. -->","yoast_head_json":{"title":"Ceinture TB1 - Ringhio","robots":{"index":"index","follow":"follow","max-snippet":"max-snippet:-1","max-image-preview":"max-image-preview:large","max-video-preview":"max-video-preview:-1"},"canonical":"https:\/\/ringhio.net\/fr\/prodotto\/ceinture-tb1\/","og_locale":"fr_FR","og_type":"article","og_title":"Ceinture TB1 - Ringhio","og_description":"Ceinture de trekking","og_url":"https:\/\/ringhio.net\/fr\/prodotto\/ceinture-tb1\/","og_site_name":"Ringhio","article_modified_time":"2025-09-02T08:00:24+00:00","og_image":[{"width":1000,"height":1000,"url":"https:\/\/ringhio.net\/wp-content\/uploads\/2025\/08\/Ringhio_cintura_0001.webp","type":"image\/webp"}],"twitter_card":"summary_large_image","twitter_misc":{"Dur\u00e9e de lecture estim\u00e9e":"2 minutes"},"schema":{"@context":"https:\/\/schema.org","@graph":[{"@type":"WebPage","@id":"https:\/\/ringhio.net\/fr\/prodotto\/ceinture-tb1\/","url":"https:\/\/ringhio.net\/fr\/prodotto\/ceinture-tb1\/","name":"Ceinture TB1 - Ringhio","isPartOf":{"@id":"https:\/\/ringhio.net\/#website"},"primaryImageOfPage":{"@id":"https:\/\/ringhio.net\/fr\/prodotto\/ceinture-tb1\/#primaryimage"},"image":{"@id":"https:\/\/ringhio.net\/fr\/prodotto\/ceinture-tb1\/#primaryimage"},"thumbnailUrl":"https:\/\/ringhio.net\/wp-content\/uploads\/2025\/08\/Ringhio_cintura_0001.webp","datePublished":"2025-07-25T13:42:43+00:00","dateModified":"2025-09-02T08:00:24+00:00","breadcrumb":{"@id":"https:\/\/ringhio.net\/fr\/prodotto\/ceinture-tb1\/#breadcrumb"},"inLanguage":"fr-FR","potentialAction":[{"@type":"ReadAction","target":["https:\/\/ringhio.net\/fr\/prodotto\/ceinture-tb1\/"]}]},{"@type":"ImageObject","inLanguage":"fr-FR","@id":"https:\/\/ringhio.net\/fr\/prodotto\/ceinture-tb1\/#primaryimage","url":"https:\/\/ringhio.net\/wp-content\/uploads\/2025\/08\/Ringhio_cintura_0001.webp","contentUrl":"https:\/\/ringhio.net\/wp-content\/uploads\/2025\/08\/Ringhio_cintura_0001.webp","width":1000,"height":1000},{"@type":"BreadcrumbList","@id":"https:\/\/ringhio.net\/fr\/prodotto\/ceinture-tb1\/#breadcrumb","itemListElement":[{"@type":"ListItem","position":1,"name":"Boutique","item":"https:\/\/ringhio.net\/fr\/boutique\/"},{"@type":"ListItem","position":2,"name":"Ceinture TB1"}]},{"@type":"WebSite","@id":"https:\/\/ringhio.net\/#website","url":"https:\/\/ringhio.net\/","name":"Ringhio","description":"Reinvent dog equipment","publisher":{"@id":"https:\/\/ringhio.net\/#organization"},"potentialAction":[{"@type":"SearchAction","target":{"@type":"EntryPoint","urlTemplate":"https:\/\/ringhio.net\/?s={search_term_string}"},"query-input":{"@type":"PropertyValueSpecification","valueRequired":true,"valueName":"search_term_string"}}],"inLanguage":"fr-FR"},{"@type":"Organization","@id":"https:\/\/ringhio.net\/#organization","name":"Ringhio","url":"https:\/\/ringhio.net\/","logo":{"@type":"ImageObject","inLanguage":"fr-FR","@id":"https:\/\/ringhio.net\/#\/schema\/logo\/image\/","url":"https:\/\/ringhio.net\/wp-content\/uploads\/2020\/02\/ringhio-logo-66px.png","contentUrl":"https:\/\/ringhio.net\/wp-content\/uploads\/2020\/02\/ringhio-logo-66px.png","width":195,"height":72,"caption":"Ringhio"},"image":{"@id":"https:\/\/ringhio.net\/#\/schema\/logo\/image\/"}}]}},"_links":{"self":[{"href":"https:\/\/ringhio.net\/fr\/wp-json\/wp\/v2\/product\/82328","targetHints":{"allow":["GET"]}}],"collection":[{"href":"https:\/\/ringhio.net\/fr\/wp-json\/wp\/v2\/product"}],"about":[{"href":"https:\/\/ringhio.net\/fr\/wp-json\/wp\/v2\/types\/product"}],"version-history":[{"count":0,"href":"https:\/\/ringhio.net\/fr\/wp-json\/wp\/v2\/product\/82328\/revisions"}],"wp:featuredmedia":[{"embeddable":true,"href":"https:\/\/ringhio.net\/fr\/wp-json\/wp\/v2\/media\/83210"}],"wp:attachment":[{"href":"https:\/\/ringhio.net\/fr\/wp-json\/wp\/v2\/media?parent=82328"}],"wp:term":[{"taxonomy":"product_cat","embeddable":true,"href":"https:\/\/ringhio.net\/fr\/wp-json\/wp\/v2\/product_cat?post=82328"},{"taxonomy":"product_tag","embeddable":true,"href":"https:\/\/ringhio.net\/fr\/wp-json\/wp\/v2\/product_tag?post=82328"}],"curies":[{"name":"wp","href":"https:\/\/api.w.org\/{rel}","templated":true}]}}