{"id":77027,"date":"2025-01-29T15:50:22","date_gmt":"2025-01-29T14:50:22","guid":{"rendered":"https:\/\/ringhio.net\/prodotto\/carte-cadeau-digitale-ringhio\/"},"modified":"2026-02-11T16:56:07","modified_gmt":"2026-02-11T15:56:07","slug":"carte-cadeau-digitale-ringhio","status":"publish","type":"product","link":"https:\/\/ringhio.net\/fr\/prodotto\/carte-cadeau-digitale-ringhio\/","title":{"rendered":"Carte Cadeau Digitale RINGHIO"},"content":{"rendered":"<p>?\u2728 <strong>Vous ne savez pas quoi choisir ? Offrez la libert\u00e9 de choisir avec la Carte Cadeau RINGHIO !<\/strong> \u2728?<\/p>\n<p>Surprenez vos amis et votre famille amoureux des chiens avec le cadeau parfait : la possibilit\u00e9 de choisir ce qu\u2019ils aiment le plus ! Avec la Carte Cadeau RINGHIO, ils auront acc\u00e8s \u00e0 des produits de qualit\u00e9, con\u00e7us pour vivre des aventures inoubliables avec leurs compagnons \u00e0 quatre pattes.<\/p>\n<p>Disponible en montants de <strong>25\u20ac, 50\u20ac, 75\u20ac et 100\u20ac<\/strong>, la Carte Cadeau RINGHIO est l\u2019id\u00e9e cadeau id\u00e9ale pour toutes les occasions. <strong>Disponible uniquement en version digitale !<\/strong> \u2728<\/p>\n","protected":false},"excerpt":{"rendered":"<p>?\u2728 Vous ne savez pas quoi choisir ? Offrez la libert\u00e9 de choisir avec la Carte Cadeau RINGHIO ! \u2728? Surprenez vos amis et votre famille amoureux des chiens avec le cadeau parfait : la possibilit\u00e9 de choisir ce qu\u2019ils aiment le plus ! Avec la Carte Cadeau RINGHIO, ils auront acc\u00e8s \u00e0 des produits [&hellip;]<\/p>\n","protected":false},"featured_media":83217,"template":"","meta":{"_acf_changed":false},"product_cat":[422],"product_tag":[],"class_list":{"0":"post-77027","1":"product","2":"type-product","3":"status-publish","4":"has-post-thumbnail","6":"product_cat-accessoires","8":"first","9":"instock","10":"shipping-taxable","11":"purchasable","12":"product-type-variable"},"acf":[],"yoast_head":"<!-- This site is optimized with the Yoast SEO plugin v27.3 - https:\/\/yoast.com\/product\/yoast-seo-wordpress\/ -->\n<title>Carte Cadeau Digitale RINGHIO - Ringhio<\/title>\n<meta name=\"robots\" content=\"index, follow, max-snippet:-1, max-image-preview:large, max-video-preview:-1\" \/>\n<link rel=\"canonical\" href=\"https:\/\/ringhio.net\/fr\/prodotto\/carte-cadeau-digitale-ringhio\/\" \/>\n<meta property=\"og:locale\" content=\"fr_FR\" \/>\n<meta property=\"og:type\" content=\"article\" \/>\n<meta property=\"og:title\" content=\"Carte Cadeau Digitale RINGHIO - Ringhio\" \/>\n<meta property=\"og:description\" content=\"?\u2728 Vous ne savez pas quoi choisir ? Offrez la libert\u00e9 de choisir avec la Carte Cadeau RINGHIO ! \u2728? Surprenez vos amis et votre famille amoureux des chiens avec le cadeau parfait : la possibilit\u00e9 de choisir ce qu\u2019ils aiment le plus ! Avec la Carte Cadeau RINGHIO, ils auront acc\u00e8s \u00e0 des produits [&hellip;]\" \/>\n<meta property=\"og:url\" content=\"https:\/\/ringhio.net\/fr\/prodotto\/carte-cadeau-digitale-ringhio\/\" \/>\n<meta property=\"og:site_name\" content=\"Ringhio\" \/>\n<meta property=\"article:modified_time\" content=\"2026-02-11T15:56:07+00:00\" \/>\n<meta property=\"og:image\" content=\"https:\/\/ringhio.net\/wp-content\/uploads\/2025\/08\/ringhio-gift-card-new-design-ago.webp\" \/>\n\t<meta property=\"og:image:width\" content=\"1024\" \/>\n\t<meta property=\"og:image:height\" content=\"1024\" \/>\n\t<meta property=\"og:image:type\" content=\"image\/webp\" \/>\n<meta name=\"twitter:card\" content=\"summary_large_image\" \/>\n<script type=\"application\/ld+json\" class=\"yoast-schema-graph\">{\"@context\":\"https:\\\/\\\/schema.org\",\"@graph\":[{\"@type\":\"WebPage\",\"@id\":\"https:\\\/\\\/ringhio.net\\\/fr\\\/prodotto\\\/carte-cadeau-digitale-ringhio\\\/\",\"url\":\"https:\\\/\\\/ringhio.net\\\/fr\\\/prodotto\\\/carte-cadeau-digitale-ringhio\\\/\",\"name\":\"Carte Cadeau Digitale RINGHIO - Ringhio\",\"isPartOf\":{\"@id\":\"https:\\\/\\\/ringhio.net\\\/#website\"},\"primaryImageOfPage\":{\"@id\":\"https:\\\/\\\/ringhio.net\\\/fr\\\/prodotto\\\/carte-cadeau-digitale-ringhio\\\/#primaryimage\"},\"image\":{\"@id\":\"https:\\\/\\\/ringhio.net\\\/fr\\\/prodotto\\\/carte-cadeau-digitale-ringhio\\\/#primaryimage\"},\"thumbnailUrl\":\"https:\\\/\\\/ringhio.net\\\/wp-content\\\/uploads\\\/2025\\\/08\\\/ringhio-gift-card-new-design-ago.webp\",\"datePublished\":\"2025-01-29T14:50:22+00:00\",\"dateModified\":\"2026-02-11T15:56:07+00:00\",\"breadcrumb\":{\"@id\":\"https:\\\/\\\/ringhio.net\\\/fr\\\/prodotto\\\/carte-cadeau-digitale-ringhio\\\/#breadcrumb\"},\"inLanguage\":\"fr-FR\",\"potentialAction\":[{\"@type\":\"ReadAction\",\"target\":[\"https:\\\/\\\/ringhio.net\\\/fr\\\/prodotto\\\/carte-cadeau-digitale-ringhio\\\/\"]}]},{\"@type\":\"ImageObject\",\"inLanguage\":\"fr-FR\",\"@id\":\"https:\\\/\\\/ringhio.net\\\/fr\\\/prodotto\\\/carte-cadeau-digitale-ringhio\\\/#primaryimage\",\"url\":\"https:\\\/\\\/ringhio.net\\\/wp-content\\\/uploads\\\/2025\\\/08\\\/ringhio-gift-card-new-design-ago.webp\",\"contentUrl\":\"https:\\\/\\\/ringhio.net\\\/wp-content\\\/uploads\\\/2025\\\/08\\\/ringhio-gift-card-new-design-ago.webp\",\"width\":1024,\"height\":1024},{\"@type\":\"BreadcrumbList\",\"@id\":\"https:\\\/\\\/ringhio.net\\\/fr\\\/prodotto\\\/carte-cadeau-digitale-ringhio\\\/#breadcrumb\",\"itemListElement\":[{\"@type\":\"ListItem\",\"position\":1,\"name\":\"Boutique\",\"item\":\"https:\\\/\\\/ringhio.net\\\/fr\\\/boutique\\\/\"},{\"@type\":\"ListItem\",\"position\":2,\"name\":\"Carte Cadeau Digitale RINGHIO\"}]},{\"@type\":\"WebSite\",\"@id\":\"https:\\\/\\\/ringhio.net\\\/#website\",\"url\":\"https:\\\/\\\/ringhio.net\\\/\",\"name\":\"Ringhio\",\"description\":\"Reinvent dog equipment\",\"publisher\":{\"@id\":\"https:\\\/\\\/ringhio.net\\\/#organization\"},\"potentialAction\":[{\"@type\":\"SearchAction\",\"target\":{\"@type\":\"EntryPoint\",\"urlTemplate\":\"https:\\\/\\\/ringhio.net\\\/?s={search_term_string}\"},\"query-input\":{\"@type\":\"PropertyValueSpecification\",\"valueRequired\":true,\"valueName\":\"search_term_string\"}}],\"inLanguage\":\"fr-FR\"},{\"@type\":\"Organization\",\"@id\":\"https:\\\/\\\/ringhio.net\\\/#organization\",\"name\":\"Ringhio\",\"url\":\"https:\\\/\\\/ringhio.net\\\/\",\"logo\":{\"@type\":\"ImageObject\",\"inLanguage\":\"fr-FR\",\"@id\":\"https:\\\/\\\/ringhio.net\\\/#\\\/schema\\\/logo\\\/image\\\/\",\"url\":\"https:\\\/\\\/ringhio.net\\\/wp-content\\\/uploads\\\/2020\\\/02\\\/ringhio-logo-66px.png\",\"contentUrl\":\"https:\\\/\\\/ringhio.net\\\/wp-content\\\/uploads\\\/2020\\\/02\\\/ringhio-logo-66px.png\",\"width\":195,\"height\":72,\"caption\":\"Ringhio\"},\"image\":{\"@id\":\"https:\\\/\\\/ringhio.net\\\/#\\\/schema\\\/logo\\\/image\\\/\"}}]}<\/script>\n<!-- \/ Yoast SEO plugin. -->","yoast_head_json":{"title":"Carte Cadeau Digitale RINGHIO - Ringhio","robots":{"index":"index","follow":"follow","max-snippet":"max-snippet:-1","max-image-preview":"max-image-preview:large","max-video-preview":"max-video-preview:-1"},"canonical":"https:\/\/ringhio.net\/fr\/prodotto\/carte-cadeau-digitale-ringhio\/","og_locale":"fr_FR","og_type":"article","og_title":"Carte Cadeau Digitale RINGHIO - Ringhio","og_description":"?\u2728 Vous ne savez pas quoi choisir ? Offrez la libert\u00e9 de choisir avec la Carte Cadeau RINGHIO ! \u2728? Surprenez vos amis et votre famille amoureux des chiens avec le cadeau parfait : la possibilit\u00e9 de choisir ce qu\u2019ils aiment le plus ! Avec la Carte Cadeau RINGHIO, ils auront acc\u00e8s \u00e0 des produits [&hellip;]","og_url":"https:\/\/ringhio.net\/fr\/prodotto\/carte-cadeau-digitale-ringhio\/","og_site_name":"Ringhio","article_modified_time":"2026-02-11T15:56:07+00:00","og_image":[{"width":1024,"height":1024,"url":"https:\/\/ringhio.net\/wp-content\/uploads\/2025\/08\/ringhio-gift-card-new-design-ago.webp","type":"image\/webp"}],"twitter_card":"summary_large_image","schema":{"@context":"https:\/\/schema.org","@graph":[{"@type":"WebPage","@id":"https:\/\/ringhio.net\/fr\/prodotto\/carte-cadeau-digitale-ringhio\/","url":"https:\/\/ringhio.net\/fr\/prodotto\/carte-cadeau-digitale-ringhio\/","name":"Carte Cadeau Digitale RINGHIO - Ringhio","isPartOf":{"@id":"https:\/\/ringhio.net\/#website"},"primaryImageOfPage":{"@id":"https:\/\/ringhio.net\/fr\/prodotto\/carte-cadeau-digitale-ringhio\/#primaryimage"},"image":{"@id":"https:\/\/ringhio.net\/fr\/prodotto\/carte-cadeau-digitale-ringhio\/#primaryimage"},"thumbnailUrl":"https:\/\/ringhio.net\/wp-content\/uploads\/2025\/08\/ringhio-gift-card-new-design-ago.webp","datePublished":"2025-01-29T14:50:22+00:00","dateModified":"2026-02-11T15:56:07+00:00","breadcrumb":{"@id":"https:\/\/ringhio.net\/fr\/prodotto\/carte-cadeau-digitale-ringhio\/#breadcrumb"},"inLanguage":"fr-FR","potentialAction":[{"@type":"ReadAction","target":["https:\/\/ringhio.net\/fr\/prodotto\/carte-cadeau-digitale-ringhio\/"]}]},{"@type":"ImageObject","inLanguage":"fr-FR","@id":"https:\/\/ringhio.net\/fr\/prodotto\/carte-cadeau-digitale-ringhio\/#primaryimage","url":"https:\/\/ringhio.net\/wp-content\/uploads\/2025\/08\/ringhio-gift-card-new-design-ago.webp","contentUrl":"https:\/\/ringhio.net\/wp-content\/uploads\/2025\/08\/ringhio-gift-card-new-design-ago.webp","width":1024,"height":1024},{"@type":"BreadcrumbList","@id":"https:\/\/ringhio.net\/fr\/prodotto\/carte-cadeau-digitale-ringhio\/#breadcrumb","itemListElement":[{"@type":"ListItem","position":1,"name":"Boutique","item":"https:\/\/ringhio.net\/fr\/boutique\/"},{"@type":"ListItem","position":2,"name":"Carte Cadeau Digitale RINGHIO"}]},{"@type":"WebSite","@id":"https:\/\/ringhio.net\/#website","url":"https:\/\/ringhio.net\/","name":"Ringhio","description":"Reinvent dog equipment","publisher":{"@id":"https:\/\/ringhio.net\/#organization"},"potentialAction":[{"@type":"SearchAction","target":{"@type":"EntryPoint","urlTemplate":"https:\/\/ringhio.net\/?s={search_term_string}"},"query-input":{"@type":"PropertyValueSpecification","valueRequired":true,"valueName":"search_term_string"}}],"inLanguage":"fr-FR"},{"@type":"Organization","@id":"https:\/\/ringhio.net\/#organization","name":"Ringhio","url":"https:\/\/ringhio.net\/","logo":{"@type":"ImageObject","inLanguage":"fr-FR","@id":"https:\/\/ringhio.net\/#\/schema\/logo\/image\/","url":"https:\/\/ringhio.net\/wp-content\/uploads\/2020\/02\/ringhio-logo-66px.png","contentUrl":"https:\/\/ringhio.net\/wp-content\/uploads\/2020\/02\/ringhio-logo-66px.png","width":195,"height":72,"caption":"Ringhio"},"image":{"@id":"https:\/\/ringhio.net\/#\/schema\/logo\/image\/"}}]}},"_links":{"self":[{"href":"https:\/\/ringhio.net\/fr\/wp-json\/wp\/v2\/product\/77027","targetHints":{"allow":["GET"]}}],"collection":[{"href":"https:\/\/ringhio.net\/fr\/wp-json\/wp\/v2\/product"}],"about":[{"href":"https:\/\/ringhio.net\/fr\/wp-json\/wp\/v2\/types\/product"}],"version-history":[{"count":0,"href":"https:\/\/ringhio.net\/fr\/wp-json\/wp\/v2\/product\/77027\/revisions"}],"wp:featuredmedia":[{"embeddable":true,"href":"https:\/\/ringhio.net\/fr\/wp-json\/wp\/v2\/media\/83217"}],"wp:attachment":[{"href":"https:\/\/ringhio.net\/fr\/wp-json\/wp\/v2\/media?parent=77027"}],"wp:term":[{"taxonomy":"product_cat","embeddable":true,"href":"https:\/\/ringhio.net\/fr\/wp-json\/wp\/v2\/product_cat?post=77027"},{"taxonomy":"product_tag","embeddable":true,"href":"https:\/\/ringhio.net\/fr\/wp-json\/wp\/v2\/product_tag?post=77027"}],"curies":[{"name":"wp","href":"https:\/\/api.w.org\/{rel}","templated":true}]}}