{"id":75521,"date":"2024-12-13T10:58:53","date_gmt":"2024-12-13T09:58:53","guid":{"rendered":"https:\/\/ringhio.net\/prodotto\/harnais-th1\/"},"modified":"2025-09-30T10:23:05","modified_gmt":"2025-09-30T08:23:05","slug":"harnais-th1","status":"publish","type":"product","link":"https:\/\/ringhio.net\/fr\/prodotto\/harnais-th1\/","title":{"rendered":"Harnais TH1"},"content":{"rendered":"<p><strong>Trekking Harness 1 \u2013 TH1<\/strong><br \/>\nApr\u00e8s un an de d\u00e9veloppement, de tests et de pr\u00e9cieux retours de nos experts en cynologie, nous sommes fiers de pr\u00e9senter le Trekking Harness 1 (TH1).<br \/>\nCon\u00e7u pour garantir un maximum de confort et de fonctionnalit\u00e9, cet harnais est id\u00e9al pour les longues promenades, le trekking et une utilisation quotidienne.<\/p>\n<p>Le TH1 combine un design technique et pratique avec des mat\u00e9riaux de haute qualit\u00e9. L\u2019ext\u00e9rieur en nylon imperm\u00e9able avec motif en losanges offre durabilit\u00e9 et style, tandis que l\u2019int\u00e9rieur en n\u00e9opr\u00e8ne doux assure le confort de votre chien m\u00eame lors des activit\u00e9s les plus exigeantes.<br \/>\nLes finitions r\u00e9fl\u00e9chissantes et les panneaux lat\u00e9raux augmentent la visibilit\u00e9, le rendant parfait pour les aventures nocturnes.<\/p>\n<p>Gr\u00e2ce aux r\u00e9glages pour le cou et le torse, le TH1 s\u2019adapte parfaitement au corps de votre chien, garantissant un ajustement s\u00fbr et confortable.<br \/>\nAvec des d\u00e9tails comme des coutures renforc\u00e9es, un anneau en D positionn\u00e9 strat\u00e9giquement avec un renfort en caoutchouc pour prot\u00e9ger le tissu, le TH1 est con\u00e7u pour durer et r\u00e9sister aux conditions les plus difficiles.<\/p>\n<p><strong>Caract\u00e9ristiques Principales<\/strong><br \/>\n<strong>Mat\u00e9riaux de Haute Qualit\u00e9<\/strong><br \/>\nExt\u00e9rieur en nylon imperm\u00e9able avec motif en losanges, r\u00e9sistant et facile \u00e0 nettoyer.<br \/>\nInt\u00e9rieur en n\u00e9opr\u00e8ne doux pour un confort optimal m\u00eame lors de longues promenades ou de trekking.<\/p>\n<p><strong>S\u00e9curit\u00e9 et Visibilit\u00e9<\/strong><br \/>\nFinitions r\u00e9fl\u00e9chissantes et deux panneaux lat\u00e9raux r\u00e9fl\u00e9chissants pour une visibilit\u00e9 accrue m\u00eame dans des conditions de faible luminosit\u00e9.<\/p>\n<p><strong>Design Fonctionnel<\/strong><br \/>\nR\u00e9glable au niveau du cou et du torse pour un ajustement personnalis\u00e9 et s\u00e9curis\u00e9.<br \/>\nAnneau en D en m\u00e9tal l\u00e9g\u00e8rement recul\u00e9 pour une distribution optimale de la force lors de la traction.<br \/>\nRenfort en caoutchouc sous l\u2019anneau en D pour prot\u00e9ger le tissu contre l\u2019abrasion caus\u00e9e par le mousqueton.<\/p>\n<p><strong>Construction Robuste et Durable<\/strong><br \/>\nCoutures renforc\u00e9es pour une plus grande durabilit\u00e9.<br \/>\nId\u00e9al pour les longues promenades, le trekking et un usage quotidien.<\/p>\n<p><strong>Facile \u00e0 Nettoyer<\/strong><br \/>\nLavable \u00e0 la main \u00e0 froid ou \u00e0 30\u00b0C. Non adapt\u00e9 au s\u00e8che-linge.<\/p>\n","protected":false},"excerpt":{"rendered":"<p>Harnais pour Chiens<\/p>\n","protected":false},"featured_media":73981,"template":"","meta":{"_acf_changed":false},"product_cat":[422,454],"product_tag":[],"class_list":{"0":"post-75521","1":"product","2":"type-product","3":"status-publish","4":"has-post-thumbnail","6":"product_cat-accessoires","7":"product_cat-harnais","9":"first","10":"instock","11":"shipping-taxable","12":"purchasable","13":"product-type-variable"},"acf":[],"yoast_head":"<!-- This site is optimized with the Yoast SEO plugin v27.3 - https:\/\/yoast.com\/product\/yoast-seo-wordpress\/ -->\n<title>Harnais TH1 - Ringhio<\/title>\n<meta name=\"robots\" content=\"index, follow, max-snippet:-1, max-image-preview:large, max-video-preview:-1\" \/>\n<link rel=\"canonical\" href=\"https:\/\/ringhio.net\/fr\/prodotto\/harnais-th1\/\" \/>\n<meta property=\"og:locale\" content=\"fr_FR\" \/>\n<meta property=\"og:type\" content=\"article\" \/>\n<meta property=\"og:title\" content=\"Harnais TH1 - Ringhio\" \/>\n<meta property=\"og:description\" content=\"Harnais pour Chiens\" \/>\n<meta property=\"og:url\" content=\"https:\/\/ringhio.net\/fr\/prodotto\/harnais-th1\/\" \/>\n<meta property=\"og:site_name\" content=\"Ringhio\" \/>\n<meta property=\"article:modified_time\" content=\"2025-09-30T08:23:05+00:00\" \/>\n<meta property=\"og:image\" content=\"https:\/\/ringhio.net\/wp-content\/uploads\/2024\/12\/ringhio-pettorina-05.jpg\" \/>\n\t<meta property=\"og:image:width\" content=\"1000\" \/>\n\t<meta property=\"og:image:height\" content=\"1000\" \/>\n\t<meta property=\"og:image:type\" content=\"image\/jpeg\" \/>\n<meta name=\"twitter:card\" content=\"summary_large_image\" \/>\n<meta name=\"twitter:label1\" content=\"Dur\u00e9e de lecture estim\u00e9e\" \/>\n\t<meta name=\"twitter:data1\" content=\"2 minutes\" \/>\n<script type=\"application\/ld+json\" class=\"yoast-schema-graph\">{\"@context\":\"https:\\\/\\\/schema.org\",\"@graph\":[{\"@type\":\"WebPage\",\"@id\":\"https:\\\/\\\/ringhio.net\\\/fr\\\/prodotto\\\/harnais-th1\\\/\",\"url\":\"https:\\\/\\\/ringhio.net\\\/fr\\\/prodotto\\\/harnais-th1\\\/\",\"name\":\"Harnais TH1 - Ringhio\",\"isPartOf\":{\"@id\":\"https:\\\/\\\/ringhio.net\\\/#website\"},\"primaryImageOfPage\":{\"@id\":\"https:\\\/\\\/ringhio.net\\\/fr\\\/prodotto\\\/harnais-th1\\\/#primaryimage\"},\"image\":{\"@id\":\"https:\\\/\\\/ringhio.net\\\/fr\\\/prodotto\\\/harnais-th1\\\/#primaryimage\"},\"thumbnailUrl\":\"https:\\\/\\\/ringhio.net\\\/wp-content\\\/uploads\\\/2024\\\/12\\\/ringhio-pettorina-05.jpg\",\"datePublished\":\"2024-12-13T09:58:53+00:00\",\"dateModified\":\"2025-09-30T08:23:05+00:00\",\"breadcrumb\":{\"@id\":\"https:\\\/\\\/ringhio.net\\\/fr\\\/prodotto\\\/harnais-th1\\\/#breadcrumb\"},\"inLanguage\":\"fr-FR\",\"potentialAction\":[{\"@type\":\"ReadAction\",\"target\":[\"https:\\\/\\\/ringhio.net\\\/fr\\\/prodotto\\\/harnais-th1\\\/\"]}]},{\"@type\":\"ImageObject\",\"inLanguage\":\"fr-FR\",\"@id\":\"https:\\\/\\\/ringhio.net\\\/fr\\\/prodotto\\\/harnais-th1\\\/#primaryimage\",\"url\":\"https:\\\/\\\/ringhio.net\\\/wp-content\\\/uploads\\\/2024\\\/12\\\/ringhio-pettorina-05.jpg\",\"contentUrl\":\"https:\\\/\\\/ringhio.net\\\/wp-content\\\/uploads\\\/2024\\\/12\\\/ringhio-pettorina-05.jpg\",\"width\":1000,\"height\":1000},{\"@type\":\"BreadcrumbList\",\"@id\":\"https:\\\/\\\/ringhio.net\\\/fr\\\/prodotto\\\/harnais-th1\\\/#breadcrumb\",\"itemListElement\":[{\"@type\":\"ListItem\",\"position\":1,\"name\":\"Boutique\",\"item\":\"https:\\\/\\\/ringhio.net\\\/fr\\\/boutique\\\/\"},{\"@type\":\"ListItem\",\"position\":2,\"name\":\"Harnais TH1\"}]},{\"@type\":\"WebSite\",\"@id\":\"https:\\\/\\\/ringhio.net\\\/#website\",\"url\":\"https:\\\/\\\/ringhio.net\\\/\",\"name\":\"Ringhio\",\"description\":\"Reinvent dog equipment\",\"publisher\":{\"@id\":\"https:\\\/\\\/ringhio.net\\\/#organization\"},\"potentialAction\":[{\"@type\":\"SearchAction\",\"target\":{\"@type\":\"EntryPoint\",\"urlTemplate\":\"https:\\\/\\\/ringhio.net\\\/?s={search_term_string}\"},\"query-input\":{\"@type\":\"PropertyValueSpecification\",\"valueRequired\":true,\"valueName\":\"search_term_string\"}}],\"inLanguage\":\"fr-FR\"},{\"@type\":\"Organization\",\"@id\":\"https:\\\/\\\/ringhio.net\\\/#organization\",\"name\":\"Ringhio\",\"url\":\"https:\\\/\\\/ringhio.net\\\/\",\"logo\":{\"@type\":\"ImageObject\",\"inLanguage\":\"fr-FR\",\"@id\":\"https:\\\/\\\/ringhio.net\\\/#\\\/schema\\\/logo\\\/image\\\/\",\"url\":\"https:\\\/\\\/ringhio.net\\\/wp-content\\\/uploads\\\/2020\\\/02\\\/ringhio-logo-66px.png\",\"contentUrl\":\"https:\\\/\\\/ringhio.net\\\/wp-content\\\/uploads\\\/2020\\\/02\\\/ringhio-logo-66px.png\",\"width\":195,\"height\":72,\"caption\":\"Ringhio\"},\"image\":{\"@id\":\"https:\\\/\\\/ringhio.net\\\/#\\\/schema\\\/logo\\\/image\\\/\"}}]}<\/script>\n<!-- \/ Yoast SEO plugin. -->","yoast_head_json":{"title":"Harnais TH1 - Ringhio","robots":{"index":"index","follow":"follow","max-snippet":"max-snippet:-1","max-image-preview":"max-image-preview:large","max-video-preview":"max-video-preview:-1"},"canonical":"https:\/\/ringhio.net\/fr\/prodotto\/harnais-th1\/","og_locale":"fr_FR","og_type":"article","og_title":"Harnais TH1 - Ringhio","og_description":"Harnais pour Chiens","og_url":"https:\/\/ringhio.net\/fr\/prodotto\/harnais-th1\/","og_site_name":"Ringhio","article_modified_time":"2025-09-30T08:23:05+00:00","og_image":[{"width":1000,"height":1000,"url":"https:\/\/ringhio.net\/wp-content\/uploads\/2024\/12\/ringhio-pettorina-05.jpg","type":"image\/jpeg"}],"twitter_card":"summary_large_image","twitter_misc":{"Dur\u00e9e de lecture estim\u00e9e":"2 minutes"},"schema":{"@context":"https:\/\/schema.org","@graph":[{"@type":"WebPage","@id":"https:\/\/ringhio.net\/fr\/prodotto\/harnais-th1\/","url":"https:\/\/ringhio.net\/fr\/prodotto\/harnais-th1\/","name":"Harnais TH1 - Ringhio","isPartOf":{"@id":"https:\/\/ringhio.net\/#website"},"primaryImageOfPage":{"@id":"https:\/\/ringhio.net\/fr\/prodotto\/harnais-th1\/#primaryimage"},"image":{"@id":"https:\/\/ringhio.net\/fr\/prodotto\/harnais-th1\/#primaryimage"},"thumbnailUrl":"https:\/\/ringhio.net\/wp-content\/uploads\/2024\/12\/ringhio-pettorina-05.jpg","datePublished":"2024-12-13T09:58:53+00:00","dateModified":"2025-09-30T08:23:05+00:00","breadcrumb":{"@id":"https:\/\/ringhio.net\/fr\/prodotto\/harnais-th1\/#breadcrumb"},"inLanguage":"fr-FR","potentialAction":[{"@type":"ReadAction","target":["https:\/\/ringhio.net\/fr\/prodotto\/harnais-th1\/"]}]},{"@type":"ImageObject","inLanguage":"fr-FR","@id":"https:\/\/ringhio.net\/fr\/prodotto\/harnais-th1\/#primaryimage","url":"https:\/\/ringhio.net\/wp-content\/uploads\/2024\/12\/ringhio-pettorina-05.jpg","contentUrl":"https:\/\/ringhio.net\/wp-content\/uploads\/2024\/12\/ringhio-pettorina-05.jpg","width":1000,"height":1000},{"@type":"BreadcrumbList","@id":"https:\/\/ringhio.net\/fr\/prodotto\/harnais-th1\/#breadcrumb","itemListElement":[{"@type":"ListItem","position":1,"name":"Boutique","item":"https:\/\/ringhio.net\/fr\/boutique\/"},{"@type":"ListItem","position":2,"name":"Harnais TH1"}]},{"@type":"WebSite","@id":"https:\/\/ringhio.net\/#website","url":"https:\/\/ringhio.net\/","name":"Ringhio","description":"Reinvent dog equipment","publisher":{"@id":"https:\/\/ringhio.net\/#organization"},"potentialAction":[{"@type":"SearchAction","target":{"@type":"EntryPoint","urlTemplate":"https:\/\/ringhio.net\/?s={search_term_string}"},"query-input":{"@type":"PropertyValueSpecification","valueRequired":true,"valueName":"search_term_string"}}],"inLanguage":"fr-FR"},{"@type":"Organization","@id":"https:\/\/ringhio.net\/#organization","name":"Ringhio","url":"https:\/\/ringhio.net\/","logo":{"@type":"ImageObject","inLanguage":"fr-FR","@id":"https:\/\/ringhio.net\/#\/schema\/logo\/image\/","url":"https:\/\/ringhio.net\/wp-content\/uploads\/2020\/02\/ringhio-logo-66px.png","contentUrl":"https:\/\/ringhio.net\/wp-content\/uploads\/2020\/02\/ringhio-logo-66px.png","width":195,"height":72,"caption":"Ringhio"},"image":{"@id":"https:\/\/ringhio.net\/#\/schema\/logo\/image\/"}}]}},"_links":{"self":[{"href":"https:\/\/ringhio.net\/fr\/wp-json\/wp\/v2\/product\/75521","targetHints":{"allow":["GET"]}}],"collection":[{"href":"https:\/\/ringhio.net\/fr\/wp-json\/wp\/v2\/product"}],"about":[{"href":"https:\/\/ringhio.net\/fr\/wp-json\/wp\/v2\/types\/product"}],"version-history":[{"count":0,"href":"https:\/\/ringhio.net\/fr\/wp-json\/wp\/v2\/product\/75521\/revisions"}],"wp:featuredmedia":[{"embeddable":true,"href":"https:\/\/ringhio.net\/fr\/wp-json\/wp\/v2\/media\/73981"}],"wp:attachment":[{"href":"https:\/\/ringhio.net\/fr\/wp-json\/wp\/v2\/media?parent=75521"}],"wp:term":[{"taxonomy":"product_cat","embeddable":true,"href":"https:\/\/ringhio.net\/fr\/wp-json\/wp\/v2\/product_cat?post=75521"},{"taxonomy":"product_tag","embeddable":true,"href":"https:\/\/ringhio.net\/fr\/wp-json\/wp\/v2\/product_tag?post=75521"}],"curies":[{"name":"wp","href":"https:\/\/api.w.org\/{rel}","templated":true}]}}