{"id":75243,"date":"2024-12-12T16:43:15","date_gmt":"2024-12-12T15:43:15","guid":{"rendered":"https:\/\/ringhio.net\/?post_type=product&#038;p=75243"},"modified":"2024-12-12T16:45:57","modified_gmt":"2024-12-12T15:45:57","slug":"ringhio-trigrip-copia","status":"publish","type":"product","link":"https:\/\/ringhio.net\/fr\/prodotto\/ringhio-trigrip-copia\/","title":{"rendered":"Ringhio Trigrip MINI"},"content":{"rendered":"<p><strong>Jouet pour Chiens \u2013 TriGrip en Caoutchouc Naturel et Corde en Coton<\/strong><br \/>\nD\u00e9couvrez TriGrip, le jouet pour chiens qui allie design, r\u00e9sistance et plaisir. Avec sa forme triangulaire en caoutchouc naturel et sa corde en coton robuste, c\u2019est le compagnon id\u00e9al pour les moments de jeu avec votre chien. Parfait pour les jeux de tir \u00e0 la corde ou de lancer, TriGrip stimule les instincts naturels de votre chien et renforce votre lien.<\/p>\n<p>Disponible en quatre couleurs vives (rouge, bleu, violet et rose) avec une corde beige, TriGrip est con\u00e7u pour garantir des heures de plaisir en toute s\u00e9curit\u00e9.<\/p>\n<p><strong>Caract\u00e9ristiques Principales<\/strong><\/p>\n<p><strong>Mat\u00e9riaux de Haute Qualit\u00e9<\/strong><br \/>\nCaoutchouc naturel r\u00e9sistant : s\u00fbr, non toxique et con\u00e7u pour r\u00e9sister aux m\u00e2choires les plus \u00e9nergiques.<br \/>\nCorde en coton : douce mais robuste, id\u00e9ale pour les jeux de tir \u00e0 la corde et facile \u00e0 attraper.<\/p>\n<p><strong>Design Fonctionnel<\/strong><br \/>\nLa forme triangulaire (14 cm de hauteur) offre une prise s\u00fbre pour vous et votre chien, rendant les jeux plus dynamiques.<br \/>\nLa combinaison de caoutchouc et de corde offre une exp\u00e9rience de jeu vari\u00e9e et stimulante.<\/p>\n<p><strong>Polyvalence<\/strong><br \/>\nParfait pour les jeux de lancer et de tir \u00e0 la corde.<br \/>\nAdapt\u00e9 pour une utilisation en int\u00e9rieur comme en ext\u00e9rieur.<\/p>\n","protected":false},"excerpt":{"rendered":"<p>Jouet de Morsure pour Chiens<\/p>\n","protected":false},"featured_media":74449,"template":"","meta":{"_acf_changed":false},"product_cat":[418],"product_tag":[],"class_list":{"0":"post-75243","1":"product","2":"type-product","3":"status-publish","4":"has-post-thumbnail","6":"product_cat-jouets","8":"first","9":"instock","10":"shipping-taxable","11":"purchasable","12":"product-type-variable"},"acf":[],"yoast_head":"<!-- This site is optimized with the Yoast SEO plugin v27.3 - https:\/\/yoast.com\/product\/yoast-seo-wordpress\/ -->\n<title>Ringhio Trigrip MINI - Ringhio<\/title>\n<meta name=\"robots\" content=\"index, follow, max-snippet:-1, max-image-preview:large, max-video-preview:-1\" \/>\n<link rel=\"canonical\" href=\"https:\/\/ringhio.net\/fr\/prodotto\/ringhio-trigrip-copia\/\" \/>\n<meta property=\"og:locale\" content=\"fr_FR\" \/>\n<meta property=\"og:type\" content=\"article\" \/>\n<meta property=\"og:title\" content=\"Ringhio Trigrip MINI - Ringhio\" \/>\n<meta property=\"og:description\" content=\"Jouet de Morsure pour Chiens\" \/>\n<meta property=\"og:url\" content=\"https:\/\/ringhio.net\/fr\/prodotto\/ringhio-trigrip-copia\/\" \/>\n<meta property=\"og:site_name\" content=\"Ringhio\" \/>\n<meta property=\"article:modified_time\" content=\"2024-12-12T15:45:57+00:00\" \/>\n<meta property=\"og:image\" content=\"https:\/\/ringhio.net\/wp-content\/uploads\/2024\/12\/gioco-triangolo-viola-03.jpg\" \/>\n\t<meta property=\"og:image:width\" content=\"1000\" \/>\n\t<meta property=\"og:image:height\" content=\"1000\" \/>\n\t<meta property=\"og:image:type\" content=\"image\/jpeg\" \/>\n<meta name=\"twitter:card\" content=\"summary_large_image\" \/>\n<meta name=\"twitter:label1\" content=\"Dur\u00e9e de lecture estim\u00e9e\" \/>\n\t<meta name=\"twitter:data1\" content=\"1 minute\" \/>\n<script type=\"application\/ld+json\" class=\"yoast-schema-graph\">{\"@context\":\"https:\\\/\\\/schema.org\",\"@graph\":[{\"@type\":\"WebPage\",\"@id\":\"https:\\\/\\\/ringhio.net\\\/fr\\\/prodotto\\\/ringhio-trigrip-copia\\\/\",\"url\":\"https:\\\/\\\/ringhio.net\\\/fr\\\/prodotto\\\/ringhio-trigrip-copia\\\/\",\"name\":\"Ringhio Trigrip MINI - Ringhio\",\"isPartOf\":{\"@id\":\"https:\\\/\\\/ringhio.net\\\/#website\"},\"primaryImageOfPage\":{\"@id\":\"https:\\\/\\\/ringhio.net\\\/fr\\\/prodotto\\\/ringhio-trigrip-copia\\\/#primaryimage\"},\"image\":{\"@id\":\"https:\\\/\\\/ringhio.net\\\/fr\\\/prodotto\\\/ringhio-trigrip-copia\\\/#primaryimage\"},\"thumbnailUrl\":\"https:\\\/\\\/ringhio.net\\\/wp-content\\\/uploads\\\/2024\\\/12\\\/gioco-triangolo-viola-03.jpg\",\"datePublished\":\"2024-12-12T15:43:15+00:00\",\"dateModified\":\"2024-12-12T15:45:57+00:00\",\"breadcrumb\":{\"@id\":\"https:\\\/\\\/ringhio.net\\\/fr\\\/prodotto\\\/ringhio-trigrip-copia\\\/#breadcrumb\"},\"inLanguage\":\"fr-FR\",\"potentialAction\":[{\"@type\":\"ReadAction\",\"target\":[\"https:\\\/\\\/ringhio.net\\\/fr\\\/prodotto\\\/ringhio-trigrip-copia\\\/\"]}]},{\"@type\":\"ImageObject\",\"inLanguage\":\"fr-FR\",\"@id\":\"https:\\\/\\\/ringhio.net\\\/fr\\\/prodotto\\\/ringhio-trigrip-copia\\\/#primaryimage\",\"url\":\"https:\\\/\\\/ringhio.net\\\/wp-content\\\/uploads\\\/2024\\\/12\\\/gioco-triangolo-viola-03.jpg\",\"contentUrl\":\"https:\\\/\\\/ringhio.net\\\/wp-content\\\/uploads\\\/2024\\\/12\\\/gioco-triangolo-viola-03.jpg\",\"width\":1000,\"height\":1000},{\"@type\":\"BreadcrumbList\",\"@id\":\"https:\\\/\\\/ringhio.net\\\/fr\\\/prodotto\\\/ringhio-trigrip-copia\\\/#breadcrumb\",\"itemListElement\":[{\"@type\":\"ListItem\",\"position\":1,\"name\":\"Boutique\",\"item\":\"https:\\\/\\\/ringhio.net\\\/fr\\\/boutique\\\/\"},{\"@type\":\"ListItem\",\"position\":2,\"name\":\"Ringhio Trigrip MINI\"}]},{\"@type\":\"WebSite\",\"@id\":\"https:\\\/\\\/ringhio.net\\\/#website\",\"url\":\"https:\\\/\\\/ringhio.net\\\/\",\"name\":\"Ringhio\",\"description\":\"Reinvent dog equipment\",\"publisher\":{\"@id\":\"https:\\\/\\\/ringhio.net\\\/#organization\"},\"potentialAction\":[{\"@type\":\"SearchAction\",\"target\":{\"@type\":\"EntryPoint\",\"urlTemplate\":\"https:\\\/\\\/ringhio.net\\\/?s={search_term_string}\"},\"query-input\":{\"@type\":\"PropertyValueSpecification\",\"valueRequired\":true,\"valueName\":\"search_term_string\"}}],\"inLanguage\":\"fr-FR\"},{\"@type\":\"Organization\",\"@id\":\"https:\\\/\\\/ringhio.net\\\/#organization\",\"name\":\"Ringhio\",\"url\":\"https:\\\/\\\/ringhio.net\\\/\",\"logo\":{\"@type\":\"ImageObject\",\"inLanguage\":\"fr-FR\",\"@id\":\"https:\\\/\\\/ringhio.net\\\/#\\\/schema\\\/logo\\\/image\\\/\",\"url\":\"https:\\\/\\\/ringhio.net\\\/wp-content\\\/uploads\\\/2020\\\/02\\\/ringhio-logo-66px.png\",\"contentUrl\":\"https:\\\/\\\/ringhio.net\\\/wp-content\\\/uploads\\\/2020\\\/02\\\/ringhio-logo-66px.png\",\"width\":195,\"height\":72,\"caption\":\"Ringhio\"},\"image\":{\"@id\":\"https:\\\/\\\/ringhio.net\\\/#\\\/schema\\\/logo\\\/image\\\/\"}}]}<\/script>\n<!-- \/ Yoast SEO plugin. -->","yoast_head_json":{"title":"Ringhio Trigrip MINI - Ringhio","robots":{"index":"index","follow":"follow","max-snippet":"max-snippet:-1","max-image-preview":"max-image-preview:large","max-video-preview":"max-video-preview:-1"},"canonical":"https:\/\/ringhio.net\/fr\/prodotto\/ringhio-trigrip-copia\/","og_locale":"fr_FR","og_type":"article","og_title":"Ringhio Trigrip MINI - Ringhio","og_description":"Jouet de Morsure pour Chiens","og_url":"https:\/\/ringhio.net\/fr\/prodotto\/ringhio-trigrip-copia\/","og_site_name":"Ringhio","article_modified_time":"2024-12-12T15:45:57+00:00","og_image":[{"width":1000,"height":1000,"url":"https:\/\/ringhio.net\/wp-content\/uploads\/2024\/12\/gioco-triangolo-viola-03.jpg","type":"image\/jpeg"}],"twitter_card":"summary_large_image","twitter_misc":{"Dur\u00e9e de lecture estim\u00e9e":"1 minute"},"schema":{"@context":"https:\/\/schema.org","@graph":[{"@type":"WebPage","@id":"https:\/\/ringhio.net\/fr\/prodotto\/ringhio-trigrip-copia\/","url":"https:\/\/ringhio.net\/fr\/prodotto\/ringhio-trigrip-copia\/","name":"Ringhio Trigrip MINI - Ringhio","isPartOf":{"@id":"https:\/\/ringhio.net\/#website"},"primaryImageOfPage":{"@id":"https:\/\/ringhio.net\/fr\/prodotto\/ringhio-trigrip-copia\/#primaryimage"},"image":{"@id":"https:\/\/ringhio.net\/fr\/prodotto\/ringhio-trigrip-copia\/#primaryimage"},"thumbnailUrl":"https:\/\/ringhio.net\/wp-content\/uploads\/2024\/12\/gioco-triangolo-viola-03.jpg","datePublished":"2024-12-12T15:43:15+00:00","dateModified":"2024-12-12T15:45:57+00:00","breadcrumb":{"@id":"https:\/\/ringhio.net\/fr\/prodotto\/ringhio-trigrip-copia\/#breadcrumb"},"inLanguage":"fr-FR","potentialAction":[{"@type":"ReadAction","target":["https:\/\/ringhio.net\/fr\/prodotto\/ringhio-trigrip-copia\/"]}]},{"@type":"ImageObject","inLanguage":"fr-FR","@id":"https:\/\/ringhio.net\/fr\/prodotto\/ringhio-trigrip-copia\/#primaryimage","url":"https:\/\/ringhio.net\/wp-content\/uploads\/2024\/12\/gioco-triangolo-viola-03.jpg","contentUrl":"https:\/\/ringhio.net\/wp-content\/uploads\/2024\/12\/gioco-triangolo-viola-03.jpg","width":1000,"height":1000},{"@type":"BreadcrumbList","@id":"https:\/\/ringhio.net\/fr\/prodotto\/ringhio-trigrip-copia\/#breadcrumb","itemListElement":[{"@type":"ListItem","position":1,"name":"Boutique","item":"https:\/\/ringhio.net\/fr\/boutique\/"},{"@type":"ListItem","position":2,"name":"Ringhio Trigrip MINI"}]},{"@type":"WebSite","@id":"https:\/\/ringhio.net\/#website","url":"https:\/\/ringhio.net\/","name":"Ringhio","description":"Reinvent dog equipment","publisher":{"@id":"https:\/\/ringhio.net\/#organization"},"potentialAction":[{"@type":"SearchAction","target":{"@type":"EntryPoint","urlTemplate":"https:\/\/ringhio.net\/?s={search_term_string}"},"query-input":{"@type":"PropertyValueSpecification","valueRequired":true,"valueName":"search_term_string"}}],"inLanguage":"fr-FR"},{"@type":"Organization","@id":"https:\/\/ringhio.net\/#organization","name":"Ringhio","url":"https:\/\/ringhio.net\/","logo":{"@type":"ImageObject","inLanguage":"fr-FR","@id":"https:\/\/ringhio.net\/#\/schema\/logo\/image\/","url":"https:\/\/ringhio.net\/wp-content\/uploads\/2020\/02\/ringhio-logo-66px.png","contentUrl":"https:\/\/ringhio.net\/wp-content\/uploads\/2020\/02\/ringhio-logo-66px.png","width":195,"height":72,"caption":"Ringhio"},"image":{"@id":"https:\/\/ringhio.net\/#\/schema\/logo\/image\/"}}]}},"_links":{"self":[{"href":"https:\/\/ringhio.net\/fr\/wp-json\/wp\/v2\/product\/75243","targetHints":{"allow":["GET"]}}],"collection":[{"href":"https:\/\/ringhio.net\/fr\/wp-json\/wp\/v2\/product"}],"about":[{"href":"https:\/\/ringhio.net\/fr\/wp-json\/wp\/v2\/types\/product"}],"version-history":[{"count":0,"href":"https:\/\/ringhio.net\/fr\/wp-json\/wp\/v2\/product\/75243\/revisions"}],"wp:featuredmedia":[{"embeddable":true,"href":"https:\/\/ringhio.net\/fr\/wp-json\/wp\/v2\/media\/74449"}],"wp:attachment":[{"href":"https:\/\/ringhio.net\/fr\/wp-json\/wp\/v2\/media?parent=75243"}],"wp:term":[{"taxonomy":"product_cat","embeddable":true,"href":"https:\/\/ringhio.net\/fr\/wp-json\/wp\/v2\/product_cat?post=75243"},{"taxonomy":"product_tag","embeddable":true,"href":"https:\/\/ringhio.net\/fr\/wp-json\/wp\/v2\/product_tag?post=75243"}],"curies":[{"name":"wp","href":"https:\/\/api.w.org\/{rel}","templated":true}]}}