{"id":66890,"date":"2023-11-07T08:21:48","date_gmt":"2023-11-07T07:21:48","guid":{"rendered":"https:\/\/ringhio.net\/prodotto\/laisse-reglable-retriever-baku\/"},"modified":"2025-01-16T09:37:28","modified_gmt":"2025-01-16T08:37:28","slug":"laisse-reglable-retriever-baku","status":"publish","type":"product","link":"https:\/\/ringhio.net\/fr\/prodotto\/laisse-reglable-retriever-baku\/","title":{"rendered":"Laisse R\u00e9glable Retriever Baku"},"content":{"rendered":"<p><strong>Laisse R\u00e9glable Retriever Ringhio<\/strong> : Le Choix Parfait pour les Activit\u00e9s Sportives et l\u2019Entra\u00eenement<\/p>\n<p>Les laisses r\u00e9glables Retriever Ringhio sont \u00e9quip\u00e9es d&rsquo;un collier int\u00e9gr\u00e9, \u00e9liminant ainsi le besoin d&rsquo;un collier s\u00e9par\u00e9 et garantissant un contr\u00f4le optimal de votre chien.<\/p>\n<p>Ces laisses sont \u00e9galement \u00e9quip\u00e9es d&rsquo;un n\u0153ud bidirectionnel Prusik, qui permet de r\u00e9gler facilement la longueur de la laisse, offrant une polyvalence maximale pendant les promenades.<br \/>\nNos retrievers sont disponibles dans la taille standard :<br \/>\n<strong>120 cm extensible jusqu&rsquo;\u00e0 180 cm<\/strong><\/p>\n<p>Les laisses peuvent \u00eatre lav\u00e9es \u00e0 la main avec du <strong>savon de Marseille \u00e0 30 degr\u00e9s<\/strong>, les maintenant propres et en excellent \u00e9tat.<\/p>\n<p>Choisissez les laisses r\u00e9glables Ringhio pour un m\u00e9lange parfait de <strong>flexibilit\u00e9, de s\u00e9curit\u00e9 et de style<\/strong>. Ce produit est notre fleuron, test\u00e9 et approuv\u00e9 par les cynophiles, distinguant la marque Ringhio pour son innovation et sa qualit\u00e9.<br \/>\nCe produit est fabriqu\u00e9 \u00e0 la main en Italie.<br \/>\n#reinventdogequipment<\/p>\n<p><strong>27\u20ac \u00a0 \u00a01,80 m\u00e8tres retriever<\/strong><\/p>\n","protected":false},"excerpt":{"rendered":"<p>Laisses R\u00e9glables Retriever pour Chiens<\/p>\n","protected":false},"featured_media":61761,"template":"","meta":{"_acf_changed":false},"product_cat":[439],"product_tag":[],"class_list":{"0":"post-66890","1":"product","2":"type-product","3":"status-publish","4":"has-post-thumbnail","6":"product_cat-laisse-a-corde-extensible-retriver","8":"first","9":"instock","10":"purchasable","11":"product-type-simple"},"acf":[],"yoast_head":"<!-- This site is optimized with the Yoast SEO plugin v27.3 - https:\/\/yoast.com\/product\/yoast-seo-wordpress\/ -->\n<title>Laisse R\u00e9glable Retriever Baku - Ringhio<\/title>\n<meta name=\"robots\" content=\"index, follow, max-snippet:-1, max-image-preview:large, max-video-preview:-1\" \/>\n<link rel=\"canonical\" href=\"https:\/\/ringhio.net\/prodotto\/guinzaglio-retriever-baku\/\" \/>\n<meta property=\"og:locale\" content=\"fr_FR\" \/>\n<meta property=\"og:type\" content=\"article\" \/>\n<meta property=\"og:title\" content=\"Laisse R\u00e9glable Retriever Baku - Ringhio\" \/>\n<meta property=\"og:description\" content=\"Laisses R\u00e9glables Retriever pour Chiens\" \/>\n<meta property=\"og:url\" content=\"https:\/\/ringhio.net\/prodotto\/guinzaglio-retriever-baku\/\" \/>\n<meta property=\"og:site_name\" content=\"Ringhio\" \/>\n<meta property=\"article:modified_time\" content=\"2025-01-16T08:37:28+00:00\" \/>\n<meta property=\"og:image\" content=\"https:\/\/ringhio.net\/wp-content\/uploads\/2023\/11\/baku-retriever-1.jpg\" \/>\n\t<meta property=\"og:image:width\" content=\"1000\" \/>\n\t<meta property=\"og:image:height\" content=\"1000\" \/>\n\t<meta property=\"og:image:type\" content=\"image\/jpeg\" \/>\n<meta name=\"twitter:card\" content=\"summary_large_image\" \/>\n<meta name=\"twitter:label1\" content=\"Dur\u00e9e de lecture estim\u00e9e\" \/>\n\t<meta name=\"twitter:data1\" content=\"1 minute\" \/>\n<script type=\"application\/ld+json\" class=\"yoast-schema-graph\">{\"@context\":\"https:\\\/\\\/schema.org\",\"@graph\":[{\"@type\":\"WebPage\",\"@id\":\"https:\\\/\\\/ringhio.net\\\/prodotto\\\/guinzaglio-retriever-baku\\\/\",\"url\":\"https:\\\/\\\/ringhio.net\\\/prodotto\\\/guinzaglio-retriever-baku\\\/\",\"name\":\"Laisse R\u00e9glable Retriever Baku - Ringhio\",\"isPartOf\":{\"@id\":\"https:\\\/\\\/ringhio.net\\\/#website\"},\"primaryImageOfPage\":{\"@id\":\"https:\\\/\\\/ringhio.net\\\/prodotto\\\/guinzaglio-retriever-baku\\\/#primaryimage\"},\"image\":{\"@id\":\"https:\\\/\\\/ringhio.net\\\/prodotto\\\/guinzaglio-retriever-baku\\\/#primaryimage\"},\"thumbnailUrl\":\"https:\\\/\\\/ringhio.net\\\/wp-content\\\/uploads\\\/2023\\\/11\\\/baku-retriever-1.jpg\",\"datePublished\":\"2023-11-07T07:21:48+00:00\",\"dateModified\":\"2025-01-16T08:37:28+00:00\",\"breadcrumb\":{\"@id\":\"https:\\\/\\\/ringhio.net\\\/prodotto\\\/guinzaglio-retriever-baku\\\/#breadcrumb\"},\"inLanguage\":\"fr-FR\",\"potentialAction\":[{\"@type\":\"ReadAction\",\"target\":[\"https:\\\/\\\/ringhio.net\\\/prodotto\\\/guinzaglio-retriever-baku\\\/\"]}]},{\"@type\":\"ImageObject\",\"inLanguage\":\"fr-FR\",\"@id\":\"https:\\\/\\\/ringhio.net\\\/prodotto\\\/guinzaglio-retriever-baku\\\/#primaryimage\",\"url\":\"https:\\\/\\\/ringhio.net\\\/wp-content\\\/uploads\\\/2023\\\/11\\\/baku-retriever-1.jpg\",\"contentUrl\":\"https:\\\/\\\/ringhio.net\\\/wp-content\\\/uploads\\\/2023\\\/11\\\/baku-retriever-1.jpg\",\"width\":1000,\"height\":1000},{\"@type\":\"BreadcrumbList\",\"@id\":\"https:\\\/\\\/ringhio.net\\\/prodotto\\\/guinzaglio-retriever-baku\\\/#breadcrumb\",\"itemListElement\":[{\"@type\":\"ListItem\",\"position\":1,\"name\":\"Boutique\",\"item\":\"https:\\\/\\\/ringhio.net\\\/fr\\\/boutique\\\/\"},{\"@type\":\"ListItem\",\"position\":2,\"name\":\"Laisse R\u00e9glable Retriever Baku\"}]},{\"@type\":\"WebSite\",\"@id\":\"https:\\\/\\\/ringhio.net\\\/#website\",\"url\":\"https:\\\/\\\/ringhio.net\\\/\",\"name\":\"Ringhio\",\"description\":\"Reinvent dog equipment\",\"publisher\":{\"@id\":\"https:\\\/\\\/ringhio.net\\\/#organization\"},\"potentialAction\":[{\"@type\":\"SearchAction\",\"target\":{\"@type\":\"EntryPoint\",\"urlTemplate\":\"https:\\\/\\\/ringhio.net\\\/?s={search_term_string}\"},\"query-input\":{\"@type\":\"PropertyValueSpecification\",\"valueRequired\":true,\"valueName\":\"search_term_string\"}}],\"inLanguage\":\"fr-FR\"},{\"@type\":\"Organization\",\"@id\":\"https:\\\/\\\/ringhio.net\\\/#organization\",\"name\":\"Ringhio\",\"url\":\"https:\\\/\\\/ringhio.net\\\/\",\"logo\":{\"@type\":\"ImageObject\",\"inLanguage\":\"fr-FR\",\"@id\":\"https:\\\/\\\/ringhio.net\\\/#\\\/schema\\\/logo\\\/image\\\/\",\"url\":\"https:\\\/\\\/ringhio.net\\\/wp-content\\\/uploads\\\/2020\\\/02\\\/ringhio-logo-66px.png\",\"contentUrl\":\"https:\\\/\\\/ringhio.net\\\/wp-content\\\/uploads\\\/2020\\\/02\\\/ringhio-logo-66px.png\",\"width\":195,\"height\":72,\"caption\":\"Ringhio\"},\"image\":{\"@id\":\"https:\\\/\\\/ringhio.net\\\/#\\\/schema\\\/logo\\\/image\\\/\"}}]}<\/script>\n<!-- \/ Yoast SEO plugin. -->","yoast_head_json":{"title":"Laisse R\u00e9glable Retriever Baku - Ringhio","robots":{"index":"index","follow":"follow","max-snippet":"max-snippet:-1","max-image-preview":"max-image-preview:large","max-video-preview":"max-video-preview:-1"},"canonical":"https:\/\/ringhio.net\/prodotto\/guinzaglio-retriever-baku\/","og_locale":"fr_FR","og_type":"article","og_title":"Laisse R\u00e9glable Retriever Baku - Ringhio","og_description":"Laisses R\u00e9glables Retriever pour Chiens","og_url":"https:\/\/ringhio.net\/prodotto\/guinzaglio-retriever-baku\/","og_site_name":"Ringhio","article_modified_time":"2025-01-16T08:37:28+00:00","og_image":[{"width":1000,"height":1000,"url":"https:\/\/ringhio.net\/wp-content\/uploads\/2023\/11\/baku-retriever-1.jpg","type":"image\/jpeg"}],"twitter_card":"summary_large_image","twitter_misc":{"Dur\u00e9e de lecture estim\u00e9e":"1 minute"},"schema":{"@context":"https:\/\/schema.org","@graph":[{"@type":"WebPage","@id":"https:\/\/ringhio.net\/prodotto\/guinzaglio-retriever-baku\/","url":"https:\/\/ringhio.net\/prodotto\/guinzaglio-retriever-baku\/","name":"Laisse R\u00e9glable Retriever Baku - Ringhio","isPartOf":{"@id":"https:\/\/ringhio.net\/#website"},"primaryImageOfPage":{"@id":"https:\/\/ringhio.net\/prodotto\/guinzaglio-retriever-baku\/#primaryimage"},"image":{"@id":"https:\/\/ringhio.net\/prodotto\/guinzaglio-retriever-baku\/#primaryimage"},"thumbnailUrl":"https:\/\/ringhio.net\/wp-content\/uploads\/2023\/11\/baku-retriever-1.jpg","datePublished":"2023-11-07T07:21:48+00:00","dateModified":"2025-01-16T08:37:28+00:00","breadcrumb":{"@id":"https:\/\/ringhio.net\/prodotto\/guinzaglio-retriever-baku\/#breadcrumb"},"inLanguage":"fr-FR","potentialAction":[{"@type":"ReadAction","target":["https:\/\/ringhio.net\/prodotto\/guinzaglio-retriever-baku\/"]}]},{"@type":"ImageObject","inLanguage":"fr-FR","@id":"https:\/\/ringhio.net\/prodotto\/guinzaglio-retriever-baku\/#primaryimage","url":"https:\/\/ringhio.net\/wp-content\/uploads\/2023\/11\/baku-retriever-1.jpg","contentUrl":"https:\/\/ringhio.net\/wp-content\/uploads\/2023\/11\/baku-retriever-1.jpg","width":1000,"height":1000},{"@type":"BreadcrumbList","@id":"https:\/\/ringhio.net\/prodotto\/guinzaglio-retriever-baku\/#breadcrumb","itemListElement":[{"@type":"ListItem","position":1,"name":"Boutique","item":"https:\/\/ringhio.net\/fr\/boutique\/"},{"@type":"ListItem","position":2,"name":"Laisse R\u00e9glable Retriever Baku"}]},{"@type":"WebSite","@id":"https:\/\/ringhio.net\/#website","url":"https:\/\/ringhio.net\/","name":"Ringhio","description":"Reinvent dog equipment","publisher":{"@id":"https:\/\/ringhio.net\/#organization"},"potentialAction":[{"@type":"SearchAction","target":{"@type":"EntryPoint","urlTemplate":"https:\/\/ringhio.net\/?s={search_term_string}"},"query-input":{"@type":"PropertyValueSpecification","valueRequired":true,"valueName":"search_term_string"}}],"inLanguage":"fr-FR"},{"@type":"Organization","@id":"https:\/\/ringhio.net\/#organization","name":"Ringhio","url":"https:\/\/ringhio.net\/","logo":{"@type":"ImageObject","inLanguage":"fr-FR","@id":"https:\/\/ringhio.net\/#\/schema\/logo\/image\/","url":"https:\/\/ringhio.net\/wp-content\/uploads\/2020\/02\/ringhio-logo-66px.png","contentUrl":"https:\/\/ringhio.net\/wp-content\/uploads\/2020\/02\/ringhio-logo-66px.png","width":195,"height":72,"caption":"Ringhio"},"image":{"@id":"https:\/\/ringhio.net\/#\/schema\/logo\/image\/"}}]}},"_links":{"self":[{"href":"https:\/\/ringhio.net\/fr\/wp-json\/wp\/v2\/product\/66890","targetHints":{"allow":["GET"]}}],"collection":[{"href":"https:\/\/ringhio.net\/fr\/wp-json\/wp\/v2\/product"}],"about":[{"href":"https:\/\/ringhio.net\/fr\/wp-json\/wp\/v2\/types\/product"}],"version-history":[{"count":0,"href":"https:\/\/ringhio.net\/fr\/wp-json\/wp\/v2\/product\/66890\/revisions"}],"wp:featuredmedia":[{"embeddable":true,"href":"https:\/\/ringhio.net\/fr\/wp-json\/wp\/v2\/media\/61761"}],"wp:attachment":[{"href":"https:\/\/ringhio.net\/fr\/wp-json\/wp\/v2\/media?parent=66890"}],"wp:term":[{"taxonomy":"product_cat","embeddable":true,"href":"https:\/\/ringhio.net\/fr\/wp-json\/wp\/v2\/product_cat?post=66890"},{"taxonomy":"product_tag","embeddable":true,"href":"https:\/\/ringhio.net\/fr\/wp-json\/wp\/v2\/product_tag?post=66890"}],"curies":[{"name":"wp","href":"https:\/\/api.w.org\/{rel}","templated":true}]}}