{"id":66721,"date":"2022-10-06T10:49:41","date_gmt":"2022-10-06T08:49:41","guid":{"rendered":"https:\/\/ringhio.net\/prodotto\/laisses-extensibles-vento-mini\/"},"modified":"2025-10-31T13:27:52","modified_gmt":"2025-10-31T12:27:52","slug":"laisses-extensibles-vento-mini","status":"publish","type":"product","link":"https:\/\/ringhio.net\/fr\/prodotto\/laisses-extensibles-vento-mini\/","title":{"rendered":"Laisses Extensibles Vento MINI"},"content":{"rendered":"<p>Ceci est la ligne <strong>MINI <\/strong>des laisses Ringhio, recommand\u00e9e pour les chiens jusqu&rsquo;\u00e0 <strong>6 kg.<\/strong><br \/>\n<strong>Laisses Extensibles Ringhio<\/strong>: l&rsquo;excellence en mati\u00e8re de flexibilit\u00e9 et d&rsquo;innovation. Fabriqu\u00e9es avec les m\u00eames <strong>cordes de haute qualit\u00e9 <\/strong>que nos laisses fixes, ces laisses extensibles sont disponibles en polypropyl\u00e8ne multifilament ou en nylon. Les deux mat\u00e9riaux sont tress\u00e9s selon la m\u00eame technique que les cordes d&rsquo;escalade, garantissant robustesse et durabilit\u00e9 dans le temps.<\/p>\n<p>Ces laisses sont dot\u00e9es d&rsquo;un <strong>n\u0153ud bidirectionnel<\/strong>, permettant un ajustement facile de la longueur de la laisse, offrant une polyvalence maximale lors des promenades.<br \/>\n<strong>Elles sont disponibles en trois tailles :<\/strong><br \/>\n<strong>120 cm<\/strong> extensible jusqu&rsquo;\u00e0 180 cm<br \/>\n<strong>170 cm<\/strong> extensible jusqu&rsquo;\u00e0 3 m\u00e8tres<br \/>\n<strong>270 cm<\/strong> extensible jusqu&rsquo;\u00e0 5 m\u00e8tres<\/p>\n<p>Disponible avec le mousqueton classique \u00e0 lib\u00e9ration rapide, garantissant praticit\u00e9 et s\u00e9curit\u00e9.<\/p>\n<p>Les laisses peuvent \u00eatre lav\u00e9es \u00e0 la main avec <strong>du savon de Marseille \u00e0 30 degr\u00e9s<\/strong>, les maintenant propres et en excellent \u00e9tat.<\/p>\n<p>Choisissez les <strong>laisses extensibles Ringhio<\/strong> pour un m\u00e9lange parfait de flexibilit\u00e9, de s\u00e9curit\u00e9 et de style. Ce produit est notre fleuron, test\u00e9 et approuv\u00e9 par les cynophiles, distinguant la marque Ringhio pour son innovation et sa qualit\u00e9. Ce produit est fabriqu\u00e9 artisanalement en Italie.<\/p>\n<p><strong>#reinventdogequipment<\/strong><\/p>\n<p>25\u20ac 1,80 m\u00e8tres avec mousqueton classique<br \/>\n29\u20ac 3,00 m\u00e8tres avec mousqueton classique<br \/>\n34\u20ac 5,00 m\u00e8tres avec mousqueton classique<\/p>\n","protected":false},"excerpt":{"rendered":"<p>Laisses Extensibles Ringhio<\/p>\n","protected":false},"featured_media":55455,"template":"","meta":{"_acf_changed":false},"product_cat":[501],"product_tag":[],"class_list":{"0":"post-66721","1":"product","2":"type-product","3":"status-publish","4":"has-post-thumbnail","6":"product_cat-laisse-a-corde-extensible-mini","8":"first","9":"instock","10":"purchasable","11":"product-type-variable"},"acf":[],"yoast_head":"<!-- This site is optimized with the Yoast SEO plugin v27.3 - https:\/\/yoast.com\/product\/yoast-seo-wordpress\/ -->\n<title>Laisses Extensibles Vento MINI - Ringhio<\/title>\n<meta name=\"robots\" content=\"index, follow, max-snippet:-1, max-image-preview:large, max-video-preview:-1\" \/>\n<link rel=\"canonical\" href=\"https:\/\/ringhio.net\/prodotto\/guinzaglio-allungabile-vento-mini\/\" \/>\n<meta property=\"og:locale\" content=\"fr_FR\" \/>\n<meta property=\"og:type\" content=\"article\" \/>\n<meta property=\"og:title\" content=\"Laisses Extensibles Vento MINI - Ringhio\" \/>\n<meta property=\"og:description\" content=\"Laisses Extensibles Ringhio\" \/>\n<meta property=\"og:url\" content=\"https:\/\/ringhio.net\/prodotto\/guinzaglio-allungabile-vento-mini\/\" \/>\n<meta property=\"og:site_name\" content=\"Ringhio\" \/>\n<meta property=\"article:modified_time\" content=\"2025-10-31T12:27:52+00:00\" \/>\n<meta property=\"og:image\" content=\"https:\/\/ringhio.net\/wp-content\/uploads\/2021\/10\/vento-1-guinzaglio-allungabile.jpg\" \/>\n\t<meta property=\"og:image:width\" content=\"1000\" \/>\n\t<meta property=\"og:image:height\" content=\"1000\" \/>\n\t<meta property=\"og:image:type\" content=\"image\/jpeg\" \/>\n<meta name=\"twitter:card\" content=\"summary_large_image\" \/>\n<meta name=\"twitter:label1\" content=\"Dur\u00e9e de lecture estim\u00e9e\" \/>\n\t<meta name=\"twitter:data1\" content=\"1 minute\" \/>\n<script type=\"application\/ld+json\" class=\"yoast-schema-graph\">{\"@context\":\"https:\\\/\\\/schema.org\",\"@graph\":[{\"@type\":\"WebPage\",\"@id\":\"https:\\\/\\\/ringhio.net\\\/prodotto\\\/guinzaglio-allungabile-vento-mini\\\/\",\"url\":\"https:\\\/\\\/ringhio.net\\\/prodotto\\\/guinzaglio-allungabile-vento-mini\\\/\",\"name\":\"Laisses Extensibles Vento MINI - Ringhio\",\"isPartOf\":{\"@id\":\"https:\\\/\\\/ringhio.net\\\/#website\"},\"primaryImageOfPage\":{\"@id\":\"https:\\\/\\\/ringhio.net\\\/prodotto\\\/guinzaglio-allungabile-vento-mini\\\/#primaryimage\"},\"image\":{\"@id\":\"https:\\\/\\\/ringhio.net\\\/prodotto\\\/guinzaglio-allungabile-vento-mini\\\/#primaryimage\"},\"thumbnailUrl\":\"https:\\\/\\\/ringhio.net\\\/wp-content\\\/uploads\\\/2021\\\/10\\\/vento-1-guinzaglio-allungabile.jpg\",\"datePublished\":\"2022-10-06T08:49:41+00:00\",\"dateModified\":\"2025-10-31T12:27:52+00:00\",\"breadcrumb\":{\"@id\":\"https:\\\/\\\/ringhio.net\\\/prodotto\\\/guinzaglio-allungabile-vento-mini\\\/#breadcrumb\"},\"inLanguage\":\"fr-FR\",\"potentialAction\":[{\"@type\":\"ReadAction\",\"target\":[\"https:\\\/\\\/ringhio.net\\\/prodotto\\\/guinzaglio-allungabile-vento-mini\\\/\"]}]},{\"@type\":\"ImageObject\",\"inLanguage\":\"fr-FR\",\"@id\":\"https:\\\/\\\/ringhio.net\\\/prodotto\\\/guinzaglio-allungabile-vento-mini\\\/#primaryimage\",\"url\":\"https:\\\/\\\/ringhio.net\\\/wp-content\\\/uploads\\\/2021\\\/10\\\/vento-1-guinzaglio-allungabile.jpg\",\"contentUrl\":\"https:\\\/\\\/ringhio.net\\\/wp-content\\\/uploads\\\/2021\\\/10\\\/vento-1-guinzaglio-allungabile.jpg\",\"width\":1000,\"height\":1000},{\"@type\":\"BreadcrumbList\",\"@id\":\"https:\\\/\\\/ringhio.net\\\/prodotto\\\/guinzaglio-allungabile-vento-mini\\\/#breadcrumb\",\"itemListElement\":[{\"@type\":\"ListItem\",\"position\":1,\"name\":\"Boutique\",\"item\":\"https:\\\/\\\/ringhio.net\\\/fr\\\/boutique\\\/\"},{\"@type\":\"ListItem\",\"position\":2,\"name\":\"Laisses Extensibles Vento MINI\"}]},{\"@type\":\"WebSite\",\"@id\":\"https:\\\/\\\/ringhio.net\\\/#website\",\"url\":\"https:\\\/\\\/ringhio.net\\\/\",\"name\":\"Ringhio\",\"description\":\"Reinvent dog equipment\",\"publisher\":{\"@id\":\"https:\\\/\\\/ringhio.net\\\/#organization\"},\"potentialAction\":[{\"@type\":\"SearchAction\",\"target\":{\"@type\":\"EntryPoint\",\"urlTemplate\":\"https:\\\/\\\/ringhio.net\\\/?s={search_term_string}\"},\"query-input\":{\"@type\":\"PropertyValueSpecification\",\"valueRequired\":true,\"valueName\":\"search_term_string\"}}],\"inLanguage\":\"fr-FR\"},{\"@type\":\"Organization\",\"@id\":\"https:\\\/\\\/ringhio.net\\\/#organization\",\"name\":\"Ringhio\",\"url\":\"https:\\\/\\\/ringhio.net\\\/\",\"logo\":{\"@type\":\"ImageObject\",\"inLanguage\":\"fr-FR\",\"@id\":\"https:\\\/\\\/ringhio.net\\\/#\\\/schema\\\/logo\\\/image\\\/\",\"url\":\"https:\\\/\\\/ringhio.net\\\/wp-content\\\/uploads\\\/2020\\\/02\\\/ringhio-logo-66px.png\",\"contentUrl\":\"https:\\\/\\\/ringhio.net\\\/wp-content\\\/uploads\\\/2020\\\/02\\\/ringhio-logo-66px.png\",\"width\":195,\"height\":72,\"caption\":\"Ringhio\"},\"image\":{\"@id\":\"https:\\\/\\\/ringhio.net\\\/#\\\/schema\\\/logo\\\/image\\\/\"}}]}<\/script>\n<!-- \/ Yoast SEO plugin. -->","yoast_head_json":{"title":"Laisses Extensibles Vento MINI - Ringhio","robots":{"index":"index","follow":"follow","max-snippet":"max-snippet:-1","max-image-preview":"max-image-preview:large","max-video-preview":"max-video-preview:-1"},"canonical":"https:\/\/ringhio.net\/prodotto\/guinzaglio-allungabile-vento-mini\/","og_locale":"fr_FR","og_type":"article","og_title":"Laisses Extensibles Vento MINI - Ringhio","og_description":"Laisses Extensibles Ringhio","og_url":"https:\/\/ringhio.net\/prodotto\/guinzaglio-allungabile-vento-mini\/","og_site_name":"Ringhio","article_modified_time":"2025-10-31T12:27:52+00:00","og_image":[{"width":1000,"height":1000,"url":"https:\/\/ringhio.net\/wp-content\/uploads\/2021\/10\/vento-1-guinzaglio-allungabile.jpg","type":"image\/jpeg"}],"twitter_card":"summary_large_image","twitter_misc":{"Dur\u00e9e de lecture estim\u00e9e":"1 minute"},"schema":{"@context":"https:\/\/schema.org","@graph":[{"@type":"WebPage","@id":"https:\/\/ringhio.net\/prodotto\/guinzaglio-allungabile-vento-mini\/","url":"https:\/\/ringhio.net\/prodotto\/guinzaglio-allungabile-vento-mini\/","name":"Laisses Extensibles Vento MINI - Ringhio","isPartOf":{"@id":"https:\/\/ringhio.net\/#website"},"primaryImageOfPage":{"@id":"https:\/\/ringhio.net\/prodotto\/guinzaglio-allungabile-vento-mini\/#primaryimage"},"image":{"@id":"https:\/\/ringhio.net\/prodotto\/guinzaglio-allungabile-vento-mini\/#primaryimage"},"thumbnailUrl":"https:\/\/ringhio.net\/wp-content\/uploads\/2021\/10\/vento-1-guinzaglio-allungabile.jpg","datePublished":"2022-10-06T08:49:41+00:00","dateModified":"2025-10-31T12:27:52+00:00","breadcrumb":{"@id":"https:\/\/ringhio.net\/prodotto\/guinzaglio-allungabile-vento-mini\/#breadcrumb"},"inLanguage":"fr-FR","potentialAction":[{"@type":"ReadAction","target":["https:\/\/ringhio.net\/prodotto\/guinzaglio-allungabile-vento-mini\/"]}]},{"@type":"ImageObject","inLanguage":"fr-FR","@id":"https:\/\/ringhio.net\/prodotto\/guinzaglio-allungabile-vento-mini\/#primaryimage","url":"https:\/\/ringhio.net\/wp-content\/uploads\/2021\/10\/vento-1-guinzaglio-allungabile.jpg","contentUrl":"https:\/\/ringhio.net\/wp-content\/uploads\/2021\/10\/vento-1-guinzaglio-allungabile.jpg","width":1000,"height":1000},{"@type":"BreadcrumbList","@id":"https:\/\/ringhio.net\/prodotto\/guinzaglio-allungabile-vento-mini\/#breadcrumb","itemListElement":[{"@type":"ListItem","position":1,"name":"Boutique","item":"https:\/\/ringhio.net\/fr\/boutique\/"},{"@type":"ListItem","position":2,"name":"Laisses Extensibles Vento MINI"}]},{"@type":"WebSite","@id":"https:\/\/ringhio.net\/#website","url":"https:\/\/ringhio.net\/","name":"Ringhio","description":"Reinvent dog equipment","publisher":{"@id":"https:\/\/ringhio.net\/#organization"},"potentialAction":[{"@type":"SearchAction","target":{"@type":"EntryPoint","urlTemplate":"https:\/\/ringhio.net\/?s={search_term_string}"},"query-input":{"@type":"PropertyValueSpecification","valueRequired":true,"valueName":"search_term_string"}}],"inLanguage":"fr-FR"},{"@type":"Organization","@id":"https:\/\/ringhio.net\/#organization","name":"Ringhio","url":"https:\/\/ringhio.net\/","logo":{"@type":"ImageObject","inLanguage":"fr-FR","@id":"https:\/\/ringhio.net\/#\/schema\/logo\/image\/","url":"https:\/\/ringhio.net\/wp-content\/uploads\/2020\/02\/ringhio-logo-66px.png","contentUrl":"https:\/\/ringhio.net\/wp-content\/uploads\/2020\/02\/ringhio-logo-66px.png","width":195,"height":72,"caption":"Ringhio"},"image":{"@id":"https:\/\/ringhio.net\/#\/schema\/logo\/image\/"}}]}},"_links":{"self":[{"href":"https:\/\/ringhio.net\/fr\/wp-json\/wp\/v2\/product\/66721","targetHints":{"allow":["GET"]}}],"collection":[{"href":"https:\/\/ringhio.net\/fr\/wp-json\/wp\/v2\/product"}],"about":[{"href":"https:\/\/ringhio.net\/fr\/wp-json\/wp\/v2\/types\/product"}],"version-history":[{"count":0,"href":"https:\/\/ringhio.net\/fr\/wp-json\/wp\/v2\/product\/66721\/revisions"}],"wp:featuredmedia":[{"embeddable":true,"href":"https:\/\/ringhio.net\/fr\/wp-json\/wp\/v2\/media\/55455"}],"wp:attachment":[{"href":"https:\/\/ringhio.net\/fr\/wp-json\/wp\/v2\/media?parent=66721"}],"wp:term":[{"taxonomy":"product_cat","embeddable":true,"href":"https:\/\/ringhio.net\/fr\/wp-json\/wp\/v2\/product_cat?post=66721"},{"taxonomy":"product_tag","embeddable":true,"href":"https:\/\/ringhio.net\/fr\/wp-json\/wp\/v2\/product_tag?post=66721"}],"curies":[{"name":"wp","href":"https:\/\/api.w.org\/{rel}","templated":true}]}}