{"id":66240,"date":"2023-11-07T07:58:38","date_gmt":"2023-11-07T06:58:38","guid":{"rendered":"https:\/\/ringhio.net\/prodotto\/laisses-extensibles-rubik\/"},"modified":"2025-07-30T09:22:21","modified_gmt":"2025-07-30T07:22:21","slug":"laisses-extensibles-rubik","status":"publish","type":"product","link":"https:\/\/ringhio.net\/fr\/prodotto\/laisses-extensibles-rubik\/","title":{"rendered":"Laisses Extensibles Rubik"},"content":{"rendered":"<p><strong>Laisses Extensibles Ringhio<\/strong>: l&rsquo;excellence en mati\u00e8re de flexibilit\u00e9 et d&rsquo;innovation. Fabriqu\u00e9es avec les m\u00eames <strong>cordes de haute qualit\u00e9<\/strong> que nos laisses fixes, ces laisses extensibles sont disponibles en <strong>polypropyl\u00e8ne multifilament<\/strong> ou en <strong>nylon<\/strong>. Les deux mat\u00e9riaux sont tress\u00e9s selon la m\u00eame technique que <strong>les cordes d&rsquo;escalade<\/strong>, garantissant robustesse et durabilit\u00e9 dans le temps.<\/p>\n<p>Ces laisses sont dot\u00e9es d&rsquo;un <strong>n\u0153ud Prusik bidirectionnel<\/strong>, permettant un ajustement facile de la longueur de la laisse, offrant une polyvalence maximale lors des promenades.<br \/>\nElles sont disponibles en trois tailles :<br \/>\n<strong>120 cm extensible jusqu&rsquo;\u00e0 180 cm<\/strong><br \/>\n<strong>170 cm extensible jusqu&rsquo;\u00e0 3 m\u00e8tres<\/strong><br \/>\n<strong>270 cm extensible jusqu&rsquo;\u00e0 5 m\u00e8tres<\/strong><\/p>\n<p>Disponibles avec deux types de mousquetons : <strong>le mousqueton classique \u00e0 d\u00e9gagement rapide et le mousqueton de grimpe avec verrouillage de s\u00e9curit\u00e9<\/strong>. Les deux garantissent praticit\u00e9 et s\u00e9curit\u00e9.<\/p>\n<p>Les laisses peuvent \u00eatre lav\u00e9es \u00e0 la main avec du savon de <strong>Marseille \u00e0 30 degr\u00e9s<\/strong>, les maintenant propres et en excellent \u00e9tat.<\/p>\n<p>Choisissez les <strong>laisses extensibles Ringhio<\/strong> pour un m\u00e9lange parfait de flexibilit\u00e9, de s\u00e9curit\u00e9 et de style. Ce produit est notre fleuron, test\u00e9 et approuv\u00e9 par les cynophiles, distinguant la marque Ringhio pour son innovation et sa qualit\u00e9. Ce produit est fabriqu\u00e9 <strong>artisanalement en Italie<\/strong>.<\/p>\n<p>#reinventdogequipment<\/p>\n<p><strong>25\u20ac <\/strong>1,80 m\u00e8tres avec mousqueton classique<br \/>\n<strong>29\u20ac <\/strong>3,00 m\u00e8tres avec mousqueton classique<br \/>\n<strong>34\u20ac<\/strong> 5,00 m\u00e8tres avec mousqueton classique<br \/>\n<strong>33\u20ac<\/strong> 1,80 m\u00e8tres avec mousqueton de grimpe<br \/>\n<strong>37\u20ac<\/strong> 3,00 m\u00e8tres avec mousqueton de grimpe<br \/>\n<strong>42\u20ac<\/strong> 5,00 m\u00e8tres avec mousqueton de grimpe<\/p>\n","protected":false},"excerpt":{"rendered":"<p>Laisses Extensibles Ringhio<\/p>\n","protected":false},"featured_media":61545,"template":"","meta":{"_acf_changed":false},"product_cat":[436],"product_tag":[],"class_list":{"0":"post-66240","1":"product","2":"type-product","3":"status-publish","4":"has-post-thumbnail","6":"product_cat-laisses-a-corde-extensibles","8":"first","9":"instock","10":"purchasable","11":"product-type-variable"},"acf":[],"yoast_head":"<!-- This site is optimized with the Yoast SEO plugin v27.3 - https:\/\/yoast.com\/product\/yoast-seo-wordpress\/ -->\n<title>Laisses Extensibles Rubik - Ringhio<\/title>\n<meta name=\"robots\" content=\"index, follow, max-snippet:-1, max-image-preview:large, max-video-preview:-1\" \/>\n<link rel=\"canonical\" href=\"https:\/\/ringhio.net\/fr\/prodotto\/laisses-extensibles-rubik\/\" \/>\n<meta property=\"og:locale\" content=\"fr_FR\" \/>\n<meta property=\"og:type\" content=\"article\" \/>\n<meta property=\"og:title\" content=\"Laisses Extensibles Rubik - Ringhio\" \/>\n<meta property=\"og:description\" content=\"Laisses Extensibles Ringhio\" \/>\n<meta property=\"og:url\" content=\"https:\/\/ringhio.net\/fr\/prodotto\/laisses-extensibles-rubik\/\" \/>\n<meta property=\"og:site_name\" content=\"Ringhio\" \/>\n<meta property=\"article:modified_time\" content=\"2025-07-30T07:22:21+00:00\" \/>\n<meta property=\"og:image\" content=\"https:\/\/ringhio.net\/wp-content\/uploads\/2023\/11\/rubik-1.jpg\" \/>\n\t<meta property=\"og:image:width\" content=\"1000\" \/>\n\t<meta property=\"og:image:height\" content=\"1000\" \/>\n\t<meta property=\"og:image:type\" content=\"image\/jpeg\" \/>\n<meta name=\"twitter:card\" content=\"summary_large_image\" \/>\n<meta name=\"twitter:label1\" content=\"Dur\u00e9e de lecture estim\u00e9e\" \/>\n\t<meta name=\"twitter:data1\" content=\"1 minute\" \/>\n<script type=\"application\/ld+json\" class=\"yoast-schema-graph\">{\"@context\":\"https:\\\/\\\/schema.org\",\"@graph\":[{\"@type\":\"WebPage\",\"@id\":\"https:\\\/\\\/ringhio.net\\\/fr\\\/prodotto\\\/laisses-extensibles-rubik\\\/\",\"url\":\"https:\\\/\\\/ringhio.net\\\/fr\\\/prodotto\\\/laisses-extensibles-rubik\\\/\",\"name\":\"Laisses Extensibles Rubik - Ringhio\",\"isPartOf\":{\"@id\":\"https:\\\/\\\/ringhio.net\\\/#website\"},\"primaryImageOfPage\":{\"@id\":\"https:\\\/\\\/ringhio.net\\\/fr\\\/prodotto\\\/laisses-extensibles-rubik\\\/#primaryimage\"},\"image\":{\"@id\":\"https:\\\/\\\/ringhio.net\\\/fr\\\/prodotto\\\/laisses-extensibles-rubik\\\/#primaryimage\"},\"thumbnailUrl\":\"https:\\\/\\\/ringhio.net\\\/wp-content\\\/uploads\\\/2023\\\/11\\\/rubik-1.jpg\",\"datePublished\":\"2023-11-07T06:58:38+00:00\",\"dateModified\":\"2025-07-30T07:22:21+00:00\",\"breadcrumb\":{\"@id\":\"https:\\\/\\\/ringhio.net\\\/fr\\\/prodotto\\\/laisses-extensibles-rubik\\\/#breadcrumb\"},\"inLanguage\":\"fr-FR\",\"potentialAction\":[{\"@type\":\"ReadAction\",\"target\":[\"https:\\\/\\\/ringhio.net\\\/fr\\\/prodotto\\\/laisses-extensibles-rubik\\\/\"]}]},{\"@type\":\"ImageObject\",\"inLanguage\":\"fr-FR\",\"@id\":\"https:\\\/\\\/ringhio.net\\\/fr\\\/prodotto\\\/laisses-extensibles-rubik\\\/#primaryimage\",\"url\":\"https:\\\/\\\/ringhio.net\\\/wp-content\\\/uploads\\\/2023\\\/11\\\/rubik-1.jpg\",\"contentUrl\":\"https:\\\/\\\/ringhio.net\\\/wp-content\\\/uploads\\\/2023\\\/11\\\/rubik-1.jpg\",\"width\":1000,\"height\":1000},{\"@type\":\"BreadcrumbList\",\"@id\":\"https:\\\/\\\/ringhio.net\\\/fr\\\/prodotto\\\/laisses-extensibles-rubik\\\/#breadcrumb\",\"itemListElement\":[{\"@type\":\"ListItem\",\"position\":1,\"name\":\"Boutique\",\"item\":\"https:\\\/\\\/ringhio.net\\\/fr\\\/boutique\\\/\"},{\"@type\":\"ListItem\",\"position\":2,\"name\":\"Laisses Extensibles Rubik\"}]},{\"@type\":\"WebSite\",\"@id\":\"https:\\\/\\\/ringhio.net\\\/#website\",\"url\":\"https:\\\/\\\/ringhio.net\\\/\",\"name\":\"Ringhio\",\"description\":\"Reinvent dog equipment\",\"publisher\":{\"@id\":\"https:\\\/\\\/ringhio.net\\\/#organization\"},\"potentialAction\":[{\"@type\":\"SearchAction\",\"target\":{\"@type\":\"EntryPoint\",\"urlTemplate\":\"https:\\\/\\\/ringhio.net\\\/?s={search_term_string}\"},\"query-input\":{\"@type\":\"PropertyValueSpecification\",\"valueRequired\":true,\"valueName\":\"search_term_string\"}}],\"inLanguage\":\"fr-FR\"},{\"@type\":\"Organization\",\"@id\":\"https:\\\/\\\/ringhio.net\\\/#organization\",\"name\":\"Ringhio\",\"url\":\"https:\\\/\\\/ringhio.net\\\/\",\"logo\":{\"@type\":\"ImageObject\",\"inLanguage\":\"fr-FR\",\"@id\":\"https:\\\/\\\/ringhio.net\\\/#\\\/schema\\\/logo\\\/image\\\/\",\"url\":\"https:\\\/\\\/ringhio.net\\\/wp-content\\\/uploads\\\/2020\\\/02\\\/ringhio-logo-66px.png\",\"contentUrl\":\"https:\\\/\\\/ringhio.net\\\/wp-content\\\/uploads\\\/2020\\\/02\\\/ringhio-logo-66px.png\",\"width\":195,\"height\":72,\"caption\":\"Ringhio\"},\"image\":{\"@id\":\"https:\\\/\\\/ringhio.net\\\/#\\\/schema\\\/logo\\\/image\\\/\"}}]}<\/script>\n<!-- \/ Yoast SEO plugin. -->","yoast_head_json":{"title":"Laisses Extensibles Rubik - Ringhio","robots":{"index":"index","follow":"follow","max-snippet":"max-snippet:-1","max-image-preview":"max-image-preview:large","max-video-preview":"max-video-preview:-1"},"canonical":"https:\/\/ringhio.net\/fr\/prodotto\/laisses-extensibles-rubik\/","og_locale":"fr_FR","og_type":"article","og_title":"Laisses Extensibles Rubik - Ringhio","og_description":"Laisses Extensibles Ringhio","og_url":"https:\/\/ringhio.net\/fr\/prodotto\/laisses-extensibles-rubik\/","og_site_name":"Ringhio","article_modified_time":"2025-07-30T07:22:21+00:00","og_image":[{"width":1000,"height":1000,"url":"https:\/\/ringhio.net\/wp-content\/uploads\/2023\/11\/rubik-1.jpg","type":"image\/jpeg"}],"twitter_card":"summary_large_image","twitter_misc":{"Dur\u00e9e de lecture estim\u00e9e":"1 minute"},"schema":{"@context":"https:\/\/schema.org","@graph":[{"@type":"WebPage","@id":"https:\/\/ringhio.net\/fr\/prodotto\/laisses-extensibles-rubik\/","url":"https:\/\/ringhio.net\/fr\/prodotto\/laisses-extensibles-rubik\/","name":"Laisses Extensibles Rubik - Ringhio","isPartOf":{"@id":"https:\/\/ringhio.net\/#website"},"primaryImageOfPage":{"@id":"https:\/\/ringhio.net\/fr\/prodotto\/laisses-extensibles-rubik\/#primaryimage"},"image":{"@id":"https:\/\/ringhio.net\/fr\/prodotto\/laisses-extensibles-rubik\/#primaryimage"},"thumbnailUrl":"https:\/\/ringhio.net\/wp-content\/uploads\/2023\/11\/rubik-1.jpg","datePublished":"2023-11-07T06:58:38+00:00","dateModified":"2025-07-30T07:22:21+00:00","breadcrumb":{"@id":"https:\/\/ringhio.net\/fr\/prodotto\/laisses-extensibles-rubik\/#breadcrumb"},"inLanguage":"fr-FR","potentialAction":[{"@type":"ReadAction","target":["https:\/\/ringhio.net\/fr\/prodotto\/laisses-extensibles-rubik\/"]}]},{"@type":"ImageObject","inLanguage":"fr-FR","@id":"https:\/\/ringhio.net\/fr\/prodotto\/laisses-extensibles-rubik\/#primaryimage","url":"https:\/\/ringhio.net\/wp-content\/uploads\/2023\/11\/rubik-1.jpg","contentUrl":"https:\/\/ringhio.net\/wp-content\/uploads\/2023\/11\/rubik-1.jpg","width":1000,"height":1000},{"@type":"BreadcrumbList","@id":"https:\/\/ringhio.net\/fr\/prodotto\/laisses-extensibles-rubik\/#breadcrumb","itemListElement":[{"@type":"ListItem","position":1,"name":"Boutique","item":"https:\/\/ringhio.net\/fr\/boutique\/"},{"@type":"ListItem","position":2,"name":"Laisses Extensibles Rubik"}]},{"@type":"WebSite","@id":"https:\/\/ringhio.net\/#website","url":"https:\/\/ringhio.net\/","name":"Ringhio","description":"Reinvent dog equipment","publisher":{"@id":"https:\/\/ringhio.net\/#organization"},"potentialAction":[{"@type":"SearchAction","target":{"@type":"EntryPoint","urlTemplate":"https:\/\/ringhio.net\/?s={search_term_string}"},"query-input":{"@type":"PropertyValueSpecification","valueRequired":true,"valueName":"search_term_string"}}],"inLanguage":"fr-FR"},{"@type":"Organization","@id":"https:\/\/ringhio.net\/#organization","name":"Ringhio","url":"https:\/\/ringhio.net\/","logo":{"@type":"ImageObject","inLanguage":"fr-FR","@id":"https:\/\/ringhio.net\/#\/schema\/logo\/image\/","url":"https:\/\/ringhio.net\/wp-content\/uploads\/2020\/02\/ringhio-logo-66px.png","contentUrl":"https:\/\/ringhio.net\/wp-content\/uploads\/2020\/02\/ringhio-logo-66px.png","width":195,"height":72,"caption":"Ringhio"},"image":{"@id":"https:\/\/ringhio.net\/#\/schema\/logo\/image\/"}}]}},"_links":{"self":[{"href":"https:\/\/ringhio.net\/fr\/wp-json\/wp\/v2\/product\/66240","targetHints":{"allow":["GET"]}}],"collection":[{"href":"https:\/\/ringhio.net\/fr\/wp-json\/wp\/v2\/product"}],"about":[{"href":"https:\/\/ringhio.net\/fr\/wp-json\/wp\/v2\/types\/product"}],"version-history":[{"count":0,"href":"https:\/\/ringhio.net\/fr\/wp-json\/wp\/v2\/product\/66240\/revisions"}],"wp:featuredmedia":[{"embeddable":true,"href":"https:\/\/ringhio.net\/fr\/wp-json\/wp\/v2\/media\/61545"}],"wp:attachment":[{"href":"https:\/\/ringhio.net\/fr\/wp-json\/wp\/v2\/media?parent=66240"}],"wp:term":[{"taxonomy":"product_cat","embeddable":true,"href":"https:\/\/ringhio.net\/fr\/wp-json\/wp\/v2\/product_cat?post=66240"},{"taxonomy":"product_tag","embeddable":true,"href":"https:\/\/ringhio.net\/fr\/wp-json\/wp\/v2\/product_tag?post=66240"}],"curies":[{"name":"wp","href":"https:\/\/api.w.org\/{rel}","templated":true}]}}