{"id":65766,"date":"2023-03-20T17:05:04","date_gmt":"2023-03-20T16:05:04","guid":{"rendered":"https:\/\/ringhio.net\/prodotto\/laisse-fixe-antartico\/"},"modified":"2025-02-28T15:17:14","modified_gmt":"2025-02-28T14:17:14","slug":"laisse-fixe-antartico","status":"publish","type":"product","link":"https:\/\/ringhio.net\/fr\/prodotto\/laisse-fixe-antartico\/","title":{"rendered":"Laisse Fixe Antartico"},"content":{"rendered":"<p><strong>Laisses Fixes Ringhio<\/strong>: le choix id\u00e9al pour ceux qui recherchent la qualit\u00e9 et la fiabilit\u00e9. Fabriqu\u00e9es avec les m\u00eames cordes de haute qualit\u00e9 utilis\u00e9es pour nos laisses extensibles, ces laisses fixes sont disponibles en polypropyl\u00e8ne multifilament ou nylon.<br \/>\nLes deux mat\u00e9riaux sont tress\u00e9s avec la m\u00eame technique utilis\u00e9e pour les cordes d&rsquo;escalade, garantissant robustesse et durabilit\u00e9 dans le temps.<\/p>\n<p>Disponibles avec deux types de mousquetons : le <strong>mousqueton classique \u00e0 d\u00e9gagement rapide et le mousqueton d&rsquo;escalade avec verrou de s\u00e9curit\u00e9<\/strong>. Les deux offrent praticit\u00e9 et s\u00e9curit\u00e9 lors de vos promenades avec votre chien.<br \/>\nPour les garder toujours propres et en excellent \u00e9tat, les laisses peuvent \u00eatre lav\u00e9es \u00e0 la main avec du savon de Marseille \u00e0 30 degr\u00e9s.<\/p>\n<p>Choisissez les laisses fixes Ringhio pour un m\u00e9lange parfait de <strong>s\u00e9curit\u00e9, durabilit\u00e9 et style !<\/strong><\/p>\n","protected":false},"excerpt":{"rendered":"<p>Laisse Fixe Ringhio<\/p>\n","protected":false},"featured_media":60129,"template":"","meta":{"_acf_changed":false},"product_cat":[442],"product_tag":[],"class_list":{"0":"post-65766","1":"product","2":"type-product","3":"status-publish","4":"has-post-thumbnail","6":"product_cat-laisses-a-corde-fixes","8":"first","9":"instock","10":"purchasable","11":"product-type-variable","12":"has-default-attributes"},"acf":[],"yoast_head":"<!-- This site is optimized with the Yoast SEO plugin v27.3 - https:\/\/yoast.com\/product\/yoast-seo-wordpress\/ -->\n<title>Laisse Fixe Antartico - Ringhio<\/title>\n<meta name=\"robots\" content=\"index, follow, max-snippet:-1, max-image-preview:large, max-video-preview:-1\" \/>\n<link rel=\"canonical\" href=\"https:\/\/ringhio.net\/prodotto\/guinzaglio-fisso-antartico\/\" \/>\n<meta property=\"og:locale\" content=\"fr_FR\" \/>\n<meta property=\"og:type\" content=\"article\" \/>\n<meta property=\"og:title\" content=\"Laisse Fixe Antartico - Ringhio\" \/>\n<meta property=\"og:description\" content=\"Laisse Fixe Ringhio\" \/>\n<meta property=\"og:url\" content=\"https:\/\/ringhio.net\/prodotto\/guinzaglio-fisso-antartico\/\" \/>\n<meta property=\"og:site_name\" content=\"Ringhio\" \/>\n<meta property=\"article:modified_time\" content=\"2025-02-28T14:17:14+00:00\" \/>\n<meta property=\"og:image\" content=\"https:\/\/ringhio.net\/wp-content\/uploads\/2023\/03\/antartico-fisso-1.jpg\" \/>\n\t<meta property=\"og:image:width\" content=\"1000\" \/>\n\t<meta property=\"og:image:height\" content=\"1000\" \/>\n\t<meta property=\"og:image:type\" content=\"image\/jpeg\" \/>\n<meta name=\"twitter:card\" content=\"summary_large_image\" \/>\n<meta name=\"twitter:label1\" content=\"Dur\u00e9e de lecture estim\u00e9e\" \/>\n\t<meta name=\"twitter:data1\" content=\"1 minute\" \/>\n<script type=\"application\/ld+json\" class=\"yoast-schema-graph\">{\"@context\":\"https:\\\/\\\/schema.org\",\"@graph\":[{\"@type\":\"WebPage\",\"@id\":\"https:\\\/\\\/ringhio.net\\\/prodotto\\\/guinzaglio-fisso-antartico\\\/\",\"url\":\"https:\\\/\\\/ringhio.net\\\/prodotto\\\/guinzaglio-fisso-antartico\\\/\",\"name\":\"Laisse Fixe Antartico - Ringhio\",\"isPartOf\":{\"@id\":\"https:\\\/\\\/ringhio.net\\\/#website\"},\"primaryImageOfPage\":{\"@id\":\"https:\\\/\\\/ringhio.net\\\/prodotto\\\/guinzaglio-fisso-antartico\\\/#primaryimage\"},\"image\":{\"@id\":\"https:\\\/\\\/ringhio.net\\\/prodotto\\\/guinzaglio-fisso-antartico\\\/#primaryimage\"},\"thumbnailUrl\":\"https:\\\/\\\/ringhio.net\\\/wp-content\\\/uploads\\\/2023\\\/03\\\/antartico-fisso-1.jpg\",\"datePublished\":\"2023-03-20T16:05:04+00:00\",\"dateModified\":\"2025-02-28T14:17:14+00:00\",\"breadcrumb\":{\"@id\":\"https:\\\/\\\/ringhio.net\\\/prodotto\\\/guinzaglio-fisso-antartico\\\/#breadcrumb\"},\"inLanguage\":\"fr-FR\",\"potentialAction\":[{\"@type\":\"ReadAction\",\"target\":[\"https:\\\/\\\/ringhio.net\\\/prodotto\\\/guinzaglio-fisso-antartico\\\/\"]}]},{\"@type\":\"ImageObject\",\"inLanguage\":\"fr-FR\",\"@id\":\"https:\\\/\\\/ringhio.net\\\/prodotto\\\/guinzaglio-fisso-antartico\\\/#primaryimage\",\"url\":\"https:\\\/\\\/ringhio.net\\\/wp-content\\\/uploads\\\/2023\\\/03\\\/antartico-fisso-1.jpg\",\"contentUrl\":\"https:\\\/\\\/ringhio.net\\\/wp-content\\\/uploads\\\/2023\\\/03\\\/antartico-fisso-1.jpg\",\"width\":1000,\"height\":1000},{\"@type\":\"BreadcrumbList\",\"@id\":\"https:\\\/\\\/ringhio.net\\\/prodotto\\\/guinzaglio-fisso-antartico\\\/#breadcrumb\",\"itemListElement\":[{\"@type\":\"ListItem\",\"position\":1,\"name\":\"Boutique\",\"item\":\"https:\\\/\\\/ringhio.net\\\/fr\\\/boutique\\\/\"},{\"@type\":\"ListItem\",\"position\":2,\"name\":\"Laisse Fixe Antartico\"}]},{\"@type\":\"WebSite\",\"@id\":\"https:\\\/\\\/ringhio.net\\\/#website\",\"url\":\"https:\\\/\\\/ringhio.net\\\/\",\"name\":\"Ringhio\",\"description\":\"Reinvent dog equipment\",\"publisher\":{\"@id\":\"https:\\\/\\\/ringhio.net\\\/#organization\"},\"potentialAction\":[{\"@type\":\"SearchAction\",\"target\":{\"@type\":\"EntryPoint\",\"urlTemplate\":\"https:\\\/\\\/ringhio.net\\\/?s={search_term_string}\"},\"query-input\":{\"@type\":\"PropertyValueSpecification\",\"valueRequired\":true,\"valueName\":\"search_term_string\"}}],\"inLanguage\":\"fr-FR\"},{\"@type\":\"Organization\",\"@id\":\"https:\\\/\\\/ringhio.net\\\/#organization\",\"name\":\"Ringhio\",\"url\":\"https:\\\/\\\/ringhio.net\\\/\",\"logo\":{\"@type\":\"ImageObject\",\"inLanguage\":\"fr-FR\",\"@id\":\"https:\\\/\\\/ringhio.net\\\/#\\\/schema\\\/logo\\\/image\\\/\",\"url\":\"https:\\\/\\\/ringhio.net\\\/wp-content\\\/uploads\\\/2020\\\/02\\\/ringhio-logo-66px.png\",\"contentUrl\":\"https:\\\/\\\/ringhio.net\\\/wp-content\\\/uploads\\\/2020\\\/02\\\/ringhio-logo-66px.png\",\"width\":195,\"height\":72,\"caption\":\"Ringhio\"},\"image\":{\"@id\":\"https:\\\/\\\/ringhio.net\\\/#\\\/schema\\\/logo\\\/image\\\/\"}}]}<\/script>\n<!-- \/ Yoast SEO plugin. -->","yoast_head_json":{"title":"Laisse Fixe Antartico - Ringhio","robots":{"index":"index","follow":"follow","max-snippet":"max-snippet:-1","max-image-preview":"max-image-preview:large","max-video-preview":"max-video-preview:-1"},"canonical":"https:\/\/ringhio.net\/prodotto\/guinzaglio-fisso-antartico\/","og_locale":"fr_FR","og_type":"article","og_title":"Laisse Fixe Antartico - Ringhio","og_description":"Laisse Fixe Ringhio","og_url":"https:\/\/ringhio.net\/prodotto\/guinzaglio-fisso-antartico\/","og_site_name":"Ringhio","article_modified_time":"2025-02-28T14:17:14+00:00","og_image":[{"width":1000,"height":1000,"url":"https:\/\/ringhio.net\/wp-content\/uploads\/2023\/03\/antartico-fisso-1.jpg","type":"image\/jpeg"}],"twitter_card":"summary_large_image","twitter_misc":{"Dur\u00e9e de lecture estim\u00e9e":"1 minute"},"schema":{"@context":"https:\/\/schema.org","@graph":[{"@type":"WebPage","@id":"https:\/\/ringhio.net\/prodotto\/guinzaglio-fisso-antartico\/","url":"https:\/\/ringhio.net\/prodotto\/guinzaglio-fisso-antartico\/","name":"Laisse Fixe Antartico - Ringhio","isPartOf":{"@id":"https:\/\/ringhio.net\/#website"},"primaryImageOfPage":{"@id":"https:\/\/ringhio.net\/prodotto\/guinzaglio-fisso-antartico\/#primaryimage"},"image":{"@id":"https:\/\/ringhio.net\/prodotto\/guinzaglio-fisso-antartico\/#primaryimage"},"thumbnailUrl":"https:\/\/ringhio.net\/wp-content\/uploads\/2023\/03\/antartico-fisso-1.jpg","datePublished":"2023-03-20T16:05:04+00:00","dateModified":"2025-02-28T14:17:14+00:00","breadcrumb":{"@id":"https:\/\/ringhio.net\/prodotto\/guinzaglio-fisso-antartico\/#breadcrumb"},"inLanguage":"fr-FR","potentialAction":[{"@type":"ReadAction","target":["https:\/\/ringhio.net\/prodotto\/guinzaglio-fisso-antartico\/"]}]},{"@type":"ImageObject","inLanguage":"fr-FR","@id":"https:\/\/ringhio.net\/prodotto\/guinzaglio-fisso-antartico\/#primaryimage","url":"https:\/\/ringhio.net\/wp-content\/uploads\/2023\/03\/antartico-fisso-1.jpg","contentUrl":"https:\/\/ringhio.net\/wp-content\/uploads\/2023\/03\/antartico-fisso-1.jpg","width":1000,"height":1000},{"@type":"BreadcrumbList","@id":"https:\/\/ringhio.net\/prodotto\/guinzaglio-fisso-antartico\/#breadcrumb","itemListElement":[{"@type":"ListItem","position":1,"name":"Boutique","item":"https:\/\/ringhio.net\/fr\/boutique\/"},{"@type":"ListItem","position":2,"name":"Laisse Fixe Antartico"}]},{"@type":"WebSite","@id":"https:\/\/ringhio.net\/#website","url":"https:\/\/ringhio.net\/","name":"Ringhio","description":"Reinvent dog equipment","publisher":{"@id":"https:\/\/ringhio.net\/#organization"},"potentialAction":[{"@type":"SearchAction","target":{"@type":"EntryPoint","urlTemplate":"https:\/\/ringhio.net\/?s={search_term_string}"},"query-input":{"@type":"PropertyValueSpecification","valueRequired":true,"valueName":"search_term_string"}}],"inLanguage":"fr-FR"},{"@type":"Organization","@id":"https:\/\/ringhio.net\/#organization","name":"Ringhio","url":"https:\/\/ringhio.net\/","logo":{"@type":"ImageObject","inLanguage":"fr-FR","@id":"https:\/\/ringhio.net\/#\/schema\/logo\/image\/","url":"https:\/\/ringhio.net\/wp-content\/uploads\/2020\/02\/ringhio-logo-66px.png","contentUrl":"https:\/\/ringhio.net\/wp-content\/uploads\/2020\/02\/ringhio-logo-66px.png","width":195,"height":72,"caption":"Ringhio"},"image":{"@id":"https:\/\/ringhio.net\/#\/schema\/logo\/image\/"}}]}},"_links":{"self":[{"href":"https:\/\/ringhio.net\/fr\/wp-json\/wp\/v2\/product\/65766","targetHints":{"allow":["GET"]}}],"collection":[{"href":"https:\/\/ringhio.net\/fr\/wp-json\/wp\/v2\/product"}],"about":[{"href":"https:\/\/ringhio.net\/fr\/wp-json\/wp\/v2\/types\/product"}],"version-history":[{"count":0,"href":"https:\/\/ringhio.net\/fr\/wp-json\/wp\/v2\/product\/65766\/revisions"}],"wp:featuredmedia":[{"embeddable":true,"href":"https:\/\/ringhio.net\/fr\/wp-json\/wp\/v2\/media\/60129"}],"wp:attachment":[{"href":"https:\/\/ringhio.net\/fr\/wp-json\/wp\/v2\/media?parent=65766"}],"wp:term":[{"taxonomy":"product_cat","embeddable":true,"href":"https:\/\/ringhio.net\/fr\/wp-json\/wp\/v2\/product_cat?post=65766"},{"taxonomy":"product_tag","embeddable":true,"href":"https:\/\/ringhio.net\/fr\/wp-json\/wp\/v2\/product_tag?post=65766"}],"curies":[{"name":"wp","href":"https:\/\/api.w.org\/{rel}","templated":true}]}}