{"id":65255,"date":"2023-08-29T14:55:28","date_gmt":"2023-08-29T12:55:28","guid":{"rendered":"https:\/\/ringhio.net\/prodotto\/duo-up-mini-collier-technique-pour-chiens\/"},"modified":"2025-02-17T10:07:25","modified_gmt":"2025-02-17T09:07:25","slug":"duo-up-mini-collier-technique-pour-chiens","status":"publish","type":"product","link":"https:\/\/ringhio.net\/fr\/prodotto\/duo-up-mini-collier-technique-pour-chiens\/","title":{"rendered":"Duo UP MINI collier technique pour chiens"},"content":{"rendered":"<p>Lorsque nous avons pens\u00e9 au <strong>DUO<\/strong>, nous voulions cr\u00e9er un collier technique, en ligne avec notre philosophie.<br \/>\nNous avons donc utilis\u00e9 une sangle en polychlorure de vinyle, un mat\u00e9riau technique, l\u00e9ger, r\u00e9sistant et imperm\u00e9able pour la partie principale, et une sangle en polypropyl\u00e8ne antid\u00e9rapante pour la partie r\u00e9glable.<\/p>\n<p><strong>Mat\u00e9riau Durable :<\/strong><br \/>\nLa section en sangle de polychlorure de vinyle imperm\u00e9able assure que le collier r\u00e9siste \u00e0 toutes les conditions m\u00e9t\u00e9orologiques, id\u00e9al pour les aventures en plein air.<br \/>\nLa partie r\u00e9glable est en tissu de polypropyl\u00e8ne avec des inserts antid\u00e9rapants, garantissant un ajustement s\u00fbr et confortable.<\/p>\n<p><strong>Fermeture S\u00e9curis\u00e9e :<\/strong><br \/>\n\u00c9quip\u00e9 d&rsquo;une fermeture en plastique YKK r\u00e9sistante et s\u00e9curis\u00e9e, le collier reste fermement en place pendant toutes les activit\u00e9s.<\/p>\n<p><strong>Personnalisation :<\/strong><br \/>\nPersonnalisez le collier avec le nom de votre chien, votre num\u00e9ro de t\u00e9l\u00e9phone ou les deux, ou optez pour le logo classique Ringhio pour un look propre et moderne.<br \/>\nNB : Pour la personnalisation, entrez le texte souhait\u00e9 dans les notes de commande lors du check-out.<\/p>\n<p>D\u00e9couvrez le collier DUO et offrez \u00e0 votre chien un accessoire qui combine style, confort et durabilit\u00e9 en un seul produit !<br \/>\n<strong>#reinventdogequipment<\/strong><\/p>\n","protected":false},"excerpt":{"rendered":"<p>Duo collier technique pour chiens<\/p>\n","protected":false},"featured_media":60957,"template":"","meta":{"_acf_changed":false},"product_cat":[495],"product_tag":[475,479],"class_list":{"0":"post-65255","1":"product","2":"type-product","3":"status-publish","4":"has-post-thumbnail","6":"product_cat-collars-mini","7":"product_tag-gravure","8":"product_tag-non-configurabile-fr","10":"first","11":"instock","12":"purchasable","13":"product-type-variable"},"acf":[],"yoast_head":"<!-- This site is optimized with the Yoast SEO plugin v27.3 - https:\/\/yoast.com\/product\/yoast-seo-wordpress\/ -->\n<title>Duo UP MINI collier technique pour chiens - Ringhio<\/title>\n<meta name=\"robots\" content=\"index, follow, max-snippet:-1, max-image-preview:large, max-video-preview:-1\" \/>\n<link rel=\"canonical\" href=\"https:\/\/ringhio.net\/prodotto\/collare-duo-up-mini\/\" \/>\n<meta property=\"og:locale\" content=\"fr_FR\" \/>\n<meta property=\"og:type\" content=\"article\" \/>\n<meta property=\"og:title\" content=\"Duo UP MINI collier technique pour chiens - Ringhio\" \/>\n<meta property=\"og:description\" content=\"Duo collier technique pour chiens\" \/>\n<meta property=\"og:url\" content=\"https:\/\/ringhio.net\/prodotto\/collare-duo-up-mini\/\" \/>\n<meta property=\"og:site_name\" content=\"Ringhio\" \/>\n<meta property=\"article:modified_time\" content=\"2025-02-17T09:07:25+00:00\" \/>\n<meta property=\"og:image\" content=\"https:\/\/ringhio.net\/wp-content\/uploads\/2023\/08\/duo-up-verde-fluo.jpg\" \/>\n\t<meta property=\"og:image:width\" content=\"1000\" \/>\n\t<meta property=\"og:image:height\" content=\"1000\" \/>\n\t<meta property=\"og:image:type\" content=\"image\/jpeg\" \/>\n<meta name=\"twitter:card\" content=\"summary_large_image\" \/>\n<meta name=\"twitter:label1\" content=\"Dur\u00e9e de lecture estim\u00e9e\" \/>\n\t<meta name=\"twitter:data1\" content=\"2 minutes\" \/>\n<script type=\"application\/ld+json\" class=\"yoast-schema-graph\">{\"@context\":\"https:\\\/\\\/schema.org\",\"@graph\":[{\"@type\":\"WebPage\",\"@id\":\"https:\\\/\\\/ringhio.net\\\/prodotto\\\/collare-duo-up-mini\\\/\",\"url\":\"https:\\\/\\\/ringhio.net\\\/prodotto\\\/collare-duo-up-mini\\\/\",\"name\":\"Duo UP MINI collier technique pour chiens - Ringhio\",\"isPartOf\":{\"@id\":\"https:\\\/\\\/ringhio.net\\\/#website\"},\"primaryImageOfPage\":{\"@id\":\"https:\\\/\\\/ringhio.net\\\/prodotto\\\/collare-duo-up-mini\\\/#primaryimage\"},\"image\":{\"@id\":\"https:\\\/\\\/ringhio.net\\\/prodotto\\\/collare-duo-up-mini\\\/#primaryimage\"},\"thumbnailUrl\":\"https:\\\/\\\/ringhio.net\\\/wp-content\\\/uploads\\\/2023\\\/08\\\/duo-up-verde-fluo.jpg\",\"datePublished\":\"2023-08-29T12:55:28+00:00\",\"dateModified\":\"2025-02-17T09:07:25+00:00\",\"breadcrumb\":{\"@id\":\"https:\\\/\\\/ringhio.net\\\/prodotto\\\/collare-duo-up-mini\\\/#breadcrumb\"},\"inLanguage\":\"fr-FR\",\"potentialAction\":[{\"@type\":\"ReadAction\",\"target\":[\"https:\\\/\\\/ringhio.net\\\/prodotto\\\/collare-duo-up-mini\\\/\"]}]},{\"@type\":\"ImageObject\",\"inLanguage\":\"fr-FR\",\"@id\":\"https:\\\/\\\/ringhio.net\\\/prodotto\\\/collare-duo-up-mini\\\/#primaryimage\",\"url\":\"https:\\\/\\\/ringhio.net\\\/wp-content\\\/uploads\\\/2023\\\/08\\\/duo-up-verde-fluo.jpg\",\"contentUrl\":\"https:\\\/\\\/ringhio.net\\\/wp-content\\\/uploads\\\/2023\\\/08\\\/duo-up-verde-fluo.jpg\",\"width\":1000,\"height\":1000},{\"@type\":\"BreadcrumbList\",\"@id\":\"https:\\\/\\\/ringhio.net\\\/prodotto\\\/collare-duo-up-mini\\\/#breadcrumb\",\"itemListElement\":[{\"@type\":\"ListItem\",\"position\":1,\"name\":\"Boutique\",\"item\":\"https:\\\/\\\/ringhio.net\\\/fr\\\/boutique\\\/\"},{\"@type\":\"ListItem\",\"position\":2,\"name\":\"Duo UP MINI collier technique pour chiens\"}]},{\"@type\":\"WebSite\",\"@id\":\"https:\\\/\\\/ringhio.net\\\/#website\",\"url\":\"https:\\\/\\\/ringhio.net\\\/\",\"name\":\"Ringhio\",\"description\":\"Reinvent dog equipment\",\"publisher\":{\"@id\":\"https:\\\/\\\/ringhio.net\\\/#organization\"},\"potentialAction\":[{\"@type\":\"SearchAction\",\"target\":{\"@type\":\"EntryPoint\",\"urlTemplate\":\"https:\\\/\\\/ringhio.net\\\/?s={search_term_string}\"},\"query-input\":{\"@type\":\"PropertyValueSpecification\",\"valueRequired\":true,\"valueName\":\"search_term_string\"}}],\"inLanguage\":\"fr-FR\"},{\"@type\":\"Organization\",\"@id\":\"https:\\\/\\\/ringhio.net\\\/#organization\",\"name\":\"Ringhio\",\"url\":\"https:\\\/\\\/ringhio.net\\\/\",\"logo\":{\"@type\":\"ImageObject\",\"inLanguage\":\"fr-FR\",\"@id\":\"https:\\\/\\\/ringhio.net\\\/#\\\/schema\\\/logo\\\/image\\\/\",\"url\":\"https:\\\/\\\/ringhio.net\\\/wp-content\\\/uploads\\\/2020\\\/02\\\/ringhio-logo-66px.png\",\"contentUrl\":\"https:\\\/\\\/ringhio.net\\\/wp-content\\\/uploads\\\/2020\\\/02\\\/ringhio-logo-66px.png\",\"width\":195,\"height\":72,\"caption\":\"Ringhio\"},\"image\":{\"@id\":\"https:\\\/\\\/ringhio.net\\\/#\\\/schema\\\/logo\\\/image\\\/\"}}]}<\/script>\n<!-- \/ Yoast SEO plugin. -->","yoast_head_json":{"title":"Duo UP MINI collier technique pour chiens - Ringhio","robots":{"index":"index","follow":"follow","max-snippet":"max-snippet:-1","max-image-preview":"max-image-preview:large","max-video-preview":"max-video-preview:-1"},"canonical":"https:\/\/ringhio.net\/prodotto\/collare-duo-up-mini\/","og_locale":"fr_FR","og_type":"article","og_title":"Duo UP MINI collier technique pour chiens - Ringhio","og_description":"Duo collier technique pour chiens","og_url":"https:\/\/ringhio.net\/prodotto\/collare-duo-up-mini\/","og_site_name":"Ringhio","article_modified_time":"2025-02-17T09:07:25+00:00","og_image":[{"width":1000,"height":1000,"url":"https:\/\/ringhio.net\/wp-content\/uploads\/2023\/08\/duo-up-verde-fluo.jpg","type":"image\/jpeg"}],"twitter_card":"summary_large_image","twitter_misc":{"Dur\u00e9e de lecture estim\u00e9e":"2 minutes"},"schema":{"@context":"https:\/\/schema.org","@graph":[{"@type":"WebPage","@id":"https:\/\/ringhio.net\/prodotto\/collare-duo-up-mini\/","url":"https:\/\/ringhio.net\/prodotto\/collare-duo-up-mini\/","name":"Duo UP MINI collier technique pour chiens - Ringhio","isPartOf":{"@id":"https:\/\/ringhio.net\/#website"},"primaryImageOfPage":{"@id":"https:\/\/ringhio.net\/prodotto\/collare-duo-up-mini\/#primaryimage"},"image":{"@id":"https:\/\/ringhio.net\/prodotto\/collare-duo-up-mini\/#primaryimage"},"thumbnailUrl":"https:\/\/ringhio.net\/wp-content\/uploads\/2023\/08\/duo-up-verde-fluo.jpg","datePublished":"2023-08-29T12:55:28+00:00","dateModified":"2025-02-17T09:07:25+00:00","breadcrumb":{"@id":"https:\/\/ringhio.net\/prodotto\/collare-duo-up-mini\/#breadcrumb"},"inLanguage":"fr-FR","potentialAction":[{"@type":"ReadAction","target":["https:\/\/ringhio.net\/prodotto\/collare-duo-up-mini\/"]}]},{"@type":"ImageObject","inLanguage":"fr-FR","@id":"https:\/\/ringhio.net\/prodotto\/collare-duo-up-mini\/#primaryimage","url":"https:\/\/ringhio.net\/wp-content\/uploads\/2023\/08\/duo-up-verde-fluo.jpg","contentUrl":"https:\/\/ringhio.net\/wp-content\/uploads\/2023\/08\/duo-up-verde-fluo.jpg","width":1000,"height":1000},{"@type":"BreadcrumbList","@id":"https:\/\/ringhio.net\/prodotto\/collare-duo-up-mini\/#breadcrumb","itemListElement":[{"@type":"ListItem","position":1,"name":"Boutique","item":"https:\/\/ringhio.net\/fr\/boutique\/"},{"@type":"ListItem","position":2,"name":"Duo UP MINI collier technique pour chiens"}]},{"@type":"WebSite","@id":"https:\/\/ringhio.net\/#website","url":"https:\/\/ringhio.net\/","name":"Ringhio","description":"Reinvent dog equipment","publisher":{"@id":"https:\/\/ringhio.net\/#organization"},"potentialAction":[{"@type":"SearchAction","target":{"@type":"EntryPoint","urlTemplate":"https:\/\/ringhio.net\/?s={search_term_string}"},"query-input":{"@type":"PropertyValueSpecification","valueRequired":true,"valueName":"search_term_string"}}],"inLanguage":"fr-FR"},{"@type":"Organization","@id":"https:\/\/ringhio.net\/#organization","name":"Ringhio","url":"https:\/\/ringhio.net\/","logo":{"@type":"ImageObject","inLanguage":"fr-FR","@id":"https:\/\/ringhio.net\/#\/schema\/logo\/image\/","url":"https:\/\/ringhio.net\/wp-content\/uploads\/2020\/02\/ringhio-logo-66px.png","contentUrl":"https:\/\/ringhio.net\/wp-content\/uploads\/2020\/02\/ringhio-logo-66px.png","width":195,"height":72,"caption":"Ringhio"},"image":{"@id":"https:\/\/ringhio.net\/#\/schema\/logo\/image\/"}}]}},"_links":{"self":[{"href":"https:\/\/ringhio.net\/fr\/wp-json\/wp\/v2\/product\/65255","targetHints":{"allow":["GET"]}}],"collection":[{"href":"https:\/\/ringhio.net\/fr\/wp-json\/wp\/v2\/product"}],"about":[{"href":"https:\/\/ringhio.net\/fr\/wp-json\/wp\/v2\/types\/product"}],"version-history":[{"count":0,"href":"https:\/\/ringhio.net\/fr\/wp-json\/wp\/v2\/product\/65255\/revisions"}],"wp:featuredmedia":[{"embeddable":true,"href":"https:\/\/ringhio.net\/fr\/wp-json\/wp\/v2\/media\/60957"}],"wp:attachment":[{"href":"https:\/\/ringhio.net\/fr\/wp-json\/wp\/v2\/media?parent=65255"}],"wp:term":[{"taxonomy":"product_cat","embeddable":true,"href":"https:\/\/ringhio.net\/fr\/wp-json\/wp\/v2\/product_cat?post=65255"},{"taxonomy":"product_tag","embeddable":true,"href":"https:\/\/ringhio.net\/fr\/wp-json\/wp\/v2\/product_tag?post=65255"}],"curies":[{"name":"wp","href":"https:\/\/api.w.org\/{rel}","templated":true}]}}