{"id":65067,"date":"2024-02-23T15:54:57","date_gmt":"2024-02-23T14:54:57","guid":{"rendered":"https:\/\/ringhio.net\/prodotto\/planche-recreative-pour-chiens\/"},"modified":"2024-07-12T09:46:59","modified_gmt":"2024-07-12T07:46:59","slug":"planche-recreative-pour-chiens","status":"publish","type":"product","link":"https:\/\/ringhio.net\/fr\/prodotto\/planche-recreative-pour-chiens\/","title":{"rendered":"Planche R\u00e9cr\u00e9ative pour Chiens"},"content":{"rendered":"<div id=\"etsywebtoolkitreadmore5e63ad4918fd5\" class=\"wt-content-toggle__body wt-content-toggle__body--truncated-03 wt-content-toggle__body--truncated\" aria-hidden=\"false\">\n<p><span style=\"color: #ff0000\"><strong>REMARQUE : S\u00e9lectionnez votre couleur pr\u00e9f\u00e9r\u00e9e et nous choisirons le motif pour vous en fonction de la disponibilit\u00e9 en stock !<\/strong><\/span><br \/>\n<strong>D\u00e9couvrez la nouvelle tablette r\u00e9cr\u00e9ative pour chiens <\/strong> qui stimule le sens du go\u00fbt de votre chien !<br \/>\nFabriqu\u00e9e en <strong>caoutchouc de haute qualit\u00e9<\/strong>, cette tablette carr\u00e9e de <strong>19&#215;19 <\/strong> cm et d&rsquo;une hauteur de <strong>2 cm <\/strong> est l&rsquo;accessoire parfait pour offrir \u00e0 votre chien des moments de pur plaisir.<br \/>\nPesant seulement <strong>130 grammes<\/strong>, elle est dot\u00e9e de <strong> ventouses <\/strong> pratiques \u00e0 l&rsquo;arri\u00e8re pour garantir une stabilit\u00e9 sur toutes les surfaces.<br \/>\nId\u00e9ale pour \u00e9taler des aliments mous comme des conserves, de la ricotta ou des aliments similaires, elle encourage votre chien \u00e0 l\u00e9cher activement la nourriture, transformant le repas ou la collation en une activit\u00e9 ludique qui le garde occup\u00e9 et heureux.<br \/>\n<strong>Tr\u00e8s facile \u00e0 nettoyer<\/strong>, il suffit de la rincer sous l&rsquo;eau courante pour la rendre comme neuve.<br \/>\nOffrez \u00e0 votre chien non seulement un repas, mais une exp\u00e9rience unique et amusante avec notre tablette r\u00e9cr\u00e9ative !<\/p>\n<\/div>\n","protected":false},"excerpt":{"rendered":"<p>Planche R\u00e9cr\u00e9ative pour Chiens<\/p>\n","protected":false},"featured_media":62760,"template":"","meta":{"_acf_changed":false},"product_cat":[418],"product_tag":[],"class_list":{"0":"post-65067","1":"product","2":"type-product","3":"status-publish","4":"has-post-thumbnail","6":"product_cat-jouets","8":"first","9":"instock","10":"shipping-taxable","11":"purchasable","12":"product-type-variable","13":"has-default-attributes"},"acf":[],"yoast_head":"<!-- This site is optimized with the Yoast SEO plugin v27.3 - https:\/\/yoast.com\/product\/yoast-seo-wordpress\/ -->\n<title>Planche R\u00e9cr\u00e9ative pour Chiens - Ringhio<\/title>\n<meta name=\"robots\" content=\"index, follow, max-snippet:-1, max-image-preview:large, max-video-preview:-1\" \/>\n<link rel=\"canonical\" href=\"https:\/\/ringhio.net\/prodotto\/tavoletta-ricreativa\/\" \/>\n<meta property=\"og:locale\" content=\"fr_FR\" \/>\n<meta property=\"og:type\" content=\"article\" \/>\n<meta property=\"og:title\" content=\"Planche R\u00e9cr\u00e9ative pour Chiens - Ringhio\" \/>\n<meta property=\"og:description\" content=\"Planche R\u00e9cr\u00e9ative pour Chiens\" \/>\n<meta property=\"og:url\" content=\"https:\/\/ringhio.net\/prodotto\/tavoletta-ricreativa\/\" \/>\n<meta property=\"og:site_name\" content=\"Ringhio\" \/>\n<meta property=\"article:modified_time\" content=\"2024-07-12T07:46:59+00:00\" \/>\n<meta property=\"og:image\" content=\"https:\/\/ringhio.net\/wp-content\/uploads\/2024\/02\/tavoletta-ricreativa-celeste-1.jpg\" \/>\n\t<meta property=\"og:image:width\" content=\"1000\" \/>\n\t<meta property=\"og:image:height\" content=\"1000\" \/>\n\t<meta property=\"og:image:type\" content=\"image\/jpeg\" \/>\n<meta name=\"twitter:card\" content=\"summary_large_image\" \/>\n<meta name=\"twitter:label1\" content=\"Dur\u00e9e de lecture estim\u00e9e\" \/>\n\t<meta name=\"twitter:data1\" content=\"1 minute\" \/>\n<script type=\"application\/ld+json\" class=\"yoast-schema-graph\">{\"@context\":\"https:\\\/\\\/schema.org\",\"@graph\":[{\"@type\":\"WebPage\",\"@id\":\"https:\\\/\\\/ringhio.net\\\/prodotto\\\/tavoletta-ricreativa\\\/\",\"url\":\"https:\\\/\\\/ringhio.net\\\/prodotto\\\/tavoletta-ricreativa\\\/\",\"name\":\"Planche R\u00e9cr\u00e9ative pour Chiens - Ringhio\",\"isPartOf\":{\"@id\":\"https:\\\/\\\/ringhio.net\\\/#website\"},\"primaryImageOfPage\":{\"@id\":\"https:\\\/\\\/ringhio.net\\\/prodotto\\\/tavoletta-ricreativa\\\/#primaryimage\"},\"image\":{\"@id\":\"https:\\\/\\\/ringhio.net\\\/prodotto\\\/tavoletta-ricreativa\\\/#primaryimage\"},\"thumbnailUrl\":\"https:\\\/\\\/ringhio.net\\\/wp-content\\\/uploads\\\/2024\\\/02\\\/tavoletta-ricreativa-celeste-1.jpg\",\"datePublished\":\"2024-02-23T14:54:57+00:00\",\"dateModified\":\"2024-07-12T07:46:59+00:00\",\"breadcrumb\":{\"@id\":\"https:\\\/\\\/ringhio.net\\\/prodotto\\\/tavoletta-ricreativa\\\/#breadcrumb\"},\"inLanguage\":\"fr-FR\",\"potentialAction\":[{\"@type\":\"ReadAction\",\"target\":[\"https:\\\/\\\/ringhio.net\\\/prodotto\\\/tavoletta-ricreativa\\\/\"]}]},{\"@type\":\"ImageObject\",\"inLanguage\":\"fr-FR\",\"@id\":\"https:\\\/\\\/ringhio.net\\\/prodotto\\\/tavoletta-ricreativa\\\/#primaryimage\",\"url\":\"https:\\\/\\\/ringhio.net\\\/wp-content\\\/uploads\\\/2024\\\/02\\\/tavoletta-ricreativa-celeste-1.jpg\",\"contentUrl\":\"https:\\\/\\\/ringhio.net\\\/wp-content\\\/uploads\\\/2024\\\/02\\\/tavoletta-ricreativa-celeste-1.jpg\",\"width\":1000,\"height\":1000},{\"@type\":\"BreadcrumbList\",\"@id\":\"https:\\\/\\\/ringhio.net\\\/prodotto\\\/tavoletta-ricreativa\\\/#breadcrumb\",\"itemListElement\":[{\"@type\":\"ListItem\",\"position\":1,\"name\":\"Boutique\",\"item\":\"https:\\\/\\\/ringhio.net\\\/fr\\\/boutique\\\/\"},{\"@type\":\"ListItem\",\"position\":2,\"name\":\"Planche R\u00e9cr\u00e9ative pour Chiens\"}]},{\"@type\":\"WebSite\",\"@id\":\"https:\\\/\\\/ringhio.net\\\/#website\",\"url\":\"https:\\\/\\\/ringhio.net\\\/\",\"name\":\"Ringhio\",\"description\":\"Reinvent dog equipment\",\"publisher\":{\"@id\":\"https:\\\/\\\/ringhio.net\\\/#organization\"},\"potentialAction\":[{\"@type\":\"SearchAction\",\"target\":{\"@type\":\"EntryPoint\",\"urlTemplate\":\"https:\\\/\\\/ringhio.net\\\/?s={search_term_string}\"},\"query-input\":{\"@type\":\"PropertyValueSpecification\",\"valueRequired\":true,\"valueName\":\"search_term_string\"}}],\"inLanguage\":\"fr-FR\"},{\"@type\":\"Organization\",\"@id\":\"https:\\\/\\\/ringhio.net\\\/#organization\",\"name\":\"Ringhio\",\"url\":\"https:\\\/\\\/ringhio.net\\\/\",\"logo\":{\"@type\":\"ImageObject\",\"inLanguage\":\"fr-FR\",\"@id\":\"https:\\\/\\\/ringhio.net\\\/#\\\/schema\\\/logo\\\/image\\\/\",\"url\":\"https:\\\/\\\/ringhio.net\\\/wp-content\\\/uploads\\\/2020\\\/02\\\/ringhio-logo-66px.png\",\"contentUrl\":\"https:\\\/\\\/ringhio.net\\\/wp-content\\\/uploads\\\/2020\\\/02\\\/ringhio-logo-66px.png\",\"width\":195,\"height\":72,\"caption\":\"Ringhio\"},\"image\":{\"@id\":\"https:\\\/\\\/ringhio.net\\\/#\\\/schema\\\/logo\\\/image\\\/\"}}]}<\/script>\n<!-- \/ Yoast SEO plugin. -->","yoast_head_json":{"title":"Planche R\u00e9cr\u00e9ative pour Chiens - Ringhio","robots":{"index":"index","follow":"follow","max-snippet":"max-snippet:-1","max-image-preview":"max-image-preview:large","max-video-preview":"max-video-preview:-1"},"canonical":"https:\/\/ringhio.net\/prodotto\/tavoletta-ricreativa\/","og_locale":"fr_FR","og_type":"article","og_title":"Planche R\u00e9cr\u00e9ative pour Chiens - Ringhio","og_description":"Planche R\u00e9cr\u00e9ative pour Chiens","og_url":"https:\/\/ringhio.net\/prodotto\/tavoletta-ricreativa\/","og_site_name":"Ringhio","article_modified_time":"2024-07-12T07:46:59+00:00","og_image":[{"width":1000,"height":1000,"url":"https:\/\/ringhio.net\/wp-content\/uploads\/2024\/02\/tavoletta-ricreativa-celeste-1.jpg","type":"image\/jpeg"}],"twitter_card":"summary_large_image","twitter_misc":{"Dur\u00e9e de lecture estim\u00e9e":"1 minute"},"schema":{"@context":"https:\/\/schema.org","@graph":[{"@type":"WebPage","@id":"https:\/\/ringhio.net\/prodotto\/tavoletta-ricreativa\/","url":"https:\/\/ringhio.net\/prodotto\/tavoletta-ricreativa\/","name":"Planche R\u00e9cr\u00e9ative pour Chiens - Ringhio","isPartOf":{"@id":"https:\/\/ringhio.net\/#website"},"primaryImageOfPage":{"@id":"https:\/\/ringhio.net\/prodotto\/tavoletta-ricreativa\/#primaryimage"},"image":{"@id":"https:\/\/ringhio.net\/prodotto\/tavoletta-ricreativa\/#primaryimage"},"thumbnailUrl":"https:\/\/ringhio.net\/wp-content\/uploads\/2024\/02\/tavoletta-ricreativa-celeste-1.jpg","datePublished":"2024-02-23T14:54:57+00:00","dateModified":"2024-07-12T07:46:59+00:00","breadcrumb":{"@id":"https:\/\/ringhio.net\/prodotto\/tavoletta-ricreativa\/#breadcrumb"},"inLanguage":"fr-FR","potentialAction":[{"@type":"ReadAction","target":["https:\/\/ringhio.net\/prodotto\/tavoletta-ricreativa\/"]}]},{"@type":"ImageObject","inLanguage":"fr-FR","@id":"https:\/\/ringhio.net\/prodotto\/tavoletta-ricreativa\/#primaryimage","url":"https:\/\/ringhio.net\/wp-content\/uploads\/2024\/02\/tavoletta-ricreativa-celeste-1.jpg","contentUrl":"https:\/\/ringhio.net\/wp-content\/uploads\/2024\/02\/tavoletta-ricreativa-celeste-1.jpg","width":1000,"height":1000},{"@type":"BreadcrumbList","@id":"https:\/\/ringhio.net\/prodotto\/tavoletta-ricreativa\/#breadcrumb","itemListElement":[{"@type":"ListItem","position":1,"name":"Boutique","item":"https:\/\/ringhio.net\/fr\/boutique\/"},{"@type":"ListItem","position":2,"name":"Planche R\u00e9cr\u00e9ative pour Chiens"}]},{"@type":"WebSite","@id":"https:\/\/ringhio.net\/#website","url":"https:\/\/ringhio.net\/","name":"Ringhio","description":"Reinvent dog equipment","publisher":{"@id":"https:\/\/ringhio.net\/#organization"},"potentialAction":[{"@type":"SearchAction","target":{"@type":"EntryPoint","urlTemplate":"https:\/\/ringhio.net\/?s={search_term_string}"},"query-input":{"@type":"PropertyValueSpecification","valueRequired":true,"valueName":"search_term_string"}}],"inLanguage":"fr-FR"},{"@type":"Organization","@id":"https:\/\/ringhio.net\/#organization","name":"Ringhio","url":"https:\/\/ringhio.net\/","logo":{"@type":"ImageObject","inLanguage":"fr-FR","@id":"https:\/\/ringhio.net\/#\/schema\/logo\/image\/","url":"https:\/\/ringhio.net\/wp-content\/uploads\/2020\/02\/ringhio-logo-66px.png","contentUrl":"https:\/\/ringhio.net\/wp-content\/uploads\/2020\/02\/ringhio-logo-66px.png","width":195,"height":72,"caption":"Ringhio"},"image":{"@id":"https:\/\/ringhio.net\/#\/schema\/logo\/image\/"}}]}},"_links":{"self":[{"href":"https:\/\/ringhio.net\/fr\/wp-json\/wp\/v2\/product\/65067","targetHints":{"allow":["GET"]}}],"collection":[{"href":"https:\/\/ringhio.net\/fr\/wp-json\/wp\/v2\/product"}],"about":[{"href":"https:\/\/ringhio.net\/fr\/wp-json\/wp\/v2\/types\/product"}],"version-history":[{"count":0,"href":"https:\/\/ringhio.net\/fr\/wp-json\/wp\/v2\/product\/65067\/revisions"}],"wp:featuredmedia":[{"embeddable":true,"href":"https:\/\/ringhio.net\/fr\/wp-json\/wp\/v2\/media\/62760"}],"wp:attachment":[{"href":"https:\/\/ringhio.net\/fr\/wp-json\/wp\/v2\/media?parent=65067"}],"wp:term":[{"taxonomy":"product_cat","embeddable":true,"href":"https:\/\/ringhio.net\/fr\/wp-json\/wp\/v2\/product_cat?post=65067"},{"taxonomy":"product_tag","embeddable":true,"href":"https:\/\/ringhio.net\/fr\/wp-json\/wp\/v2\/product_tag?post=65067"}],"curies":[{"name":"wp","href":"https:\/\/api.w.org\/{rel}","templated":true}]}}