{"id":82343,"date":"2025-07-25T17:33:32","date_gmt":"2025-07-25T15:33:32","guid":{"rendered":"https:\/\/ringhio.net\/?post_type=product&#038;p=82343"},"modified":"2025-09-02T10:00:29","modified_gmt":"2025-09-02T08:00:29","slug":"grip-pad-kofferraumschutzmatte","status":"publish","type":"product","link":"https:\/\/ringhio.net\/de\/prodotto\/grip-pad-kofferraumschutzmatte\/","title":{"rendered":"Grip Mat \u2013 Kofferraumschutzmatte"},"content":{"rendered":"<p data-start=\"4192\" data-end=\"4228\"><strong>Grip Pad \u2013 Kofferraumschutzmatte<\/strong><\/p>\n<p data-start=\"4230\" data-end=\"4435\">Nach monatelangen Tests auf Stra\u00dfen (und Sto\u00dfstangen) pr\u00e4sentieren wir stolz unser <strong data-start=\"4313\" data-end=\"4325\">Grip Pad<\/strong> \u2013 die Matte, die deinen Sto\u00dff\u00e4nger sch\u00fctzt und deinem Hund einen sicheren Halt beim Einsteigen ins Auto gibt.<\/p>\n<p data-start=\"4437\" data-end=\"4841\">Gefertigt aus hochwertigen technischen Materialien, vereint diese Matte Funktionalit\u00e4t und Robustheit in einem praktischen, faltbaren Format. Die Au\u00dfenseite besteht aus <strong data-start=\"4606\" data-end=\"4653\">wasserdichtem Cordura mit Camouflage-Muster<\/strong>, extrem widerstandsf\u00e4hig und wetterfest. Die Innenseite ist aus <strong data-start=\"4718\" data-end=\"4764\">weichem, aber sehr strapazierf\u00e4higem Gummi<\/strong>, mit <strong data-start=\"4770\" data-end=\"4791\">extrem hohem Grip<\/strong>, damit der Hund beim Einsteigen nicht ausrutscht.<\/p>\n<p data-start=\"4843\" data-end=\"5228\">Ein simples, aber unverzichtbares Zubeh\u00f6r f\u00fcr alle, die regelm\u00e4\u00dfig mit Hund unterwegs sind: sch\u00fctzt den Sto\u00dff\u00e4nger vor Kratzern durch Krallen und bietet dem Hund eine sichere, rutschfeste Fl\u00e4che. Dank des <strong data-start=\"5048\" data-end=\"5082\">integrierten Klettverschlusses<\/strong> l\u00e4sst sich das Grip Pad schnell am Kofferraumrand befestigen. Nach Gebrauch wird es einfach zusammengefaltet und <strong data-start=\"5196\" data-end=\"5227\">mit einem Clip verschlossen<\/strong>.<\/p>\n<p data-start=\"5230\" data-end=\"5360\">Mit den Ma\u00dfen <strong data-start=\"5244\" data-end=\"5258\">80 x 85 cm<\/strong> passt das Grip Pad in die meisten Fahrzeuge und erg\u00e4nzt perfekt den abenteuerlichen Stil von RINGHIO.<\/p>\n<p data-start=\"5367\" data-end=\"5384\"><strong>Hauptmerkmale<\/strong><\/p>\n<p data-start=\"5386\" data-end=\"5537\"><strong data-start=\"5386\" data-end=\"5424\">Hochwertige Technische Materialien<\/strong><br data-start=\"5424\" data-end=\"5427\" \/>Au\u00dfenschicht aus wasserdichtem Cordura in Camouflage.<br data-start=\"5480\" data-end=\"5483\" \/>Innenschicht aus rutschfestem Gummi mit hoher Haftung.<\/p>\n<p data-start=\"5539\" data-end=\"5634\"><strong data-start=\"5539\" data-end=\"5562\">Schutz &amp; Sicherheit<\/strong><br data-start=\"5562\" data-end=\"5565\" \/>Verhindert Kratzer und Ausrutschen.<br data-start=\"5600\" data-end=\"5603\" \/>Geeignet f\u00fcr Hunde jeder Gr\u00f6\u00dfe.<\/p>\n<p data-start=\"5636\" data-end=\"5788\"><strong data-start=\"5636\" data-end=\"5669\">Praktisches, Faltbares Design<\/strong><br data-start=\"5669\" data-end=\"5672\" \/>L\u00e4sst sich schnell zusammenfalten und mit Clip verschlie\u00dfen.<br data-start=\"5732\" data-end=\"5735\" \/>Einfach mit Klettverschluss am Kofferraum befestigen.<\/p>\n<p data-start=\"5790\" data-end=\"5869\"><strong data-start=\"5790\" data-end=\"5814\">Universelle Passform<\/strong><br data-start=\"5814\" data-end=\"5817\" \/>Ma\u00dfe: 80 x 85 cm.<br data-start=\"5834\" data-end=\"5837\" \/>Passt f\u00fcr die meisten Fahrzeuge.<\/p>\n","protected":false},"excerpt":{"rendered":"<p>Auto-Matte<\/p>\n","protected":false},"featured_media":82899,"template":"","meta":{"_acf_changed":false},"product_cat":[423],"product_tag":[583],"class_list":{"0":"post-82343","1":"product","2":"type-product","3":"status-publish","4":"has-post-thumbnail","6":"product_cat-zubehoer","7":"product_tag-gripmat-de","9":"first","10":"instock","11":"shipping-taxable","12":"purchasable","13":"product-type-simple"},"acf":[],"yoast_head":"<!-- This site is optimized with the Yoast SEO plugin v27.3 - https:\/\/yoast.com\/product\/yoast-seo-wordpress\/ -->\n<title>Grip Mat \u2013 Kofferraumschutzmatte - Ringhio<\/title>\n<meta name=\"robots\" content=\"index, follow, max-snippet:-1, max-image-preview:large, max-video-preview:-1\" \/>\n<link rel=\"canonical\" href=\"https:\/\/ringhio.net\/prodotto\/tappetino-auto-grip-mat\/\" \/>\n<meta property=\"og:locale\" content=\"de_DE\" \/>\n<meta property=\"og:type\" content=\"article\" \/>\n<meta property=\"og:title\" content=\"Grip Mat \u2013 Kofferraumschutzmatte - Ringhio\" \/>\n<meta property=\"og:description\" content=\"Auto-Matte\" \/>\n<meta property=\"og:url\" content=\"https:\/\/ringhio.net\/prodotto\/tappetino-auto-grip-mat\/\" \/>\n<meta property=\"og:site_name\" content=\"Ringhio\" \/>\n<meta property=\"article:modified_time\" content=\"2025-09-02T08:00:29+00:00\" \/>\n<meta property=\"og:image\" content=\"https:\/\/ringhio.net\/wp-content\/uploads\/2025\/08\/grip-mat-08.webp\" \/>\n\t<meta property=\"og:image:width\" content=\"1000\" \/>\n\t<meta property=\"og:image:height\" content=\"1000\" \/>\n\t<meta property=\"og:image:type\" content=\"image\/webp\" \/>\n<meta name=\"twitter:card\" content=\"summary_large_image\" \/>\n<meta name=\"twitter:label1\" content=\"Gesch\u00e4tzte Lesezeit\" \/>\n\t<meta name=\"twitter:data1\" content=\"2\u00a0Minuten\" \/>\n<script type=\"application\/ld+json\" class=\"yoast-schema-graph\">{\"@context\":\"https:\\\/\\\/schema.org\",\"@graph\":[{\"@type\":\"WebPage\",\"@id\":\"https:\\\/\\\/ringhio.net\\\/prodotto\\\/tappetino-auto-grip-mat\\\/\",\"url\":\"https:\\\/\\\/ringhio.net\\\/prodotto\\\/tappetino-auto-grip-mat\\\/\",\"name\":\"Grip Mat \u2013 Kofferraumschutzmatte - Ringhio\",\"isPartOf\":{\"@id\":\"https:\\\/\\\/ringhio.net\\\/#website\"},\"primaryImageOfPage\":{\"@id\":\"https:\\\/\\\/ringhio.net\\\/prodotto\\\/tappetino-auto-grip-mat\\\/#primaryimage\"},\"image\":{\"@id\":\"https:\\\/\\\/ringhio.net\\\/prodotto\\\/tappetino-auto-grip-mat\\\/#primaryimage\"},\"thumbnailUrl\":\"https:\\\/\\\/ringhio.net\\\/wp-content\\\/uploads\\\/2025\\\/08\\\/grip-mat-08.webp\",\"datePublished\":\"2025-07-25T15:33:32+00:00\",\"dateModified\":\"2025-09-02T08:00:29+00:00\",\"breadcrumb\":{\"@id\":\"https:\\\/\\\/ringhio.net\\\/prodotto\\\/tappetino-auto-grip-mat\\\/#breadcrumb\"},\"inLanguage\":\"de\",\"potentialAction\":[{\"@type\":\"ReadAction\",\"target\":[\"https:\\\/\\\/ringhio.net\\\/prodotto\\\/tappetino-auto-grip-mat\\\/\"]}]},{\"@type\":\"ImageObject\",\"inLanguage\":\"de\",\"@id\":\"https:\\\/\\\/ringhio.net\\\/prodotto\\\/tappetino-auto-grip-mat\\\/#primaryimage\",\"url\":\"https:\\\/\\\/ringhio.net\\\/wp-content\\\/uploads\\\/2025\\\/08\\\/grip-mat-08.webp\",\"contentUrl\":\"https:\\\/\\\/ringhio.net\\\/wp-content\\\/uploads\\\/2025\\\/08\\\/grip-mat-08.webp\",\"width\":1000,\"height\":1000},{\"@type\":\"BreadcrumbList\",\"@id\":\"https:\\\/\\\/ringhio.net\\\/prodotto\\\/tappetino-auto-grip-mat\\\/#breadcrumb\",\"itemListElement\":[{\"@type\":\"ListItem\",\"position\":1,\"name\":\"Shop\",\"item\":\"https:\\\/\\\/ringhio.net\\\/de\\\/shop\\\/\"},{\"@type\":\"ListItem\",\"position\":2,\"name\":\"Grip Mat \u2013 Kofferraumschutzmatte\"}]},{\"@type\":\"WebSite\",\"@id\":\"https:\\\/\\\/ringhio.net\\\/#website\",\"url\":\"https:\\\/\\\/ringhio.net\\\/\",\"name\":\"Ringhio\",\"description\":\"Reinvent dog equipment\",\"publisher\":{\"@id\":\"https:\\\/\\\/ringhio.net\\\/#organization\"},\"potentialAction\":[{\"@type\":\"SearchAction\",\"target\":{\"@type\":\"EntryPoint\",\"urlTemplate\":\"https:\\\/\\\/ringhio.net\\\/?s={search_term_string}\"},\"query-input\":{\"@type\":\"PropertyValueSpecification\",\"valueRequired\":true,\"valueName\":\"search_term_string\"}}],\"inLanguage\":\"de\"},{\"@type\":\"Organization\",\"@id\":\"https:\\\/\\\/ringhio.net\\\/#organization\",\"name\":\"Ringhio\",\"url\":\"https:\\\/\\\/ringhio.net\\\/\",\"logo\":{\"@type\":\"ImageObject\",\"inLanguage\":\"de\",\"@id\":\"https:\\\/\\\/ringhio.net\\\/#\\\/schema\\\/logo\\\/image\\\/\",\"url\":\"https:\\\/\\\/ringhio.net\\\/wp-content\\\/uploads\\\/2020\\\/02\\\/ringhio-logo-66px.png\",\"contentUrl\":\"https:\\\/\\\/ringhio.net\\\/wp-content\\\/uploads\\\/2020\\\/02\\\/ringhio-logo-66px.png\",\"width\":195,\"height\":72,\"caption\":\"Ringhio\"},\"image\":{\"@id\":\"https:\\\/\\\/ringhio.net\\\/#\\\/schema\\\/logo\\\/image\\\/\"}}]}<\/script>\n<!-- \/ Yoast SEO plugin. -->","yoast_head_json":{"title":"Grip Mat \u2013 Kofferraumschutzmatte - Ringhio","robots":{"index":"index","follow":"follow","max-snippet":"max-snippet:-1","max-image-preview":"max-image-preview:large","max-video-preview":"max-video-preview:-1"},"canonical":"https:\/\/ringhio.net\/prodotto\/tappetino-auto-grip-mat\/","og_locale":"de_DE","og_type":"article","og_title":"Grip Mat \u2013 Kofferraumschutzmatte - Ringhio","og_description":"Auto-Matte","og_url":"https:\/\/ringhio.net\/prodotto\/tappetino-auto-grip-mat\/","og_site_name":"Ringhio","article_modified_time":"2025-09-02T08:00:29+00:00","og_image":[{"width":1000,"height":1000,"url":"https:\/\/ringhio.net\/wp-content\/uploads\/2025\/08\/grip-mat-08.webp","type":"image\/webp"}],"twitter_card":"summary_large_image","twitter_misc":{"Gesch\u00e4tzte Lesezeit":"2\u00a0Minuten"},"schema":{"@context":"https:\/\/schema.org","@graph":[{"@type":"WebPage","@id":"https:\/\/ringhio.net\/prodotto\/tappetino-auto-grip-mat\/","url":"https:\/\/ringhio.net\/prodotto\/tappetino-auto-grip-mat\/","name":"Grip Mat \u2013 Kofferraumschutzmatte - Ringhio","isPartOf":{"@id":"https:\/\/ringhio.net\/#website"},"primaryImageOfPage":{"@id":"https:\/\/ringhio.net\/prodotto\/tappetino-auto-grip-mat\/#primaryimage"},"image":{"@id":"https:\/\/ringhio.net\/prodotto\/tappetino-auto-grip-mat\/#primaryimage"},"thumbnailUrl":"https:\/\/ringhio.net\/wp-content\/uploads\/2025\/08\/grip-mat-08.webp","datePublished":"2025-07-25T15:33:32+00:00","dateModified":"2025-09-02T08:00:29+00:00","breadcrumb":{"@id":"https:\/\/ringhio.net\/prodotto\/tappetino-auto-grip-mat\/#breadcrumb"},"inLanguage":"de","potentialAction":[{"@type":"ReadAction","target":["https:\/\/ringhio.net\/prodotto\/tappetino-auto-grip-mat\/"]}]},{"@type":"ImageObject","inLanguage":"de","@id":"https:\/\/ringhio.net\/prodotto\/tappetino-auto-grip-mat\/#primaryimage","url":"https:\/\/ringhio.net\/wp-content\/uploads\/2025\/08\/grip-mat-08.webp","contentUrl":"https:\/\/ringhio.net\/wp-content\/uploads\/2025\/08\/grip-mat-08.webp","width":1000,"height":1000},{"@type":"BreadcrumbList","@id":"https:\/\/ringhio.net\/prodotto\/tappetino-auto-grip-mat\/#breadcrumb","itemListElement":[{"@type":"ListItem","position":1,"name":"Shop","item":"https:\/\/ringhio.net\/de\/shop\/"},{"@type":"ListItem","position":2,"name":"Grip Mat \u2013 Kofferraumschutzmatte"}]},{"@type":"WebSite","@id":"https:\/\/ringhio.net\/#website","url":"https:\/\/ringhio.net\/","name":"Ringhio","description":"Reinvent dog equipment","publisher":{"@id":"https:\/\/ringhio.net\/#organization"},"potentialAction":[{"@type":"SearchAction","target":{"@type":"EntryPoint","urlTemplate":"https:\/\/ringhio.net\/?s={search_term_string}"},"query-input":{"@type":"PropertyValueSpecification","valueRequired":true,"valueName":"search_term_string"}}],"inLanguage":"de"},{"@type":"Organization","@id":"https:\/\/ringhio.net\/#organization","name":"Ringhio","url":"https:\/\/ringhio.net\/","logo":{"@type":"ImageObject","inLanguage":"de","@id":"https:\/\/ringhio.net\/#\/schema\/logo\/image\/","url":"https:\/\/ringhio.net\/wp-content\/uploads\/2020\/02\/ringhio-logo-66px.png","contentUrl":"https:\/\/ringhio.net\/wp-content\/uploads\/2020\/02\/ringhio-logo-66px.png","width":195,"height":72,"caption":"Ringhio"},"image":{"@id":"https:\/\/ringhio.net\/#\/schema\/logo\/image\/"}}]}},"_links":{"self":[{"href":"https:\/\/ringhio.net\/de\/wp-json\/wp\/v2\/product\/82343","targetHints":{"allow":["GET"]}}],"collection":[{"href":"https:\/\/ringhio.net\/de\/wp-json\/wp\/v2\/product"}],"about":[{"href":"https:\/\/ringhio.net\/de\/wp-json\/wp\/v2\/types\/product"}],"version-history":[{"count":0,"href":"https:\/\/ringhio.net\/de\/wp-json\/wp\/v2\/product\/82343\/revisions"}],"wp:featuredmedia":[{"embeddable":true,"href":"https:\/\/ringhio.net\/de\/wp-json\/wp\/v2\/media\/82899"}],"wp:attachment":[{"href":"https:\/\/ringhio.net\/de\/wp-json\/wp\/v2\/media?parent=82343"}],"wp:term":[{"taxonomy":"product_cat","embeddable":true,"href":"https:\/\/ringhio.net\/de\/wp-json\/wp\/v2\/product_cat?post=82343"},{"taxonomy":"product_tag","embeddable":true,"href":"https:\/\/ringhio.net\/de\/wp-json\/wp\/v2\/product_tag?post=82343"}],"curies":[{"name":"wp","href":"https:\/\/api.w.org\/{rel}","templated":true}]}}