{"id":82329,"date":"2025-07-25T15:42:43","date_gmt":"2025-07-25T13:42:43","guid":{"rendered":"https:\/\/ringhio.net\/?post_type=product&#038;p=82329"},"modified":"2025-09-02T10:00:25","modified_gmt":"2025-09-02T08:00:25","slug":"trekkinggurtel-tb1","status":"publish","type":"product","link":"https:\/\/ringhio.net\/de\/prodotto\/trekkinggurtel-tb1\/","title":{"rendered":"Trekkingg\u00fcrtel TB1"},"content":{"rendered":"<p data-start=\"211\" data-end=\"242\"><strong data-start=\"214\" data-end=\"242\">RINGHIO Trekking-G\u00fcrtel<\/strong><\/p>\n<p data-start=\"244\" data-end=\"414\">Nach monatelangen Praxistests und dem wertvollen Feedback von Menschen, die \u2013 wie wir \u2013 t\u00e4glich mit Hunden leben, freuen wir uns, den <strong data-start=\"385\" data-end=\"413\">RINGHIO Trekking-G\u00fcrtel<\/strong> vorzustellen.<\/p>\n<p data-start=\"416\" data-end=\"616\">Entwickelt f\u00fcr Stabilit\u00e4t, Komfort und <strong>maximale Bewegungsfreiheit<\/strong>, ist dieser G\u00fcrtel ideal f\u00fcr t\u00e4gliche Spazierg\u00e4nge, Bergwanderungen und sportliche Aktivit\u00e4ten wie <strong>Canicross<\/strong>.<\/p>\n<p data-start=\"618\" data-end=\"959\">Die ergonomische Bauweise erm\u00f6glicht eine <strong>bessere Kraftverteilung als bei einer Handf\u00fchrung<\/strong>, senkt den K\u00f6rperschwerpunkt und reduziert die Belastung \u2013 auch bei <strong>ziehenden Hunden<\/strong>. Das verstellbare Doppelgurtsystem sorgt f\u00fcr einen sicheren, individuellen Sitz und l\u00e4sst sich bei Bedarf komplett abnehmen.<\/p>\n<p data-start=\"961\" data-end=\"1226\">Die Au\u00dfenseite besteht aus zwei <strong>technischen Materialien<\/strong>: wasserabweisendem Nylon mit Rautenmuster und <strong>atmungsaktivem Gewebe<\/strong> f\u00fcr optimale Bel\u00fcftung. Innen sorgt ergonomisches, weiches Neopren f\u00fcr hohen Tragekomfort \u2013 auch bei l\u00e4ngerer Nutzung.<\/p>\n<p data-start=\"1228\" data-end=\"1630\">Ausgestattet mit einem <strong data-start=\"1238\" data-end=\"1259\">Climb-Karabiner<\/strong> mit Sicherheitsverschluss und Drehgelenk \u2013 perfekt f\u00fcr zwei Hunde ohne Verheddern. Zwei seitliche Schlaufen erleichtern das Anlegen und eignen sich zum Befestigen von Zubeh\u00f6r wie Kotbeutelhaltern. Auf der R\u00fcckseite befindet sich eine <strong data-start=\"1518\" data-end=\"1550\">versteckte Tasche<\/strong> mit Klettverschluss und RINGHIO-Logo \u2013 ideal f\u00fcr wichtige Kleinigkeiten.<\/p>\n","protected":false},"excerpt":{"rendered":"<p>Trekkingg\u00fcrtel<\/p>\n","protected":false},"featured_media":83211,"template":"","meta":{"_acf_changed":false},"product_cat":[426,423],"product_tag":[582],"class_list":{"0":"post-82329","1":"product","2":"type-product","3":"status-publish","4":"has-post-thumbnail","6":"product_cat-guertel","7":"product_cat-zubehoer","8":"product_tag-cinturatb1-de","10":"first","11":"instock","12":"shipping-taxable","13":"purchasable","14":"product-type-simple"},"acf":[],"yoast_head":"<!-- This site is optimized with the Yoast SEO plugin v27.3 - https:\/\/yoast.com\/product\/yoast-seo-wordpress\/ -->\n<title>Trekkingg\u00fcrtel TB1 - Ringhio<\/title>\n<meta name=\"robots\" content=\"index, follow, max-snippet:-1, max-image-preview:large, max-video-preview:-1\" \/>\n<link rel=\"canonical\" href=\"https:\/\/ringhio.net\/de\/prodotto\/trekkinggurtel-tb1\/\" \/>\n<meta property=\"og:locale\" content=\"de_DE\" \/>\n<meta property=\"og:type\" content=\"article\" \/>\n<meta property=\"og:title\" content=\"Trekkingg\u00fcrtel TB1 - Ringhio\" \/>\n<meta property=\"og:description\" content=\"Trekkingg\u00fcrtel\" \/>\n<meta property=\"og:url\" content=\"https:\/\/ringhio.net\/de\/prodotto\/trekkinggurtel-tb1\/\" \/>\n<meta property=\"og:site_name\" content=\"Ringhio\" \/>\n<meta property=\"article:modified_time\" content=\"2025-09-02T08:00:25+00:00\" \/>\n<meta property=\"og:image\" content=\"https:\/\/ringhio.net\/wp-content\/uploads\/2025\/08\/Ringhio_cintura_0001.webp\" \/>\n\t<meta property=\"og:image:width\" content=\"1000\" \/>\n\t<meta property=\"og:image:height\" content=\"1000\" \/>\n\t<meta property=\"og:image:type\" content=\"image\/webp\" \/>\n<meta name=\"twitter:card\" content=\"summary_large_image\" \/>\n<meta name=\"twitter:label1\" content=\"Gesch\u00e4tzte Lesezeit\" \/>\n\t<meta name=\"twitter:data1\" content=\"2\u00a0Minuten\" \/>\n<script type=\"application\/ld+json\" class=\"yoast-schema-graph\">{\"@context\":\"https:\\\/\\\/schema.org\",\"@graph\":[{\"@type\":\"WebPage\",\"@id\":\"https:\\\/\\\/ringhio.net\\\/de\\\/prodotto\\\/trekkinggurtel-tb1\\\/\",\"url\":\"https:\\\/\\\/ringhio.net\\\/de\\\/prodotto\\\/trekkinggurtel-tb1\\\/\",\"name\":\"Trekkingg\u00fcrtel TB1 - Ringhio\",\"isPartOf\":{\"@id\":\"https:\\\/\\\/ringhio.net\\\/#website\"},\"primaryImageOfPage\":{\"@id\":\"https:\\\/\\\/ringhio.net\\\/de\\\/prodotto\\\/trekkinggurtel-tb1\\\/#primaryimage\"},\"image\":{\"@id\":\"https:\\\/\\\/ringhio.net\\\/de\\\/prodotto\\\/trekkinggurtel-tb1\\\/#primaryimage\"},\"thumbnailUrl\":\"https:\\\/\\\/ringhio.net\\\/wp-content\\\/uploads\\\/2025\\\/08\\\/Ringhio_cintura_0001.webp\",\"datePublished\":\"2025-07-25T13:42:43+00:00\",\"dateModified\":\"2025-09-02T08:00:25+00:00\",\"breadcrumb\":{\"@id\":\"https:\\\/\\\/ringhio.net\\\/de\\\/prodotto\\\/trekkinggurtel-tb1\\\/#breadcrumb\"},\"inLanguage\":\"de\",\"potentialAction\":[{\"@type\":\"ReadAction\",\"target\":[\"https:\\\/\\\/ringhio.net\\\/de\\\/prodotto\\\/trekkinggurtel-tb1\\\/\"]}]},{\"@type\":\"ImageObject\",\"inLanguage\":\"de\",\"@id\":\"https:\\\/\\\/ringhio.net\\\/de\\\/prodotto\\\/trekkinggurtel-tb1\\\/#primaryimage\",\"url\":\"https:\\\/\\\/ringhio.net\\\/wp-content\\\/uploads\\\/2025\\\/08\\\/Ringhio_cintura_0001.webp\",\"contentUrl\":\"https:\\\/\\\/ringhio.net\\\/wp-content\\\/uploads\\\/2025\\\/08\\\/Ringhio_cintura_0001.webp\",\"width\":1000,\"height\":1000},{\"@type\":\"BreadcrumbList\",\"@id\":\"https:\\\/\\\/ringhio.net\\\/de\\\/prodotto\\\/trekkinggurtel-tb1\\\/#breadcrumb\",\"itemListElement\":[{\"@type\":\"ListItem\",\"position\":1,\"name\":\"Shop\",\"item\":\"https:\\\/\\\/ringhio.net\\\/de\\\/shop\\\/\"},{\"@type\":\"ListItem\",\"position\":2,\"name\":\"Trekkingg\u00fcrtel TB1\"}]},{\"@type\":\"WebSite\",\"@id\":\"https:\\\/\\\/ringhio.net\\\/#website\",\"url\":\"https:\\\/\\\/ringhio.net\\\/\",\"name\":\"Ringhio\",\"description\":\"Reinvent dog equipment\",\"publisher\":{\"@id\":\"https:\\\/\\\/ringhio.net\\\/#organization\"},\"potentialAction\":[{\"@type\":\"SearchAction\",\"target\":{\"@type\":\"EntryPoint\",\"urlTemplate\":\"https:\\\/\\\/ringhio.net\\\/?s={search_term_string}\"},\"query-input\":{\"@type\":\"PropertyValueSpecification\",\"valueRequired\":true,\"valueName\":\"search_term_string\"}}],\"inLanguage\":\"de\"},{\"@type\":\"Organization\",\"@id\":\"https:\\\/\\\/ringhio.net\\\/#organization\",\"name\":\"Ringhio\",\"url\":\"https:\\\/\\\/ringhio.net\\\/\",\"logo\":{\"@type\":\"ImageObject\",\"inLanguage\":\"de\",\"@id\":\"https:\\\/\\\/ringhio.net\\\/#\\\/schema\\\/logo\\\/image\\\/\",\"url\":\"https:\\\/\\\/ringhio.net\\\/wp-content\\\/uploads\\\/2020\\\/02\\\/ringhio-logo-66px.png\",\"contentUrl\":\"https:\\\/\\\/ringhio.net\\\/wp-content\\\/uploads\\\/2020\\\/02\\\/ringhio-logo-66px.png\",\"width\":195,\"height\":72,\"caption\":\"Ringhio\"},\"image\":{\"@id\":\"https:\\\/\\\/ringhio.net\\\/#\\\/schema\\\/logo\\\/image\\\/\"}}]}<\/script>\n<!-- \/ Yoast SEO plugin. -->","yoast_head_json":{"title":"Trekkingg\u00fcrtel TB1 - Ringhio","robots":{"index":"index","follow":"follow","max-snippet":"max-snippet:-1","max-image-preview":"max-image-preview:large","max-video-preview":"max-video-preview:-1"},"canonical":"https:\/\/ringhio.net\/de\/prodotto\/trekkinggurtel-tb1\/","og_locale":"de_DE","og_type":"article","og_title":"Trekkingg\u00fcrtel TB1 - Ringhio","og_description":"Trekkingg\u00fcrtel","og_url":"https:\/\/ringhio.net\/de\/prodotto\/trekkinggurtel-tb1\/","og_site_name":"Ringhio","article_modified_time":"2025-09-02T08:00:25+00:00","og_image":[{"width":1000,"height":1000,"url":"https:\/\/ringhio.net\/wp-content\/uploads\/2025\/08\/Ringhio_cintura_0001.webp","type":"image\/webp"}],"twitter_card":"summary_large_image","twitter_misc":{"Gesch\u00e4tzte Lesezeit":"2\u00a0Minuten"},"schema":{"@context":"https:\/\/schema.org","@graph":[{"@type":"WebPage","@id":"https:\/\/ringhio.net\/de\/prodotto\/trekkinggurtel-tb1\/","url":"https:\/\/ringhio.net\/de\/prodotto\/trekkinggurtel-tb1\/","name":"Trekkingg\u00fcrtel TB1 - Ringhio","isPartOf":{"@id":"https:\/\/ringhio.net\/#website"},"primaryImageOfPage":{"@id":"https:\/\/ringhio.net\/de\/prodotto\/trekkinggurtel-tb1\/#primaryimage"},"image":{"@id":"https:\/\/ringhio.net\/de\/prodotto\/trekkinggurtel-tb1\/#primaryimage"},"thumbnailUrl":"https:\/\/ringhio.net\/wp-content\/uploads\/2025\/08\/Ringhio_cintura_0001.webp","datePublished":"2025-07-25T13:42:43+00:00","dateModified":"2025-09-02T08:00:25+00:00","breadcrumb":{"@id":"https:\/\/ringhio.net\/de\/prodotto\/trekkinggurtel-tb1\/#breadcrumb"},"inLanguage":"de","potentialAction":[{"@type":"ReadAction","target":["https:\/\/ringhio.net\/de\/prodotto\/trekkinggurtel-tb1\/"]}]},{"@type":"ImageObject","inLanguage":"de","@id":"https:\/\/ringhio.net\/de\/prodotto\/trekkinggurtel-tb1\/#primaryimage","url":"https:\/\/ringhio.net\/wp-content\/uploads\/2025\/08\/Ringhio_cintura_0001.webp","contentUrl":"https:\/\/ringhio.net\/wp-content\/uploads\/2025\/08\/Ringhio_cintura_0001.webp","width":1000,"height":1000},{"@type":"BreadcrumbList","@id":"https:\/\/ringhio.net\/de\/prodotto\/trekkinggurtel-tb1\/#breadcrumb","itemListElement":[{"@type":"ListItem","position":1,"name":"Shop","item":"https:\/\/ringhio.net\/de\/shop\/"},{"@type":"ListItem","position":2,"name":"Trekkingg\u00fcrtel TB1"}]},{"@type":"WebSite","@id":"https:\/\/ringhio.net\/#website","url":"https:\/\/ringhio.net\/","name":"Ringhio","description":"Reinvent dog equipment","publisher":{"@id":"https:\/\/ringhio.net\/#organization"},"potentialAction":[{"@type":"SearchAction","target":{"@type":"EntryPoint","urlTemplate":"https:\/\/ringhio.net\/?s={search_term_string}"},"query-input":{"@type":"PropertyValueSpecification","valueRequired":true,"valueName":"search_term_string"}}],"inLanguage":"de"},{"@type":"Organization","@id":"https:\/\/ringhio.net\/#organization","name":"Ringhio","url":"https:\/\/ringhio.net\/","logo":{"@type":"ImageObject","inLanguage":"de","@id":"https:\/\/ringhio.net\/#\/schema\/logo\/image\/","url":"https:\/\/ringhio.net\/wp-content\/uploads\/2020\/02\/ringhio-logo-66px.png","contentUrl":"https:\/\/ringhio.net\/wp-content\/uploads\/2020\/02\/ringhio-logo-66px.png","width":195,"height":72,"caption":"Ringhio"},"image":{"@id":"https:\/\/ringhio.net\/#\/schema\/logo\/image\/"}}]}},"_links":{"self":[{"href":"https:\/\/ringhio.net\/de\/wp-json\/wp\/v2\/product\/82329","targetHints":{"allow":["GET"]}}],"collection":[{"href":"https:\/\/ringhio.net\/de\/wp-json\/wp\/v2\/product"}],"about":[{"href":"https:\/\/ringhio.net\/de\/wp-json\/wp\/v2\/types\/product"}],"version-history":[{"count":0,"href":"https:\/\/ringhio.net\/de\/wp-json\/wp\/v2\/product\/82329\/revisions"}],"wp:featuredmedia":[{"embeddable":true,"href":"https:\/\/ringhio.net\/de\/wp-json\/wp\/v2\/media\/83211"}],"wp:attachment":[{"href":"https:\/\/ringhio.net\/de\/wp-json\/wp\/v2\/media?parent=82329"}],"wp:term":[{"taxonomy":"product_cat","embeddable":true,"href":"https:\/\/ringhio.net\/de\/wp-json\/wp\/v2\/product_cat?post=82329"},{"taxonomy":"product_tag","embeddable":true,"href":"https:\/\/ringhio.net\/de\/wp-json\/wp\/v2\/product_tag?post=82329"}],"curies":[{"name":"wp","href":"https:\/\/api.w.org\/{rel}","templated":true}]}}