{"id":77032,"date":"2025-01-29T15:50:22","date_gmt":"2025-01-29T14:50:22","guid":{"rendered":"https:\/\/ringhio.net\/prodotto\/ringhio-digitale-geschenkkarte\/"},"modified":"2026-02-11T16:53:44","modified_gmt":"2026-02-11T15:53:44","slug":"ringhio-digitale-geschenkkarte","status":"publish","type":"product","link":"https:\/\/ringhio.net\/de\/prodotto\/ringhio-digitale-geschenkkarte\/","title":{"rendered":"RINGHIO Digitale Geschenkkarte"},"content":{"rendered":"<p>?\u2728 <strong>Du wei\u00dft nicht, was du w\u00e4hlen sollst? Verschenke die Freiheit der Wahl mit der RINGHIO-Geschenkkarte!<\/strong> \u2728?<\/p>\n<p>\u00dcberrasche deine hundeliebenden Freunde und Familie mit dem perfekten Geschenk: die M\u00f6glichkeit, genau das auszuw\u00e4hlen, was sie am meisten lieben! Mit der RINGHIO-Geschenkkarte erhalten sie Zugang zu hochwertigen Produkten, die f\u00fcr unvergessliche Abenteuer mit ihren vierbeinigen Freunden entwickelt wurden.<\/p>\n<p>Erh\u00e4ltlich in den Betr\u00e4gen <strong>25\u20ac, 50\u20ac, 75\u20ac und 100\u20ac<\/strong>, ist die RINGHIO-Geschenkkarte das ideale Geschenk f\u00fcr jede Gelegenheit. <strong>Nur als digitale Version verf\u00fcgbar!<\/strong> \u2728<\/p>\n","protected":false},"excerpt":{"rendered":"<p>?\u2728 Du wei\u00dft nicht, was du w\u00e4hlen sollst? Verschenke die Freiheit der Wahl mit der RINGHIO-Geschenkkarte! \u2728? \u00dcberrasche deine hundeliebenden Freunde und Familie mit dem perfekten Geschenk: die M\u00f6glichkeit, genau das auszuw\u00e4hlen, was sie am meisten lieben! Mit der RINGHIO-Geschenkkarte erhalten sie Zugang zu hochwertigen Produkten, die f\u00fcr unvergessliche Abenteuer mit ihren vierbeinigen Freunden entwickelt [&hellip;]<\/p>\n","protected":false},"featured_media":83218,"template":"","meta":{"_acf_changed":false},"product_cat":[423],"product_tag":[],"class_list":{"0":"post-77032","1":"product","2":"type-product","3":"status-publish","4":"has-post-thumbnail","6":"product_cat-zubehoer","8":"first","9":"instock","10":"shipping-taxable","11":"purchasable","12":"product-type-variable"},"acf":[],"yoast_head":"<!-- This site is optimized with the Yoast SEO plugin v27.3 - https:\/\/yoast.com\/product\/yoast-seo-wordpress\/ -->\n<title>RINGHIO Digitale Geschenkkarte - Ringhio<\/title>\n<meta name=\"robots\" content=\"index, follow, max-snippet:-1, max-image-preview:large, max-video-preview:-1\" \/>\n<link rel=\"canonical\" href=\"https:\/\/ringhio.net\/de\/prodotto\/ringhio-digitale-geschenkkarte\/\" \/>\n<meta property=\"og:locale\" content=\"de_DE\" \/>\n<meta property=\"og:type\" content=\"article\" \/>\n<meta property=\"og:title\" content=\"RINGHIO Digitale Geschenkkarte - Ringhio\" \/>\n<meta property=\"og:description\" content=\"?\u2728 Du wei\u00dft nicht, was du w\u00e4hlen sollst? Verschenke die Freiheit der Wahl mit der RINGHIO-Geschenkkarte! \u2728? \u00dcberrasche deine hundeliebenden Freunde und Familie mit dem perfekten Geschenk: die M\u00f6glichkeit, genau das auszuw\u00e4hlen, was sie am meisten lieben! Mit der RINGHIO-Geschenkkarte erhalten sie Zugang zu hochwertigen Produkten, die f\u00fcr unvergessliche Abenteuer mit ihren vierbeinigen Freunden entwickelt [&hellip;]\" \/>\n<meta property=\"og:url\" content=\"https:\/\/ringhio.net\/de\/prodotto\/ringhio-digitale-geschenkkarte\/\" \/>\n<meta property=\"og:site_name\" content=\"Ringhio\" \/>\n<meta property=\"article:modified_time\" content=\"2026-02-11T15:53:44+00:00\" \/>\n<meta property=\"og:image\" content=\"https:\/\/ringhio.net\/wp-content\/uploads\/2025\/08\/ringhio-gift-card-new-design-ago.webp\" \/>\n\t<meta property=\"og:image:width\" content=\"1024\" \/>\n\t<meta property=\"og:image:height\" content=\"1024\" \/>\n\t<meta property=\"og:image:type\" content=\"image\/webp\" \/>\n<meta name=\"twitter:card\" content=\"summary_large_image\" \/>\n<script type=\"application\/ld+json\" class=\"yoast-schema-graph\">{\"@context\":\"https:\\\/\\\/schema.org\",\"@graph\":[{\"@type\":\"WebPage\",\"@id\":\"https:\\\/\\\/ringhio.net\\\/de\\\/prodotto\\\/ringhio-digitale-geschenkkarte\\\/\",\"url\":\"https:\\\/\\\/ringhio.net\\\/de\\\/prodotto\\\/ringhio-digitale-geschenkkarte\\\/\",\"name\":\"RINGHIO Digitale Geschenkkarte - Ringhio\",\"isPartOf\":{\"@id\":\"https:\\\/\\\/ringhio.net\\\/#website\"},\"primaryImageOfPage\":{\"@id\":\"https:\\\/\\\/ringhio.net\\\/de\\\/prodotto\\\/ringhio-digitale-geschenkkarte\\\/#primaryimage\"},\"image\":{\"@id\":\"https:\\\/\\\/ringhio.net\\\/de\\\/prodotto\\\/ringhio-digitale-geschenkkarte\\\/#primaryimage\"},\"thumbnailUrl\":\"https:\\\/\\\/ringhio.net\\\/wp-content\\\/uploads\\\/2025\\\/08\\\/ringhio-gift-card-new-design-ago.webp\",\"datePublished\":\"2025-01-29T14:50:22+00:00\",\"dateModified\":\"2026-02-11T15:53:44+00:00\",\"breadcrumb\":{\"@id\":\"https:\\\/\\\/ringhio.net\\\/de\\\/prodotto\\\/ringhio-digitale-geschenkkarte\\\/#breadcrumb\"},\"inLanguage\":\"de\",\"potentialAction\":[{\"@type\":\"ReadAction\",\"target\":[\"https:\\\/\\\/ringhio.net\\\/de\\\/prodotto\\\/ringhio-digitale-geschenkkarte\\\/\"]}]},{\"@type\":\"ImageObject\",\"inLanguage\":\"de\",\"@id\":\"https:\\\/\\\/ringhio.net\\\/de\\\/prodotto\\\/ringhio-digitale-geschenkkarte\\\/#primaryimage\",\"url\":\"https:\\\/\\\/ringhio.net\\\/wp-content\\\/uploads\\\/2025\\\/08\\\/ringhio-gift-card-new-design-ago.webp\",\"contentUrl\":\"https:\\\/\\\/ringhio.net\\\/wp-content\\\/uploads\\\/2025\\\/08\\\/ringhio-gift-card-new-design-ago.webp\",\"width\":1024,\"height\":1024},{\"@type\":\"BreadcrumbList\",\"@id\":\"https:\\\/\\\/ringhio.net\\\/de\\\/prodotto\\\/ringhio-digitale-geschenkkarte\\\/#breadcrumb\",\"itemListElement\":[{\"@type\":\"ListItem\",\"position\":1,\"name\":\"Shop\",\"item\":\"https:\\\/\\\/ringhio.net\\\/de\\\/shop\\\/\"},{\"@type\":\"ListItem\",\"position\":2,\"name\":\"RINGHIO Digitale Geschenkkarte\"}]},{\"@type\":\"WebSite\",\"@id\":\"https:\\\/\\\/ringhio.net\\\/#website\",\"url\":\"https:\\\/\\\/ringhio.net\\\/\",\"name\":\"Ringhio\",\"description\":\"Reinvent dog equipment\",\"publisher\":{\"@id\":\"https:\\\/\\\/ringhio.net\\\/#organization\"},\"potentialAction\":[{\"@type\":\"SearchAction\",\"target\":{\"@type\":\"EntryPoint\",\"urlTemplate\":\"https:\\\/\\\/ringhio.net\\\/?s={search_term_string}\"},\"query-input\":{\"@type\":\"PropertyValueSpecification\",\"valueRequired\":true,\"valueName\":\"search_term_string\"}}],\"inLanguage\":\"de\"},{\"@type\":\"Organization\",\"@id\":\"https:\\\/\\\/ringhio.net\\\/#organization\",\"name\":\"Ringhio\",\"url\":\"https:\\\/\\\/ringhio.net\\\/\",\"logo\":{\"@type\":\"ImageObject\",\"inLanguage\":\"de\",\"@id\":\"https:\\\/\\\/ringhio.net\\\/#\\\/schema\\\/logo\\\/image\\\/\",\"url\":\"https:\\\/\\\/ringhio.net\\\/wp-content\\\/uploads\\\/2020\\\/02\\\/ringhio-logo-66px.png\",\"contentUrl\":\"https:\\\/\\\/ringhio.net\\\/wp-content\\\/uploads\\\/2020\\\/02\\\/ringhio-logo-66px.png\",\"width\":195,\"height\":72,\"caption\":\"Ringhio\"},\"image\":{\"@id\":\"https:\\\/\\\/ringhio.net\\\/#\\\/schema\\\/logo\\\/image\\\/\"}}]}<\/script>\n<!-- \/ Yoast SEO plugin. -->","yoast_head_json":{"title":"RINGHIO Digitale Geschenkkarte - Ringhio","robots":{"index":"index","follow":"follow","max-snippet":"max-snippet:-1","max-image-preview":"max-image-preview:large","max-video-preview":"max-video-preview:-1"},"canonical":"https:\/\/ringhio.net\/de\/prodotto\/ringhio-digitale-geschenkkarte\/","og_locale":"de_DE","og_type":"article","og_title":"RINGHIO Digitale Geschenkkarte - Ringhio","og_description":"?\u2728 Du wei\u00dft nicht, was du w\u00e4hlen sollst? Verschenke die Freiheit der Wahl mit der RINGHIO-Geschenkkarte! \u2728? \u00dcberrasche deine hundeliebenden Freunde und Familie mit dem perfekten Geschenk: die M\u00f6glichkeit, genau das auszuw\u00e4hlen, was sie am meisten lieben! Mit der RINGHIO-Geschenkkarte erhalten sie Zugang zu hochwertigen Produkten, die f\u00fcr unvergessliche Abenteuer mit ihren vierbeinigen Freunden entwickelt [&hellip;]","og_url":"https:\/\/ringhio.net\/de\/prodotto\/ringhio-digitale-geschenkkarte\/","og_site_name":"Ringhio","article_modified_time":"2026-02-11T15:53:44+00:00","og_image":[{"width":1024,"height":1024,"url":"https:\/\/ringhio.net\/wp-content\/uploads\/2025\/08\/ringhio-gift-card-new-design-ago.webp","type":"image\/webp"}],"twitter_card":"summary_large_image","schema":{"@context":"https:\/\/schema.org","@graph":[{"@type":"WebPage","@id":"https:\/\/ringhio.net\/de\/prodotto\/ringhio-digitale-geschenkkarte\/","url":"https:\/\/ringhio.net\/de\/prodotto\/ringhio-digitale-geschenkkarte\/","name":"RINGHIO Digitale Geschenkkarte - Ringhio","isPartOf":{"@id":"https:\/\/ringhio.net\/#website"},"primaryImageOfPage":{"@id":"https:\/\/ringhio.net\/de\/prodotto\/ringhio-digitale-geschenkkarte\/#primaryimage"},"image":{"@id":"https:\/\/ringhio.net\/de\/prodotto\/ringhio-digitale-geschenkkarte\/#primaryimage"},"thumbnailUrl":"https:\/\/ringhio.net\/wp-content\/uploads\/2025\/08\/ringhio-gift-card-new-design-ago.webp","datePublished":"2025-01-29T14:50:22+00:00","dateModified":"2026-02-11T15:53:44+00:00","breadcrumb":{"@id":"https:\/\/ringhio.net\/de\/prodotto\/ringhio-digitale-geschenkkarte\/#breadcrumb"},"inLanguage":"de","potentialAction":[{"@type":"ReadAction","target":["https:\/\/ringhio.net\/de\/prodotto\/ringhio-digitale-geschenkkarte\/"]}]},{"@type":"ImageObject","inLanguage":"de","@id":"https:\/\/ringhio.net\/de\/prodotto\/ringhio-digitale-geschenkkarte\/#primaryimage","url":"https:\/\/ringhio.net\/wp-content\/uploads\/2025\/08\/ringhio-gift-card-new-design-ago.webp","contentUrl":"https:\/\/ringhio.net\/wp-content\/uploads\/2025\/08\/ringhio-gift-card-new-design-ago.webp","width":1024,"height":1024},{"@type":"BreadcrumbList","@id":"https:\/\/ringhio.net\/de\/prodotto\/ringhio-digitale-geschenkkarte\/#breadcrumb","itemListElement":[{"@type":"ListItem","position":1,"name":"Shop","item":"https:\/\/ringhio.net\/de\/shop\/"},{"@type":"ListItem","position":2,"name":"RINGHIO Digitale Geschenkkarte"}]},{"@type":"WebSite","@id":"https:\/\/ringhio.net\/#website","url":"https:\/\/ringhio.net\/","name":"Ringhio","description":"Reinvent dog equipment","publisher":{"@id":"https:\/\/ringhio.net\/#organization"},"potentialAction":[{"@type":"SearchAction","target":{"@type":"EntryPoint","urlTemplate":"https:\/\/ringhio.net\/?s={search_term_string}"},"query-input":{"@type":"PropertyValueSpecification","valueRequired":true,"valueName":"search_term_string"}}],"inLanguage":"de"},{"@type":"Organization","@id":"https:\/\/ringhio.net\/#organization","name":"Ringhio","url":"https:\/\/ringhio.net\/","logo":{"@type":"ImageObject","inLanguage":"de","@id":"https:\/\/ringhio.net\/#\/schema\/logo\/image\/","url":"https:\/\/ringhio.net\/wp-content\/uploads\/2020\/02\/ringhio-logo-66px.png","contentUrl":"https:\/\/ringhio.net\/wp-content\/uploads\/2020\/02\/ringhio-logo-66px.png","width":195,"height":72,"caption":"Ringhio"},"image":{"@id":"https:\/\/ringhio.net\/#\/schema\/logo\/image\/"}}]}},"_links":{"self":[{"href":"https:\/\/ringhio.net\/de\/wp-json\/wp\/v2\/product\/77032","targetHints":{"allow":["GET"]}}],"collection":[{"href":"https:\/\/ringhio.net\/de\/wp-json\/wp\/v2\/product"}],"about":[{"href":"https:\/\/ringhio.net\/de\/wp-json\/wp\/v2\/types\/product"}],"version-history":[{"count":0,"href":"https:\/\/ringhio.net\/de\/wp-json\/wp\/v2\/product\/77032\/revisions"}],"wp:featuredmedia":[{"embeddable":true,"href":"https:\/\/ringhio.net\/de\/wp-json\/wp\/v2\/media\/83218"}],"wp:attachment":[{"href":"https:\/\/ringhio.net\/de\/wp-json\/wp\/v2\/media?parent=77032"}],"wp:term":[{"taxonomy":"product_cat","embeddable":true,"href":"https:\/\/ringhio.net\/de\/wp-json\/wp\/v2\/product_cat?post=77032"},{"taxonomy":"product_tag","embeddable":true,"href":"https:\/\/ringhio.net\/de\/wp-json\/wp\/v2\/product_tag?post=77032"}],"curies":[{"name":"wp","href":"https:\/\/api.w.org\/{rel}","templated":true}]}}