{"id":75403,"date":"2024-12-13T09:46:37","date_gmt":"2024-12-13T08:46:37","guid":{"rendered":"https:\/\/ringhio.net\/prodotto\/grip-leine-mit-rutschfestem-gurtband\/"},"modified":"2025-01-20T11:08:12","modified_gmt":"2025-01-20T10:08:12","slug":"grip-leine-mit-rutschfestem-gurtband","status":"publish","type":"product","link":"https:\/\/ringhio.net\/de\/prodotto\/grip-leine-mit-rutschfestem-gurtband\/","title":{"rendered":"Grip-Leine mit Rutschfestem Gurtband"},"content":{"rendered":"<p><strong>Rutschfeste Leinen mit Grip-Eins\u00e4tzen<\/strong><br \/>\nEntdecken Sie unsere rutschfesten Gurtleinen, die f\u00fcr maximale Kontrolle und Komfort bei Spazierg\u00e4ngen und Trainingseinheiten mit Ihrem Hund entwickelt wurden.<br \/>\nHergestellt aus strapazierf\u00e4higem Polypropylen-Gurtband mit gummierten Grip-Eins\u00e4tzen, sorgen diese Leinen f\u00fcr einen sicheren Halt, selbst bei Regen oder hoher Luftfeuchtigkeit.<\/p>\n<p>Erh\u00e4ltlich in verschiedenen L\u00e4ngen, von 120 cm bis zu 20 Metern, und mit zwei Karabineroptionen (klassisch und climb), sind sie perfekt f\u00fcr alle Bed\u00fcrfnisse: von t\u00e4glichen Spazierg\u00e4ngen bis hin zu intensivem Training oder Outdoor-Abenteuern. Dank ihrer 2 cm Breite bieten sie ein hervorragendes Gleichgewicht zwischen Haltbarkeit und Leichtigkeit und gew\u00e4hrleisten Sicherheit und Zuverl\u00e4ssigkeit f\u00fcr Hunde aller Gr\u00f6\u00dfen.<\/p>\n<p><strong>Hauptmerkmale<\/strong><\/p>\n<p><strong>Robuste und Funktionale Materialien<\/strong><br \/>\nHergestellt aus Polypropylen-Gurtband mit gummierten rutschfesten Eins\u00e4tzen f\u00fcr einen sicheren Halt, selbst bei Regen.<\/p>\n<p><strong>Vielseitiges Design<\/strong><br \/>\nErh\u00e4ltlich in 10 L\u00e4ngen (120 cm, 150 cm, 3 m, 5 m, 8 m, 10 m, 13 m, 15 m, 18 m und 20 m), um alle Bed\u00fcrfnisse zu erf\u00fcllen, von t\u00e4glichen Spazierg\u00e4ngen bis hin zu professionellem Training.<br \/>\n2 cm Breite f\u00fcr einen sicheren und komfortablen Griff.<\/p>\n<p><strong>Zwei Arten von Karabinern<\/strong><br \/>\nW\u00e4hlen Sie zwischen einem klassischen oder climb Karabiner f\u00fcr mehr Sicherheit und Zuverl\u00e4ssigkeit in jeder Situation.<\/p>\n<p><strong>Perfekt f\u00fcr Jede Bedingung<\/strong><br \/>\nDie Grip-Eins\u00e4tze sorgen f\u00fcr einen festen Halt, auch bei Kontakt mit Wasser, und machen diese Leinen ideal f\u00fcr jede Wetterlage.<\/p>\n","protected":false},"excerpt":{"rendered":"<p>Rutschfeste Leine<\/p>\n","protected":false},"featured_media":73726,"template":"","meta":{"_acf_changed":false},"product_cat":[449],"product_tag":[484],"class_list":{"0":"post-75403","1":"product","2":"type-product","3":"status-publish","4":"has-post-thumbnail","6":"product_cat-gurtleinen","7":"product_tag-guinzaglio-non-configurabile-de","9":"first","10":"instock","11":"shipping-taxable","12":"purchasable","13":"product-type-variable"},"acf":[],"yoast_head":"<!-- This site is optimized with the Yoast SEO plugin v27.3 - https:\/\/yoast.com\/product\/yoast-seo-wordpress\/ -->\n<title>Grip-Leine mit Rutschfestem Gurtband - Ringhio<\/title>\n<meta name=\"robots\" content=\"index, follow, max-snippet:-1, max-image-preview:large, max-video-preview:-1\" \/>\n<link rel=\"canonical\" href=\"https:\/\/ringhio.net\/de\/prodotto\/grip-leine-mit-rutschfestem-gurtband\/\" \/>\n<meta property=\"og:locale\" content=\"de_DE\" \/>\n<meta property=\"og:type\" content=\"article\" \/>\n<meta property=\"og:title\" content=\"Grip-Leine mit Rutschfestem Gurtband - Ringhio\" \/>\n<meta property=\"og:description\" content=\"Rutschfeste Leine\" \/>\n<meta property=\"og:url\" content=\"https:\/\/ringhio.net\/de\/prodotto\/grip-leine-mit-rutschfestem-gurtband\/\" \/>\n<meta property=\"og:site_name\" content=\"Ringhio\" \/>\n<meta property=\"article:modified_time\" content=\"2025-01-20T10:08:12+00:00\" \/>\n<meta property=\"og:image\" content=\"https:\/\/ringhio.net\/wp-content\/uploads\/2024\/12\/lunghina-grip-01.jpg\" \/>\n\t<meta property=\"og:image:width\" content=\"1000\" \/>\n\t<meta property=\"og:image:height\" content=\"1000\" \/>\n\t<meta property=\"og:image:type\" content=\"image\/jpeg\" \/>\n<meta name=\"twitter:card\" content=\"summary_large_image\" \/>\n<meta name=\"twitter:label1\" content=\"Gesch\u00e4tzte Lesezeit\" \/>\n\t<meta name=\"twitter:data1\" content=\"1\u00a0Minute\" \/>\n<script type=\"application\/ld+json\" class=\"yoast-schema-graph\">{\"@context\":\"https:\\\/\\\/schema.org\",\"@graph\":[{\"@type\":\"WebPage\",\"@id\":\"https:\\\/\\\/ringhio.net\\\/de\\\/prodotto\\\/grip-leine-mit-rutschfestem-gurtband\\\/\",\"url\":\"https:\\\/\\\/ringhio.net\\\/de\\\/prodotto\\\/grip-leine-mit-rutschfestem-gurtband\\\/\",\"name\":\"Grip-Leine mit Rutschfestem Gurtband - Ringhio\",\"isPartOf\":{\"@id\":\"https:\\\/\\\/ringhio.net\\\/#website\"},\"primaryImageOfPage\":{\"@id\":\"https:\\\/\\\/ringhio.net\\\/de\\\/prodotto\\\/grip-leine-mit-rutschfestem-gurtband\\\/#primaryimage\"},\"image\":{\"@id\":\"https:\\\/\\\/ringhio.net\\\/de\\\/prodotto\\\/grip-leine-mit-rutschfestem-gurtband\\\/#primaryimage\"},\"thumbnailUrl\":\"https:\\\/\\\/ringhio.net\\\/wp-content\\\/uploads\\\/2024\\\/12\\\/lunghina-grip-01.jpg\",\"datePublished\":\"2024-12-13T08:46:37+00:00\",\"dateModified\":\"2025-01-20T10:08:12+00:00\",\"breadcrumb\":{\"@id\":\"https:\\\/\\\/ringhio.net\\\/de\\\/prodotto\\\/grip-leine-mit-rutschfestem-gurtband\\\/#breadcrumb\"},\"inLanguage\":\"de\",\"potentialAction\":[{\"@type\":\"ReadAction\",\"target\":[\"https:\\\/\\\/ringhio.net\\\/de\\\/prodotto\\\/grip-leine-mit-rutschfestem-gurtband\\\/\"]}]},{\"@type\":\"ImageObject\",\"inLanguage\":\"de\",\"@id\":\"https:\\\/\\\/ringhio.net\\\/de\\\/prodotto\\\/grip-leine-mit-rutschfestem-gurtband\\\/#primaryimage\",\"url\":\"https:\\\/\\\/ringhio.net\\\/wp-content\\\/uploads\\\/2024\\\/12\\\/lunghina-grip-01.jpg\",\"contentUrl\":\"https:\\\/\\\/ringhio.net\\\/wp-content\\\/uploads\\\/2024\\\/12\\\/lunghina-grip-01.jpg\",\"width\":1000,\"height\":1000},{\"@type\":\"BreadcrumbList\",\"@id\":\"https:\\\/\\\/ringhio.net\\\/de\\\/prodotto\\\/grip-leine-mit-rutschfestem-gurtband\\\/#breadcrumb\",\"itemListElement\":[{\"@type\":\"ListItem\",\"position\":1,\"name\":\"Shop\",\"item\":\"https:\\\/\\\/ringhio.net\\\/de\\\/shop\\\/\"},{\"@type\":\"ListItem\",\"position\":2,\"name\":\"Grip-Leine mit Rutschfestem Gurtband\"}]},{\"@type\":\"WebSite\",\"@id\":\"https:\\\/\\\/ringhio.net\\\/#website\",\"url\":\"https:\\\/\\\/ringhio.net\\\/\",\"name\":\"Ringhio\",\"description\":\"Reinvent dog equipment\",\"publisher\":{\"@id\":\"https:\\\/\\\/ringhio.net\\\/#organization\"},\"potentialAction\":[{\"@type\":\"SearchAction\",\"target\":{\"@type\":\"EntryPoint\",\"urlTemplate\":\"https:\\\/\\\/ringhio.net\\\/?s={search_term_string}\"},\"query-input\":{\"@type\":\"PropertyValueSpecification\",\"valueRequired\":true,\"valueName\":\"search_term_string\"}}],\"inLanguage\":\"de\"},{\"@type\":\"Organization\",\"@id\":\"https:\\\/\\\/ringhio.net\\\/#organization\",\"name\":\"Ringhio\",\"url\":\"https:\\\/\\\/ringhio.net\\\/\",\"logo\":{\"@type\":\"ImageObject\",\"inLanguage\":\"de\",\"@id\":\"https:\\\/\\\/ringhio.net\\\/#\\\/schema\\\/logo\\\/image\\\/\",\"url\":\"https:\\\/\\\/ringhio.net\\\/wp-content\\\/uploads\\\/2020\\\/02\\\/ringhio-logo-66px.png\",\"contentUrl\":\"https:\\\/\\\/ringhio.net\\\/wp-content\\\/uploads\\\/2020\\\/02\\\/ringhio-logo-66px.png\",\"width\":195,\"height\":72,\"caption\":\"Ringhio\"},\"image\":{\"@id\":\"https:\\\/\\\/ringhio.net\\\/#\\\/schema\\\/logo\\\/image\\\/\"}}]}<\/script>\n<!-- \/ Yoast SEO plugin. -->","yoast_head_json":{"title":"Grip-Leine mit Rutschfestem Gurtband - Ringhio","robots":{"index":"index","follow":"follow","max-snippet":"max-snippet:-1","max-image-preview":"max-image-preview:large","max-video-preview":"max-video-preview:-1"},"canonical":"https:\/\/ringhio.net\/de\/prodotto\/grip-leine-mit-rutschfestem-gurtband\/","og_locale":"de_DE","og_type":"article","og_title":"Grip-Leine mit Rutschfestem Gurtband - Ringhio","og_description":"Rutschfeste Leine","og_url":"https:\/\/ringhio.net\/de\/prodotto\/grip-leine-mit-rutschfestem-gurtband\/","og_site_name":"Ringhio","article_modified_time":"2025-01-20T10:08:12+00:00","og_image":[{"width":1000,"height":1000,"url":"https:\/\/ringhio.net\/wp-content\/uploads\/2024\/12\/lunghina-grip-01.jpg","type":"image\/jpeg"}],"twitter_card":"summary_large_image","twitter_misc":{"Gesch\u00e4tzte Lesezeit":"1\u00a0Minute"},"schema":{"@context":"https:\/\/schema.org","@graph":[{"@type":"WebPage","@id":"https:\/\/ringhio.net\/de\/prodotto\/grip-leine-mit-rutschfestem-gurtband\/","url":"https:\/\/ringhio.net\/de\/prodotto\/grip-leine-mit-rutschfestem-gurtband\/","name":"Grip-Leine mit Rutschfestem Gurtband - Ringhio","isPartOf":{"@id":"https:\/\/ringhio.net\/#website"},"primaryImageOfPage":{"@id":"https:\/\/ringhio.net\/de\/prodotto\/grip-leine-mit-rutschfestem-gurtband\/#primaryimage"},"image":{"@id":"https:\/\/ringhio.net\/de\/prodotto\/grip-leine-mit-rutschfestem-gurtband\/#primaryimage"},"thumbnailUrl":"https:\/\/ringhio.net\/wp-content\/uploads\/2024\/12\/lunghina-grip-01.jpg","datePublished":"2024-12-13T08:46:37+00:00","dateModified":"2025-01-20T10:08:12+00:00","breadcrumb":{"@id":"https:\/\/ringhio.net\/de\/prodotto\/grip-leine-mit-rutschfestem-gurtband\/#breadcrumb"},"inLanguage":"de","potentialAction":[{"@type":"ReadAction","target":["https:\/\/ringhio.net\/de\/prodotto\/grip-leine-mit-rutschfestem-gurtband\/"]}]},{"@type":"ImageObject","inLanguage":"de","@id":"https:\/\/ringhio.net\/de\/prodotto\/grip-leine-mit-rutschfestem-gurtband\/#primaryimage","url":"https:\/\/ringhio.net\/wp-content\/uploads\/2024\/12\/lunghina-grip-01.jpg","contentUrl":"https:\/\/ringhio.net\/wp-content\/uploads\/2024\/12\/lunghina-grip-01.jpg","width":1000,"height":1000},{"@type":"BreadcrumbList","@id":"https:\/\/ringhio.net\/de\/prodotto\/grip-leine-mit-rutschfestem-gurtband\/#breadcrumb","itemListElement":[{"@type":"ListItem","position":1,"name":"Shop","item":"https:\/\/ringhio.net\/de\/shop\/"},{"@type":"ListItem","position":2,"name":"Grip-Leine mit Rutschfestem Gurtband"}]},{"@type":"WebSite","@id":"https:\/\/ringhio.net\/#website","url":"https:\/\/ringhio.net\/","name":"Ringhio","description":"Reinvent dog equipment","publisher":{"@id":"https:\/\/ringhio.net\/#organization"},"potentialAction":[{"@type":"SearchAction","target":{"@type":"EntryPoint","urlTemplate":"https:\/\/ringhio.net\/?s={search_term_string}"},"query-input":{"@type":"PropertyValueSpecification","valueRequired":true,"valueName":"search_term_string"}}],"inLanguage":"de"},{"@type":"Organization","@id":"https:\/\/ringhio.net\/#organization","name":"Ringhio","url":"https:\/\/ringhio.net\/","logo":{"@type":"ImageObject","inLanguage":"de","@id":"https:\/\/ringhio.net\/#\/schema\/logo\/image\/","url":"https:\/\/ringhio.net\/wp-content\/uploads\/2020\/02\/ringhio-logo-66px.png","contentUrl":"https:\/\/ringhio.net\/wp-content\/uploads\/2020\/02\/ringhio-logo-66px.png","width":195,"height":72,"caption":"Ringhio"},"image":{"@id":"https:\/\/ringhio.net\/#\/schema\/logo\/image\/"}}]}},"_links":{"self":[{"href":"https:\/\/ringhio.net\/de\/wp-json\/wp\/v2\/product\/75403","targetHints":{"allow":["GET"]}}],"collection":[{"href":"https:\/\/ringhio.net\/de\/wp-json\/wp\/v2\/product"}],"about":[{"href":"https:\/\/ringhio.net\/de\/wp-json\/wp\/v2\/types\/product"}],"version-history":[{"count":0,"href":"https:\/\/ringhio.net\/de\/wp-json\/wp\/v2\/product\/75403\/revisions"}],"wp:featuredmedia":[{"embeddable":true,"href":"https:\/\/ringhio.net\/de\/wp-json\/wp\/v2\/media\/73726"}],"wp:attachment":[{"href":"https:\/\/ringhio.net\/de\/wp-json\/wp\/v2\/media?parent=75403"}],"wp:term":[{"taxonomy":"product_cat","embeddable":true,"href":"https:\/\/ringhio.net\/de\/wp-json\/wp\/v2\/product_cat?post=75403"},{"taxonomy":"product_tag","embeddable":true,"href":"https:\/\/ringhio.net\/de\/wp-json\/wp\/v2\/product_tag?post=75403"}],"curies":[{"name":"wp","href":"https:\/\/api.w.org\/{rel}","templated":true}]}}