{"id":75223,"date":"2024-12-12T16:14:07","date_gmt":"2024-12-12T15:14:07","guid":{"rendered":"https:\/\/ringhio.net\/prodotto\/ringhio-trigrip\/"},"modified":"2024-12-12T16:14:07","modified_gmt":"2024-12-12T15:14:07","slug":"ringhio-trigrip","status":"publish","type":"product","link":"https:\/\/ringhio.net\/de\/prodotto\/ringhio-trigrip\/","title":{"rendered":"Ringhio Trigrip"},"content":{"rendered":"<p><strong>Hundespielzeug \u2013 TriGrip aus Nat\u00fcrlichem Gummi und Baumwollseil<\/strong><br \/>\nEntdecken Sie TriGrip, das Hundespielzeug, das Design, Haltbarkeit und Spa\u00df vereint. Mit seiner dreieckigen Form aus nat\u00fcrlichem Gummi und einem robusten Baumwollseil ist es der perfekte Begleiter f\u00fcr Spielzeit mit Ihrem Hund. Ideal f\u00fcr Tauziehen und Apportierspiele, regt TriGrip die nat\u00fcrlichen Instinkte Ihres Hundes an und st\u00e4rkt die Bindung zwischen Ihnen.<\/p>\n<p>Erh\u00e4ltlich in vier lebhaften Farben (Rot, Blau, Lila und Rosa) mit einem beigen Seil, ist TriGrip darauf ausgelegt, stundenlangen sicheren Spielspa\u00df zu garantieren.<\/p>\n<p><strong>Hauptmerkmale<\/strong><\/p>\n<p><strong>Hochwertige Materialien<\/strong><br \/>\nLanglebiger Naturgummi: sicher, ungiftig und f\u00fcr energisches Kauen ausgelegt.<br \/>\nBaumwollseil: weich, aber robust, ideal f\u00fcr Tauziehspiele und leicht zu greifen.<\/p>\n<p><strong>Funktionales Design<\/strong><br \/>\nDie dreieckige Form (14 cm hoch) bietet einen sicheren Halt f\u00fcr Sie und Ihren Hund und macht das Spielen dynamischer.<br \/>\nDie Kombination aus Gummi und Seil sorgt f\u00fcr ein abwechslungsreiches und anregendes Spielerlebnis.<\/p>\n<p><strong>Vielseitigkeit<\/strong><br \/>\nPerfekt f\u00fcr Apportier- oder Tauziehspiele.<br \/>\nGeeignet f\u00fcr drinnen und drau\u00dfen.<\/p>\n","protected":false},"excerpt":{"rendered":"<p>Zerrspielzeug f\u00fcr Hunde<\/p>\n","protected":false},"featured_media":74438,"template":"","meta":{"_acf_changed":false},"product_cat":[432],"product_tag":[],"class_list":{"0":"post-75223","1":"product","2":"type-product","3":"status-publish","4":"has-post-thumbnail","6":"product_cat-spielzeuge","8":"first","9":"instock","10":"shipping-taxable","11":"purchasable","12":"product-type-variable"},"acf":[],"yoast_head":"<!-- This site is optimized with the Yoast SEO plugin v27.3 - https:\/\/yoast.com\/product\/yoast-seo-wordpress\/ -->\n<title>Ringhio Trigrip - Ringhio<\/title>\n<meta name=\"robots\" content=\"index, follow, max-snippet:-1, max-image-preview:large, max-video-preview:-1\" \/>\n<link rel=\"canonical\" href=\"https:\/\/ringhio.net\/de\/prodotto\/ringhio-trigrip\/\" \/>\n<meta property=\"og:locale\" content=\"de_DE\" \/>\n<meta property=\"og:type\" content=\"article\" \/>\n<meta property=\"og:title\" content=\"Ringhio Trigrip - Ringhio\" \/>\n<meta property=\"og:description\" content=\"Zerrspielzeug f\u00fcr Hunde\" \/>\n<meta property=\"og:url\" content=\"https:\/\/ringhio.net\/de\/prodotto\/ringhio-trigrip\/\" \/>\n<meta property=\"og:site_name\" content=\"Ringhio\" \/>\n<meta property=\"og:image\" content=\"https:\/\/ringhio.net\/wp-content\/uploads\/2024\/12\/gioco-triangolo-rosso-03.jpg\" \/>\n\t<meta property=\"og:image:width\" content=\"1000\" \/>\n\t<meta property=\"og:image:height\" content=\"1000\" \/>\n\t<meta property=\"og:image:type\" content=\"image\/jpeg\" \/>\n<meta name=\"twitter:card\" content=\"summary_large_image\" \/>\n<meta name=\"twitter:label1\" content=\"Gesch\u00e4tzte Lesezeit\" \/>\n\t<meta name=\"twitter:data1\" content=\"1\u00a0Minute\" \/>\n<script type=\"application\/ld+json\" class=\"yoast-schema-graph\">{\"@context\":\"https:\\\/\\\/schema.org\",\"@graph\":[{\"@type\":\"WebPage\",\"@id\":\"https:\\\/\\\/ringhio.net\\\/de\\\/prodotto\\\/ringhio-trigrip\\\/\",\"url\":\"https:\\\/\\\/ringhio.net\\\/de\\\/prodotto\\\/ringhio-trigrip\\\/\",\"name\":\"Ringhio Trigrip - Ringhio\",\"isPartOf\":{\"@id\":\"https:\\\/\\\/ringhio.net\\\/#website\"},\"primaryImageOfPage\":{\"@id\":\"https:\\\/\\\/ringhio.net\\\/de\\\/prodotto\\\/ringhio-trigrip\\\/#primaryimage\"},\"image\":{\"@id\":\"https:\\\/\\\/ringhio.net\\\/de\\\/prodotto\\\/ringhio-trigrip\\\/#primaryimage\"},\"thumbnailUrl\":\"https:\\\/\\\/ringhio.net\\\/wp-content\\\/uploads\\\/2024\\\/12\\\/gioco-triangolo-rosso-03.jpg\",\"datePublished\":\"2024-12-12T15:14:07+00:00\",\"breadcrumb\":{\"@id\":\"https:\\\/\\\/ringhio.net\\\/de\\\/prodotto\\\/ringhio-trigrip\\\/#breadcrumb\"},\"inLanguage\":\"de\",\"potentialAction\":[{\"@type\":\"ReadAction\",\"target\":[\"https:\\\/\\\/ringhio.net\\\/de\\\/prodotto\\\/ringhio-trigrip\\\/\"]}]},{\"@type\":\"ImageObject\",\"inLanguage\":\"de\",\"@id\":\"https:\\\/\\\/ringhio.net\\\/de\\\/prodotto\\\/ringhio-trigrip\\\/#primaryimage\",\"url\":\"https:\\\/\\\/ringhio.net\\\/wp-content\\\/uploads\\\/2024\\\/12\\\/gioco-triangolo-rosso-03.jpg\",\"contentUrl\":\"https:\\\/\\\/ringhio.net\\\/wp-content\\\/uploads\\\/2024\\\/12\\\/gioco-triangolo-rosso-03.jpg\",\"width\":1000,\"height\":1000},{\"@type\":\"BreadcrumbList\",\"@id\":\"https:\\\/\\\/ringhio.net\\\/de\\\/prodotto\\\/ringhio-trigrip\\\/#breadcrumb\",\"itemListElement\":[{\"@type\":\"ListItem\",\"position\":1,\"name\":\"Shop\",\"item\":\"https:\\\/\\\/ringhio.net\\\/de\\\/shop\\\/\"},{\"@type\":\"ListItem\",\"position\":2,\"name\":\"Ringhio Trigrip\"}]},{\"@type\":\"WebSite\",\"@id\":\"https:\\\/\\\/ringhio.net\\\/#website\",\"url\":\"https:\\\/\\\/ringhio.net\\\/\",\"name\":\"Ringhio\",\"description\":\"Reinvent dog equipment\",\"publisher\":{\"@id\":\"https:\\\/\\\/ringhio.net\\\/#organization\"},\"potentialAction\":[{\"@type\":\"SearchAction\",\"target\":{\"@type\":\"EntryPoint\",\"urlTemplate\":\"https:\\\/\\\/ringhio.net\\\/?s={search_term_string}\"},\"query-input\":{\"@type\":\"PropertyValueSpecification\",\"valueRequired\":true,\"valueName\":\"search_term_string\"}}],\"inLanguage\":\"de\"},{\"@type\":\"Organization\",\"@id\":\"https:\\\/\\\/ringhio.net\\\/#organization\",\"name\":\"Ringhio\",\"url\":\"https:\\\/\\\/ringhio.net\\\/\",\"logo\":{\"@type\":\"ImageObject\",\"inLanguage\":\"de\",\"@id\":\"https:\\\/\\\/ringhio.net\\\/#\\\/schema\\\/logo\\\/image\\\/\",\"url\":\"https:\\\/\\\/ringhio.net\\\/wp-content\\\/uploads\\\/2020\\\/02\\\/ringhio-logo-66px.png\",\"contentUrl\":\"https:\\\/\\\/ringhio.net\\\/wp-content\\\/uploads\\\/2020\\\/02\\\/ringhio-logo-66px.png\",\"width\":195,\"height\":72,\"caption\":\"Ringhio\"},\"image\":{\"@id\":\"https:\\\/\\\/ringhio.net\\\/#\\\/schema\\\/logo\\\/image\\\/\"}}]}<\/script>\n<!-- \/ Yoast SEO plugin. -->","yoast_head_json":{"title":"Ringhio Trigrip - Ringhio","robots":{"index":"index","follow":"follow","max-snippet":"max-snippet:-1","max-image-preview":"max-image-preview:large","max-video-preview":"max-video-preview:-1"},"canonical":"https:\/\/ringhio.net\/de\/prodotto\/ringhio-trigrip\/","og_locale":"de_DE","og_type":"article","og_title":"Ringhio Trigrip - Ringhio","og_description":"Zerrspielzeug f\u00fcr Hunde","og_url":"https:\/\/ringhio.net\/de\/prodotto\/ringhio-trigrip\/","og_site_name":"Ringhio","og_image":[{"width":1000,"height":1000,"url":"https:\/\/ringhio.net\/wp-content\/uploads\/2024\/12\/gioco-triangolo-rosso-03.jpg","type":"image\/jpeg"}],"twitter_card":"summary_large_image","twitter_misc":{"Gesch\u00e4tzte Lesezeit":"1\u00a0Minute"},"schema":{"@context":"https:\/\/schema.org","@graph":[{"@type":"WebPage","@id":"https:\/\/ringhio.net\/de\/prodotto\/ringhio-trigrip\/","url":"https:\/\/ringhio.net\/de\/prodotto\/ringhio-trigrip\/","name":"Ringhio Trigrip - Ringhio","isPartOf":{"@id":"https:\/\/ringhio.net\/#website"},"primaryImageOfPage":{"@id":"https:\/\/ringhio.net\/de\/prodotto\/ringhio-trigrip\/#primaryimage"},"image":{"@id":"https:\/\/ringhio.net\/de\/prodotto\/ringhio-trigrip\/#primaryimage"},"thumbnailUrl":"https:\/\/ringhio.net\/wp-content\/uploads\/2024\/12\/gioco-triangolo-rosso-03.jpg","datePublished":"2024-12-12T15:14:07+00:00","breadcrumb":{"@id":"https:\/\/ringhio.net\/de\/prodotto\/ringhio-trigrip\/#breadcrumb"},"inLanguage":"de","potentialAction":[{"@type":"ReadAction","target":["https:\/\/ringhio.net\/de\/prodotto\/ringhio-trigrip\/"]}]},{"@type":"ImageObject","inLanguage":"de","@id":"https:\/\/ringhio.net\/de\/prodotto\/ringhio-trigrip\/#primaryimage","url":"https:\/\/ringhio.net\/wp-content\/uploads\/2024\/12\/gioco-triangolo-rosso-03.jpg","contentUrl":"https:\/\/ringhio.net\/wp-content\/uploads\/2024\/12\/gioco-triangolo-rosso-03.jpg","width":1000,"height":1000},{"@type":"BreadcrumbList","@id":"https:\/\/ringhio.net\/de\/prodotto\/ringhio-trigrip\/#breadcrumb","itemListElement":[{"@type":"ListItem","position":1,"name":"Shop","item":"https:\/\/ringhio.net\/de\/shop\/"},{"@type":"ListItem","position":2,"name":"Ringhio Trigrip"}]},{"@type":"WebSite","@id":"https:\/\/ringhio.net\/#website","url":"https:\/\/ringhio.net\/","name":"Ringhio","description":"Reinvent dog equipment","publisher":{"@id":"https:\/\/ringhio.net\/#organization"},"potentialAction":[{"@type":"SearchAction","target":{"@type":"EntryPoint","urlTemplate":"https:\/\/ringhio.net\/?s={search_term_string}"},"query-input":{"@type":"PropertyValueSpecification","valueRequired":true,"valueName":"search_term_string"}}],"inLanguage":"de"},{"@type":"Organization","@id":"https:\/\/ringhio.net\/#organization","name":"Ringhio","url":"https:\/\/ringhio.net\/","logo":{"@type":"ImageObject","inLanguage":"de","@id":"https:\/\/ringhio.net\/#\/schema\/logo\/image\/","url":"https:\/\/ringhio.net\/wp-content\/uploads\/2020\/02\/ringhio-logo-66px.png","contentUrl":"https:\/\/ringhio.net\/wp-content\/uploads\/2020\/02\/ringhio-logo-66px.png","width":195,"height":72,"caption":"Ringhio"},"image":{"@id":"https:\/\/ringhio.net\/#\/schema\/logo\/image\/"}}]}},"_links":{"self":[{"href":"https:\/\/ringhio.net\/de\/wp-json\/wp\/v2\/product\/75223","targetHints":{"allow":["GET"]}}],"collection":[{"href":"https:\/\/ringhio.net\/de\/wp-json\/wp\/v2\/product"}],"about":[{"href":"https:\/\/ringhio.net\/de\/wp-json\/wp\/v2\/types\/product"}],"version-history":[{"count":0,"href":"https:\/\/ringhio.net\/de\/wp-json\/wp\/v2\/product\/75223\/revisions"}],"wp:featuredmedia":[{"embeddable":true,"href":"https:\/\/ringhio.net\/de\/wp-json\/wp\/v2\/media\/74438"}],"wp:attachment":[{"href":"https:\/\/ringhio.net\/de\/wp-json\/wp\/v2\/media?parent=75223"}],"wp:term":[{"taxonomy":"product_cat","embeddable":true,"href":"https:\/\/ringhio.net\/de\/wp-json\/wp\/v2\/product_cat?post=75223"},{"taxonomy":"product_tag","embeddable":true,"href":"https:\/\/ringhio.net\/de\/wp-json\/wp\/v2\/product_tag?post=75223"}],"curies":[{"name":"wp","href":"https:\/\/api.w.org\/{rel}","templated":true}]}}