{"id":75163,"date":"2024-12-12T15:49:43","date_gmt":"2024-12-12T14:49:43","guid":{"rendered":"https:\/\/ringhio.net\/prodotto\/ringhio-saetta\/"},"modified":"2024-12-12T15:49:43","modified_gmt":"2024-12-12T14:49:43","slug":"ringhio-saetta","status":"publish","type":"product","link":"https:\/\/ringhio.net\/de\/prodotto\/ringhio-saetta\/","title":{"rendered":"Ringhio Saetta"},"content":{"rendered":"<p><strong>Hundespielzeug \u2013 Saetta aus Nat\u00fcrlichem und Widerstandsf\u00e4higem Gummi<\/strong><br \/>\nBringen Sie Spa\u00df und Interaktion mit Ihrem Hund auf ein neues Level mit Saetta, dem einzigartig geformten Hundespielzeug. Entwickelt, um stundenlange Unterhaltung zu bieten, kombiniert Saetta ein ansprechendes Design, hochwertige Materialien und Vielseitigkeit f\u00fcr alle Spielarten, vom Apportieren bis zum Tauziehen.<\/p>\n<p><strong>Abmessungen<\/strong><br \/>\nH\u00f6he: 30cm<\/p>\n<p><strong>Hochwertige Materialien<\/strong><br \/>\nHergestellt aus nat\u00fcrlichem, sicherem und ungiftigem Gummi, der selbst energischen Kauen standh\u00e4lt.<br \/>\nDie robuste Struktur sorgt f\u00fcr eine lange Haltbarkeit, auch bei intensiven Spielsessions.<\/p>\n<p><strong>Funktionales Design<\/strong><br \/>\nDie Z-Form, inspiriert von einem Blitz, ist ergonomisch und leicht zu greifen, perfekt f\u00fcr Apportierspiele und Tauziehen.<br \/>\nIdeal f\u00fcr Hunde aller Gr\u00f6\u00dfen dank des ausgewogenen Gewichts und der optimalen Dimensionen.<\/p>\n<p><strong>Warum Saetta W\u00e4hlen?<\/strong><\/p>\n<p>Physische und Mentale Stimulation<br \/>\nPerfekt, um den nat\u00fcrlichen Instinkt Ihres Hundes zu bei\u00dfen, zu jagen und zu greifen zu f\u00f6rdern und ihn aktiv und gl\u00fccklich zu halten.<\/p>\n<p><strong>Interaktivit\u00e4t<\/strong><br \/>\nEntwickelt f\u00fcr gemeinsames Spielen, st\u00e4rkt es die Bindung zwischen Ihnen und Ihrem Hund.<\/p>\n<p><strong>Sicherheit und Haltbarkeit<\/strong><br \/>\nDie ausgew\u00e4hlten Materialien sind sicher f\u00fcr Ihren Hund und gew\u00e4hrleisten eine lange Lebensdauer des Produkts, selbst bei t\u00e4glichem Gebrauch.<\/p>\n","protected":false},"excerpt":{"rendered":"<p>Zerrspielzeug f\u00fcr Hunde<\/p>\n","protected":false},"featured_media":74462,"template":"","meta":{"_acf_changed":false},"product_cat":[432],"product_tag":[],"class_list":{"0":"post-75163","1":"product","2":"type-product","3":"status-publish","4":"has-post-thumbnail","6":"product_cat-spielzeuge","8":"first","9":"instock","10":"shipping-taxable","11":"purchasable","12":"product-type-variable"},"acf":[],"yoast_head":"<!-- This site is optimized with the Yoast SEO plugin v27.3 - https:\/\/yoast.com\/product\/yoast-seo-wordpress\/ -->\n<title>Ringhio Saetta - Ringhio<\/title>\n<meta name=\"robots\" content=\"index, follow, max-snippet:-1, max-image-preview:large, max-video-preview:-1\" \/>\n<link rel=\"canonical\" href=\"https:\/\/ringhio.net\/prodotto\/ringhio-saetta\/\" \/>\n<meta property=\"og:locale\" content=\"de_DE\" \/>\n<meta property=\"og:type\" content=\"article\" \/>\n<meta property=\"og:title\" content=\"Ringhio Saetta - Ringhio\" \/>\n<meta property=\"og:description\" content=\"Zerrspielzeug f\u00fcr Hunde\" \/>\n<meta property=\"og:url\" content=\"https:\/\/ringhio.net\/prodotto\/ringhio-saetta\/\" \/>\n<meta property=\"og:site_name\" content=\"Ringhio\" \/>\n<meta property=\"og:image\" content=\"https:\/\/ringhio.net\/wp-content\/uploads\/2024\/12\/gioco-saetta-furmine-rosso-01.jpg\" \/>\n\t<meta property=\"og:image:width\" content=\"1000\" \/>\n\t<meta property=\"og:image:height\" content=\"1000\" \/>\n\t<meta property=\"og:image:type\" content=\"image\/jpeg\" \/>\n<meta name=\"twitter:card\" content=\"summary_large_image\" \/>\n<meta name=\"twitter:label1\" content=\"Gesch\u00e4tzte Lesezeit\" \/>\n\t<meta name=\"twitter:data1\" content=\"1\u00a0Minute\" \/>\n<script type=\"application\/ld+json\" class=\"yoast-schema-graph\">{\"@context\":\"https:\\\/\\\/schema.org\",\"@graph\":[{\"@type\":\"WebPage\",\"@id\":\"https:\\\/\\\/ringhio.net\\\/prodotto\\\/ringhio-saetta\\\/\",\"url\":\"https:\\\/\\\/ringhio.net\\\/prodotto\\\/ringhio-saetta\\\/\",\"name\":\"Ringhio Saetta - Ringhio\",\"isPartOf\":{\"@id\":\"https:\\\/\\\/ringhio.net\\\/#website\"},\"primaryImageOfPage\":{\"@id\":\"https:\\\/\\\/ringhio.net\\\/prodotto\\\/ringhio-saetta\\\/#primaryimage\"},\"image\":{\"@id\":\"https:\\\/\\\/ringhio.net\\\/prodotto\\\/ringhio-saetta\\\/#primaryimage\"},\"thumbnailUrl\":\"https:\\\/\\\/ringhio.net\\\/wp-content\\\/uploads\\\/2024\\\/12\\\/gioco-saetta-furmine-rosso-01.jpg\",\"datePublished\":\"2024-12-12T14:49:43+00:00\",\"breadcrumb\":{\"@id\":\"https:\\\/\\\/ringhio.net\\\/prodotto\\\/ringhio-saetta\\\/#breadcrumb\"},\"inLanguage\":\"de\",\"potentialAction\":[{\"@type\":\"ReadAction\",\"target\":[\"https:\\\/\\\/ringhio.net\\\/prodotto\\\/ringhio-saetta\\\/\"]}]},{\"@type\":\"ImageObject\",\"inLanguage\":\"de\",\"@id\":\"https:\\\/\\\/ringhio.net\\\/prodotto\\\/ringhio-saetta\\\/#primaryimage\",\"url\":\"https:\\\/\\\/ringhio.net\\\/wp-content\\\/uploads\\\/2024\\\/12\\\/gioco-saetta-furmine-rosso-01.jpg\",\"contentUrl\":\"https:\\\/\\\/ringhio.net\\\/wp-content\\\/uploads\\\/2024\\\/12\\\/gioco-saetta-furmine-rosso-01.jpg\",\"width\":1000,\"height\":1000},{\"@type\":\"BreadcrumbList\",\"@id\":\"https:\\\/\\\/ringhio.net\\\/prodotto\\\/ringhio-saetta\\\/#breadcrumb\",\"itemListElement\":[{\"@type\":\"ListItem\",\"position\":1,\"name\":\"Shop\",\"item\":\"https:\\\/\\\/ringhio.net\\\/de\\\/shop\\\/\"},{\"@type\":\"ListItem\",\"position\":2,\"name\":\"Ringhio Saetta\"}]},{\"@type\":\"WebSite\",\"@id\":\"https:\\\/\\\/ringhio.net\\\/#website\",\"url\":\"https:\\\/\\\/ringhio.net\\\/\",\"name\":\"Ringhio\",\"description\":\"Reinvent dog equipment\",\"publisher\":{\"@id\":\"https:\\\/\\\/ringhio.net\\\/#organization\"},\"potentialAction\":[{\"@type\":\"SearchAction\",\"target\":{\"@type\":\"EntryPoint\",\"urlTemplate\":\"https:\\\/\\\/ringhio.net\\\/?s={search_term_string}\"},\"query-input\":{\"@type\":\"PropertyValueSpecification\",\"valueRequired\":true,\"valueName\":\"search_term_string\"}}],\"inLanguage\":\"de\"},{\"@type\":\"Organization\",\"@id\":\"https:\\\/\\\/ringhio.net\\\/#organization\",\"name\":\"Ringhio\",\"url\":\"https:\\\/\\\/ringhio.net\\\/\",\"logo\":{\"@type\":\"ImageObject\",\"inLanguage\":\"de\",\"@id\":\"https:\\\/\\\/ringhio.net\\\/#\\\/schema\\\/logo\\\/image\\\/\",\"url\":\"https:\\\/\\\/ringhio.net\\\/wp-content\\\/uploads\\\/2020\\\/02\\\/ringhio-logo-66px.png\",\"contentUrl\":\"https:\\\/\\\/ringhio.net\\\/wp-content\\\/uploads\\\/2020\\\/02\\\/ringhio-logo-66px.png\",\"width\":195,\"height\":72,\"caption\":\"Ringhio\"},\"image\":{\"@id\":\"https:\\\/\\\/ringhio.net\\\/#\\\/schema\\\/logo\\\/image\\\/\"}}]}<\/script>\n<!-- \/ Yoast SEO plugin. -->","yoast_head_json":{"title":"Ringhio Saetta - Ringhio","robots":{"index":"index","follow":"follow","max-snippet":"max-snippet:-1","max-image-preview":"max-image-preview:large","max-video-preview":"max-video-preview:-1"},"canonical":"https:\/\/ringhio.net\/prodotto\/ringhio-saetta\/","og_locale":"de_DE","og_type":"article","og_title":"Ringhio Saetta - Ringhio","og_description":"Zerrspielzeug f\u00fcr Hunde","og_url":"https:\/\/ringhio.net\/prodotto\/ringhio-saetta\/","og_site_name":"Ringhio","og_image":[{"width":1000,"height":1000,"url":"https:\/\/ringhio.net\/wp-content\/uploads\/2024\/12\/gioco-saetta-furmine-rosso-01.jpg","type":"image\/jpeg"}],"twitter_card":"summary_large_image","twitter_misc":{"Gesch\u00e4tzte Lesezeit":"1\u00a0Minute"},"schema":{"@context":"https:\/\/schema.org","@graph":[{"@type":"WebPage","@id":"https:\/\/ringhio.net\/prodotto\/ringhio-saetta\/","url":"https:\/\/ringhio.net\/prodotto\/ringhio-saetta\/","name":"Ringhio Saetta - Ringhio","isPartOf":{"@id":"https:\/\/ringhio.net\/#website"},"primaryImageOfPage":{"@id":"https:\/\/ringhio.net\/prodotto\/ringhio-saetta\/#primaryimage"},"image":{"@id":"https:\/\/ringhio.net\/prodotto\/ringhio-saetta\/#primaryimage"},"thumbnailUrl":"https:\/\/ringhio.net\/wp-content\/uploads\/2024\/12\/gioco-saetta-furmine-rosso-01.jpg","datePublished":"2024-12-12T14:49:43+00:00","breadcrumb":{"@id":"https:\/\/ringhio.net\/prodotto\/ringhio-saetta\/#breadcrumb"},"inLanguage":"de","potentialAction":[{"@type":"ReadAction","target":["https:\/\/ringhio.net\/prodotto\/ringhio-saetta\/"]}]},{"@type":"ImageObject","inLanguage":"de","@id":"https:\/\/ringhio.net\/prodotto\/ringhio-saetta\/#primaryimage","url":"https:\/\/ringhio.net\/wp-content\/uploads\/2024\/12\/gioco-saetta-furmine-rosso-01.jpg","contentUrl":"https:\/\/ringhio.net\/wp-content\/uploads\/2024\/12\/gioco-saetta-furmine-rosso-01.jpg","width":1000,"height":1000},{"@type":"BreadcrumbList","@id":"https:\/\/ringhio.net\/prodotto\/ringhio-saetta\/#breadcrumb","itemListElement":[{"@type":"ListItem","position":1,"name":"Shop","item":"https:\/\/ringhio.net\/de\/shop\/"},{"@type":"ListItem","position":2,"name":"Ringhio Saetta"}]},{"@type":"WebSite","@id":"https:\/\/ringhio.net\/#website","url":"https:\/\/ringhio.net\/","name":"Ringhio","description":"Reinvent dog equipment","publisher":{"@id":"https:\/\/ringhio.net\/#organization"},"potentialAction":[{"@type":"SearchAction","target":{"@type":"EntryPoint","urlTemplate":"https:\/\/ringhio.net\/?s={search_term_string}"},"query-input":{"@type":"PropertyValueSpecification","valueRequired":true,"valueName":"search_term_string"}}],"inLanguage":"de"},{"@type":"Organization","@id":"https:\/\/ringhio.net\/#organization","name":"Ringhio","url":"https:\/\/ringhio.net\/","logo":{"@type":"ImageObject","inLanguage":"de","@id":"https:\/\/ringhio.net\/#\/schema\/logo\/image\/","url":"https:\/\/ringhio.net\/wp-content\/uploads\/2020\/02\/ringhio-logo-66px.png","contentUrl":"https:\/\/ringhio.net\/wp-content\/uploads\/2020\/02\/ringhio-logo-66px.png","width":195,"height":72,"caption":"Ringhio"},"image":{"@id":"https:\/\/ringhio.net\/#\/schema\/logo\/image\/"}}]}},"_links":{"self":[{"href":"https:\/\/ringhio.net\/de\/wp-json\/wp\/v2\/product\/75163","targetHints":{"allow":["GET"]}}],"collection":[{"href":"https:\/\/ringhio.net\/de\/wp-json\/wp\/v2\/product"}],"about":[{"href":"https:\/\/ringhio.net\/de\/wp-json\/wp\/v2\/types\/product"}],"version-history":[{"count":0,"href":"https:\/\/ringhio.net\/de\/wp-json\/wp\/v2\/product\/75163\/revisions"}],"wp:featuredmedia":[{"embeddable":true,"href":"https:\/\/ringhio.net\/de\/wp-json\/wp\/v2\/media\/74462"}],"wp:attachment":[{"href":"https:\/\/ringhio.net\/de\/wp-json\/wp\/v2\/media?parent=75163"}],"wp:term":[{"taxonomy":"product_cat","embeddable":true,"href":"https:\/\/ringhio.net\/de\/wp-json\/wp\/v2\/product_cat?post=75163"},{"taxonomy":"product_tag","embeddable":true,"href":"https:\/\/ringhio.net\/de\/wp-json\/wp\/v2\/product_tag?post=75163"}],"curies":[{"name":"wp","href":"https:\/\/api.w.org\/{rel}","templated":true}]}}