{"id":75108,"date":"2024-12-12T12:15:35","date_gmt":"2024-12-12T11:15:35","guid":{"rendered":"https:\/\/ringhio.net\/?post_type=product&#038;p=75108"},"modified":"2024-12-12T12:18:18","modified_gmt":"2024-12-12T11:18:18","slug":"ringhio-mop-mit-bandern-copia","status":"publish","type":"product","link":"https:\/\/ringhio.net\/de\/prodotto\/ringhio-mop-mit-bandern-copia\/","title":{"rendered":"Ringhio Mop mit Ball"},"content":{"rendered":"<p><strong>Zerrspielzeug f\u00fcr Hunde &#8211; Mopstoff und sto\u00dfd\u00e4mpfendes Gummiband<\/strong><br \/>\nSchenken Sie Ihrem Hund stundenlangen Spa\u00df mit unserem Zerrspielzeug aus Mopstoff.<br \/>\nEntwickelt, um maximalen Spielspa\u00df zu bieten, kombiniert dieses Zubeh\u00f6r hochwertige Materialien mit einer Konstruktion, die auf die Bed\u00fcrfnisse Ihres Hundes abgestimmt ist.<\/p>\n<p><strong>Hauptmerkmale:<\/strong><br \/>\n<strong>Hochwertiges Material:<\/strong><br \/>\nHergestellt aus Mopstoff, weich und langlebig, der das Interesse Ihres Hundes weckt.<br \/>\nDas Innere des Spielzeugs ist gepolstert, um beim Bei\u00dfen f\u00fcr mehr Zufriedenheit zu sorgen und das Erlebnis angenehmer und lohnender zu gestalten.<\/p>\n<p><strong>Funktionales Design:<\/strong><br \/>\nAusgestattet mit einem robusten Gummiband, das Tauziehen erm\u00f6glicht und ein interaktives Element hinzuf\u00fcgt.<br \/>\nDas Gummiband hilft auch, St\u00f6\u00dfe zu d\u00e4mpfen, und sch\u00fctzt sowohl Sie als auch Ihren Hund w\u00e4hrend des Spiels.<\/p>\n<p><strong>Warum unser Zerrspielzeug w\u00e4hlen:<\/strong><br \/>\n<strong>Stimulierend und Spa\u00dfig:<\/strong><br \/>\nDer Mopstoff und die innere Polsterung bieten Ihrem Hund ein realistisches und angenehmes Gef\u00fchl und regen seinen nat\u00fcrlichen Instinkt zum Bei\u00dfen und Greifen an.<br \/>\n<strong>Interaktivit\u00e4t:<\/strong><br \/>\nDas integrierte Gummiband macht das Spielzeug dynamischer und spannender \u2013 perfekt, um gemeinsam zu spielen und die Bindung zu Ihrem Hund zu st\u00e4rken.<br \/>\n<strong>Sicherheit und Haltbarkeit:<\/strong><br \/>\nAusgew\u00e4hlte Materialien sorgen f\u00fcr die Sicherheit Ihres Hundes und eine lange Produktlebensdauer, selbst nach vielen intensiven Spielsitzungen.<\/p>\n<p><strong>Bestellen Sie jetzt unser Zerrspielzeug f\u00fcr Hunde und machen Sie jede Spielzeit zu einem einzigartigen und spa\u00dfigen Erlebnis f\u00fcr Ihren vierbeinigen Freund!<\/strong><\/p>\n","protected":false},"excerpt":{"rendered":"<p>Zerrspielzeug f\u00fcr Hunde<\/p>\n","protected":false},"featured_media":74558,"template":"","meta":{"_acf_changed":false},"product_cat":[432],"product_tag":[],"class_list":{"0":"post-75108","1":"product","2":"type-product","3":"status-publish","4":"has-post-thumbnail","6":"product_cat-spielzeuge","8":"first","9":"instock","10":"shipping-taxable","11":"purchasable","12":"product-type-variable"},"acf":[],"yoast_head":"<!-- This site is optimized with the Yoast SEO plugin v27.3 - https:\/\/yoast.com\/product\/yoast-seo-wordpress\/ -->\n<title>Ringhio Mop mit Ball - Ringhio<\/title>\n<meta name=\"robots\" content=\"index, follow, max-snippet:-1, max-image-preview:large, max-video-preview:-1\" \/>\n<link rel=\"canonical\" href=\"https:\/\/ringhio.net\/de\/prodotto\/ringhio-mop-mit-bandern-copia\/\" \/>\n<meta property=\"og:locale\" content=\"de_DE\" \/>\n<meta property=\"og:type\" content=\"article\" \/>\n<meta property=\"og:title\" content=\"Ringhio Mop mit Ball - Ringhio\" \/>\n<meta property=\"og:description\" content=\"Zerrspielzeug f\u00fcr Hunde\" \/>\n<meta property=\"og:url\" content=\"https:\/\/ringhio.net\/de\/prodotto\/ringhio-mop-mit-bandern-copia\/\" \/>\n<meta property=\"og:site_name\" content=\"Ringhio\" \/>\n<meta property=\"article:modified_time\" content=\"2024-12-12T11:18:18+00:00\" \/>\n<meta property=\"og:image\" content=\"https:\/\/ringhio.net\/wp-content\/uploads\/2024\/12\/tug-mop-palla-1.jpg\" \/>\n\t<meta property=\"og:image:width\" content=\"1000\" \/>\n\t<meta property=\"og:image:height\" content=\"1000\" \/>\n\t<meta property=\"og:image:type\" content=\"image\/jpeg\" \/>\n<meta name=\"twitter:card\" content=\"summary_large_image\" \/>\n<meta name=\"twitter:label1\" content=\"Gesch\u00e4tzte Lesezeit\" \/>\n\t<meta name=\"twitter:data1\" content=\"1\u00a0Minute\" \/>\n<script type=\"application\/ld+json\" class=\"yoast-schema-graph\">{\"@context\":\"https:\\\/\\\/schema.org\",\"@graph\":[{\"@type\":\"WebPage\",\"@id\":\"https:\\\/\\\/ringhio.net\\\/de\\\/prodotto\\\/ringhio-mop-mit-bandern-copia\\\/\",\"url\":\"https:\\\/\\\/ringhio.net\\\/de\\\/prodotto\\\/ringhio-mop-mit-bandern-copia\\\/\",\"name\":\"Ringhio Mop mit Ball - Ringhio\",\"isPartOf\":{\"@id\":\"https:\\\/\\\/ringhio.net\\\/#website\"},\"primaryImageOfPage\":{\"@id\":\"https:\\\/\\\/ringhio.net\\\/de\\\/prodotto\\\/ringhio-mop-mit-bandern-copia\\\/#primaryimage\"},\"image\":{\"@id\":\"https:\\\/\\\/ringhio.net\\\/de\\\/prodotto\\\/ringhio-mop-mit-bandern-copia\\\/#primaryimage\"},\"thumbnailUrl\":\"https:\\\/\\\/ringhio.net\\\/wp-content\\\/uploads\\\/2024\\\/12\\\/tug-mop-palla-1.jpg\",\"datePublished\":\"2024-12-12T11:15:35+00:00\",\"dateModified\":\"2024-12-12T11:18:18+00:00\",\"breadcrumb\":{\"@id\":\"https:\\\/\\\/ringhio.net\\\/de\\\/prodotto\\\/ringhio-mop-mit-bandern-copia\\\/#breadcrumb\"},\"inLanguage\":\"de\",\"potentialAction\":[{\"@type\":\"ReadAction\",\"target\":[\"https:\\\/\\\/ringhio.net\\\/de\\\/prodotto\\\/ringhio-mop-mit-bandern-copia\\\/\"]}]},{\"@type\":\"ImageObject\",\"inLanguage\":\"de\",\"@id\":\"https:\\\/\\\/ringhio.net\\\/de\\\/prodotto\\\/ringhio-mop-mit-bandern-copia\\\/#primaryimage\",\"url\":\"https:\\\/\\\/ringhio.net\\\/wp-content\\\/uploads\\\/2024\\\/12\\\/tug-mop-palla-1.jpg\",\"contentUrl\":\"https:\\\/\\\/ringhio.net\\\/wp-content\\\/uploads\\\/2024\\\/12\\\/tug-mop-palla-1.jpg\",\"width\":1000,\"height\":1000},{\"@type\":\"BreadcrumbList\",\"@id\":\"https:\\\/\\\/ringhio.net\\\/de\\\/prodotto\\\/ringhio-mop-mit-bandern-copia\\\/#breadcrumb\",\"itemListElement\":[{\"@type\":\"ListItem\",\"position\":1,\"name\":\"Shop\",\"item\":\"https:\\\/\\\/ringhio.net\\\/de\\\/shop\\\/\"},{\"@type\":\"ListItem\",\"position\":2,\"name\":\"Ringhio Mop mit Ball\"}]},{\"@type\":\"WebSite\",\"@id\":\"https:\\\/\\\/ringhio.net\\\/#website\",\"url\":\"https:\\\/\\\/ringhio.net\\\/\",\"name\":\"Ringhio\",\"description\":\"Reinvent dog equipment\",\"publisher\":{\"@id\":\"https:\\\/\\\/ringhio.net\\\/#organization\"},\"potentialAction\":[{\"@type\":\"SearchAction\",\"target\":{\"@type\":\"EntryPoint\",\"urlTemplate\":\"https:\\\/\\\/ringhio.net\\\/?s={search_term_string}\"},\"query-input\":{\"@type\":\"PropertyValueSpecification\",\"valueRequired\":true,\"valueName\":\"search_term_string\"}}],\"inLanguage\":\"de\"},{\"@type\":\"Organization\",\"@id\":\"https:\\\/\\\/ringhio.net\\\/#organization\",\"name\":\"Ringhio\",\"url\":\"https:\\\/\\\/ringhio.net\\\/\",\"logo\":{\"@type\":\"ImageObject\",\"inLanguage\":\"de\",\"@id\":\"https:\\\/\\\/ringhio.net\\\/#\\\/schema\\\/logo\\\/image\\\/\",\"url\":\"https:\\\/\\\/ringhio.net\\\/wp-content\\\/uploads\\\/2020\\\/02\\\/ringhio-logo-66px.png\",\"contentUrl\":\"https:\\\/\\\/ringhio.net\\\/wp-content\\\/uploads\\\/2020\\\/02\\\/ringhio-logo-66px.png\",\"width\":195,\"height\":72,\"caption\":\"Ringhio\"},\"image\":{\"@id\":\"https:\\\/\\\/ringhio.net\\\/#\\\/schema\\\/logo\\\/image\\\/\"}}]}<\/script>\n<!-- \/ Yoast SEO plugin. -->","yoast_head_json":{"title":"Ringhio Mop mit Ball - Ringhio","robots":{"index":"index","follow":"follow","max-snippet":"max-snippet:-1","max-image-preview":"max-image-preview:large","max-video-preview":"max-video-preview:-1"},"canonical":"https:\/\/ringhio.net\/de\/prodotto\/ringhio-mop-mit-bandern-copia\/","og_locale":"de_DE","og_type":"article","og_title":"Ringhio Mop mit Ball - Ringhio","og_description":"Zerrspielzeug f\u00fcr Hunde","og_url":"https:\/\/ringhio.net\/de\/prodotto\/ringhio-mop-mit-bandern-copia\/","og_site_name":"Ringhio","article_modified_time":"2024-12-12T11:18:18+00:00","og_image":[{"width":1000,"height":1000,"url":"https:\/\/ringhio.net\/wp-content\/uploads\/2024\/12\/tug-mop-palla-1.jpg","type":"image\/jpeg"}],"twitter_card":"summary_large_image","twitter_misc":{"Gesch\u00e4tzte Lesezeit":"1\u00a0Minute"},"schema":{"@context":"https:\/\/schema.org","@graph":[{"@type":"WebPage","@id":"https:\/\/ringhio.net\/de\/prodotto\/ringhio-mop-mit-bandern-copia\/","url":"https:\/\/ringhio.net\/de\/prodotto\/ringhio-mop-mit-bandern-copia\/","name":"Ringhio Mop mit Ball - Ringhio","isPartOf":{"@id":"https:\/\/ringhio.net\/#website"},"primaryImageOfPage":{"@id":"https:\/\/ringhio.net\/de\/prodotto\/ringhio-mop-mit-bandern-copia\/#primaryimage"},"image":{"@id":"https:\/\/ringhio.net\/de\/prodotto\/ringhio-mop-mit-bandern-copia\/#primaryimage"},"thumbnailUrl":"https:\/\/ringhio.net\/wp-content\/uploads\/2024\/12\/tug-mop-palla-1.jpg","datePublished":"2024-12-12T11:15:35+00:00","dateModified":"2024-12-12T11:18:18+00:00","breadcrumb":{"@id":"https:\/\/ringhio.net\/de\/prodotto\/ringhio-mop-mit-bandern-copia\/#breadcrumb"},"inLanguage":"de","potentialAction":[{"@type":"ReadAction","target":["https:\/\/ringhio.net\/de\/prodotto\/ringhio-mop-mit-bandern-copia\/"]}]},{"@type":"ImageObject","inLanguage":"de","@id":"https:\/\/ringhio.net\/de\/prodotto\/ringhio-mop-mit-bandern-copia\/#primaryimage","url":"https:\/\/ringhio.net\/wp-content\/uploads\/2024\/12\/tug-mop-palla-1.jpg","contentUrl":"https:\/\/ringhio.net\/wp-content\/uploads\/2024\/12\/tug-mop-palla-1.jpg","width":1000,"height":1000},{"@type":"BreadcrumbList","@id":"https:\/\/ringhio.net\/de\/prodotto\/ringhio-mop-mit-bandern-copia\/#breadcrumb","itemListElement":[{"@type":"ListItem","position":1,"name":"Shop","item":"https:\/\/ringhio.net\/de\/shop\/"},{"@type":"ListItem","position":2,"name":"Ringhio Mop mit Ball"}]},{"@type":"WebSite","@id":"https:\/\/ringhio.net\/#website","url":"https:\/\/ringhio.net\/","name":"Ringhio","description":"Reinvent dog equipment","publisher":{"@id":"https:\/\/ringhio.net\/#organization"},"potentialAction":[{"@type":"SearchAction","target":{"@type":"EntryPoint","urlTemplate":"https:\/\/ringhio.net\/?s={search_term_string}"},"query-input":{"@type":"PropertyValueSpecification","valueRequired":true,"valueName":"search_term_string"}}],"inLanguage":"de"},{"@type":"Organization","@id":"https:\/\/ringhio.net\/#organization","name":"Ringhio","url":"https:\/\/ringhio.net\/","logo":{"@type":"ImageObject","inLanguage":"de","@id":"https:\/\/ringhio.net\/#\/schema\/logo\/image\/","url":"https:\/\/ringhio.net\/wp-content\/uploads\/2020\/02\/ringhio-logo-66px.png","contentUrl":"https:\/\/ringhio.net\/wp-content\/uploads\/2020\/02\/ringhio-logo-66px.png","width":195,"height":72,"caption":"Ringhio"},"image":{"@id":"https:\/\/ringhio.net\/#\/schema\/logo\/image\/"}}]}},"_links":{"self":[{"href":"https:\/\/ringhio.net\/de\/wp-json\/wp\/v2\/product\/75108","targetHints":{"allow":["GET"]}}],"collection":[{"href":"https:\/\/ringhio.net\/de\/wp-json\/wp\/v2\/product"}],"about":[{"href":"https:\/\/ringhio.net\/de\/wp-json\/wp\/v2\/types\/product"}],"version-history":[{"count":0,"href":"https:\/\/ringhio.net\/de\/wp-json\/wp\/v2\/product\/75108\/revisions"}],"wp:featuredmedia":[{"embeddable":true,"href":"https:\/\/ringhio.net\/de\/wp-json\/wp\/v2\/media\/74558"}],"wp:attachment":[{"href":"https:\/\/ringhio.net\/de\/wp-json\/wp\/v2\/media?parent=75108"}],"wp:term":[{"taxonomy":"product_cat","embeddable":true,"href":"https:\/\/ringhio.net\/de\/wp-json\/wp\/v2\/product_cat?post=75108"},{"taxonomy":"product_tag","embeddable":true,"href":"https:\/\/ringhio.net\/de\/wp-json\/wp\/v2\/product_tag?post=75108"}],"curies":[{"name":"wp","href":"https:\/\/api.w.org\/{rel}","templated":true}]}}