{"id":71128,"date":"2022-03-22T17:26:14","date_gmt":"2022-03-22T16:26:14","guid":{"rendered":"https:\/\/ringhio.net\/prodotto\/ustrapulco-mini-ausziehbare-hundeleine\/"},"modified":"2025-10-31T13:32:26","modified_gmt":"2025-10-31T12:32:26","slug":"ustrapulco-mini-ausziehbare-hundeleine","status":"publish","type":"product","link":"https:\/\/ringhio.net\/de\/prodotto\/ustrapulco-mini-ausziehbare-hundeleine\/","title":{"rendered":"ustrapulco MINI ausziehbare Hundeleine"},"content":{"rendered":"<p>Dies ist die <strong>MINI<\/strong>-Linie der Ringhio-Leinen, empfohlen f\u00fcr Hunde <strong>bis zu 6 kg.<\/strong><br \/>\n<strong>Ringhio Verl\u00e4ngerbare Leinen<\/strong>: Exzellenz in Flexibilit\u00e4t und Innovation. Hergestellt aus den gleichen <strong>hochwertigen Seilen<\/strong> wie unsere festen Leinen, sind diese verl\u00e4ngerbaren Leinen in <strong>multifilem Polypropylen oder Nylon<\/strong> erh\u00e4ltlich. Beide Materialien sind mit der gleichen Technik wie Kletterseile geflochten, was St\u00e4rke und Haltbarkeit im Laufe der Zeit gew\u00e4hrleistet.<\/p>\n<p>Diese Leinen verf\u00fcgen \u00fcber einen <strong>bidirektionalen Knoten<\/strong>, der eine einfache Einstellung der Leinenl\u00e4nge erm\u00f6glicht und maximale Vielseitigkeit beim Spazierengehen bietet.<br \/>\n<strong>Sie sind in drei Gr\u00f6\u00dfen erh\u00e4ltlich:<\/strong><br \/>\n120 cm verl\u00e4ngerbar auf 180 cm<br \/>\n170 cm verl\u00e4ngerbar auf 3 Meter<br \/>\n270 cm verl\u00e4ngerbar auf 5 Meter<\/p>\n<p>Erh\u00e4ltlich mit dem klassischen Schnellverschlusskarabiner, der Praktikabilit\u00e4t und Sicherheit gew\u00e4hrleistet.<\/p>\n<p>Die Leinen k\u00f6nnen von Hand mit <strong>Marseille-Seife bei 30 Grad<\/strong> gewaschen werden, damit sie sauber und in einwandfreiem Zustand bleiben.<\/p>\n<p>W\u00e4hlen Sie die <strong>Ringhio Verl\u00e4ngerbare Leinen<\/strong> f\u00fcr die perfekte Mischung aus Flexibilit\u00e4t, Sicherheit und Stil. Dieses Produkt ist unser Flaggschiff, getestet und von Hundef\u00fchrern genehmigt, und zeichnet die Marke Ringhio durch Innovation und Qualit\u00e4t aus. Dieses Produkt wird handgefertigt in Italien.<\/p>\n<p>#reinventdogequipment<\/p>\n<p>25\u20ac 1,80 Meter mit klassischem Karabiner<br \/>\n29\u20ac 3,00 Meter mit klassischem Karabiner<br \/>\n34\u20ac 5,00 Meter mit klassischem Karabiner<\/p>\n","protected":false},"excerpt":{"rendered":"<p>Dies ist die MINI-Linie der Ringhio-Leinen, empfohlen f\u00fcr Hunde bis zu 6 kg. Ringhio Verl\u00e4ngerbare Leinen: Exzellenz in Flexibilit\u00e4t und Innovation. Hergestellt aus den gleichen hochwertigen Seilen wie unsere festen Leinen, sind diese verl\u00e4ngerbaren Leinen in multifilem Polypropylen oder Nylon erh\u00e4ltlich. Beide Materialien sind mit der gleichen Technik wie Kletterseile geflochten, was St\u00e4rke und Haltbarkeit [&hellip;]<\/p>\n","protected":false},"featured_media":57232,"template":"","meta":{"_acf_changed":false},"product_cat":[502],"product_tag":[],"class_list":{"0":"post-71128","1":"product","2":"type-product","3":"status-publish","4":"has-post-thumbnail","6":"product_cat-verstellbare-mini-seilleinen","8":"first","9":"instock","10":"purchasable","11":"product-type-variable"},"acf":[],"yoast_head":"<!-- This site is optimized with the Yoast SEO plugin v27.3 - https:\/\/yoast.com\/product\/yoast-seo-wordpress\/ -->\n<title>ustrapulco MINI ausziehbare Hundeleine - Ringhio<\/title>\n<meta name=\"robots\" content=\"index, follow, max-snippet:-1, max-image-preview:large, max-video-preview:-1\" \/>\n<link rel=\"canonical\" href=\"https:\/\/ringhio.net\/prodotto\/guinzaglio-allungabile-austrapulco-mini\/\" \/>\n<meta property=\"og:locale\" content=\"de_DE\" \/>\n<meta property=\"og:type\" content=\"article\" \/>\n<meta property=\"og:title\" content=\"ustrapulco MINI ausziehbare Hundeleine - Ringhio\" \/>\n<meta property=\"og:description\" content=\"Dies ist die MINI-Linie der Ringhio-Leinen, empfohlen f\u00fcr Hunde bis zu 6 kg. Ringhio Verl\u00e4ngerbare Leinen: Exzellenz in Flexibilit\u00e4t und Innovation. Hergestellt aus den gleichen hochwertigen Seilen wie unsere festen Leinen, sind diese verl\u00e4ngerbaren Leinen in multifilem Polypropylen oder Nylon erh\u00e4ltlich. Beide Materialien sind mit der gleichen Technik wie Kletterseile geflochten, was St\u00e4rke und Haltbarkeit [&hellip;]\" \/>\n<meta property=\"og:url\" content=\"https:\/\/ringhio.net\/prodotto\/guinzaglio-allungabile-austrapulco-mini\/\" \/>\n<meta property=\"og:site_name\" content=\"Ringhio\" \/>\n<meta property=\"article:modified_time\" content=\"2025-10-31T12:32:26+00:00\" \/>\n<meta property=\"og:image\" content=\"https:\/\/ringhio.net\/wp-content\/uploads\/2022\/03\/austrapulco-1.jpg\" \/>\n\t<meta property=\"og:image:width\" content=\"1000\" \/>\n\t<meta property=\"og:image:height\" content=\"1000\" \/>\n\t<meta property=\"og:image:type\" content=\"image\/jpeg\" \/>\n<meta name=\"twitter:card\" content=\"summary_large_image\" \/>\n<meta name=\"twitter:label1\" content=\"Gesch\u00e4tzte Lesezeit\" \/>\n\t<meta name=\"twitter:data1\" content=\"1\u00a0Minute\" \/>\n<script type=\"application\/ld+json\" class=\"yoast-schema-graph\">{\"@context\":\"https:\\\/\\\/schema.org\",\"@graph\":[{\"@type\":\"WebPage\",\"@id\":\"https:\\\/\\\/ringhio.net\\\/prodotto\\\/guinzaglio-allungabile-austrapulco-mini\\\/\",\"url\":\"https:\\\/\\\/ringhio.net\\\/prodotto\\\/guinzaglio-allungabile-austrapulco-mini\\\/\",\"name\":\"ustrapulco MINI ausziehbare Hundeleine - Ringhio\",\"isPartOf\":{\"@id\":\"https:\\\/\\\/ringhio.net\\\/#website\"},\"primaryImageOfPage\":{\"@id\":\"https:\\\/\\\/ringhio.net\\\/prodotto\\\/guinzaglio-allungabile-austrapulco-mini\\\/#primaryimage\"},\"image\":{\"@id\":\"https:\\\/\\\/ringhio.net\\\/prodotto\\\/guinzaglio-allungabile-austrapulco-mini\\\/#primaryimage\"},\"thumbnailUrl\":\"https:\\\/\\\/ringhio.net\\\/wp-content\\\/uploads\\\/2022\\\/03\\\/austrapulco-1.jpg\",\"datePublished\":\"2022-03-22T16:26:14+00:00\",\"dateModified\":\"2025-10-31T12:32:26+00:00\",\"breadcrumb\":{\"@id\":\"https:\\\/\\\/ringhio.net\\\/prodotto\\\/guinzaglio-allungabile-austrapulco-mini\\\/#breadcrumb\"},\"inLanguage\":\"de\",\"potentialAction\":[{\"@type\":\"ReadAction\",\"target\":[\"https:\\\/\\\/ringhio.net\\\/prodotto\\\/guinzaglio-allungabile-austrapulco-mini\\\/\"]}]},{\"@type\":\"ImageObject\",\"inLanguage\":\"de\",\"@id\":\"https:\\\/\\\/ringhio.net\\\/prodotto\\\/guinzaglio-allungabile-austrapulco-mini\\\/#primaryimage\",\"url\":\"https:\\\/\\\/ringhio.net\\\/wp-content\\\/uploads\\\/2022\\\/03\\\/austrapulco-1.jpg\",\"contentUrl\":\"https:\\\/\\\/ringhio.net\\\/wp-content\\\/uploads\\\/2022\\\/03\\\/austrapulco-1.jpg\",\"width\":1000,\"height\":1000},{\"@type\":\"BreadcrumbList\",\"@id\":\"https:\\\/\\\/ringhio.net\\\/prodotto\\\/guinzaglio-allungabile-austrapulco-mini\\\/#breadcrumb\",\"itemListElement\":[{\"@type\":\"ListItem\",\"position\":1,\"name\":\"Shop\",\"item\":\"https:\\\/\\\/ringhio.net\\\/de\\\/shop\\\/\"},{\"@type\":\"ListItem\",\"position\":2,\"name\":\"ustrapulco MINI ausziehbare Hundeleine\"}]},{\"@type\":\"WebSite\",\"@id\":\"https:\\\/\\\/ringhio.net\\\/#website\",\"url\":\"https:\\\/\\\/ringhio.net\\\/\",\"name\":\"Ringhio\",\"description\":\"Reinvent dog equipment\",\"publisher\":{\"@id\":\"https:\\\/\\\/ringhio.net\\\/#organization\"},\"potentialAction\":[{\"@type\":\"SearchAction\",\"target\":{\"@type\":\"EntryPoint\",\"urlTemplate\":\"https:\\\/\\\/ringhio.net\\\/?s={search_term_string}\"},\"query-input\":{\"@type\":\"PropertyValueSpecification\",\"valueRequired\":true,\"valueName\":\"search_term_string\"}}],\"inLanguage\":\"de\"},{\"@type\":\"Organization\",\"@id\":\"https:\\\/\\\/ringhio.net\\\/#organization\",\"name\":\"Ringhio\",\"url\":\"https:\\\/\\\/ringhio.net\\\/\",\"logo\":{\"@type\":\"ImageObject\",\"inLanguage\":\"de\",\"@id\":\"https:\\\/\\\/ringhio.net\\\/#\\\/schema\\\/logo\\\/image\\\/\",\"url\":\"https:\\\/\\\/ringhio.net\\\/wp-content\\\/uploads\\\/2020\\\/02\\\/ringhio-logo-66px.png\",\"contentUrl\":\"https:\\\/\\\/ringhio.net\\\/wp-content\\\/uploads\\\/2020\\\/02\\\/ringhio-logo-66px.png\",\"width\":195,\"height\":72,\"caption\":\"Ringhio\"},\"image\":{\"@id\":\"https:\\\/\\\/ringhio.net\\\/#\\\/schema\\\/logo\\\/image\\\/\"}}]}<\/script>\n<!-- \/ Yoast SEO plugin. -->","yoast_head_json":{"title":"ustrapulco MINI ausziehbare Hundeleine - Ringhio","robots":{"index":"index","follow":"follow","max-snippet":"max-snippet:-1","max-image-preview":"max-image-preview:large","max-video-preview":"max-video-preview:-1"},"canonical":"https:\/\/ringhio.net\/prodotto\/guinzaglio-allungabile-austrapulco-mini\/","og_locale":"de_DE","og_type":"article","og_title":"ustrapulco MINI ausziehbare Hundeleine - Ringhio","og_description":"Dies ist die MINI-Linie der Ringhio-Leinen, empfohlen f\u00fcr Hunde bis zu 6 kg. Ringhio Verl\u00e4ngerbare Leinen: Exzellenz in Flexibilit\u00e4t und Innovation. Hergestellt aus den gleichen hochwertigen Seilen wie unsere festen Leinen, sind diese verl\u00e4ngerbaren Leinen in multifilem Polypropylen oder Nylon erh\u00e4ltlich. Beide Materialien sind mit der gleichen Technik wie Kletterseile geflochten, was St\u00e4rke und Haltbarkeit [&hellip;]","og_url":"https:\/\/ringhio.net\/prodotto\/guinzaglio-allungabile-austrapulco-mini\/","og_site_name":"Ringhio","article_modified_time":"2025-10-31T12:32:26+00:00","og_image":[{"width":1000,"height":1000,"url":"https:\/\/ringhio.net\/wp-content\/uploads\/2022\/03\/austrapulco-1.jpg","type":"image\/jpeg"}],"twitter_card":"summary_large_image","twitter_misc":{"Gesch\u00e4tzte Lesezeit":"1\u00a0Minute"},"schema":{"@context":"https:\/\/schema.org","@graph":[{"@type":"WebPage","@id":"https:\/\/ringhio.net\/prodotto\/guinzaglio-allungabile-austrapulco-mini\/","url":"https:\/\/ringhio.net\/prodotto\/guinzaglio-allungabile-austrapulco-mini\/","name":"ustrapulco MINI ausziehbare Hundeleine - Ringhio","isPartOf":{"@id":"https:\/\/ringhio.net\/#website"},"primaryImageOfPage":{"@id":"https:\/\/ringhio.net\/prodotto\/guinzaglio-allungabile-austrapulco-mini\/#primaryimage"},"image":{"@id":"https:\/\/ringhio.net\/prodotto\/guinzaglio-allungabile-austrapulco-mini\/#primaryimage"},"thumbnailUrl":"https:\/\/ringhio.net\/wp-content\/uploads\/2022\/03\/austrapulco-1.jpg","datePublished":"2022-03-22T16:26:14+00:00","dateModified":"2025-10-31T12:32:26+00:00","breadcrumb":{"@id":"https:\/\/ringhio.net\/prodotto\/guinzaglio-allungabile-austrapulco-mini\/#breadcrumb"},"inLanguage":"de","potentialAction":[{"@type":"ReadAction","target":["https:\/\/ringhio.net\/prodotto\/guinzaglio-allungabile-austrapulco-mini\/"]}]},{"@type":"ImageObject","inLanguage":"de","@id":"https:\/\/ringhio.net\/prodotto\/guinzaglio-allungabile-austrapulco-mini\/#primaryimage","url":"https:\/\/ringhio.net\/wp-content\/uploads\/2022\/03\/austrapulco-1.jpg","contentUrl":"https:\/\/ringhio.net\/wp-content\/uploads\/2022\/03\/austrapulco-1.jpg","width":1000,"height":1000},{"@type":"BreadcrumbList","@id":"https:\/\/ringhio.net\/prodotto\/guinzaglio-allungabile-austrapulco-mini\/#breadcrumb","itemListElement":[{"@type":"ListItem","position":1,"name":"Shop","item":"https:\/\/ringhio.net\/de\/shop\/"},{"@type":"ListItem","position":2,"name":"ustrapulco MINI ausziehbare Hundeleine"}]},{"@type":"WebSite","@id":"https:\/\/ringhio.net\/#website","url":"https:\/\/ringhio.net\/","name":"Ringhio","description":"Reinvent dog equipment","publisher":{"@id":"https:\/\/ringhio.net\/#organization"},"potentialAction":[{"@type":"SearchAction","target":{"@type":"EntryPoint","urlTemplate":"https:\/\/ringhio.net\/?s={search_term_string}"},"query-input":{"@type":"PropertyValueSpecification","valueRequired":true,"valueName":"search_term_string"}}],"inLanguage":"de"},{"@type":"Organization","@id":"https:\/\/ringhio.net\/#organization","name":"Ringhio","url":"https:\/\/ringhio.net\/","logo":{"@type":"ImageObject","inLanguage":"de","@id":"https:\/\/ringhio.net\/#\/schema\/logo\/image\/","url":"https:\/\/ringhio.net\/wp-content\/uploads\/2020\/02\/ringhio-logo-66px.png","contentUrl":"https:\/\/ringhio.net\/wp-content\/uploads\/2020\/02\/ringhio-logo-66px.png","width":195,"height":72,"caption":"Ringhio"},"image":{"@id":"https:\/\/ringhio.net\/#\/schema\/logo\/image\/"}}]}},"_links":{"self":[{"href":"https:\/\/ringhio.net\/de\/wp-json\/wp\/v2\/product\/71128","targetHints":{"allow":["GET"]}}],"collection":[{"href":"https:\/\/ringhio.net\/de\/wp-json\/wp\/v2\/product"}],"about":[{"href":"https:\/\/ringhio.net\/de\/wp-json\/wp\/v2\/types\/product"}],"version-history":[{"count":0,"href":"https:\/\/ringhio.net\/de\/wp-json\/wp\/v2\/product\/71128\/revisions"}],"wp:featuredmedia":[{"embeddable":true,"href":"https:\/\/ringhio.net\/de\/wp-json\/wp\/v2\/media\/57232"}],"wp:attachment":[{"href":"https:\/\/ringhio.net\/de\/wp-json\/wp\/v2\/media?parent=71128"}],"wp:term":[{"taxonomy":"product_cat","embeddable":true,"href":"https:\/\/ringhio.net\/de\/wp-json\/wp\/v2\/product_cat?post=71128"},{"taxonomy":"product_tag","embeddable":true,"href":"https:\/\/ringhio.net\/de\/wp-json\/wp\/v2\/product_tag?post=71128"}],"curies":[{"name":"wp","href":"https:\/\/api.w.org\/{rel}","templated":true}]}}