{"id":66909,"date":"2024-02-05T11:21:20","date_gmt":"2024-02-05T10:21:20","guid":{"rendered":"https:\/\/ringhio.net\/prodotto\/verstellbare-retriever-leinen-kelsa\/"},"modified":"2025-01-16T09:24:21","modified_gmt":"2025-01-16T08:24:21","slug":"verstellbare-retriever-leinen-kelsa","status":"publish","type":"product","link":"https:\/\/ringhio.net\/de\/prodotto\/verstellbare-retriever-leinen-kelsa\/","title":{"rendered":"Verstellbare Retriever Leinen Kelsa"},"content":{"rendered":"<p><strong>Ringhio Verstellbare Retriever Leinen<\/strong>: Die Perfekte Wahl f\u00fcr Sportliche Aktivit\u00e4ten und Training<\/p>\n<p>Die verstellbaren Retriever Leinen von Ringhio sind mit einem integrierten Halsband ausgestattet, wodurch ein separates Halsband \u00fcberfl\u00fcssig wird und eine optimale Kontrolle \u00fcber Ihren Hund gew\u00e4hrleistet ist.<\/p>\n<p>Diese Leinen sind auch mit einem bidirektionalen Prusik-Knoten ausgestattet, der eine einfache Anpassung der Leinenl\u00e4nge erm\u00f6glicht und maximale Vielseitigkeit beim Spaziergang bietet.<br \/>\nUnsere Retriever sind in der Standardgr\u00f6\u00dfe erh\u00e4ltlich:<br \/>\n<strong>120 cm verl\u00e4ngerbar auf bis zu 180 cm<\/strong><\/p>\n<p>Die Leinen k\u00f6nnen von Hand mit <strong>Marseiller Seife bei 30 Grad<\/strong> gewaschen werden, wodurch sie sauber und in ausgezeichnetem Zustand bleiben.<\/p>\n<p>W\u00e4hlen Sie die verstellbaren Leinen von Ringhio f\u00fcr eine perfekte <strong>Mischung aus Flexibilit\u00e4t, Sicherheit und Stil<\/strong>. Dieses Produkt ist unser Aush\u00e4ngeschild, getestet und von Hundeliebhabern genehmigt, und zeichnet die Marke Ringhio durch Innovation und Qualit\u00e4t aus.<br \/>\nDieses Produkt wird in Italien handgefertigt.<br \/>\n#reinventdogequipment<\/p>\n<p><strong>27\u20ac \u00a0 \u00a01,80 Meter retriever<\/strong><\/p>\n","protected":false},"excerpt":{"rendered":"<p>Verstellbare Retriever Leinen f\u00fcr Hunde<\/p>\n","protected":false},"featured_media":62584,"template":"","meta":{"_acf_changed":false},"product_cat":[440],"product_tag":[],"class_list":{"0":"post-66909","1":"product","2":"type-product","3":"status-publish","4":"has-post-thumbnail","6":"product_cat-verstellbare-retriever-seilleinen","8":"first","9":"instock","10":"purchasable","11":"product-type-simple"},"acf":[],"yoast_head":"<!-- This site is optimized with the Yoast SEO plugin v27.3 - https:\/\/yoast.com\/product\/yoast-seo-wordpress\/ -->\n<title>Verstellbare Retriever Leinen Kelsa - Ringhio<\/title>\n<meta name=\"robots\" content=\"index, follow, max-snippet:-1, max-image-preview:large, max-video-preview:-1\" \/>\n<link rel=\"canonical\" href=\"https:\/\/ringhio.net\/prodotto\/guinzaglio-retriever-kelsa\/\" \/>\n<meta property=\"og:locale\" content=\"de_DE\" \/>\n<meta property=\"og:type\" content=\"article\" \/>\n<meta property=\"og:title\" content=\"Verstellbare Retriever Leinen Kelsa - Ringhio\" \/>\n<meta property=\"og:description\" content=\"Verstellbare Retriever Leinen f\u00fcr Hunde\" \/>\n<meta property=\"og:url\" content=\"https:\/\/ringhio.net\/prodotto\/guinzaglio-retriever-kelsa\/\" \/>\n<meta property=\"og:site_name\" content=\"Ringhio\" \/>\n<meta property=\"article:modified_time\" content=\"2025-01-16T08:24:21+00:00\" \/>\n<meta property=\"og:image\" content=\"https:\/\/ringhio.net\/wp-content\/uploads\/2024\/02\/kelsa-retriever-1.jpg\" \/>\n\t<meta property=\"og:image:width\" content=\"1000\" \/>\n\t<meta property=\"og:image:height\" content=\"1000\" \/>\n\t<meta property=\"og:image:type\" content=\"image\/jpeg\" \/>\n<meta name=\"twitter:card\" content=\"summary_large_image\" \/>\n<meta name=\"twitter:label1\" content=\"Gesch\u00e4tzte Lesezeit\" \/>\n\t<meta name=\"twitter:data1\" content=\"1\u00a0Minute\" \/>\n<script type=\"application\/ld+json\" class=\"yoast-schema-graph\">{\"@context\":\"https:\\\/\\\/schema.org\",\"@graph\":[{\"@type\":\"WebPage\",\"@id\":\"https:\\\/\\\/ringhio.net\\\/prodotto\\\/guinzaglio-retriever-kelsa\\\/\",\"url\":\"https:\\\/\\\/ringhio.net\\\/prodotto\\\/guinzaglio-retriever-kelsa\\\/\",\"name\":\"Verstellbare Retriever Leinen Kelsa - Ringhio\",\"isPartOf\":{\"@id\":\"https:\\\/\\\/ringhio.net\\\/#website\"},\"primaryImageOfPage\":{\"@id\":\"https:\\\/\\\/ringhio.net\\\/prodotto\\\/guinzaglio-retriever-kelsa\\\/#primaryimage\"},\"image\":{\"@id\":\"https:\\\/\\\/ringhio.net\\\/prodotto\\\/guinzaglio-retriever-kelsa\\\/#primaryimage\"},\"thumbnailUrl\":\"https:\\\/\\\/ringhio.net\\\/wp-content\\\/uploads\\\/2024\\\/02\\\/kelsa-retriever-1.jpg\",\"datePublished\":\"2024-02-05T10:21:20+00:00\",\"dateModified\":\"2025-01-16T08:24:21+00:00\",\"breadcrumb\":{\"@id\":\"https:\\\/\\\/ringhio.net\\\/prodotto\\\/guinzaglio-retriever-kelsa\\\/#breadcrumb\"},\"inLanguage\":\"de\",\"potentialAction\":[{\"@type\":\"ReadAction\",\"target\":[\"https:\\\/\\\/ringhio.net\\\/prodotto\\\/guinzaglio-retriever-kelsa\\\/\"]}]},{\"@type\":\"ImageObject\",\"inLanguage\":\"de\",\"@id\":\"https:\\\/\\\/ringhio.net\\\/prodotto\\\/guinzaglio-retriever-kelsa\\\/#primaryimage\",\"url\":\"https:\\\/\\\/ringhio.net\\\/wp-content\\\/uploads\\\/2024\\\/02\\\/kelsa-retriever-1.jpg\",\"contentUrl\":\"https:\\\/\\\/ringhio.net\\\/wp-content\\\/uploads\\\/2024\\\/02\\\/kelsa-retriever-1.jpg\",\"width\":1000,\"height\":1000},{\"@type\":\"BreadcrumbList\",\"@id\":\"https:\\\/\\\/ringhio.net\\\/prodotto\\\/guinzaglio-retriever-kelsa\\\/#breadcrumb\",\"itemListElement\":[{\"@type\":\"ListItem\",\"position\":1,\"name\":\"Shop\",\"item\":\"https:\\\/\\\/ringhio.net\\\/de\\\/shop\\\/\"},{\"@type\":\"ListItem\",\"position\":2,\"name\":\"Verstellbare Retriever Leinen Kelsa\"}]},{\"@type\":\"WebSite\",\"@id\":\"https:\\\/\\\/ringhio.net\\\/#website\",\"url\":\"https:\\\/\\\/ringhio.net\\\/\",\"name\":\"Ringhio\",\"description\":\"Reinvent dog equipment\",\"publisher\":{\"@id\":\"https:\\\/\\\/ringhio.net\\\/#organization\"},\"potentialAction\":[{\"@type\":\"SearchAction\",\"target\":{\"@type\":\"EntryPoint\",\"urlTemplate\":\"https:\\\/\\\/ringhio.net\\\/?s={search_term_string}\"},\"query-input\":{\"@type\":\"PropertyValueSpecification\",\"valueRequired\":true,\"valueName\":\"search_term_string\"}}],\"inLanguage\":\"de\"},{\"@type\":\"Organization\",\"@id\":\"https:\\\/\\\/ringhio.net\\\/#organization\",\"name\":\"Ringhio\",\"url\":\"https:\\\/\\\/ringhio.net\\\/\",\"logo\":{\"@type\":\"ImageObject\",\"inLanguage\":\"de\",\"@id\":\"https:\\\/\\\/ringhio.net\\\/#\\\/schema\\\/logo\\\/image\\\/\",\"url\":\"https:\\\/\\\/ringhio.net\\\/wp-content\\\/uploads\\\/2020\\\/02\\\/ringhio-logo-66px.png\",\"contentUrl\":\"https:\\\/\\\/ringhio.net\\\/wp-content\\\/uploads\\\/2020\\\/02\\\/ringhio-logo-66px.png\",\"width\":195,\"height\":72,\"caption\":\"Ringhio\"},\"image\":{\"@id\":\"https:\\\/\\\/ringhio.net\\\/#\\\/schema\\\/logo\\\/image\\\/\"}}]}<\/script>\n<!-- \/ Yoast SEO plugin. -->","yoast_head_json":{"title":"Verstellbare Retriever Leinen Kelsa - Ringhio","robots":{"index":"index","follow":"follow","max-snippet":"max-snippet:-1","max-image-preview":"max-image-preview:large","max-video-preview":"max-video-preview:-1"},"canonical":"https:\/\/ringhio.net\/prodotto\/guinzaglio-retriever-kelsa\/","og_locale":"de_DE","og_type":"article","og_title":"Verstellbare Retriever Leinen Kelsa - Ringhio","og_description":"Verstellbare Retriever Leinen f\u00fcr Hunde","og_url":"https:\/\/ringhio.net\/prodotto\/guinzaglio-retriever-kelsa\/","og_site_name":"Ringhio","article_modified_time":"2025-01-16T08:24:21+00:00","og_image":[{"width":1000,"height":1000,"url":"https:\/\/ringhio.net\/wp-content\/uploads\/2024\/02\/kelsa-retriever-1.jpg","type":"image\/jpeg"}],"twitter_card":"summary_large_image","twitter_misc":{"Gesch\u00e4tzte Lesezeit":"1\u00a0Minute"},"schema":{"@context":"https:\/\/schema.org","@graph":[{"@type":"WebPage","@id":"https:\/\/ringhio.net\/prodotto\/guinzaglio-retriever-kelsa\/","url":"https:\/\/ringhio.net\/prodotto\/guinzaglio-retriever-kelsa\/","name":"Verstellbare Retriever Leinen Kelsa - Ringhio","isPartOf":{"@id":"https:\/\/ringhio.net\/#website"},"primaryImageOfPage":{"@id":"https:\/\/ringhio.net\/prodotto\/guinzaglio-retriever-kelsa\/#primaryimage"},"image":{"@id":"https:\/\/ringhio.net\/prodotto\/guinzaglio-retriever-kelsa\/#primaryimage"},"thumbnailUrl":"https:\/\/ringhio.net\/wp-content\/uploads\/2024\/02\/kelsa-retriever-1.jpg","datePublished":"2024-02-05T10:21:20+00:00","dateModified":"2025-01-16T08:24:21+00:00","breadcrumb":{"@id":"https:\/\/ringhio.net\/prodotto\/guinzaglio-retriever-kelsa\/#breadcrumb"},"inLanguage":"de","potentialAction":[{"@type":"ReadAction","target":["https:\/\/ringhio.net\/prodotto\/guinzaglio-retriever-kelsa\/"]}]},{"@type":"ImageObject","inLanguage":"de","@id":"https:\/\/ringhio.net\/prodotto\/guinzaglio-retriever-kelsa\/#primaryimage","url":"https:\/\/ringhio.net\/wp-content\/uploads\/2024\/02\/kelsa-retriever-1.jpg","contentUrl":"https:\/\/ringhio.net\/wp-content\/uploads\/2024\/02\/kelsa-retriever-1.jpg","width":1000,"height":1000},{"@type":"BreadcrumbList","@id":"https:\/\/ringhio.net\/prodotto\/guinzaglio-retriever-kelsa\/#breadcrumb","itemListElement":[{"@type":"ListItem","position":1,"name":"Shop","item":"https:\/\/ringhio.net\/de\/shop\/"},{"@type":"ListItem","position":2,"name":"Verstellbare Retriever Leinen Kelsa"}]},{"@type":"WebSite","@id":"https:\/\/ringhio.net\/#website","url":"https:\/\/ringhio.net\/","name":"Ringhio","description":"Reinvent dog equipment","publisher":{"@id":"https:\/\/ringhio.net\/#organization"},"potentialAction":[{"@type":"SearchAction","target":{"@type":"EntryPoint","urlTemplate":"https:\/\/ringhio.net\/?s={search_term_string}"},"query-input":{"@type":"PropertyValueSpecification","valueRequired":true,"valueName":"search_term_string"}}],"inLanguage":"de"},{"@type":"Organization","@id":"https:\/\/ringhio.net\/#organization","name":"Ringhio","url":"https:\/\/ringhio.net\/","logo":{"@type":"ImageObject","inLanguage":"de","@id":"https:\/\/ringhio.net\/#\/schema\/logo\/image\/","url":"https:\/\/ringhio.net\/wp-content\/uploads\/2020\/02\/ringhio-logo-66px.png","contentUrl":"https:\/\/ringhio.net\/wp-content\/uploads\/2020\/02\/ringhio-logo-66px.png","width":195,"height":72,"caption":"Ringhio"},"image":{"@id":"https:\/\/ringhio.net\/#\/schema\/logo\/image\/"}}]}},"_links":{"self":[{"href":"https:\/\/ringhio.net\/de\/wp-json\/wp\/v2\/product\/66909","targetHints":{"allow":["GET"]}}],"collection":[{"href":"https:\/\/ringhio.net\/de\/wp-json\/wp\/v2\/product"}],"about":[{"href":"https:\/\/ringhio.net\/de\/wp-json\/wp\/v2\/types\/product"}],"version-history":[{"count":0,"href":"https:\/\/ringhio.net\/de\/wp-json\/wp\/v2\/product\/66909\/revisions"}],"wp:featuredmedia":[{"embeddable":true,"href":"https:\/\/ringhio.net\/de\/wp-json\/wp\/v2\/media\/62584"}],"wp:attachment":[{"href":"https:\/\/ringhio.net\/de\/wp-json\/wp\/v2\/media?parent=66909"}],"wp:term":[{"taxonomy":"product_cat","embeddable":true,"href":"https:\/\/ringhio.net\/de\/wp-json\/wp\/v2\/product_cat?post=66909"},{"taxonomy":"product_tag","embeddable":true,"href":"https:\/\/ringhio.net\/de\/wp-json\/wp\/v2\/product_tag?post=66909"}],"curies":[{"name":"wp","href":"https:\/\/api.w.org\/{rel}","templated":true}]}}