{"id":66601,"date":"2022-10-06T09:26:39","date_gmt":"2022-10-06T07:26:39","guid":{"rendered":"https:\/\/ringhio.net\/prodotto\/verlaengerbare-leine-ariel\/"},"modified":"2025-02-28T14:37:36","modified_gmt":"2025-02-28T13:37:36","slug":"verlaengerbare-leine-ariel","status":"publish","type":"product","link":"https:\/\/ringhio.net\/de\/prodotto\/verlaengerbare-leine-ariel\/","title":{"rendered":"Verl\u00e4ngerbare Leine Ariel"},"content":{"rendered":"<p><strong>Ringhio Verl\u00e4ngerbare Leinen<\/strong>: Exzellenz in Flexibilit\u00e4t und Innovation. Hergestellt aus den gleichen <strong>hochwertigen Seilen<\/strong> wie unsere festen Leinen, sind diese verl\u00e4ngerbaren Leinen in <strong>multifilem Polypropylen<\/strong> oder <strong>Nylon <\/strong>erh\u00e4ltlich. Beide Materialien sind mit der gleichen Technik wie <strong>Kletterseile <\/strong>geflochten, was St\u00e4rke und Haltbarkeit im Laufe der Zeit gew\u00e4hrleistet.<\/p>\n<p>Diese Leinen verf\u00fcgen \u00fcber einen <strong>bidirektionalen Prusik-Knoten<\/strong>, der eine einfache Einstellung der Leinenl\u00e4nge erm\u00f6glicht und maximale Vielseitigkeit beim Spazierengehen bietet.<br \/>\nSie sind in drei Gr\u00f6\u00dfen erh\u00e4ltlich:<br \/>\n<strong>120 cm verl\u00e4ngerbar auf 180 cm<\/strong><br \/>\n<strong>170 cm verl\u00e4ngerbar auf 3 Meter<\/strong><br \/>\n<strong>270 cm verl\u00e4ngerbar auf 5 Meter<\/strong><\/p>\n<p>Erh\u00e4ltlich mit zwei Arten von Karabinern: dem klassischen Schnellverschlusskarabiner und dem Kletterkarabiner mit Sicherheitsverschluss. Beide garantieren Komfort und Sicherheit.<\/p>\n<p>Die Leinen k\u00f6nnen von Hand mit <strong>Marseille-Seife bei 30 Grad<\/strong> gewaschen werden, damit sie sauber und in einwandfreiem Zustand bleiben.<\/p>\n<p>W\u00e4hlen Sie die <strong>Ringhio Verl\u00e4ngerbare<\/strong> <strong>Leinen <\/strong>f\u00fcr die perfekte Mischung aus Flexibilit\u00e4t, Sicherheit und Stil. Dieses Produkt ist unser Flaggschiff, getestet und von Hundef\u00fchrern genehmigt, und zeichnet die Marke Ringhio durch Innovation und Qualit\u00e4t aus. Dieses Produkt wird <strong>handgefertigt in Italien<\/strong>.<\/p>\n<p>#reinventdogequipment<\/p>\n<p><strong>25\u20ac<\/strong> 1,80 Meter mit klassischem Karabiner<br \/>\n<strong>29\u20ac <\/strong>3,00 Meter mit klassischem Karabiner<br \/>\n<strong>34\u20ac<\/strong> 5,00 Meter mit klassischem Karabiner<br \/>\n<strong>33\u20ac<\/strong> 1,80 Meter mit Kletterkarabiner<br \/>\n<strong>37\u20ac<\/strong> 3,00 Meter mit Kletterkarabiner<br \/>\n<strong>42\u20ac<\/strong> 5,00 Meter mit Kletterkarabiner<\/p>\n","protected":false},"excerpt":{"rendered":"<p>Verl\u00e4ngerbare Hundeleinen Ringhio<\/p>\n","protected":false},"featured_media":58348,"template":"","meta":{"_acf_changed":false},"product_cat":[437],"product_tag":[],"class_list":{"0":"post-66601","1":"product","2":"type-product","3":"status-publish","4":"has-post-thumbnail","6":"product_cat-verstellbare-seilleinen","8":"first","9":"instock","10":"purchasable","11":"product-type-variable","12":"has-default-attributes"},"acf":[],"yoast_head":"<!-- This site is optimized with the Yoast SEO plugin v27.3 - https:\/\/yoast.com\/product\/yoast-seo-wordpress\/ -->\n<title>Verl\u00e4ngerbare Leine Ariel - Ringhio<\/title>\n<meta name=\"robots\" content=\"index, follow, max-snippet:-1, max-image-preview:large, max-video-preview:-1\" \/>\n<link rel=\"canonical\" href=\"https:\/\/ringhio.net\/de\/prodotto\/verlaengerbare-leine-ariel\/\" \/>\n<meta property=\"og:locale\" content=\"de_DE\" \/>\n<meta property=\"og:type\" content=\"article\" \/>\n<meta property=\"og:title\" content=\"Verl\u00e4ngerbare Leine Ariel - Ringhio\" \/>\n<meta property=\"og:description\" content=\"Verl\u00e4ngerbare Hundeleinen Ringhio\" \/>\n<meta property=\"og:url\" content=\"https:\/\/ringhio.net\/de\/prodotto\/verlaengerbare-leine-ariel\/\" \/>\n<meta property=\"og:site_name\" content=\"Ringhio\" \/>\n<meta property=\"article:modified_time\" content=\"2025-02-28T13:37:36+00:00\" \/>\n<meta property=\"og:image\" content=\"https:\/\/ringhio.net\/wp-content\/uploads\/2022\/10\/Ariel-1.jpg\" \/>\n\t<meta property=\"og:image:width\" content=\"1000\" \/>\n\t<meta property=\"og:image:height\" content=\"1000\" \/>\n\t<meta property=\"og:image:type\" content=\"image\/jpeg\" \/>\n<meta name=\"twitter:card\" content=\"summary_large_image\" \/>\n<meta name=\"twitter:label1\" content=\"Gesch\u00e4tzte Lesezeit\" \/>\n\t<meta name=\"twitter:data1\" content=\"1\u00a0Minute\" \/>\n<script type=\"application\/ld+json\" class=\"yoast-schema-graph\">{\"@context\":\"https:\\\/\\\/schema.org\",\"@graph\":[{\"@type\":\"WebPage\",\"@id\":\"https:\\\/\\\/ringhio.net\\\/de\\\/prodotto\\\/verlaengerbare-leine-ariel\\\/\",\"url\":\"https:\\\/\\\/ringhio.net\\\/de\\\/prodotto\\\/verlaengerbare-leine-ariel\\\/\",\"name\":\"Verl\u00e4ngerbare Leine Ariel - Ringhio\",\"isPartOf\":{\"@id\":\"https:\\\/\\\/ringhio.net\\\/#website\"},\"primaryImageOfPage\":{\"@id\":\"https:\\\/\\\/ringhio.net\\\/de\\\/prodotto\\\/verlaengerbare-leine-ariel\\\/#primaryimage\"},\"image\":{\"@id\":\"https:\\\/\\\/ringhio.net\\\/de\\\/prodotto\\\/verlaengerbare-leine-ariel\\\/#primaryimage\"},\"thumbnailUrl\":\"https:\\\/\\\/ringhio.net\\\/wp-content\\\/uploads\\\/2022\\\/10\\\/Ariel-1.jpg\",\"datePublished\":\"2022-10-06T07:26:39+00:00\",\"dateModified\":\"2025-02-28T13:37:36+00:00\",\"breadcrumb\":{\"@id\":\"https:\\\/\\\/ringhio.net\\\/de\\\/prodotto\\\/verlaengerbare-leine-ariel\\\/#breadcrumb\"},\"inLanguage\":\"de\",\"potentialAction\":[{\"@type\":\"ReadAction\",\"target\":[\"https:\\\/\\\/ringhio.net\\\/de\\\/prodotto\\\/verlaengerbare-leine-ariel\\\/\"]}]},{\"@type\":\"ImageObject\",\"inLanguage\":\"de\",\"@id\":\"https:\\\/\\\/ringhio.net\\\/de\\\/prodotto\\\/verlaengerbare-leine-ariel\\\/#primaryimage\",\"url\":\"https:\\\/\\\/ringhio.net\\\/wp-content\\\/uploads\\\/2022\\\/10\\\/Ariel-1.jpg\",\"contentUrl\":\"https:\\\/\\\/ringhio.net\\\/wp-content\\\/uploads\\\/2022\\\/10\\\/Ariel-1.jpg\",\"width\":1000,\"height\":1000},{\"@type\":\"BreadcrumbList\",\"@id\":\"https:\\\/\\\/ringhio.net\\\/de\\\/prodotto\\\/verlaengerbare-leine-ariel\\\/#breadcrumb\",\"itemListElement\":[{\"@type\":\"ListItem\",\"position\":1,\"name\":\"Shop\",\"item\":\"https:\\\/\\\/ringhio.net\\\/de\\\/shop\\\/\"},{\"@type\":\"ListItem\",\"position\":2,\"name\":\"Verl\u00e4ngerbare Leine Ariel\"}]},{\"@type\":\"WebSite\",\"@id\":\"https:\\\/\\\/ringhio.net\\\/#website\",\"url\":\"https:\\\/\\\/ringhio.net\\\/\",\"name\":\"Ringhio\",\"description\":\"Reinvent dog equipment\",\"publisher\":{\"@id\":\"https:\\\/\\\/ringhio.net\\\/#organization\"},\"potentialAction\":[{\"@type\":\"SearchAction\",\"target\":{\"@type\":\"EntryPoint\",\"urlTemplate\":\"https:\\\/\\\/ringhio.net\\\/?s={search_term_string}\"},\"query-input\":{\"@type\":\"PropertyValueSpecification\",\"valueRequired\":true,\"valueName\":\"search_term_string\"}}],\"inLanguage\":\"de\"},{\"@type\":\"Organization\",\"@id\":\"https:\\\/\\\/ringhio.net\\\/#organization\",\"name\":\"Ringhio\",\"url\":\"https:\\\/\\\/ringhio.net\\\/\",\"logo\":{\"@type\":\"ImageObject\",\"inLanguage\":\"de\",\"@id\":\"https:\\\/\\\/ringhio.net\\\/#\\\/schema\\\/logo\\\/image\\\/\",\"url\":\"https:\\\/\\\/ringhio.net\\\/wp-content\\\/uploads\\\/2020\\\/02\\\/ringhio-logo-66px.png\",\"contentUrl\":\"https:\\\/\\\/ringhio.net\\\/wp-content\\\/uploads\\\/2020\\\/02\\\/ringhio-logo-66px.png\",\"width\":195,\"height\":72,\"caption\":\"Ringhio\"},\"image\":{\"@id\":\"https:\\\/\\\/ringhio.net\\\/#\\\/schema\\\/logo\\\/image\\\/\"}}]}<\/script>\n<!-- \/ Yoast SEO plugin. -->","yoast_head_json":{"title":"Verl\u00e4ngerbare Leine Ariel - Ringhio","robots":{"index":"index","follow":"follow","max-snippet":"max-snippet:-1","max-image-preview":"max-image-preview:large","max-video-preview":"max-video-preview:-1"},"canonical":"https:\/\/ringhio.net\/de\/prodotto\/verlaengerbare-leine-ariel\/","og_locale":"de_DE","og_type":"article","og_title":"Verl\u00e4ngerbare Leine Ariel - Ringhio","og_description":"Verl\u00e4ngerbare Hundeleinen Ringhio","og_url":"https:\/\/ringhio.net\/de\/prodotto\/verlaengerbare-leine-ariel\/","og_site_name":"Ringhio","article_modified_time":"2025-02-28T13:37:36+00:00","og_image":[{"width":1000,"height":1000,"url":"https:\/\/ringhio.net\/wp-content\/uploads\/2022\/10\/Ariel-1.jpg","type":"image\/jpeg"}],"twitter_card":"summary_large_image","twitter_misc":{"Gesch\u00e4tzte Lesezeit":"1\u00a0Minute"},"schema":{"@context":"https:\/\/schema.org","@graph":[{"@type":"WebPage","@id":"https:\/\/ringhio.net\/de\/prodotto\/verlaengerbare-leine-ariel\/","url":"https:\/\/ringhio.net\/de\/prodotto\/verlaengerbare-leine-ariel\/","name":"Verl\u00e4ngerbare Leine Ariel - Ringhio","isPartOf":{"@id":"https:\/\/ringhio.net\/#website"},"primaryImageOfPage":{"@id":"https:\/\/ringhio.net\/de\/prodotto\/verlaengerbare-leine-ariel\/#primaryimage"},"image":{"@id":"https:\/\/ringhio.net\/de\/prodotto\/verlaengerbare-leine-ariel\/#primaryimage"},"thumbnailUrl":"https:\/\/ringhio.net\/wp-content\/uploads\/2022\/10\/Ariel-1.jpg","datePublished":"2022-10-06T07:26:39+00:00","dateModified":"2025-02-28T13:37:36+00:00","breadcrumb":{"@id":"https:\/\/ringhio.net\/de\/prodotto\/verlaengerbare-leine-ariel\/#breadcrumb"},"inLanguage":"de","potentialAction":[{"@type":"ReadAction","target":["https:\/\/ringhio.net\/de\/prodotto\/verlaengerbare-leine-ariel\/"]}]},{"@type":"ImageObject","inLanguage":"de","@id":"https:\/\/ringhio.net\/de\/prodotto\/verlaengerbare-leine-ariel\/#primaryimage","url":"https:\/\/ringhio.net\/wp-content\/uploads\/2022\/10\/Ariel-1.jpg","contentUrl":"https:\/\/ringhio.net\/wp-content\/uploads\/2022\/10\/Ariel-1.jpg","width":1000,"height":1000},{"@type":"BreadcrumbList","@id":"https:\/\/ringhio.net\/de\/prodotto\/verlaengerbare-leine-ariel\/#breadcrumb","itemListElement":[{"@type":"ListItem","position":1,"name":"Shop","item":"https:\/\/ringhio.net\/de\/shop\/"},{"@type":"ListItem","position":2,"name":"Verl\u00e4ngerbare Leine Ariel"}]},{"@type":"WebSite","@id":"https:\/\/ringhio.net\/#website","url":"https:\/\/ringhio.net\/","name":"Ringhio","description":"Reinvent dog equipment","publisher":{"@id":"https:\/\/ringhio.net\/#organization"},"potentialAction":[{"@type":"SearchAction","target":{"@type":"EntryPoint","urlTemplate":"https:\/\/ringhio.net\/?s={search_term_string}"},"query-input":{"@type":"PropertyValueSpecification","valueRequired":true,"valueName":"search_term_string"}}],"inLanguage":"de"},{"@type":"Organization","@id":"https:\/\/ringhio.net\/#organization","name":"Ringhio","url":"https:\/\/ringhio.net\/","logo":{"@type":"ImageObject","inLanguage":"de","@id":"https:\/\/ringhio.net\/#\/schema\/logo\/image\/","url":"https:\/\/ringhio.net\/wp-content\/uploads\/2020\/02\/ringhio-logo-66px.png","contentUrl":"https:\/\/ringhio.net\/wp-content\/uploads\/2020\/02\/ringhio-logo-66px.png","width":195,"height":72,"caption":"Ringhio"},"image":{"@id":"https:\/\/ringhio.net\/#\/schema\/logo\/image\/"}}]}},"_links":{"self":[{"href":"https:\/\/ringhio.net\/de\/wp-json\/wp\/v2\/product\/66601","targetHints":{"allow":["GET"]}}],"collection":[{"href":"https:\/\/ringhio.net\/de\/wp-json\/wp\/v2\/product"}],"about":[{"href":"https:\/\/ringhio.net\/de\/wp-json\/wp\/v2\/types\/product"}],"version-history":[{"count":0,"href":"https:\/\/ringhio.net\/de\/wp-json\/wp\/v2\/product\/66601\/revisions"}],"wp:featuredmedia":[{"embeddable":true,"href":"https:\/\/ringhio.net\/de\/wp-json\/wp\/v2\/media\/58348"}],"wp:attachment":[{"href":"https:\/\/ringhio.net\/de\/wp-json\/wp\/v2\/media?parent=66601"}],"wp:term":[{"taxonomy":"product_cat","embeddable":true,"href":"https:\/\/ringhio.net\/de\/wp-json\/wp\/v2\/product_cat?post=66601"},{"taxonomy":"product_tag","embeddable":true,"href":"https:\/\/ringhio.net\/de\/wp-json\/wp\/v2\/product_tag?post=66601"}],"curies":[{"name":"wp","href":"https:\/\/api.w.org\/{rel}","templated":true}]}}