{"id":65856,"date":"2023-03-20T17:07:28","date_gmt":"2023-03-20T16:07:28","guid":{"rendered":"https:\/\/ringhio.net\/prodotto\/feste-leine-arizona\/"},"modified":"2025-02-28T15:26:06","modified_gmt":"2025-02-28T14:26:06","slug":"feste-leine-arizona","status":"publish","type":"product","link":"https:\/\/ringhio.net\/de\/prodotto\/feste-leine-arizona\/","title":{"rendered":"Feste Leine Arizona"},"content":{"rendered":"<p><strong>Ringhio Feste Leinen<\/strong>: die ideale Wahl f\u00fcr diejenigen, die Qualit\u00e4t und Zuverl\u00e4ssigkeit suchen. Hergestellt aus denselben hochwertigen Seilen, die auch f\u00fcr unsere verl\u00e4ngerbaren Leinen verwendet werden, sind diese festen <strong>Leinen in multifilem Polypropylen oder Nylon erh\u00e4ltlich<\/strong>.<br \/>\nBeide Materialien sind mit derselben Technik geflochten, die auch f\u00fcr Kletterseile verwendet wird, und gew\u00e4hrleisten St\u00e4rke und Haltbarkeit \u00fcber die Zeit.<\/p>\n<p>Erh\u00e4ltlich mit zwei Arten von Karabinern: <strong>dem klassischen Schnellverschlusskarabiner und dem Kletterkarabiner mit Sicherheitsverschluss<\/strong>. Beide bieten Bequemlichkeit und Sicherheit bei Ihren Spazierg\u00e4ngen mit Ihrem Hund.<br \/>\nUm sie immer sauber und in einwandfreiem Zustand zu halten, k\u00f6nnen die Leinen von Hand mit Marseiller Seife bei 30 Grad gewaschen werden.<\/p>\n<p>W\u00e4hlen Sie die festen Leinen von Ringhio f\u00fcr eine perfekte Mischung aus <strong>Sicherheit, Haltbarkeit und Stil!<\/strong><\/p>\n","protected":false},"excerpt":{"rendered":"<p>Feste Leine Ringhio<\/p>\n","protected":false},"featured_media":60160,"template":"","meta":{"_acf_changed":false},"product_cat":[443],"product_tag":[],"class_list":{"0":"post-65856","1":"product","2":"type-product","3":"status-publish","4":"has-post-thumbnail","6":"product_cat-feste-seilleinen","8":"first","9":"instock","10":"purchasable","11":"product-type-variable","12":"has-default-attributes"},"acf":[],"yoast_head":"<!-- This site is optimized with the Yoast SEO plugin v27.3 - https:\/\/yoast.com\/product\/yoast-seo-wordpress\/ -->\n<title>Feste Leine Arizona - Ringhio<\/title>\n<meta name=\"robots\" content=\"index, follow, max-snippet:-1, max-image-preview:large, max-video-preview:-1\" \/>\n<link rel=\"canonical\" href=\"https:\/\/ringhio.net\/prodotto\/guinzaglio-fisso-arizona\/\" \/>\n<meta property=\"og:locale\" content=\"de_DE\" \/>\n<meta property=\"og:type\" content=\"article\" \/>\n<meta property=\"og:title\" content=\"Feste Leine Arizona - Ringhio\" \/>\n<meta property=\"og:description\" content=\"Feste Leine Ringhio\" \/>\n<meta property=\"og:url\" content=\"https:\/\/ringhio.net\/prodotto\/guinzaglio-fisso-arizona\/\" \/>\n<meta property=\"og:site_name\" content=\"Ringhio\" \/>\n<meta property=\"article:modified_time\" content=\"2025-02-28T14:26:06+00:00\" \/>\n<meta property=\"og:image\" content=\"https:\/\/ringhio.net\/wp-content\/uploads\/2023\/03\/arizona-fisso-1.jpg\" \/>\n\t<meta property=\"og:image:width\" content=\"1000\" \/>\n\t<meta property=\"og:image:height\" content=\"1000\" \/>\n\t<meta property=\"og:image:type\" content=\"image\/jpeg\" \/>\n<meta name=\"twitter:card\" content=\"summary_large_image\" \/>\n<meta name=\"twitter:label1\" content=\"Gesch\u00e4tzte Lesezeit\" \/>\n\t<meta name=\"twitter:data1\" content=\"1\u00a0Minute\" \/>\n<script type=\"application\/ld+json\" class=\"yoast-schema-graph\">{\"@context\":\"https:\\\/\\\/schema.org\",\"@graph\":[{\"@type\":\"WebPage\",\"@id\":\"https:\\\/\\\/ringhio.net\\\/prodotto\\\/guinzaglio-fisso-arizona\\\/\",\"url\":\"https:\\\/\\\/ringhio.net\\\/prodotto\\\/guinzaglio-fisso-arizona\\\/\",\"name\":\"Feste Leine Arizona - Ringhio\",\"isPartOf\":{\"@id\":\"https:\\\/\\\/ringhio.net\\\/#website\"},\"primaryImageOfPage\":{\"@id\":\"https:\\\/\\\/ringhio.net\\\/prodotto\\\/guinzaglio-fisso-arizona\\\/#primaryimage\"},\"image\":{\"@id\":\"https:\\\/\\\/ringhio.net\\\/prodotto\\\/guinzaglio-fisso-arizona\\\/#primaryimage\"},\"thumbnailUrl\":\"https:\\\/\\\/ringhio.net\\\/wp-content\\\/uploads\\\/2023\\\/03\\\/arizona-fisso-1.jpg\",\"datePublished\":\"2023-03-20T16:07:28+00:00\",\"dateModified\":\"2025-02-28T14:26:06+00:00\",\"breadcrumb\":{\"@id\":\"https:\\\/\\\/ringhio.net\\\/prodotto\\\/guinzaglio-fisso-arizona\\\/#breadcrumb\"},\"inLanguage\":\"de\",\"potentialAction\":[{\"@type\":\"ReadAction\",\"target\":[\"https:\\\/\\\/ringhio.net\\\/prodotto\\\/guinzaglio-fisso-arizona\\\/\"]}]},{\"@type\":\"ImageObject\",\"inLanguage\":\"de\",\"@id\":\"https:\\\/\\\/ringhio.net\\\/prodotto\\\/guinzaglio-fisso-arizona\\\/#primaryimage\",\"url\":\"https:\\\/\\\/ringhio.net\\\/wp-content\\\/uploads\\\/2023\\\/03\\\/arizona-fisso-1.jpg\",\"contentUrl\":\"https:\\\/\\\/ringhio.net\\\/wp-content\\\/uploads\\\/2023\\\/03\\\/arizona-fisso-1.jpg\",\"width\":1000,\"height\":1000},{\"@type\":\"BreadcrumbList\",\"@id\":\"https:\\\/\\\/ringhio.net\\\/prodotto\\\/guinzaglio-fisso-arizona\\\/#breadcrumb\",\"itemListElement\":[{\"@type\":\"ListItem\",\"position\":1,\"name\":\"Shop\",\"item\":\"https:\\\/\\\/ringhio.net\\\/de\\\/shop\\\/\"},{\"@type\":\"ListItem\",\"position\":2,\"name\":\"Feste Leine Arizona\"}]},{\"@type\":\"WebSite\",\"@id\":\"https:\\\/\\\/ringhio.net\\\/#website\",\"url\":\"https:\\\/\\\/ringhio.net\\\/\",\"name\":\"Ringhio\",\"description\":\"Reinvent dog equipment\",\"publisher\":{\"@id\":\"https:\\\/\\\/ringhio.net\\\/#organization\"},\"potentialAction\":[{\"@type\":\"SearchAction\",\"target\":{\"@type\":\"EntryPoint\",\"urlTemplate\":\"https:\\\/\\\/ringhio.net\\\/?s={search_term_string}\"},\"query-input\":{\"@type\":\"PropertyValueSpecification\",\"valueRequired\":true,\"valueName\":\"search_term_string\"}}],\"inLanguage\":\"de\"},{\"@type\":\"Organization\",\"@id\":\"https:\\\/\\\/ringhio.net\\\/#organization\",\"name\":\"Ringhio\",\"url\":\"https:\\\/\\\/ringhio.net\\\/\",\"logo\":{\"@type\":\"ImageObject\",\"inLanguage\":\"de\",\"@id\":\"https:\\\/\\\/ringhio.net\\\/#\\\/schema\\\/logo\\\/image\\\/\",\"url\":\"https:\\\/\\\/ringhio.net\\\/wp-content\\\/uploads\\\/2020\\\/02\\\/ringhio-logo-66px.png\",\"contentUrl\":\"https:\\\/\\\/ringhio.net\\\/wp-content\\\/uploads\\\/2020\\\/02\\\/ringhio-logo-66px.png\",\"width\":195,\"height\":72,\"caption\":\"Ringhio\"},\"image\":{\"@id\":\"https:\\\/\\\/ringhio.net\\\/#\\\/schema\\\/logo\\\/image\\\/\"}}]}<\/script>\n<!-- \/ Yoast SEO plugin. -->","yoast_head_json":{"title":"Feste Leine Arizona - Ringhio","robots":{"index":"index","follow":"follow","max-snippet":"max-snippet:-1","max-image-preview":"max-image-preview:large","max-video-preview":"max-video-preview:-1"},"canonical":"https:\/\/ringhio.net\/prodotto\/guinzaglio-fisso-arizona\/","og_locale":"de_DE","og_type":"article","og_title":"Feste Leine Arizona - Ringhio","og_description":"Feste Leine Ringhio","og_url":"https:\/\/ringhio.net\/prodotto\/guinzaglio-fisso-arizona\/","og_site_name":"Ringhio","article_modified_time":"2025-02-28T14:26:06+00:00","og_image":[{"width":1000,"height":1000,"url":"https:\/\/ringhio.net\/wp-content\/uploads\/2023\/03\/arizona-fisso-1.jpg","type":"image\/jpeg"}],"twitter_card":"summary_large_image","twitter_misc":{"Gesch\u00e4tzte Lesezeit":"1\u00a0Minute"},"schema":{"@context":"https:\/\/schema.org","@graph":[{"@type":"WebPage","@id":"https:\/\/ringhio.net\/prodotto\/guinzaglio-fisso-arizona\/","url":"https:\/\/ringhio.net\/prodotto\/guinzaglio-fisso-arizona\/","name":"Feste Leine Arizona - Ringhio","isPartOf":{"@id":"https:\/\/ringhio.net\/#website"},"primaryImageOfPage":{"@id":"https:\/\/ringhio.net\/prodotto\/guinzaglio-fisso-arizona\/#primaryimage"},"image":{"@id":"https:\/\/ringhio.net\/prodotto\/guinzaglio-fisso-arizona\/#primaryimage"},"thumbnailUrl":"https:\/\/ringhio.net\/wp-content\/uploads\/2023\/03\/arizona-fisso-1.jpg","datePublished":"2023-03-20T16:07:28+00:00","dateModified":"2025-02-28T14:26:06+00:00","breadcrumb":{"@id":"https:\/\/ringhio.net\/prodotto\/guinzaglio-fisso-arizona\/#breadcrumb"},"inLanguage":"de","potentialAction":[{"@type":"ReadAction","target":["https:\/\/ringhio.net\/prodotto\/guinzaglio-fisso-arizona\/"]}]},{"@type":"ImageObject","inLanguage":"de","@id":"https:\/\/ringhio.net\/prodotto\/guinzaglio-fisso-arizona\/#primaryimage","url":"https:\/\/ringhio.net\/wp-content\/uploads\/2023\/03\/arizona-fisso-1.jpg","contentUrl":"https:\/\/ringhio.net\/wp-content\/uploads\/2023\/03\/arizona-fisso-1.jpg","width":1000,"height":1000},{"@type":"BreadcrumbList","@id":"https:\/\/ringhio.net\/prodotto\/guinzaglio-fisso-arizona\/#breadcrumb","itemListElement":[{"@type":"ListItem","position":1,"name":"Shop","item":"https:\/\/ringhio.net\/de\/shop\/"},{"@type":"ListItem","position":2,"name":"Feste Leine Arizona"}]},{"@type":"WebSite","@id":"https:\/\/ringhio.net\/#website","url":"https:\/\/ringhio.net\/","name":"Ringhio","description":"Reinvent dog equipment","publisher":{"@id":"https:\/\/ringhio.net\/#organization"},"potentialAction":[{"@type":"SearchAction","target":{"@type":"EntryPoint","urlTemplate":"https:\/\/ringhio.net\/?s={search_term_string}"},"query-input":{"@type":"PropertyValueSpecification","valueRequired":true,"valueName":"search_term_string"}}],"inLanguage":"de"},{"@type":"Organization","@id":"https:\/\/ringhio.net\/#organization","name":"Ringhio","url":"https:\/\/ringhio.net\/","logo":{"@type":"ImageObject","inLanguage":"de","@id":"https:\/\/ringhio.net\/#\/schema\/logo\/image\/","url":"https:\/\/ringhio.net\/wp-content\/uploads\/2020\/02\/ringhio-logo-66px.png","contentUrl":"https:\/\/ringhio.net\/wp-content\/uploads\/2020\/02\/ringhio-logo-66px.png","width":195,"height":72,"caption":"Ringhio"},"image":{"@id":"https:\/\/ringhio.net\/#\/schema\/logo\/image\/"}}]}},"_links":{"self":[{"href":"https:\/\/ringhio.net\/de\/wp-json\/wp\/v2\/product\/65856","targetHints":{"allow":["GET"]}}],"collection":[{"href":"https:\/\/ringhio.net\/de\/wp-json\/wp\/v2\/product"}],"about":[{"href":"https:\/\/ringhio.net\/de\/wp-json\/wp\/v2\/types\/product"}],"version-history":[{"count":0,"href":"https:\/\/ringhio.net\/de\/wp-json\/wp\/v2\/product\/65856\/revisions"}],"wp:featuredmedia":[{"embeddable":true,"href":"https:\/\/ringhio.net\/de\/wp-json\/wp\/v2\/media\/60160"}],"wp:attachment":[{"href":"https:\/\/ringhio.net\/de\/wp-json\/wp\/v2\/media?parent=65856"}],"wp:term":[{"taxonomy":"product_cat","embeddable":true,"href":"https:\/\/ringhio.net\/de\/wp-json\/wp\/v2\/product_cat?post=65856"},{"taxonomy":"product_tag","embeddable":true,"href":"https:\/\/ringhio.net\/de\/wp-json\/wp\/v2\/product_tag?post=65856"}],"curies":[{"name":"wp","href":"https:\/\/api.w.org\/{rel}","templated":true}]}}