{"id":65243,"date":"2023-08-28T14:11:47","date_gmt":"2023-08-28T12:11:47","guid":{"rendered":"https:\/\/ringhio.net\/prodotto\/duo-up-technisches-hundehalsband\/"},"modified":"2025-02-17T09:57:51","modified_gmt":"2025-02-17T08:57:51","slug":"duo-up-technisches-hundehalsband","status":"publish","type":"product","link":"https:\/\/ringhio.net\/de\/prodotto\/duo-up-technisches-hundehalsband\/","title":{"rendered":"Duo UP technisches Hundehalsband"},"content":{"rendered":"<p>Als wir an das <strong>DUO<\/strong> dachten, wollten wir ein technisches Halsband entwerfen, das im Einklang mit unserer Philosophie steht.<br \/>\nWir haben daher Polyvinyl-Gurtband, ein technisches, leichtes, strapazierf\u00e4higes und wasserdichtes Material f\u00fcr den Hauptteil, und rutschfestes Polypropylen-Gurtband f\u00fcr den verstellbaren Teil verwendet.<\/p>\n<p><strong>Langlebiges Material:<\/strong><br \/>\nDer Abschnitt aus wasserdichtem Polyvinyl-Gurtband sorgt daf\u00fcr, dass das Halsband allen Wetterbedingungen standh\u00e4lt, ideal f\u00fcr Abenteuer im Freien.<br \/>\nDer verstellbare Teil besteht aus Polypropylen-Gewebe mit rutschfesten Eins\u00e4tzen und sorgt f\u00fcr einen sicheren und bequemen Sitz.<\/p>\n<p><strong>Sicherer Verschluss:<\/strong><br \/>\nAusgestattet mit einem haltbaren und sicheren YKK-Kunststoffverschluss bleibt das Halsband bei allen Aktivit\u00e4ten fest an seinem Platz.<\/p>\n<p><strong>Personalisierung:<\/strong><br \/>\nPersonalisieren Sie das Halsband mit dem Namen Ihres Hundes, Ihrer Telefonnummer oder beidem, oder w\u00e4hlen Sie das klassische Ringhio-Logo f\u00fcr einen sauberen und modernen Look.<br \/>\nNB: F\u00fcr die Personalisierung geben Sie den gew\u00fcnschten Text w\u00e4hrend des Check-outs in die Bestellnotizen ein.<\/p>\n<p>Entdecken Sie das DUO-Halsband und bieten Sie Ihrem Hund ein Accessoire, das Stil, Komfort und Haltbarkeit in einem Produkt vereint!<br \/>\n<strong>#reinventdogequipment<\/strong><\/p>\n","protected":false},"excerpt":{"rendered":"<p>Duo UP technisches Hundehalsband<\/p>\n","protected":false},"featured_media":60943,"template":"","meta":{"_acf_changed":false},"product_cat":[431],"product_tag":[476,460],"class_list":{"0":"post-65243","1":"product","2":"type-product","3":"status-publish","4":"has-post-thumbnail","6":"product_cat-hundehalsbander","7":"product_tag-gravur","8":"product_tag-konfigurierbar","10":"first","11":"instock","12":"purchasable","13":"product-type-variable"},"acf":[],"yoast_head":"<!-- This site is optimized with the Yoast SEO plugin v27.3 - https:\/\/yoast.com\/product\/yoast-seo-wordpress\/ -->\n<title>Duo UP technisches Hundehalsband - Ringhio<\/title>\n<meta name=\"robots\" content=\"index, follow, max-snippet:-1, max-image-preview:large, max-video-preview:-1\" \/>\n<link rel=\"canonical\" href=\"https:\/\/ringhio.net\/de\/prodotto\/duo-up-technisches-hundehalsband\/\" \/>\n<meta property=\"og:locale\" content=\"de_DE\" \/>\n<meta property=\"og:type\" content=\"article\" \/>\n<meta property=\"og:title\" content=\"Duo UP technisches Hundehalsband - Ringhio\" \/>\n<meta property=\"og:description\" content=\"Duo UP technisches Hundehalsband\" \/>\n<meta property=\"og:url\" content=\"https:\/\/ringhio.net\/de\/prodotto\/duo-up-technisches-hundehalsband\/\" \/>\n<meta property=\"og:site_name\" content=\"Ringhio\" \/>\n<meta property=\"article:modified_time\" content=\"2025-02-17T08:57:51+00:00\" \/>\n<meta property=\"og:image\" content=\"https:\/\/ringhio.net\/wp-content\/uploads\/2023\/08\/DSC07286-2-web.jpg\" \/>\n\t<meta property=\"og:image:width\" content=\"1000\" \/>\n\t<meta property=\"og:image:height\" content=\"1000\" \/>\n\t<meta property=\"og:image:type\" content=\"image\/jpeg\" \/>\n<meta name=\"twitter:card\" content=\"summary_large_image\" \/>\n<meta name=\"twitter:label1\" content=\"Gesch\u00e4tzte Lesezeit\" \/>\n\t<meta name=\"twitter:data1\" content=\"2\u00a0Minuten\" \/>\n<script type=\"application\/ld+json\" class=\"yoast-schema-graph\">{\"@context\":\"https:\\\/\\\/schema.org\",\"@graph\":[{\"@type\":\"WebPage\",\"@id\":\"https:\\\/\\\/ringhio.net\\\/de\\\/prodotto\\\/duo-up-technisches-hundehalsband\\\/\",\"url\":\"https:\\\/\\\/ringhio.net\\\/de\\\/prodotto\\\/duo-up-technisches-hundehalsband\\\/\",\"name\":\"Duo UP technisches Hundehalsband - Ringhio\",\"isPartOf\":{\"@id\":\"https:\\\/\\\/ringhio.net\\\/#website\"},\"primaryImageOfPage\":{\"@id\":\"https:\\\/\\\/ringhio.net\\\/de\\\/prodotto\\\/duo-up-technisches-hundehalsband\\\/#primaryimage\"},\"image\":{\"@id\":\"https:\\\/\\\/ringhio.net\\\/de\\\/prodotto\\\/duo-up-technisches-hundehalsband\\\/#primaryimage\"},\"thumbnailUrl\":\"https:\\\/\\\/ringhio.net\\\/wp-content\\\/uploads\\\/2023\\\/08\\\/DSC07286-2-web.jpg\",\"datePublished\":\"2023-08-28T12:11:47+00:00\",\"dateModified\":\"2025-02-17T08:57:51+00:00\",\"breadcrumb\":{\"@id\":\"https:\\\/\\\/ringhio.net\\\/de\\\/prodotto\\\/duo-up-technisches-hundehalsband\\\/#breadcrumb\"},\"inLanguage\":\"de\",\"potentialAction\":[{\"@type\":\"ReadAction\",\"target\":[\"https:\\\/\\\/ringhio.net\\\/de\\\/prodotto\\\/duo-up-technisches-hundehalsband\\\/\"]}]},{\"@type\":\"ImageObject\",\"inLanguage\":\"de\",\"@id\":\"https:\\\/\\\/ringhio.net\\\/de\\\/prodotto\\\/duo-up-technisches-hundehalsband\\\/#primaryimage\",\"url\":\"https:\\\/\\\/ringhio.net\\\/wp-content\\\/uploads\\\/2023\\\/08\\\/DSC07286-2-web.jpg\",\"contentUrl\":\"https:\\\/\\\/ringhio.net\\\/wp-content\\\/uploads\\\/2023\\\/08\\\/DSC07286-2-web.jpg\",\"width\":1000,\"height\":1000},{\"@type\":\"BreadcrumbList\",\"@id\":\"https:\\\/\\\/ringhio.net\\\/de\\\/prodotto\\\/duo-up-technisches-hundehalsband\\\/#breadcrumb\",\"itemListElement\":[{\"@type\":\"ListItem\",\"position\":1,\"name\":\"Shop\",\"item\":\"https:\\\/\\\/ringhio.net\\\/de\\\/shop\\\/\"},{\"@type\":\"ListItem\",\"position\":2,\"name\":\"Duo UP technisches Hundehalsband\"}]},{\"@type\":\"WebSite\",\"@id\":\"https:\\\/\\\/ringhio.net\\\/#website\",\"url\":\"https:\\\/\\\/ringhio.net\\\/\",\"name\":\"Ringhio\",\"description\":\"Reinvent dog equipment\",\"publisher\":{\"@id\":\"https:\\\/\\\/ringhio.net\\\/#organization\"},\"potentialAction\":[{\"@type\":\"SearchAction\",\"target\":{\"@type\":\"EntryPoint\",\"urlTemplate\":\"https:\\\/\\\/ringhio.net\\\/?s={search_term_string}\"},\"query-input\":{\"@type\":\"PropertyValueSpecification\",\"valueRequired\":true,\"valueName\":\"search_term_string\"}}],\"inLanguage\":\"de\"},{\"@type\":\"Organization\",\"@id\":\"https:\\\/\\\/ringhio.net\\\/#organization\",\"name\":\"Ringhio\",\"url\":\"https:\\\/\\\/ringhio.net\\\/\",\"logo\":{\"@type\":\"ImageObject\",\"inLanguage\":\"de\",\"@id\":\"https:\\\/\\\/ringhio.net\\\/#\\\/schema\\\/logo\\\/image\\\/\",\"url\":\"https:\\\/\\\/ringhio.net\\\/wp-content\\\/uploads\\\/2020\\\/02\\\/ringhio-logo-66px.png\",\"contentUrl\":\"https:\\\/\\\/ringhio.net\\\/wp-content\\\/uploads\\\/2020\\\/02\\\/ringhio-logo-66px.png\",\"width\":195,\"height\":72,\"caption\":\"Ringhio\"},\"image\":{\"@id\":\"https:\\\/\\\/ringhio.net\\\/#\\\/schema\\\/logo\\\/image\\\/\"}}]}<\/script>\n<!-- \/ Yoast SEO plugin. -->","yoast_head_json":{"title":"Duo UP technisches Hundehalsband - Ringhio","robots":{"index":"index","follow":"follow","max-snippet":"max-snippet:-1","max-image-preview":"max-image-preview:large","max-video-preview":"max-video-preview:-1"},"canonical":"https:\/\/ringhio.net\/de\/prodotto\/duo-up-technisches-hundehalsband\/","og_locale":"de_DE","og_type":"article","og_title":"Duo UP technisches Hundehalsband - Ringhio","og_description":"Duo UP technisches Hundehalsband","og_url":"https:\/\/ringhio.net\/de\/prodotto\/duo-up-technisches-hundehalsband\/","og_site_name":"Ringhio","article_modified_time":"2025-02-17T08:57:51+00:00","og_image":[{"width":1000,"height":1000,"url":"https:\/\/ringhio.net\/wp-content\/uploads\/2023\/08\/DSC07286-2-web.jpg","type":"image\/jpeg"}],"twitter_card":"summary_large_image","twitter_misc":{"Gesch\u00e4tzte Lesezeit":"2\u00a0Minuten"},"schema":{"@context":"https:\/\/schema.org","@graph":[{"@type":"WebPage","@id":"https:\/\/ringhio.net\/de\/prodotto\/duo-up-technisches-hundehalsband\/","url":"https:\/\/ringhio.net\/de\/prodotto\/duo-up-technisches-hundehalsband\/","name":"Duo UP technisches Hundehalsband - Ringhio","isPartOf":{"@id":"https:\/\/ringhio.net\/#website"},"primaryImageOfPage":{"@id":"https:\/\/ringhio.net\/de\/prodotto\/duo-up-technisches-hundehalsband\/#primaryimage"},"image":{"@id":"https:\/\/ringhio.net\/de\/prodotto\/duo-up-technisches-hundehalsband\/#primaryimage"},"thumbnailUrl":"https:\/\/ringhio.net\/wp-content\/uploads\/2023\/08\/DSC07286-2-web.jpg","datePublished":"2023-08-28T12:11:47+00:00","dateModified":"2025-02-17T08:57:51+00:00","breadcrumb":{"@id":"https:\/\/ringhio.net\/de\/prodotto\/duo-up-technisches-hundehalsband\/#breadcrumb"},"inLanguage":"de","potentialAction":[{"@type":"ReadAction","target":["https:\/\/ringhio.net\/de\/prodotto\/duo-up-technisches-hundehalsband\/"]}]},{"@type":"ImageObject","inLanguage":"de","@id":"https:\/\/ringhio.net\/de\/prodotto\/duo-up-technisches-hundehalsband\/#primaryimage","url":"https:\/\/ringhio.net\/wp-content\/uploads\/2023\/08\/DSC07286-2-web.jpg","contentUrl":"https:\/\/ringhio.net\/wp-content\/uploads\/2023\/08\/DSC07286-2-web.jpg","width":1000,"height":1000},{"@type":"BreadcrumbList","@id":"https:\/\/ringhio.net\/de\/prodotto\/duo-up-technisches-hundehalsband\/#breadcrumb","itemListElement":[{"@type":"ListItem","position":1,"name":"Shop","item":"https:\/\/ringhio.net\/de\/shop\/"},{"@type":"ListItem","position":2,"name":"Duo UP technisches Hundehalsband"}]},{"@type":"WebSite","@id":"https:\/\/ringhio.net\/#website","url":"https:\/\/ringhio.net\/","name":"Ringhio","description":"Reinvent dog equipment","publisher":{"@id":"https:\/\/ringhio.net\/#organization"},"potentialAction":[{"@type":"SearchAction","target":{"@type":"EntryPoint","urlTemplate":"https:\/\/ringhio.net\/?s={search_term_string}"},"query-input":{"@type":"PropertyValueSpecification","valueRequired":true,"valueName":"search_term_string"}}],"inLanguage":"de"},{"@type":"Organization","@id":"https:\/\/ringhio.net\/#organization","name":"Ringhio","url":"https:\/\/ringhio.net\/","logo":{"@type":"ImageObject","inLanguage":"de","@id":"https:\/\/ringhio.net\/#\/schema\/logo\/image\/","url":"https:\/\/ringhio.net\/wp-content\/uploads\/2020\/02\/ringhio-logo-66px.png","contentUrl":"https:\/\/ringhio.net\/wp-content\/uploads\/2020\/02\/ringhio-logo-66px.png","width":195,"height":72,"caption":"Ringhio"},"image":{"@id":"https:\/\/ringhio.net\/#\/schema\/logo\/image\/"}}]}},"_links":{"self":[{"href":"https:\/\/ringhio.net\/de\/wp-json\/wp\/v2\/product\/65243","targetHints":{"allow":["GET"]}}],"collection":[{"href":"https:\/\/ringhio.net\/de\/wp-json\/wp\/v2\/product"}],"about":[{"href":"https:\/\/ringhio.net\/de\/wp-json\/wp\/v2\/types\/product"}],"version-history":[{"count":0,"href":"https:\/\/ringhio.net\/de\/wp-json\/wp\/v2\/product\/65243\/revisions"}],"wp:featuredmedia":[{"embeddable":true,"href":"https:\/\/ringhio.net\/de\/wp-json\/wp\/v2\/media\/60943"}],"wp:attachment":[{"href":"https:\/\/ringhio.net\/de\/wp-json\/wp\/v2\/media?parent=65243"}],"wp:term":[{"taxonomy":"product_cat","embeddable":true,"href":"https:\/\/ringhio.net\/de\/wp-json\/wp\/v2\/product_cat?post=65243"},{"taxonomy":"product_tag","embeddable":true,"href":"https:\/\/ringhio.net\/de\/wp-json\/wp\/v2\/product_tag?post=65243"}],"curies":[{"name":"wp","href":"https:\/\/api.w.org\/{rel}","templated":true}]}}