{"id":65076,"date":"2024-02-23T15:54:57","date_gmt":"2024-02-23T14:54:57","guid":{"rendered":"https:\/\/ringhio.net\/prodotto\/65076\/"},"modified":"2025-01-16T11:42:48","modified_gmt":"2025-01-16T10:42:48","slug":"65076","status":"publish","type":"product","link":"https:\/\/ringhio.net\/de\/prodotto\/65076\/","title":{"rendered":""},"content":{"rendered":"<p><span style=\"color: #ff0000\"><strong>HINWEIS: W\u00e4hlen Sie Ihre Lieblingsfarbe und wir w\u00e4hlen das Muster f\u00fcr Sie basierend auf der Lagerverf\u00fcgbarkeit aus!<\/strong><\/span><\/p>\n<p><strong>Entdecken Sie die neue Freizeitmatte f\u00fcr Hunde<\/strong>, die den Geschmackssinn Ihres Hundes stimuliert!<\/p>\n<p>Hergestellt aus <strong>hochwertigem Gummi<\/strong>, misst diese quadratische Matte <strong>19&#215;19 cm<\/strong> bei einer H\u00f6he von <strong>2 cm<\/strong> und ist das perfekte Zubeh\u00f6r, um Ihrem Hund Momente puren Vergn\u00fcgens zu bieten.<\/p>\n<p>Mit einem Gewicht von nur <strong>130 Gramm<\/strong> ist sie mit praktischen <strong>Saugn\u00e4pfen<\/strong> auf der R\u00fcckseite ausgestattet, um Stabilit\u00e4t auf jeder Oberfl\u00e4che zu gew\u00e4hrleisten.<\/p>\n<p>Ideal zum Verteilen von weichen Lebensmitteln wie Dosenfutter, Ricotta oder \u00c4hnlichem, l\u00e4dt sie Ihren Hund ein, <strong>aktiv an der Nahrung zu lecken<\/strong>, und verwandelt Mahlzeiten oder Snacks in eine spielerische Aktivit\u00e4t, die ihn besch\u00e4ftigt und gl\u00fccklich h\u00e4lt.<\/p>\n<p><strong>Sehr einfach zu reinigen<\/strong>, einfach unter flie\u00dfendem Wasser absp\u00fclen und sie ist wieder wie neu.<\/p>\n<p>Schenken Sie Ihrem Hund nicht nur eine Mahlzeit, sondern ein einzigartiges und unterhaltsames Erlebnis mit unserer Freizeitmatte!<\/p>\n","protected":false},"excerpt":{"rendered":"<p>Freizeitbrett f\u00fcr Hunde und Katzen<\/p>\n","protected":false},"featured_media":62761,"template":"","meta":{"_acf_changed":false},"product_cat":[432],"product_tag":[],"class_list":{"0":"post-65076","1":"product","2":"type-product","3":"status-publish","4":"has-post-thumbnail","6":"product_cat-spielzeuge","8":"first","9":"instock","10":"shipping-taxable","11":"purchasable","12":"product-type-variable","13":"has-default-attributes"},"acf":[],"yoast_head":"<!-- This site is optimized with the Yoast SEO plugin v27.3 - https:\/\/yoast.com\/product\/yoast-seo-wordpress\/ -->\n<title>- Ringhio<\/title>\n<meta name=\"robots\" content=\"index, follow, max-snippet:-1, max-image-preview:large, max-video-preview:-1\" \/>\n<link rel=\"canonical\" href=\"https:\/\/ringhio.net\/prodotto\/tavoletta-ricreativa\/\" \/>\n<meta property=\"og:locale\" content=\"de_DE\" \/>\n<meta property=\"og:type\" content=\"article\" \/>\n<meta property=\"og:title\" content=\"- Ringhio\" \/>\n<meta property=\"og:description\" content=\"Freizeitbrett f\u00fcr Hunde und Katzen\" \/>\n<meta property=\"og:url\" content=\"https:\/\/ringhio.net\/prodotto\/tavoletta-ricreativa\/\" \/>\n<meta property=\"og:site_name\" content=\"Ringhio\" \/>\n<meta property=\"article:modified_time\" content=\"2025-01-16T10:42:48+00:00\" \/>\n<meta property=\"og:image\" content=\"https:\/\/ringhio.net\/wp-content\/uploads\/2024\/02\/tavoletta-ricreativa-celeste-1.jpg\" \/>\n\t<meta property=\"og:image:width\" content=\"1000\" \/>\n\t<meta property=\"og:image:height\" content=\"1000\" \/>\n\t<meta property=\"og:image:type\" content=\"image\/jpeg\" \/>\n<meta name=\"twitter:card\" content=\"summary_large_image\" \/>\n<meta name=\"twitter:label1\" content=\"Gesch\u00e4tzte Lesezeit\" \/>\n\t<meta name=\"twitter:data1\" content=\"1\u00a0Minute\" \/>\n<script type=\"application\/ld+json\" class=\"yoast-schema-graph\">{\"@context\":\"https:\\\/\\\/schema.org\",\"@graph\":[{\"@type\":\"WebPage\",\"@id\":\"https:\\\/\\\/ringhio.net\\\/prodotto\\\/tavoletta-ricreativa\\\/\",\"url\":\"https:\\\/\\\/ringhio.net\\\/prodotto\\\/tavoletta-ricreativa\\\/\",\"name\":\"- Ringhio\",\"isPartOf\":{\"@id\":\"https:\\\/\\\/ringhio.net\\\/#website\"},\"primaryImageOfPage\":{\"@id\":\"https:\\\/\\\/ringhio.net\\\/prodotto\\\/tavoletta-ricreativa\\\/#primaryimage\"},\"image\":{\"@id\":\"https:\\\/\\\/ringhio.net\\\/prodotto\\\/tavoletta-ricreativa\\\/#primaryimage\"},\"thumbnailUrl\":\"https:\\\/\\\/ringhio.net\\\/wp-content\\\/uploads\\\/2024\\\/02\\\/tavoletta-ricreativa-celeste-1.jpg\",\"datePublished\":\"2024-02-23T14:54:57+00:00\",\"dateModified\":\"2025-01-16T10:42:48+00:00\",\"inLanguage\":\"de\",\"potentialAction\":[{\"@type\":\"ReadAction\",\"target\":[\"https:\\\/\\\/ringhio.net\\\/prodotto\\\/tavoletta-ricreativa\\\/\"]}]},{\"@type\":\"ImageObject\",\"inLanguage\":\"de\",\"@id\":\"https:\\\/\\\/ringhio.net\\\/prodotto\\\/tavoletta-ricreativa\\\/#primaryimage\",\"url\":\"https:\\\/\\\/ringhio.net\\\/wp-content\\\/uploads\\\/2024\\\/02\\\/tavoletta-ricreativa-celeste-1.jpg\",\"contentUrl\":\"https:\\\/\\\/ringhio.net\\\/wp-content\\\/uploads\\\/2024\\\/02\\\/tavoletta-ricreativa-celeste-1.jpg\",\"width\":1000,\"height\":1000},{\"@type\":\"WebSite\",\"@id\":\"https:\\\/\\\/ringhio.net\\\/#website\",\"url\":\"https:\\\/\\\/ringhio.net\\\/\",\"name\":\"Ringhio\",\"description\":\"Reinvent dog equipment\",\"publisher\":{\"@id\":\"https:\\\/\\\/ringhio.net\\\/#organization\"},\"potentialAction\":[{\"@type\":\"SearchAction\",\"target\":{\"@type\":\"EntryPoint\",\"urlTemplate\":\"https:\\\/\\\/ringhio.net\\\/?s={search_term_string}\"},\"query-input\":{\"@type\":\"PropertyValueSpecification\",\"valueRequired\":true,\"valueName\":\"search_term_string\"}}],\"inLanguage\":\"de\"},{\"@type\":\"Organization\",\"@id\":\"https:\\\/\\\/ringhio.net\\\/#organization\",\"name\":\"Ringhio\",\"url\":\"https:\\\/\\\/ringhio.net\\\/\",\"logo\":{\"@type\":\"ImageObject\",\"inLanguage\":\"de\",\"@id\":\"https:\\\/\\\/ringhio.net\\\/#\\\/schema\\\/logo\\\/image\\\/\",\"url\":\"https:\\\/\\\/ringhio.net\\\/wp-content\\\/uploads\\\/2020\\\/02\\\/ringhio-logo-66px.png\",\"contentUrl\":\"https:\\\/\\\/ringhio.net\\\/wp-content\\\/uploads\\\/2020\\\/02\\\/ringhio-logo-66px.png\",\"width\":195,\"height\":72,\"caption\":\"Ringhio\"},\"image\":{\"@id\":\"https:\\\/\\\/ringhio.net\\\/#\\\/schema\\\/logo\\\/image\\\/\"}}]}<\/script>\n<!-- \/ Yoast SEO plugin. -->","yoast_head_json":{"title":"- Ringhio","robots":{"index":"index","follow":"follow","max-snippet":"max-snippet:-1","max-image-preview":"max-image-preview:large","max-video-preview":"max-video-preview:-1"},"canonical":"https:\/\/ringhio.net\/prodotto\/tavoletta-ricreativa\/","og_locale":"de_DE","og_type":"article","og_title":"- Ringhio","og_description":"Freizeitbrett f\u00fcr Hunde und Katzen","og_url":"https:\/\/ringhio.net\/prodotto\/tavoletta-ricreativa\/","og_site_name":"Ringhio","article_modified_time":"2025-01-16T10:42:48+00:00","og_image":[{"width":1000,"height":1000,"url":"https:\/\/ringhio.net\/wp-content\/uploads\/2024\/02\/tavoletta-ricreativa-celeste-1.jpg","type":"image\/jpeg"}],"twitter_card":"summary_large_image","twitter_misc":{"Gesch\u00e4tzte Lesezeit":"1\u00a0Minute"},"schema":{"@context":"https:\/\/schema.org","@graph":[{"@type":"WebPage","@id":"https:\/\/ringhio.net\/prodotto\/tavoletta-ricreativa\/","url":"https:\/\/ringhio.net\/prodotto\/tavoletta-ricreativa\/","name":"- Ringhio","isPartOf":{"@id":"https:\/\/ringhio.net\/#website"},"primaryImageOfPage":{"@id":"https:\/\/ringhio.net\/prodotto\/tavoletta-ricreativa\/#primaryimage"},"image":{"@id":"https:\/\/ringhio.net\/prodotto\/tavoletta-ricreativa\/#primaryimage"},"thumbnailUrl":"https:\/\/ringhio.net\/wp-content\/uploads\/2024\/02\/tavoletta-ricreativa-celeste-1.jpg","datePublished":"2024-02-23T14:54:57+00:00","dateModified":"2025-01-16T10:42:48+00:00","inLanguage":"de","potentialAction":[{"@type":"ReadAction","target":["https:\/\/ringhio.net\/prodotto\/tavoletta-ricreativa\/"]}]},{"@type":"ImageObject","inLanguage":"de","@id":"https:\/\/ringhio.net\/prodotto\/tavoletta-ricreativa\/#primaryimage","url":"https:\/\/ringhio.net\/wp-content\/uploads\/2024\/02\/tavoletta-ricreativa-celeste-1.jpg","contentUrl":"https:\/\/ringhio.net\/wp-content\/uploads\/2024\/02\/tavoletta-ricreativa-celeste-1.jpg","width":1000,"height":1000},{"@type":"WebSite","@id":"https:\/\/ringhio.net\/#website","url":"https:\/\/ringhio.net\/","name":"Ringhio","description":"Reinvent dog equipment","publisher":{"@id":"https:\/\/ringhio.net\/#organization"},"potentialAction":[{"@type":"SearchAction","target":{"@type":"EntryPoint","urlTemplate":"https:\/\/ringhio.net\/?s={search_term_string}"},"query-input":{"@type":"PropertyValueSpecification","valueRequired":true,"valueName":"search_term_string"}}],"inLanguage":"de"},{"@type":"Organization","@id":"https:\/\/ringhio.net\/#organization","name":"Ringhio","url":"https:\/\/ringhio.net\/","logo":{"@type":"ImageObject","inLanguage":"de","@id":"https:\/\/ringhio.net\/#\/schema\/logo\/image\/","url":"https:\/\/ringhio.net\/wp-content\/uploads\/2020\/02\/ringhio-logo-66px.png","contentUrl":"https:\/\/ringhio.net\/wp-content\/uploads\/2020\/02\/ringhio-logo-66px.png","width":195,"height":72,"caption":"Ringhio"},"image":{"@id":"https:\/\/ringhio.net\/#\/schema\/logo\/image\/"}}]}},"_links":{"self":[{"href":"https:\/\/ringhio.net\/de\/wp-json\/wp\/v2\/product\/65076","targetHints":{"allow":["GET"]}}],"collection":[{"href":"https:\/\/ringhio.net\/de\/wp-json\/wp\/v2\/product"}],"about":[{"href":"https:\/\/ringhio.net\/de\/wp-json\/wp\/v2\/types\/product"}],"version-history":[{"count":0,"href":"https:\/\/ringhio.net\/de\/wp-json\/wp\/v2\/product\/65076\/revisions"}],"wp:featuredmedia":[{"embeddable":true,"href":"https:\/\/ringhio.net\/de\/wp-json\/wp\/v2\/media\/62761"}],"wp:attachment":[{"href":"https:\/\/ringhio.net\/de\/wp-json\/wp\/v2\/media?parent=65076"}],"wp:term":[{"taxonomy":"product_cat","embeddable":true,"href":"https:\/\/ringhio.net\/de\/wp-json\/wp\/v2\/product_cat?post=65076"},{"taxonomy":"product_tag","embeddable":true,"href":"https:\/\/ringhio.net\/de\/wp-json\/wp\/v2\/product_tag?post=65076"}],"curies":[{"name":"wp","href":"https:\/\/api.w.org\/{rel}","templated":true}]}}