{"id":76338,"date":"2024-05-15T11:33:07","date_gmt":"2024-05-15T09:33:07","guid":{"rendered":"https:\/\/ringhio.net\/about-de\/"},"modified":"2025-02-07T12:59:37","modified_gmt":"2025-02-07T11:59:37","slug":"about-de","status":"publish","type":"page","link":"https:\/\/ringhio.net\/de\/about-de\/","title":{"rendered":"About de"},"content":{"rendered":"\t\t<div data-elementor-type=\"wp-page\" data-elementor-id=\"76338\" class=\"elementor elementor-76338 elementor-52020\" data-elementor-post-type=\"page\">\n\t\t\t\t<div class=\"elementor-element elementor-element-5c5a174f e-con-full e-flex e-con e-parent\" data-id=\"5c5a174f\" data-element_type=\"container\" data-e-type=\"container\" data-settings=\"{&quot;background_background&quot;:&quot;classic&quot;}\">\n\t\t<div class=\"elementor-element elementor-element-0176840 e-con-full e-flex e-con e-child\" data-id=\"0176840\" data-element_type=\"container\" data-e-type=\"container\" data-settings=\"{&quot;background_background&quot;:&quot;classic&quot;}\">\n\t\t\t\t<div class=\"elementor-element elementor-element-eb20eb1 elementor-widget elementor-widget-heading\" data-id=\"eb20eb1\" data-element_type=\"widget\" data-e-type=\"widget\" data-widget_type=\"heading.default\">\n\t\t\t\t<div class=\"elementor-widget-container\">\n\t\t\t\t\t<h3 class=\"elementor-heading-title elementor-size-default\">Unsere <\/h3>\t\t\t\t<\/div>\n\t\t\t\t<\/div>\n\t\t\t\t<div class=\"elementor-element elementor-element-f426aa3 elementor-widget elementor-widget-heading\" data-id=\"f426aa3\" data-element_type=\"widget\" data-e-type=\"widget\" data-widget_type=\"heading.default\">\n\t\t\t\t<div class=\"elementor-widget-container\">\n\t\t\t\t\t<h2 class=\"elementor-heading-title elementor-size-default\">Geschichte<\/h2>\t\t\t\t<\/div>\n\t\t\t\t<\/div>\n\t\t\t\t<\/div>\n\t\t\t\t<\/div>\n\t\t<div class=\"elementor-element elementor-element-4e47f2d5 e-flex e-con-boxed e-con e-parent\" data-id=\"4e47f2d5\" data-element_type=\"container\" data-e-type=\"container\" data-settings=\"{&quot;background_background&quot;:&quot;classic&quot;}\">\n\t\t\t\t\t<div class=\"e-con-inner\">\n\t\t<div class=\"elementor-element elementor-element-6b744de7 e-con-full e-flex e-con e-child\" data-id=\"6b744de7\" data-element_type=\"container\" data-e-type=\"container\">\n\t\t\t\t<div class=\"elementor-element elementor-element-e1e9ea3 elementor-widget elementor-widget-heading\" data-id=\"e1e9ea3\" data-element_type=\"widget\" data-e-type=\"widget\" data-widget_type=\"heading.default\">\n\t\t\t\t<div class=\"elementor-widget-container\">\n\t\t\t\t\t<h3 class=\"elementor-heading-title elementor-size-default\">Ringhio<\/h3>\t\t\t\t<\/div>\n\t\t\t\t<\/div>\n\t\t\t\t<div class=\"elementor-element elementor-element-55be903e elementor-widget elementor-widget-heading\" data-id=\"55be903e\" data-element_type=\"widget\" data-e-type=\"widget\" data-widget_type=\"heading.default\">\n\t\t\t\t<div class=\"elementor-widget-container\">\n\t\t\t\t\t<h2 class=\"elementor-heading-title elementor-size-default\">Alles beginnt hier...<\/h2>\t\t\t\t<\/div>\n\t\t\t\t<\/div>\n\t\t\t\t<div class=\"elementor-element elementor-element-31e38794 elementor-widget elementor-widget-text-editor\" data-id=\"31e38794\" data-element_type=\"widget\" data-e-type=\"widget\" data-widget_type=\"text-editor.default\">\n\t\t\t\t<div class=\"elementor-widget-container\">\n\t\t\t\t\t\t\t\t\t<p>Es war 2019, als die Leine, die ich t\u00e4glich mit meinem Hund Sparky benutzte, pl\u00f6tzlich riss. Ich brauchte eine neue Leine, konnte aber keine finden, die mir wirklich gefiel. Ich suchte etwas anderes als das \u00dcbliche, etwas Sch\u00f6nes mit eigener Identit\u00e4t, aber auch n\u00fctzlich und vielseitig.<\/p>\n<p>Wenn wir in der Stadt oder in engen R\u00e4umen waren, musste ich Sparky mit einer kurzen Leine in meiner N\u00e4he halten. Aber f\u00fcr unsere Ausfl\u00fcge au\u00dferhalb der Stadt \u2013 besonders in die Berge, die wir so sehr lieben \u2013 oder f\u00fcr unsere t\u00e4glichen Spazierg\u00e4nge im Park wollte ich Sparky die Freiheit geben, zu erkunden, zu schn\u00fcffeln und den Moment zu genie\u00dfen. Also fand ich mich oft dabei, eine lange Leine mit mir zu f\u00fchren.<\/p>\n<p>Die Idee einer vielseitigen Leine, die f\u00fcr jede Situation geeignet ist, begann, Gestalt in meinem Kopf anzunehmen. Ich probierte die klassischen Trainingsleinen, die mit Eisenschnallen und doppelter Verstellung. Sie funktionierten, aber etwas fehlte: Sie waren zu gew\u00f6hnlich. Ich wollte etwas Besonderes f\u00fcr Sparky, etwas Einzigartiges, genau wie er!<\/p>\n<p>So entschied ich mich, etwas Neues zu schaffen, eine Leine, die unsere Gewohnheiten und Leidenschaften widerspiegelt \u2013 wie lange Spazierg\u00e4nge und unsere Liebe zu den Bergen. Und so entstand die Idee des Prusikknotens! Ich kaufte f\u00fcnf Meter Seil und begann mit der Arbeit am ersten Prototyp. Er war gelb mit einem schwarzen Knoten. Ich beendete ihn sp\u00e4t am Abend, aber ich war so aufgeregt, dass ich nicht widerstehen konnte: Ich ging sofort in den Park, um ihn auszuprobieren, und ja, er funktionierte!<\/p>\n<p>Obwohl er noch ein wenig &#8222;grob&#8220; war (ich benutzte schwarzes Isolierband, um die Verbindungen zu verdecken), war es genau das, was wir suchten: eine vielseitige, verstellbare und langlebige Leine!<\/p>\n\t\t\t\t\t\t\t\t<\/div>\n\t\t\t\t<\/div>\n\t\t\t\t<\/div>\n\t\t<div class=\"elementor-element elementor-element-5335ae27 e-con-full e-flex e-con e-child\" data-id=\"5335ae27\" data-element_type=\"container\" data-e-type=\"container\">\n\t\t\t\t<div class=\"elementor-element elementor-element-55af6695 elementor-widget elementor-widget-image\" data-id=\"55af6695\" data-element_type=\"widget\" data-e-type=\"widget\" data-widget_type=\"image.default\">\n\t\t\t\t<div class=\"elementor-widget-container\">\n\t\t\t\t\t\t\t\t\t\t\t\t\t\t\t<img fetchpriority=\"high\" decoding=\"async\" width=\"800\" height=\"533\" src=\"https:\/\/ringhio.net\/wp-content\/uploads\/2024\/04\/AnyConv.com__DSC02198-1024x682.webp\" class=\"attachment-large size-large wp-image-63211\" alt=\"\" srcset=\"https:\/\/ringhio.net\/wp-content\/uploads\/2024\/04\/AnyConv.com__DSC02198-1024x682.webp 1024w, https:\/\/ringhio.net\/wp-content\/uploads\/2024\/04\/AnyConv.com__DSC02198-600x400.webp 600w, https:\/\/ringhio.net\/wp-content\/uploads\/2024\/04\/AnyConv.com__DSC02198-300x200.webp 300w, https:\/\/ringhio.net\/wp-content\/uploads\/2024\/04\/AnyConv.com__DSC02198-768x512.webp 768w, https:\/\/ringhio.net\/wp-content\/uploads\/2024\/04\/AnyConv.com__DSC02198-1536x1024.webp 1536w, https:\/\/ringhio.net\/wp-content\/uploads\/2024\/04\/AnyConv.com__DSC02198.webp 2000w\" sizes=\"(max-width: 800px) 100vw, 800px\" \/>\t\t\t\t\t\t\t\t\t\t\t\t\t\t\t<\/div>\n\t\t\t\t<\/div>\n\t\t\t\t<\/div>\n\t\t\t\t\t<\/div>\n\t\t\t\t<\/div>\n\t\t<div class=\"elementor-element elementor-element-34c2c5c0 e-flex e-con-boxed e-con e-parent\" data-id=\"34c2c5c0\" data-element_type=\"container\" data-e-type=\"container\">\n\t\t\t\t\t<div class=\"e-con-inner\">\n\t\t<div class=\"elementor-element elementor-element-494ec362 e-con-full e-flex e-con e-child\" data-id=\"494ec362\" data-element_type=\"container\" data-e-type=\"container\">\n\t\t<div class=\"elementor-element elementor-element-29400aa e-con-full e-flex e-con e-child\" data-id=\"29400aa\" data-element_type=\"container\" data-e-type=\"container\">\n\t\t\t\t<div class=\"elementor-element elementor-element-19c50d0b elementor-widget elementor-widget-image\" data-id=\"19c50d0b\" data-element_type=\"widget\" data-e-type=\"widget\" data-widget_type=\"image.default\">\n\t\t\t\t<div class=\"elementor-widget-container\">\n\t\t\t\t\t\t\t\t\t\t\t\t\t\t\t<img decoding=\"async\" width=\"800\" height=\"800\" src=\"https:\/\/ringhio.net\/wp-content\/uploads\/2023\/11\/fuse-collare-green-2.jpg\" class=\"attachment-large size-large wp-image-62149\" alt=\"\" srcset=\"https:\/\/ringhio.net\/wp-content\/uploads\/2023\/11\/fuse-collare-green-2.jpg 1000w, https:\/\/ringhio.net\/wp-content\/uploads\/2023\/11\/fuse-collare-green-2-300x300.jpg 300w, https:\/\/ringhio.net\/wp-content\/uploads\/2023\/11\/fuse-collare-green-2-100x100.jpg 100w, https:\/\/ringhio.net\/wp-content\/uploads\/2023\/11\/fuse-collare-green-2-600x600.jpg 600w, https:\/\/ringhio.net\/wp-content\/uploads\/2023\/11\/fuse-collare-green-2-150x150.jpg 150w, https:\/\/ringhio.net\/wp-content\/uploads\/2023\/11\/fuse-collare-green-2-768x768.jpg 768w\" sizes=\"(max-width: 800px) 100vw, 800px\" \/>\t\t\t\t\t\t\t\t\t\t\t\t\t\t\t<\/div>\n\t\t\t\t<\/div>\n\t\t\t\t<div class=\"elementor-element elementor-element-7edac685 elementor-widget elementor-widget-image\" data-id=\"7edac685\" data-element_type=\"widget\" data-e-type=\"widget\" data-widget_type=\"image.default\">\n\t\t\t\t<div class=\"elementor-widget-container\">\n\t\t\t\t\t\t\t\t\t\t\t\t\t\t\t<img decoding=\"async\" width=\"800\" height=\"800\" src=\"https:\/\/ringhio.net\/wp-content\/uploads\/2024\/02\/ruwilton-retriever-3.jpg\" class=\"attachment-large size-large wp-image-62548\" alt=\"\" srcset=\"https:\/\/ringhio.net\/wp-content\/uploads\/2024\/02\/ruwilton-retriever-3.jpg 1000w, https:\/\/ringhio.net\/wp-content\/uploads\/2024\/02\/ruwilton-retriever-3-300x300.jpg 300w, https:\/\/ringhio.net\/wp-content\/uploads\/2024\/02\/ruwilton-retriever-3-100x100.jpg 100w, https:\/\/ringhio.net\/wp-content\/uploads\/2024\/02\/ruwilton-retriever-3-600x600.jpg 600w, https:\/\/ringhio.net\/wp-content\/uploads\/2024\/02\/ruwilton-retriever-3-150x150.jpg 150w, https:\/\/ringhio.net\/wp-content\/uploads\/2024\/02\/ruwilton-retriever-3-768x768.jpg 768w\" sizes=\"(max-width: 800px) 100vw, 800px\" \/>\t\t\t\t\t\t\t\t\t\t\t\t\t\t\t<\/div>\n\t\t\t\t<\/div>\n\t\t\t\t<\/div>\n\t\t<div class=\"elementor-element elementor-element-1a4d1df8 e-con-full e-flex e-con e-child\" data-id=\"1a4d1df8\" data-element_type=\"container\" data-e-type=\"container\">\n\t\t\t\t<div class=\"elementor-element elementor-element-953f22f elementor-widget elementor-widget-image\" data-id=\"953f22f\" data-element_type=\"widget\" data-e-type=\"widget\" data-widget_type=\"image.default\">\n\t\t\t\t<div class=\"elementor-widget-container\">\n\t\t\t\t\t\t\t\t\t\t\t\t\t\t\t<img loading=\"lazy\" decoding=\"async\" width=\"800\" height=\"800\" src=\"https:\/\/ringhio.net\/wp-content\/uploads\/2024\/05\/mats-liscio-turchese-1.jpg\" class=\"attachment-large size-large wp-image-63550\" alt=\"\" srcset=\"https:\/\/ringhio.net\/wp-content\/uploads\/2024\/05\/mats-liscio-turchese-1.jpg 1000w, https:\/\/ringhio.net\/wp-content\/uploads\/2024\/05\/mats-liscio-turchese-1-300x300.jpg 300w, https:\/\/ringhio.net\/wp-content\/uploads\/2024\/05\/mats-liscio-turchese-1-150x150.jpg 150w, https:\/\/ringhio.net\/wp-content\/uploads\/2024\/05\/mats-liscio-turchese-1-768x768.jpg 768w, https:\/\/ringhio.net\/wp-content\/uploads\/2024\/05\/mats-liscio-turchese-1-600x600.jpg 600w, https:\/\/ringhio.net\/wp-content\/uploads\/2024\/05\/mats-liscio-turchese-1-100x100.jpg 100w\" sizes=\"(max-width: 800px) 100vw, 800px\" \/>\t\t\t\t\t\t\t\t\t\t\t\t\t\t\t<\/div>\n\t\t\t\t<\/div>\n\t\t\t\t<div class=\"elementor-element elementor-element-f7cf89e elementor-widget elementor-widget-image\" data-id=\"f7cf89e\" data-element_type=\"widget\" data-e-type=\"widget\" data-widget_type=\"image.default\">\n\t\t\t\t<div class=\"elementor-widget-container\">\n\t\t\t\t\t\t\t\t\t\t\t\t\t\t\t<img loading=\"lazy\" decoding=\"async\" width=\"512\" height=\"512\" src=\"https:\/\/ringhio.net\/wp-content\/uploads\/2020\/04\/cropped-Ringhio-Logo.jpg\" class=\"attachment-large size-large wp-image-53002\" alt=\"\" srcset=\"https:\/\/ringhio.net\/wp-content\/uploads\/2020\/04\/cropped-Ringhio-Logo.jpg 512w, https:\/\/ringhio.net\/wp-content\/uploads\/2020\/04\/cropped-Ringhio-Logo-300x300.jpg 300w, https:\/\/ringhio.net\/wp-content\/uploads\/2020\/04\/cropped-Ringhio-Logo-150x150.jpg 150w, https:\/\/ringhio.net\/wp-content\/uploads\/2020\/04\/cropped-Ringhio-Logo-324x324.jpg 324w, https:\/\/ringhio.net\/wp-content\/uploads\/2020\/04\/cropped-Ringhio-Logo-416x416.jpg 416w, https:\/\/ringhio.net\/wp-content\/uploads\/2020\/04\/cropped-Ringhio-Logo-100x100.jpg 100w, https:\/\/ringhio.net\/wp-content\/uploads\/2020\/04\/cropped-Ringhio-Logo-270x270.jpg 270w, https:\/\/ringhio.net\/wp-content\/uploads\/2020\/04\/cropped-Ringhio-Logo-192x192.jpg 192w, https:\/\/ringhio.net\/wp-content\/uploads\/2020\/04\/cropped-Ringhio-Logo-180x180.jpg 180w, https:\/\/ringhio.net\/wp-content\/uploads\/2020\/04\/cropped-Ringhio-Logo-32x32.jpg 32w\" sizes=\"(max-width: 512px) 100vw, 512px\" \/>\t\t\t\t\t\t\t\t\t\t\t\t\t\t\t<\/div>\n\t\t\t\t<\/div>\n\t\t\t\t<\/div>\n\t\t\t\t<\/div>\n\t\t<div class=\"elementor-element elementor-element-2b59711b e-con-full e-flex e-con e-child\" data-id=\"2b59711b\" data-element_type=\"container\" data-e-type=\"container\">\n\t\t\t\t<div class=\"elementor-element elementor-element-56ecf50 elementor-widget elementor-widget-text-editor\" data-id=\"56ecf50\" data-element_type=\"widget\" data-e-type=\"widget\" data-widget_type=\"text-editor.default\">\n\t\t\t\t<div class=\"elementor-widget-container\">\n\t\t\t\t\t\t\t\t\t<p>Nach dem ersten Prototyp beschloss ich, drei oder vier weitere zu erstellen, mit besseren Seilen und raffinierteren Ausf\u00fchrungen. Wir zeigten sie einigen Freunden, die sofort begeistert waren. Von dort aus schufen wir eine Linie von zehn Farben, darunter das noch heute in der Kollektion befindliche Total Black und Wild. Ich schenkte sie unseren Freunden, die sie mit Freude benutzten!<\/p>\n<p>Dank Mundpropaganda und meiner Leidenschaft f\u00fcr Marketing nutzte ich die Gelegenheit, diese Idee in eine echte Marke zu verwandeln: Ringhio!<\/p>\n<p>Die Anf\u00e4nge waren nicht einfach. Ringhio war unser zweiter Job, und die Tage waren lang, oft \u00fcber 12 Stunden. Aber wir haben nie aufgegeben. Mit Hingabe und dank Ihrer Unterst\u00fctzung sind wir so weit gekommen!<\/p>\n<p>Heute bieten wir mit Ringhio nicht nur Leinen, sondern auch Halsb\u00e4nder, Spielzeuge, Matten, und wir arbeiten weiterhin mit Leidenschaft daran, neue Artikel zu schaffen, die Sie bei all Ihren Abenteuern begleiten k\u00f6nnen!<\/p>\n\t\t\t\t\t\t\t\t<\/div>\n\t\t\t\t<\/div>\n\t\t\t\t<\/div>\n\t\t\t\t\t<\/div>\n\t\t\t\t<\/div>\n\t\t<div class=\"elementor-element elementor-element-45de2403 e-flex e-con-boxed e-con e-parent\" data-id=\"45de2403\" data-element_type=\"container\" data-e-type=\"container\" data-settings=\"{&quot;background_background&quot;:&quot;classic&quot;}\">\n\t\t\t\t\t<div class=\"e-con-inner\">\n\t\t\t\t<div class=\"elementor-element elementor-element-c660725 elementor-widget elementor-widget-heading\" data-id=\"c660725\" data-element_type=\"widget\" data-e-type=\"widget\" data-widget_type=\"heading.default\">\n\t\t\t\t<div class=\"elementor-widget-container\">\n\t\t\t\t\t<h3 class=\"elementor-heading-title elementor-size-default\">Warum Ringhio w\u00e4hlen<\/h3>\t\t\t\t<\/div>\n\t\t\t\t<\/div>\n\t\t<div class=\"elementor-element elementor-element-7580c0f0 e-con-full e-flex e-con e-child\" data-id=\"7580c0f0\" data-element_type=\"container\" data-e-type=\"container\">\n\t\t\t\t<div class=\"elementor-element elementor-element-324a986a elementor-widget__width-initial elementor-tablet-position-block-start elementor-view-default elementor-position-block-start elementor-mobile-position-block-start elementor-widget elementor-widget-icon-box\" data-id=\"324a986a\" data-element_type=\"widget\" data-e-type=\"widget\" data-widget_type=\"icon-box.default\">\n\t\t\t\t<div class=\"elementor-widget-container\">\n\t\t\t\t\t\t\t<div class=\"elementor-icon-box-wrapper\">\n\n\t\t\t\t\t\t<div class=\"elementor-icon-box-icon\">\n\t\t\t\t<span  class=\"elementor-icon elementor-animation-shrink\">\n\t\t\t\t<i aria-hidden=\"true\" class=\"fas fa-paw\"><\/i>\t\t\t\t<\/span>\n\t\t\t<\/div>\n\t\t\t\n\t\t\t\t\t\t<div class=\"elementor-icon-box-content\">\n\n\t\t\t\t\t\t\t\t\t<h4 class=\"elementor-icon-box-title\">\n\t\t\t\t\t\t<span  >\n\t\t\t\t\t\t\tHandgefertigte Produkte\t\t\t\t\t\t<\/span>\n\t\t\t\t\t<\/h4>\n\t\t\t\t\n\t\t\t\t\t\t\t\t\t<p class=\"elementor-icon-box-description\">\n\t\t\t\t\t\tProdukte intern von uns handgefertigt\t\t\t\t\t<\/p>\n\t\t\t\t\n\t\t\t<\/div>\n\t\t\t\n\t\t<\/div>\n\t\t\t\t\t\t<\/div>\n\t\t\t\t<\/div>\n\t\t\t\t<div class=\"elementor-element elementor-element-2e4c37eb elementor-widget__width-initial elementor-tablet-position-block-start elementor-view-default elementor-position-block-start elementor-mobile-position-block-start elementor-widget elementor-widget-icon-box\" data-id=\"2e4c37eb\" data-element_type=\"widget\" data-e-type=\"widget\" data-widget_type=\"icon-box.default\">\n\t\t\t\t<div class=\"elementor-widget-container\">\n\t\t\t\t\t\t\t<div class=\"elementor-icon-box-wrapper\">\n\n\t\t\t\t\t\t<div class=\"elementor-icon-box-icon\">\n\t\t\t\t<span  class=\"elementor-icon elementor-animation-shrink\">\n\t\t\t\t<i aria-hidden=\"true\" class=\"far fa-flag\"><\/i>\t\t\t\t<\/span>\n\t\t\t<\/div>\n\t\t\t\n\t\t\t\t\t\t<div class=\"elementor-icon-box-content\">\n\n\t\t\t\t\t\t\t\t\t<h4 class=\"elementor-icon-box-title\">\n\t\t\t\t\t\t<span  >\n\t\t\t\t\t\t\tMade in Italy\t\t\t\t\t\t<\/span>\n\t\t\t\t\t<\/h4>\n\t\t\t\t\n\t\t\t\t\t\t\t\t\t<p class=\"elementor-icon-box-description\">\n\t\t\t\t\t\tAchtsamkeit auf einzelne Details\t\t\t\t\t<\/p>\n\t\t\t\t\n\t\t\t<\/div>\n\t\t\t\n\t\t<\/div>\n\t\t\t\t\t\t<\/div>\n\t\t\t\t<\/div>\n\t\t\t\t<div class=\"elementor-element elementor-element-6b7eb2a5 elementor-widget__width-initial elementor-tablet-position-block-start elementor-view-default elementor-position-block-start elementor-mobile-position-block-start elementor-widget elementor-widget-icon-box\" data-id=\"6b7eb2a5\" data-element_type=\"widget\" data-e-type=\"widget\" data-widget_type=\"icon-box.default\">\n\t\t\t\t<div class=\"elementor-widget-container\">\n\t\t\t\t\t\t\t<div class=\"elementor-icon-box-wrapper\">\n\n\t\t\t\t\t\t<div class=\"elementor-icon-box-icon\">\n\t\t\t\t<span  class=\"elementor-icon elementor-animation-shrink\">\n\t\t\t\t<i aria-hidden=\"true\" class=\"far fa-surprise\"><\/i>\t\t\t\t<\/span>\n\t\t\t<\/div>\n\t\t\t\n\t\t\t\t\t\t<div class=\"elementor-icon-box-content\">\n\n\t\t\t\t\t\t\t\t\t<h4 class=\"elementor-icon-box-title\">\n\t\t\t\t\t\t<span  >\n\t\t\t\t\t\t\tAnpassbare Produkte\t\t\t\t\t\t<\/span>\n\t\t\t\t\t<\/h4>\n\t\t\t\t\n\t\t\t\t\t\t\t\t\t<p class=\"elementor-icon-box-description\">\n\t\t\t\t\t\tWir bieten auch konfigurierbare Produkte an\t\t\t\t\t<\/p>\n\t\t\t\t\n\t\t\t<\/div>\n\t\t\t\n\t\t<\/div>\n\t\t\t\t\t\t<\/div>\n\t\t\t\t<\/div>\n\t\t\t\t<div class=\"elementor-element elementor-element-4c44762d elementor-widget__width-initial elementor-tablet-position-block-start elementor-view-default elementor-position-block-start elementor-mobile-position-block-start elementor-widget elementor-widget-icon-box\" data-id=\"4c44762d\" data-element_type=\"widget\" data-e-type=\"widget\" data-widget_type=\"icon-box.default\">\n\t\t\t\t<div class=\"elementor-widget-container\">\n\t\t\t\t\t\t\t<div class=\"elementor-icon-box-wrapper\">\n\n\t\t\t\t\t\t<div class=\"elementor-icon-box-icon\">\n\t\t\t\t<span  class=\"elementor-icon elementor-animation-shrink\">\n\t\t\t\t<i aria-hidden=\"true\" class=\"far fa-star\"><\/i>\t\t\t\t<\/span>\n\t\t\t<\/div>\n\t\t\t\n\t\t\t\t\t\t<div class=\"elementor-icon-box-content\">\n\n\t\t\t\t\t\t\t\t\t<h4 class=\"elementor-icon-box-title\">\n\t\t\t\t\t\t<span  >\n\t\t\t\t\t\t\t\u00dcberlegene Qualit\u00e4t\t\t\t\t\t\t<\/span>\n\t\t\t\t\t<\/h4>\n\t\t\t\t\n\t\t\t\t\t\t\t\t\t<p class=\"elementor-icon-box-description\">\n\t\t\t\t\t\tMaterialien von h\u00f6chster Qualit\u00e4t\r\n\r\n\t\t\t\t\t<\/p>\n\t\t\t\t\n\t\t\t<\/div>\n\t\t\t\n\t\t<\/div>\n\t\t\t\t\t\t<\/div>\n\t\t\t\t<\/div>\n\t\t\t\t<\/div>\n\t\t\t\t\t<\/div>\n\t\t\t\t<\/div>\n\t\t\t\t<\/div>\n\t\t","protected":false},"excerpt":{"rendered":"<p>Wer wir sind, Unsere Geschichte, Wie Ringhio entstanden ist<\/p>\n","protected":false},"author":891,"featured_media":53419,"parent":0,"menu_order":0,"comment_status":"closed","ping_status":"closed","template":"elementor_header_footer","meta":{"_acf_changed":false,"footnotes":""},"class_list":["post-76338","page","type-page","status-publish","has-post-thumbnail","hentry"],"acf":[],"yoast_head":"<!-- This site is optimized with the Yoast SEO plugin v27.3 - https:\/\/yoast.com\/product\/yoast-seo-wordpress\/ -->\n<title>About de - Ringhio<\/title>\n<meta name=\"robots\" content=\"index, follow, max-snippet:-1, max-image-preview:large, max-video-preview:-1\" \/>\n<link rel=\"canonical\" href=\"https:\/\/ringhio.net\/about\/\" \/>\n<meta property=\"og:locale\" content=\"de_DE\" \/>\n<meta property=\"og:type\" content=\"article\" \/>\n<meta property=\"og:title\" content=\"About de - Ringhio\" \/>\n<meta property=\"og:description\" content=\"Wer wir sind, Unsere Geschichte, Wie Ringhio entstanden ist\" \/>\n<meta property=\"og:url\" content=\"https:\/\/ringhio.net\/about\/\" \/>\n<meta property=\"og:site_name\" content=\"Ringhio\" \/>\n<meta property=\"article:modified_time\" content=\"2025-02-07T11:59:37+00:00\" \/>\n<meta property=\"og:image\" content=\"https:\/\/ringhio.net\/wp-content\/uploads\/2020\/04\/Ringhio_la_nostra_storia.jpg\" \/>\n\t<meta property=\"og:image:width\" content=\"1920\" \/>\n\t<meta property=\"og:image:height\" content=\"985\" \/>\n\t<meta property=\"og:image:type\" content=\"image\/jpeg\" \/>\n<meta name=\"twitter:card\" content=\"summary_large_image\" \/>\n<meta name=\"twitter:label1\" content=\"Gesch\u00e4tzte Lesezeit\" \/>\n\t<meta name=\"twitter:data1\" content=\"2\u00a0Minuten\" \/>\n<script type=\"application\/ld+json\" class=\"yoast-schema-graph\">{\"@context\":\"https:\\\/\\\/schema.org\",\"@graph\":[{\"@type\":\"WebPage\",\"@id\":\"https:\\\/\\\/ringhio.net\\\/about\\\/\",\"url\":\"https:\\\/\\\/ringhio.net\\\/about\\\/\",\"name\":\"About de - Ringhio\",\"isPartOf\":{\"@id\":\"https:\\\/\\\/ringhio.net\\\/#website\"},\"primaryImageOfPage\":{\"@id\":\"https:\\\/\\\/ringhio.net\\\/about\\\/#primaryimage\"},\"image\":{\"@id\":\"https:\\\/\\\/ringhio.net\\\/about\\\/#primaryimage\"},\"thumbnailUrl\":\"https:\\\/\\\/ringhio.net\\\/wp-content\\\/uploads\\\/2020\\\/04\\\/Ringhio_la_nostra_storia.jpg\",\"datePublished\":\"2024-05-15T09:33:07+00:00\",\"dateModified\":\"2025-02-07T11:59:37+00:00\",\"inLanguage\":\"de\",\"potentialAction\":[{\"@type\":\"ReadAction\",\"target\":[\"https:\\\/\\\/ringhio.net\\\/about\\\/\"]}]},{\"@type\":\"ImageObject\",\"inLanguage\":\"de\",\"@id\":\"https:\\\/\\\/ringhio.net\\\/about\\\/#primaryimage\",\"url\":\"https:\\\/\\\/ringhio.net\\\/wp-content\\\/uploads\\\/2020\\\/04\\\/Ringhio_la_nostra_storia.jpg\",\"contentUrl\":\"https:\\\/\\\/ringhio.net\\\/wp-content\\\/uploads\\\/2020\\\/04\\\/Ringhio_la_nostra_storia.jpg\",\"width\":1920,\"height\":985},{\"@type\":\"WebSite\",\"@id\":\"https:\\\/\\\/ringhio.net\\\/#website\",\"url\":\"https:\\\/\\\/ringhio.net\\\/\",\"name\":\"Ringhio\",\"description\":\"Reinvent dog equipment\",\"publisher\":{\"@id\":\"https:\\\/\\\/ringhio.net\\\/#organization\"},\"potentialAction\":[{\"@type\":\"SearchAction\",\"target\":{\"@type\":\"EntryPoint\",\"urlTemplate\":\"https:\\\/\\\/ringhio.net\\\/?s={search_term_string}\"},\"query-input\":{\"@type\":\"PropertyValueSpecification\",\"valueRequired\":true,\"valueName\":\"search_term_string\"}}],\"inLanguage\":\"de\"},{\"@type\":\"Organization\",\"@id\":\"https:\\\/\\\/ringhio.net\\\/#organization\",\"name\":\"Ringhio\",\"url\":\"https:\\\/\\\/ringhio.net\\\/\",\"logo\":{\"@type\":\"ImageObject\",\"inLanguage\":\"de\",\"@id\":\"https:\\\/\\\/ringhio.net\\\/#\\\/schema\\\/logo\\\/image\\\/\",\"url\":\"https:\\\/\\\/ringhio.net\\\/wp-content\\\/uploads\\\/2020\\\/02\\\/ringhio-logo-66px.png\",\"contentUrl\":\"https:\\\/\\\/ringhio.net\\\/wp-content\\\/uploads\\\/2020\\\/02\\\/ringhio-logo-66px.png\",\"width\":195,\"height\":72,\"caption\":\"Ringhio\"},\"image\":{\"@id\":\"https:\\\/\\\/ringhio.net\\\/#\\\/schema\\\/logo\\\/image\\\/\"}}]}<\/script>\n<!-- \/ Yoast SEO plugin. -->","yoast_head_json":{"title":"About de - Ringhio","robots":{"index":"index","follow":"follow","max-snippet":"max-snippet:-1","max-image-preview":"max-image-preview:large","max-video-preview":"max-video-preview:-1"},"canonical":"https:\/\/ringhio.net\/about\/","og_locale":"de_DE","og_type":"article","og_title":"About de - Ringhio","og_description":"Wer wir sind, Unsere Geschichte, Wie Ringhio entstanden ist","og_url":"https:\/\/ringhio.net\/about\/","og_site_name":"Ringhio","article_modified_time":"2025-02-07T11:59:37+00:00","og_image":[{"width":1920,"height":985,"url":"https:\/\/ringhio.net\/wp-content\/uploads\/2020\/04\/Ringhio_la_nostra_storia.jpg","type":"image\/jpeg"}],"twitter_card":"summary_large_image","twitter_misc":{"Gesch\u00e4tzte Lesezeit":"2\u00a0Minuten"},"schema":{"@context":"https:\/\/schema.org","@graph":[{"@type":"WebPage","@id":"https:\/\/ringhio.net\/about\/","url":"https:\/\/ringhio.net\/about\/","name":"About de - Ringhio","isPartOf":{"@id":"https:\/\/ringhio.net\/#website"},"primaryImageOfPage":{"@id":"https:\/\/ringhio.net\/about\/#primaryimage"},"image":{"@id":"https:\/\/ringhio.net\/about\/#primaryimage"},"thumbnailUrl":"https:\/\/ringhio.net\/wp-content\/uploads\/2020\/04\/Ringhio_la_nostra_storia.jpg","datePublished":"2024-05-15T09:33:07+00:00","dateModified":"2025-02-07T11:59:37+00:00","inLanguage":"de","potentialAction":[{"@type":"ReadAction","target":["https:\/\/ringhio.net\/about\/"]}]},{"@type":"ImageObject","inLanguage":"de","@id":"https:\/\/ringhio.net\/about\/#primaryimage","url":"https:\/\/ringhio.net\/wp-content\/uploads\/2020\/04\/Ringhio_la_nostra_storia.jpg","contentUrl":"https:\/\/ringhio.net\/wp-content\/uploads\/2020\/04\/Ringhio_la_nostra_storia.jpg","width":1920,"height":985},{"@type":"WebSite","@id":"https:\/\/ringhio.net\/#website","url":"https:\/\/ringhio.net\/","name":"Ringhio","description":"Reinvent dog equipment","publisher":{"@id":"https:\/\/ringhio.net\/#organization"},"potentialAction":[{"@type":"SearchAction","target":{"@type":"EntryPoint","urlTemplate":"https:\/\/ringhio.net\/?s={search_term_string}"},"query-input":{"@type":"PropertyValueSpecification","valueRequired":true,"valueName":"search_term_string"}}],"inLanguage":"de"},{"@type":"Organization","@id":"https:\/\/ringhio.net\/#organization","name":"Ringhio","url":"https:\/\/ringhio.net\/","logo":{"@type":"ImageObject","inLanguage":"de","@id":"https:\/\/ringhio.net\/#\/schema\/logo\/image\/","url":"https:\/\/ringhio.net\/wp-content\/uploads\/2020\/02\/ringhio-logo-66px.png","contentUrl":"https:\/\/ringhio.net\/wp-content\/uploads\/2020\/02\/ringhio-logo-66px.png","width":195,"height":72,"caption":"Ringhio"},"image":{"@id":"https:\/\/ringhio.net\/#\/schema\/logo\/image\/"}}]}},"_links":{"self":[{"href":"https:\/\/ringhio.net\/de\/wp-json\/wp\/v2\/pages\/76338","targetHints":{"allow":["GET"]}}],"collection":[{"href":"https:\/\/ringhio.net\/de\/wp-json\/wp\/v2\/pages"}],"about":[{"href":"https:\/\/ringhio.net\/de\/wp-json\/wp\/v2\/types\/page"}],"author":[{"embeddable":true,"href":"https:\/\/ringhio.net\/de\/wp-json\/wp\/v2\/users\/891"}],"replies":[{"embeddable":true,"href":"https:\/\/ringhio.net\/de\/wp-json\/wp\/v2\/comments?post=76338"}],"version-history":[{"count":0,"href":"https:\/\/ringhio.net\/de\/wp-json\/wp\/v2\/pages\/76338\/revisions"}],"wp:featuredmedia":[{"embeddable":true,"href":"https:\/\/ringhio.net\/de\/wp-json\/wp\/v2\/media\/53419"}],"wp:attachment":[{"href":"https:\/\/ringhio.net\/de\/wp-json\/wp\/v2\/media?parent=76338"}],"curies":[{"name":"wp","href":"https:\/\/api.w.org\/{rel}","templated":true}]}}